{"id":315671,"date":"2025-06-25T08:35:12","date_gmt":"2025-06-25T06:35:12","guid":{"rendered":"https:\/\/igmi.esercito.difesa.it\/prodotto\/375963\/"},"modified":"2026-02-19T04:06:07","modified_gmt":"2026-02-19T03:06:07","slug":"375963","status":"publish","type":"product","link":"https:\/\/igmi.esercito.difesa.it\/en\/prodotto\/375963\/","title":{"rendered":"ATLANTE GEOGRAFICO DEL REGNO DI NAPOLI DELINEATO PER ORDINE DI FERDINANDO IV RE DELLE DUE SICILIE &amp;C., &amp;C., DA GIO. ANTONIO RIZZI ZANNONI GEOGRAFO DI SUA MAESTA&#8217; E TERMINATO NEL 1808 &#8211; TAVOLA 7."},"content":{"rendered":"<p>L&#8217;Atlante si compone di 31 tavole, oltre il quadro d&#8217;unione, incise su rame da Giuseppe Guerra in Napoli. Esso \u00e8 basato sui lavori trigonometrici condotti direttamente dal Rizzi Zannoni. Il sistema di proiezione usato \u00e8 quello del Cassini. L&#8217;orografia \u00e8 rappresentata artisticamente mediante un sistema di ombreggiatura prospettica ottenuta col tratteggio. Questo atlante &#8220;costitu\u00ec un progresso veramente grandissimo nella cartografia del Reame, che per esso veniva ad essere dotato di una rappresentazione a grande scala artistica ed evidente del suo territorio quale nessun&#8217;altra parte d&#8217;Italia poteva, sino allora, vantare, onde a buon diritto il Rizzi-Zannoni ne riscosse nuova ragione di ammirazione e di plauso&#8221;. (Cfr. Mori A., La cartografia ufficiale in Italia ecc., 1922, pag. 91.)<br \/>\nUna delle copie d&#8217;archivio segnate col N\u00b05 reca tracciate a colori le strade costruite, in costruzione, in progetto, e le ferrovie, fino a tutto il 1855 come indicato nella tavola intitolata:&#8221;Carta Generale del Regno di Napoli indicante la distribuzione dei fogli sciolti montati su tela. La copia d&#8217;archivio N\u00b06 \u00e8 pure in fogli sciolti ma non montati su tela. Le tre copie inventariate coi N. 49, 49 bis e 49 ter sono rispettivamente in fogli sciolti, fogli su tela a stacchi sotto custodia. I fogli N. 7,8,11,12,16,20 della copia N\u00b049 ter sono in duplicato aggiornati per la rete stradale a tutto il 1855. Annesse la riproduzioni dei fogli 7,8,11,12,15,16 eseguite dall&#8217;I.G.M. nel 1930. La copia N\u00b04585 \u00e8 in fogli montati su tela a stacchi contenuti in busta.<\/p>\n","protected":false},"excerpt":{"rendered":"<p>L&#8217;Atlante si compone di 31 tavole, oltre il quadro d&#8217;unione, incise su rame da Giuseppe Guerra in Napoli. Esso \u00e8 basato sui lavori trigonometrici condotti direttamente dal Rizzi Zannoni. Il sistema di proiezione usato \u00e8 quello del Cassini. L&#8217;orografia \u00e8 rappresentata artisticamente mediante un sistema di ombreggiatura prospettica ottenuta col tratteggio. Questo atlante &#8220;costitu\u00ec un [&hellip;]<\/p>\n","protected":false},"featured_media":608359,"template":"","meta":{"_acf_changed":false},"product_brand":[],"product_cat":[191,447],"product_tag":[334],"class_list":{"0":"post-315671","1":"product","2":"type-product","3":"status-publish","4":"has-post-thumbnail","6":"product_cat-carte-antiche","7":"product_cat-tecnica_risoluzione_carta_antica","8":"product_tag-carta-antica","10":"first","11":"instock","12":"downloadable","13":"virtual","14":"sold-individually","15":"taxable","16":"purchasable","17":"product-type-simple"},"acf":[],"yoast_head":"<!-- This site is optimized with the Yoast SEO plugin v26.4 - https:\/\/yoast.com\/wordpress\/plugins\/seo\/ -->\n<title>ATLANTE GEOGRAFICO DEL REGNO DI NAPOLI DELINEATO PER ORDINE DI FERDINANDO IV RE DELLE DUE SICILIE &amp;C., &amp;C., DA GIO. ANTONIO RIZZI ZANNONI GEOGRAFO DI SUA MAESTA&#039; E TERMINATO NEL 1808 - TAVOLA 7. - Istituto Geografico Militare<\/title>\n<meta name=\"robots\" content=\"index, follow, max-snippet:-1, max-image-preview:large, max-video-preview:-1\" \/>\n<link rel=\"canonical\" href=\"https:\/\/igmi.esercito.difesa.it\/en\/prodotto\/375963\/\" \/>\n<meta property=\"og:locale\" content=\"en_US\" \/>\n<meta property=\"og:type\" content=\"article\" \/>\n<meta property=\"og:title\" content=\"ATLANTE GEOGRAFICO DEL REGNO DI NAPOLI DELINEATO PER ORDINE DI FERDINANDO IV RE DELLE DUE SICILIE &amp;C., &amp;C., DA GIO. ANTONIO RIZZI ZANNONI GEOGRAFO DI SUA MAESTA&#039; E TERMINATO NEL 1808 - TAVOLA 7. - Istituto Geografico Militare\" \/>\n<meta property=\"og:description\" content=\"L&#8217;Atlante si compone di 31 tavole, oltre il quadro d&#8217;unione, incise su rame da Giuseppe Guerra in Napoli. Esso \u00e8 basato sui lavori trigonometrici condotti direttamente dal Rizzi Zannoni. Il sistema di proiezione usato \u00e8 quello del Cassini. L&#8217;orografia \u00e8 rappresentata artisticamente mediante un sistema di ombreggiatura prospettica ottenuta col tratteggio. Questo atlante &#8220;costitu\u00ec un [&hellip;]\" \/>\n<meta property=\"og:url\" content=\"https:\/\/igmi.esercito.difesa.it\/en\/prodotto\/375963\/\" \/>\n<meta property=\"og:site_name\" content=\"Istituto Geografico Militare\" \/>\n<meta property=\"article:modified_time\" content=\"2026-02-19T03:06:07+00:00\" \/>\n<meta property=\"og:image\" content=\"https:\/\/igmi.esercito.difesa.it\/wp-content\/uploads\/CA006981.jpg\" \/>\n\t<meta property=\"og:image:width\" content=\"1000\" \/>\n\t<meta property=\"og:image:height\" content=\"725\" \/>\n\t<meta property=\"og:image:type\" content=\"image\/jpeg\" \/>\n<meta name=\"twitter:card\" content=\"summary_large_image\" \/>\n<meta name=\"twitter:label1\" content=\"Est. reading time\" \/>\n\t<meta name=\"twitter:data1\" content=\"1 minute\" \/>\n<script type=\"application\/ld+json\" class=\"yoast-schema-graph\">{\"@context\":\"https:\/\/schema.org\",\"@graph\":[{\"@type\":\"WebPage\",\"@id\":\"https:\/\/igmi.esercito.difesa.it\/en\/prodotto\/375963\/\",\"url\":\"https:\/\/igmi.esercito.difesa.it\/en\/prodotto\/375963\/\",\"name\":\"ATLANTE GEOGRAFICO DEL REGNO DI NAPOLI DELINEATO PER ORDINE DI FERDINANDO IV RE DELLE DUE SICILIE &amp;C., &amp;C., DA GIO. ANTONIO RIZZI ZANNONI GEOGRAFO DI SUA MAESTA' E TERMINATO NEL 1808 - TAVOLA 7. - Istituto Geografico Militare\",\"isPartOf\":{\"@id\":\"https:\/\/igmi.esercito.difesa.it\/en\/#website\"},\"primaryImageOfPage\":{\"@id\":\"https:\/\/igmi.esercito.difesa.it\/en\/prodotto\/375963\/#primaryimage\"},\"image\":{\"@id\":\"https:\/\/igmi.esercito.difesa.it\/en\/prodotto\/375963\/#primaryimage\"},\"thumbnailUrl\":\"https:\/\/igmi.esercito.difesa.it\/wp-content\/uploads\/CA006981.jpg\",\"datePublished\":\"2025-06-25T06:35:12+00:00\",\"dateModified\":\"2026-02-19T03:06:07+00:00\",\"breadcrumb\":{\"@id\":\"https:\/\/igmi.esercito.difesa.it\/en\/prodotto\/375963\/#breadcrumb\"},\"inLanguage\":\"en-US\",\"potentialAction\":[{\"@type\":\"ReadAction\",\"target\":[\"https:\/\/igmi.esercito.difesa.it\/en\/prodotto\/375963\/\"]}]},{\"@type\":\"ImageObject\",\"inLanguage\":\"en-US\",\"@id\":\"https:\/\/igmi.esercito.difesa.it\/en\/prodotto\/375963\/#primaryimage\",\"url\":\"https:\/\/igmi.esercito.difesa.it\/wp-content\/uploads\/CA006981.jpg\",\"contentUrl\":\"https:\/\/igmi.esercito.difesa.it\/wp-content\/uploads\/CA006981.jpg\",\"width\":1000,\"height\":725},{\"@type\":\"BreadcrumbList\",\"@id\":\"https:\/\/igmi.esercito.difesa.it\/en\/prodotto\/375963\/#breadcrumb\",\"itemListElement\":[{\"@type\":\"ListItem\",\"position\":1,\"name\":\"Home\",\"item\":\"https:\/\/igmi.esercito.difesa.it\/en\/homepage\/\"},{\"@type\":\"ListItem\",\"position\":2,\"name\":\"Products\",\"item\":\"https:\/\/igmi.esercito.difesa.it\/en\/shop\/\"},{\"@type\":\"ListItem\",\"position\":3,\"name\":\"ATLANTE GEOGRAFICO DEL REGNO DI NAPOLI DELINEATO PER ORDINE DI FERDINANDO IV RE DELLE DUE SICILIE &amp;C., &amp;C., DA GIO. ANTONIO RIZZI ZANNONI GEOGRAFO DI SUA MAESTA&#8217; E TERMINATO NEL 1808 &#8211; TAVOLA 7.\"}]},{\"@type\":\"WebSite\",\"@id\":\"https:\/\/igmi.esercito.difesa.it\/en\/#website\",\"url\":\"https:\/\/igmi.esercito.difesa.it\/en\/\",\"name\":\"Istituto Geografico Militare\",\"description\":\"Ente cartografico dello stato\",\"publisher\":{\"@id\":\"https:\/\/igmi.esercito.difesa.it\/en\/#organization\"},\"potentialAction\":[{\"@type\":\"SearchAction\",\"target\":{\"@type\":\"EntryPoint\",\"urlTemplate\":\"https:\/\/igmi.esercito.difesa.it\/en\/?s={search_term_string}\"},\"query-input\":{\"@type\":\"PropertyValueSpecification\",\"valueRequired\":true,\"valueName\":\"search_term_string\"}}],\"inLanguage\":\"en-US\"},{\"@type\":\"Organization\",\"@id\":\"https:\/\/igmi.esercito.difesa.it\/en\/#organization\",\"name\":\"Istituto Geografico Militare\",\"url\":\"https:\/\/igmi.esercito.difesa.it\/en\/\",\"logo\":{\"@type\":\"ImageObject\",\"inLanguage\":\"en-US\",\"@id\":\"https:\/\/igmi.esercito.difesa.it\/en\/#\/schema\/logo\/image\/\",\"url\":\"https:\/\/igmi.esercito.difesa.it\/wp-content\/uploads\/2025\/04\/Logo-igm.webp\",\"contentUrl\":\"https:\/\/igmi.esercito.difesa.it\/wp-content\/uploads\/2025\/04\/Logo-igm.webp\",\"width\":1320,\"height\":1696,\"caption\":\"Istituto Geografico Militare\"},\"image\":{\"@id\":\"https:\/\/igmi.esercito.difesa.it\/en\/#\/schema\/logo\/image\/\"}}]}<\/script>\n<!-- \/ Yoast SEO plugin. -->","yoast_head_json":{"title":"ATLANTE GEOGRAFICO DEL REGNO DI NAPOLI DELINEATO PER ORDINE DI FERDINANDO IV RE DELLE DUE SICILIE &amp;C., &amp;C., DA GIO. ANTONIO RIZZI ZANNONI GEOGRAFO DI SUA MAESTA' E TERMINATO NEL 1808 - TAVOLA 7. - Istituto Geografico Militare","robots":{"index":"index","follow":"follow","max-snippet":"max-snippet:-1","max-image-preview":"max-image-preview:large","max-video-preview":"max-video-preview:-1"},"canonical":"https:\/\/igmi.esercito.difesa.it\/en\/prodotto\/375963\/","og_locale":"en_US","og_type":"article","og_title":"ATLANTE GEOGRAFICO DEL REGNO DI NAPOLI DELINEATO PER ORDINE DI FERDINANDO IV RE DELLE DUE SICILIE &amp;C., &amp;C., DA GIO. ANTONIO RIZZI ZANNONI GEOGRAFO DI SUA MAESTA' E TERMINATO NEL 1808 - TAVOLA 7. - Istituto Geografico Militare","og_description":"L&#8217;Atlante si compone di 31 tavole, oltre il quadro d&#8217;unione, incise su rame da Giuseppe Guerra in Napoli. Esso \u00e8 basato sui lavori trigonometrici condotti direttamente dal Rizzi Zannoni. Il sistema di proiezione usato \u00e8 quello del Cassini. L&#8217;orografia \u00e8 rappresentata artisticamente mediante un sistema di ombreggiatura prospettica ottenuta col tratteggio. Questo atlante &#8220;costitu\u00ec un [&hellip;]","og_url":"https:\/\/igmi.esercito.difesa.it\/en\/prodotto\/375963\/","og_site_name":"Istituto Geografico Militare","article_modified_time":"2026-02-19T03:06:07+00:00","og_image":[{"width":1000,"height":725,"url":"https:\/\/igmi.esercito.difesa.it\/wp-content\/uploads\/CA006981.jpg","type":"image\/jpeg"}],"twitter_card":"summary_large_image","twitter_misc":{"Est. reading time":"1 minute"},"schema":{"@context":"https:\/\/schema.org","@graph":[{"@type":"WebPage","@id":"https:\/\/igmi.esercito.difesa.it\/en\/prodotto\/375963\/","url":"https:\/\/igmi.esercito.difesa.it\/en\/prodotto\/375963\/","name":"ATLANTE GEOGRAFICO DEL REGNO DI NAPOLI DELINEATO PER ORDINE DI FERDINANDO IV RE DELLE DUE SICILIE &amp;C., &amp;C., DA GIO. ANTONIO RIZZI ZANNONI GEOGRAFO DI SUA MAESTA' E TERMINATO NEL 1808 - TAVOLA 7. - Istituto Geografico Militare","isPartOf":{"@id":"https:\/\/igmi.esercito.difesa.it\/en\/#website"},"primaryImageOfPage":{"@id":"https:\/\/igmi.esercito.difesa.it\/en\/prodotto\/375963\/#primaryimage"},"image":{"@id":"https:\/\/igmi.esercito.difesa.it\/en\/prodotto\/375963\/#primaryimage"},"thumbnailUrl":"https:\/\/igmi.esercito.difesa.it\/wp-content\/uploads\/CA006981.jpg","datePublished":"2025-06-25T06:35:12+00:00","dateModified":"2026-02-19T03:06:07+00:00","breadcrumb":{"@id":"https:\/\/igmi.esercito.difesa.it\/en\/prodotto\/375963\/#breadcrumb"},"inLanguage":"en-US","potentialAction":[{"@type":"ReadAction","target":["https:\/\/igmi.esercito.difesa.it\/en\/prodotto\/375963\/"]}]},{"@type":"ImageObject","inLanguage":"en-US","@id":"https:\/\/igmi.esercito.difesa.it\/en\/prodotto\/375963\/#primaryimage","url":"https:\/\/igmi.esercito.difesa.it\/wp-content\/uploads\/CA006981.jpg","contentUrl":"https:\/\/igmi.esercito.difesa.it\/wp-content\/uploads\/CA006981.jpg","width":1000,"height":725},{"@type":"BreadcrumbList","@id":"https:\/\/igmi.esercito.difesa.it\/en\/prodotto\/375963\/#breadcrumb","itemListElement":[{"@type":"ListItem","position":1,"name":"Home","item":"https:\/\/igmi.esercito.difesa.it\/en\/homepage\/"},{"@type":"ListItem","position":2,"name":"Products","item":"https:\/\/igmi.esercito.difesa.it\/en\/shop\/"},{"@type":"ListItem","position":3,"name":"ATLANTE GEOGRAFICO DEL REGNO DI NAPOLI DELINEATO PER ORDINE DI FERDINANDO IV RE DELLE DUE SICILIE &amp;C., &amp;C., DA GIO. ANTONIO RIZZI ZANNONI GEOGRAFO DI SUA MAESTA&#8217; E TERMINATO NEL 1808 &#8211; TAVOLA 7."}]},{"@type":"WebSite","@id":"https:\/\/igmi.esercito.difesa.it\/en\/#website","url":"https:\/\/igmi.esercito.difesa.it\/en\/","name":"Istituto Geografico Militare","description":"Ente cartografico dello stato","publisher":{"@id":"https:\/\/igmi.esercito.difesa.it\/en\/#organization"},"potentialAction":[{"@type":"SearchAction","target":{"@type":"EntryPoint","urlTemplate":"https:\/\/igmi.esercito.difesa.it\/en\/?s={search_term_string}"},"query-input":{"@type":"PropertyValueSpecification","valueRequired":true,"valueName":"search_term_string"}}],"inLanguage":"en-US"},{"@type":"Organization","@id":"https:\/\/igmi.esercito.difesa.it\/en\/#organization","name":"Istituto Geografico Militare","url":"https:\/\/igmi.esercito.difesa.it\/en\/","logo":{"@type":"ImageObject","inLanguage":"en-US","@id":"https:\/\/igmi.esercito.difesa.it\/en\/#\/schema\/logo\/image\/","url":"https:\/\/igmi.esercito.difesa.it\/wp-content\/uploads\/2025\/04\/Logo-igm.webp","contentUrl":"https:\/\/igmi.esercito.difesa.it\/wp-content\/uploads\/2025\/04\/Logo-igm.webp","width":1320,"height":1696,"caption":"Istituto Geografico Militare"},"image":{"@id":"https:\/\/igmi.esercito.difesa.it\/en\/#\/schema\/logo\/image\/"}}]}},"_links":{"self":[{"href":"https:\/\/igmi.esercito.difesa.it\/en\/wp-json\/wp\/v2\/product\/315671","targetHints":{"allow":["GET"]}}],"collection":[{"href":"https:\/\/igmi.esercito.difesa.it\/en\/wp-json\/wp\/v2\/product"}],"about":[{"href":"https:\/\/igmi.esercito.difesa.it\/en\/wp-json\/wp\/v2\/types\/product"}],"wp:featuredmedia":[{"embeddable":true,"href":"https:\/\/igmi.esercito.difesa.it\/en\/wp-json\/wp\/v2\/media\/608359"}],"wp:attachment":[{"href":"https:\/\/igmi.esercito.difesa.it\/en\/wp-json\/wp\/v2\/media?parent=315671"}],"wp:term":[{"taxonomy":"product_brand","embeddable":true,"href":"https:\/\/igmi.esercito.difesa.it\/en\/wp-json\/wp\/v2\/product_brand?post=315671"},{"taxonomy":"product_cat","embeddable":true,"href":"https:\/\/igmi.esercito.difesa.it\/en\/wp-json\/wp\/v2\/product_cat?post=315671"},{"taxonomy":"product_tag","embeddable":true,"href":"https:\/\/igmi.esercito.difesa.it\/en\/wp-json\/wp\/v2\/product_tag?post=315671"}],"curies":[{"name":"wp","href":"https:\/\/api.w.org\/{rel}","templated":true}]}}