{"id":317111,"date":"2025-06-25T09:52:10","date_gmt":"2025-06-25T07:52:10","guid":{"rendered":"https:\/\/igmi.esercito.difesa.it\/prodotto\/376444\/"},"modified":"2026-02-19T06:22:57","modified_gmt":"2026-02-19T05:22:57","slug":"376444","status":"publish","type":"product","link":"https:\/\/igmi.esercito.difesa.it\/en\/prodotto\/376444\/","title":{"rendered":"TRIANGULATION FAITE AUX ENVIRONS DU TURIN &#8211; FOGLIO 6"},"content":{"rendered":"<p>Gruppo di otto tavole riferentisi ai lavori trigonometrici eseguiti per l&#8217;allacciamento della rete di Francia con quella d&#8217;Italia. Due copie di ognuna delle due carte gi\u00e0 descritte al N\u00b0 63 e 64 d&#8217;ordine (N\u00b02 e 3 della Coll. Pasqui); Ligne des signaux de Feu pour la d\u00e8terminaton des diff\u00e8rences de longitude (scala 1:2000000, tre copie); R\u00e9seau trigonometrique en Piemont et en Lombardie servant \u00e0 la v\u00e9rification du degr\u00e9 du m\u00e9ridien de Turin et \u00e0 la comparaison des bases de France avec celle mesur\u00e9e pr\u00e8s du Tesin (scala 1:500000); Station astronomique d&#8217;Andrate (1:10000). Station Astronomique du Mondov\u00ec (1:300); Plans des Observatoires du Mont-C\u00e9nis et du Mont Colombier (due copie); Triangulation faite aux environs de Turin (1:75000, due copie); Signaux Trigonometriques.<\/p>\n","protected":false},"excerpt":{"rendered":"<p>Gruppo di otto tavole riferentisi ai lavori trigonometrici eseguiti per l&#8217;allacciamento della rete di Francia con quella d&#8217;Italia. Due copie di ognuna delle due carte gi\u00e0 descritte al N\u00b0 63 e 64 d&#8217;ordine (N\u00b02 e 3 della Coll. Pasqui); Ligne des signaux de Feu pour la d\u00e8terminaton des diff\u00e8rences de longitude (scala 1:2000000, tre copie); [&hellip;]<\/p>\n","protected":false},"featured_media":611478,"template":"","meta":{"_acf_changed":false},"product_brand":[],"product_cat":[191,447],"product_tag":[334],"class_list":{"0":"post-317111","1":"product","2":"type-product","3":"status-publish","4":"has-post-thumbnail","6":"product_cat-carte-antiche","7":"product_cat-tecnica_risoluzione_carta_antica","8":"product_tag-carta-antica","10":"first","11":"instock","12":"downloadable","13":"virtual","14":"sold-individually","15":"taxable","16":"purchasable","17":"product-type-simple"},"acf":[],"yoast_head":"<!-- This site is optimized with the Yoast SEO plugin v26.4 - https:\/\/yoast.com\/wordpress\/plugins\/seo\/ -->\n<title>TRIANGULATION FAITE AUX ENVIRONS DU TURIN - FOGLIO 6 - Istituto Geografico Militare<\/title>\n<meta name=\"robots\" content=\"index, follow, max-snippet:-1, max-image-preview:large, max-video-preview:-1\" \/>\n<link rel=\"canonical\" href=\"https:\/\/igmi.esercito.difesa.it\/en\/prodotto\/376444\/\" \/>\n<meta property=\"og:locale\" content=\"en_US\" \/>\n<meta property=\"og:type\" content=\"article\" \/>\n<meta property=\"og:title\" content=\"TRIANGULATION FAITE AUX ENVIRONS DU TURIN - FOGLIO 6 - Istituto Geografico Militare\" \/>\n<meta property=\"og:description\" content=\"Gruppo di otto tavole riferentisi ai lavori trigonometrici eseguiti per l&#8217;allacciamento della rete di Francia con quella d&#8217;Italia. Due copie di ognuna delle due carte gi\u00e0 descritte al N\u00b0 63 e 64 d&#8217;ordine (N\u00b02 e 3 della Coll. Pasqui); Ligne des signaux de Feu pour la d\u00e8terminaton des diff\u00e8rences de longitude (scala 1:2000000, tre copie); [&hellip;]\" \/>\n<meta property=\"og:url\" content=\"https:\/\/igmi.esercito.difesa.it\/en\/prodotto\/376444\/\" \/>\n<meta property=\"og:site_name\" content=\"Istituto Geografico Militare\" \/>\n<meta property=\"article:modified_time\" content=\"2026-02-19T05:22:57+00:00\" \/>\n<meta property=\"og:image\" content=\"https:\/\/igmi.esercito.difesa.it\/wp-content\/uploads\/CA003981.jpg\" \/>\n\t<meta property=\"og:image:width\" content=\"1000\" \/>\n\t<meta property=\"og:image:height\" content=\"781\" \/>\n\t<meta property=\"og:image:type\" content=\"image\/jpeg\" \/>\n<meta name=\"twitter:card\" content=\"summary_large_image\" \/>\n<meta name=\"twitter:label1\" content=\"Est. reading time\" \/>\n\t<meta name=\"twitter:data1\" content=\"1 minute\" \/>\n<script type=\"application\/ld+json\" class=\"yoast-schema-graph\">{\"@context\":\"https:\/\/schema.org\",\"@graph\":[{\"@type\":\"WebPage\",\"@id\":\"https:\/\/igmi.esercito.difesa.it\/en\/prodotto\/376444\/\",\"url\":\"https:\/\/igmi.esercito.difesa.it\/en\/prodotto\/376444\/\",\"name\":\"TRIANGULATION FAITE AUX ENVIRONS DU TURIN - FOGLIO 6 - Istituto Geografico Militare\",\"isPartOf\":{\"@id\":\"https:\/\/igmi.esercito.difesa.it\/en\/#website\"},\"primaryImageOfPage\":{\"@id\":\"https:\/\/igmi.esercito.difesa.it\/en\/prodotto\/376444\/#primaryimage\"},\"image\":{\"@id\":\"https:\/\/igmi.esercito.difesa.it\/en\/prodotto\/376444\/#primaryimage\"},\"thumbnailUrl\":\"https:\/\/igmi.esercito.difesa.it\/wp-content\/uploads\/CA003981.jpg\",\"datePublished\":\"2025-06-25T07:52:10+00:00\",\"dateModified\":\"2026-02-19T05:22:57+00:00\",\"breadcrumb\":{\"@id\":\"https:\/\/igmi.esercito.difesa.it\/en\/prodotto\/376444\/#breadcrumb\"},\"inLanguage\":\"en-US\",\"potentialAction\":[{\"@type\":\"ReadAction\",\"target\":[\"https:\/\/igmi.esercito.difesa.it\/en\/prodotto\/376444\/\"]}]},{\"@type\":\"ImageObject\",\"inLanguage\":\"en-US\",\"@id\":\"https:\/\/igmi.esercito.difesa.it\/en\/prodotto\/376444\/#primaryimage\",\"url\":\"https:\/\/igmi.esercito.difesa.it\/wp-content\/uploads\/CA003981.jpg\",\"contentUrl\":\"https:\/\/igmi.esercito.difesa.it\/wp-content\/uploads\/CA003981.jpg\",\"width\":1000,\"height\":781},{\"@type\":\"BreadcrumbList\",\"@id\":\"https:\/\/igmi.esercito.difesa.it\/en\/prodotto\/376444\/#breadcrumb\",\"itemListElement\":[{\"@type\":\"ListItem\",\"position\":1,\"name\":\"Home\",\"item\":\"https:\/\/igmi.esercito.difesa.it\/en\/homepage\/\"},{\"@type\":\"ListItem\",\"position\":2,\"name\":\"Products\",\"item\":\"https:\/\/igmi.esercito.difesa.it\/en\/shop\/\"},{\"@type\":\"ListItem\",\"position\":3,\"name\":\"TRIANGULATION FAITE AUX ENVIRONS DU TURIN &#8211; FOGLIO 6\"}]},{\"@type\":\"WebSite\",\"@id\":\"https:\/\/igmi.esercito.difesa.it\/en\/#website\",\"url\":\"https:\/\/igmi.esercito.difesa.it\/en\/\",\"name\":\"Istituto Geografico Militare\",\"description\":\"Ente cartografico dello stato\",\"publisher\":{\"@id\":\"https:\/\/igmi.esercito.difesa.it\/en\/#organization\"},\"potentialAction\":[{\"@type\":\"SearchAction\",\"target\":{\"@type\":\"EntryPoint\",\"urlTemplate\":\"https:\/\/igmi.esercito.difesa.it\/en\/?s={search_term_string}\"},\"query-input\":{\"@type\":\"PropertyValueSpecification\",\"valueRequired\":true,\"valueName\":\"search_term_string\"}}],\"inLanguage\":\"en-US\"},{\"@type\":\"Organization\",\"@id\":\"https:\/\/igmi.esercito.difesa.it\/en\/#organization\",\"name\":\"Istituto Geografico Militare\",\"url\":\"https:\/\/igmi.esercito.difesa.it\/en\/\",\"logo\":{\"@type\":\"ImageObject\",\"inLanguage\":\"en-US\",\"@id\":\"https:\/\/igmi.esercito.difesa.it\/en\/#\/schema\/logo\/image\/\",\"url\":\"https:\/\/igmi.esercito.difesa.it\/wp-content\/uploads\/2025\/04\/Logo-igm.webp\",\"contentUrl\":\"https:\/\/igmi.esercito.difesa.it\/wp-content\/uploads\/2025\/04\/Logo-igm.webp\",\"width\":1320,\"height\":1696,\"caption\":\"Istituto Geografico Militare\"},\"image\":{\"@id\":\"https:\/\/igmi.esercito.difesa.it\/en\/#\/schema\/logo\/image\/\"}}]}<\/script>\n<!-- \/ Yoast SEO plugin. -->","yoast_head_json":{"title":"TRIANGULATION FAITE AUX ENVIRONS DU TURIN - FOGLIO 6 - Istituto Geografico Militare","robots":{"index":"index","follow":"follow","max-snippet":"max-snippet:-1","max-image-preview":"max-image-preview:large","max-video-preview":"max-video-preview:-1"},"canonical":"https:\/\/igmi.esercito.difesa.it\/en\/prodotto\/376444\/","og_locale":"en_US","og_type":"article","og_title":"TRIANGULATION FAITE AUX ENVIRONS DU TURIN - FOGLIO 6 - Istituto Geografico Militare","og_description":"Gruppo di otto tavole riferentisi ai lavori trigonometrici eseguiti per l&#8217;allacciamento della rete di Francia con quella d&#8217;Italia. Due copie di ognuna delle due carte gi\u00e0 descritte al N\u00b0 63 e 64 d&#8217;ordine (N\u00b02 e 3 della Coll. Pasqui); Ligne des signaux de Feu pour la d\u00e8terminaton des diff\u00e8rences de longitude (scala 1:2000000, tre copie); [&hellip;]","og_url":"https:\/\/igmi.esercito.difesa.it\/en\/prodotto\/376444\/","og_site_name":"Istituto Geografico Militare","article_modified_time":"2026-02-19T05:22:57+00:00","og_image":[{"width":1000,"height":781,"url":"https:\/\/igmi.esercito.difesa.it\/wp-content\/uploads\/CA003981.jpg","type":"image\/jpeg"}],"twitter_card":"summary_large_image","twitter_misc":{"Est. reading time":"1 minute"},"schema":{"@context":"https:\/\/schema.org","@graph":[{"@type":"WebPage","@id":"https:\/\/igmi.esercito.difesa.it\/en\/prodotto\/376444\/","url":"https:\/\/igmi.esercito.difesa.it\/en\/prodotto\/376444\/","name":"TRIANGULATION FAITE AUX ENVIRONS DU TURIN - FOGLIO 6 - Istituto Geografico Militare","isPartOf":{"@id":"https:\/\/igmi.esercito.difesa.it\/en\/#website"},"primaryImageOfPage":{"@id":"https:\/\/igmi.esercito.difesa.it\/en\/prodotto\/376444\/#primaryimage"},"image":{"@id":"https:\/\/igmi.esercito.difesa.it\/en\/prodotto\/376444\/#primaryimage"},"thumbnailUrl":"https:\/\/igmi.esercito.difesa.it\/wp-content\/uploads\/CA003981.jpg","datePublished":"2025-06-25T07:52:10+00:00","dateModified":"2026-02-19T05:22:57+00:00","breadcrumb":{"@id":"https:\/\/igmi.esercito.difesa.it\/en\/prodotto\/376444\/#breadcrumb"},"inLanguage":"en-US","potentialAction":[{"@type":"ReadAction","target":["https:\/\/igmi.esercito.difesa.it\/en\/prodotto\/376444\/"]}]},{"@type":"ImageObject","inLanguage":"en-US","@id":"https:\/\/igmi.esercito.difesa.it\/en\/prodotto\/376444\/#primaryimage","url":"https:\/\/igmi.esercito.difesa.it\/wp-content\/uploads\/CA003981.jpg","contentUrl":"https:\/\/igmi.esercito.difesa.it\/wp-content\/uploads\/CA003981.jpg","width":1000,"height":781},{"@type":"BreadcrumbList","@id":"https:\/\/igmi.esercito.difesa.it\/en\/prodotto\/376444\/#breadcrumb","itemListElement":[{"@type":"ListItem","position":1,"name":"Home","item":"https:\/\/igmi.esercito.difesa.it\/en\/homepage\/"},{"@type":"ListItem","position":2,"name":"Products","item":"https:\/\/igmi.esercito.difesa.it\/en\/shop\/"},{"@type":"ListItem","position":3,"name":"TRIANGULATION FAITE AUX ENVIRONS DU TURIN &#8211; FOGLIO 6"}]},{"@type":"WebSite","@id":"https:\/\/igmi.esercito.difesa.it\/en\/#website","url":"https:\/\/igmi.esercito.difesa.it\/en\/","name":"Istituto Geografico Militare","description":"Ente cartografico dello stato","publisher":{"@id":"https:\/\/igmi.esercito.difesa.it\/en\/#organization"},"potentialAction":[{"@type":"SearchAction","target":{"@type":"EntryPoint","urlTemplate":"https:\/\/igmi.esercito.difesa.it\/en\/?s={search_term_string}"},"query-input":{"@type":"PropertyValueSpecification","valueRequired":true,"valueName":"search_term_string"}}],"inLanguage":"en-US"},{"@type":"Organization","@id":"https:\/\/igmi.esercito.difesa.it\/en\/#organization","name":"Istituto Geografico Militare","url":"https:\/\/igmi.esercito.difesa.it\/en\/","logo":{"@type":"ImageObject","inLanguage":"en-US","@id":"https:\/\/igmi.esercito.difesa.it\/en\/#\/schema\/logo\/image\/","url":"https:\/\/igmi.esercito.difesa.it\/wp-content\/uploads\/2025\/04\/Logo-igm.webp","contentUrl":"https:\/\/igmi.esercito.difesa.it\/wp-content\/uploads\/2025\/04\/Logo-igm.webp","width":1320,"height":1696,"caption":"Istituto Geografico Militare"},"image":{"@id":"https:\/\/igmi.esercito.difesa.it\/en\/#\/schema\/logo\/image\/"}}]}},"_links":{"self":[{"href":"https:\/\/igmi.esercito.difesa.it\/en\/wp-json\/wp\/v2\/product\/317111","targetHints":{"allow":["GET"]}}],"collection":[{"href":"https:\/\/igmi.esercito.difesa.it\/en\/wp-json\/wp\/v2\/product"}],"about":[{"href":"https:\/\/igmi.esercito.difesa.it\/en\/wp-json\/wp\/v2\/types\/product"}],"wp:featuredmedia":[{"embeddable":true,"href":"https:\/\/igmi.esercito.difesa.it\/en\/wp-json\/wp\/v2\/media\/611478"}],"wp:attachment":[{"href":"https:\/\/igmi.esercito.difesa.it\/en\/wp-json\/wp\/v2\/media?parent=317111"}],"wp:term":[{"taxonomy":"product_brand","embeddable":true,"href":"https:\/\/igmi.esercito.difesa.it\/en\/wp-json\/wp\/v2\/product_brand?post=317111"},{"taxonomy":"product_cat","embeddable":true,"href":"https:\/\/igmi.esercito.difesa.it\/en\/wp-json\/wp\/v2\/product_cat?post=317111"},{"taxonomy":"product_tag","embeddable":true,"href":"https:\/\/igmi.esercito.difesa.it\/en\/wp-json\/wp\/v2\/product_tag?post=317111"}],"curies":[{"name":"wp","href":"https:\/\/api.w.org\/{rel}","templated":true}]}}