{"id":321711,"date":"2025-06-25T13:57:00","date_gmt":"2025-06-25T11:57:00","guid":{"rendered":"https:\/\/igmi.esercito.difesa.it\/prodotto\/377728\/"},"modified":"2026-02-19T09:48:44","modified_gmt":"2026-02-19T08:48:44","slug":"377728","status":"publish","type":"product","link":"https:\/\/igmi.esercito.difesa.it\/en\/prodotto\/377728\/","title":{"rendered":"CARTA TOPOGRAFICA DEGLI STATI IN TERRAFERMA DI S.M. IL RE DI SARDEGNA ALLA SCALA DI 1 A 50.000 OPERA DEL CORPO REALE DELLO STATO MAGGIORE &#8211; FOGLIO N\u00b0X SEYSSEL"},"content":{"rendered":"<p>Edizione aggiornata dell&#8217;omonima carta edita negli anni 1818-1830. Il disegno \u00e8 eseguito con grande accuratezza e tratteggiato con vera maestria artistica, \u00e8 a tre tinte: rosso per i caseggiati, azzurro per le acque e nero per il resto. Il documento \u00e8 composto anche dai &#8220;Cenni sulla costruzione della Carta, le posizioni geografiche e le altitudini dei punti trigonometrici&#8221;.<\/p>\n","protected":false},"excerpt":{"rendered":"<p>Edizione aggiornata dell&#8217;omonima carta edita negli anni 1818-1830. Il disegno \u00e8 eseguito con grande accuratezza e tratteggiato con vera maestria artistica, \u00e8 a tre tinte: rosso per i caseggiati, azzurro per le acque e nero per il resto. Il documento \u00e8 composto anche dai &#8220;Cenni sulla costruzione della Carta, le posizioni geografiche e le altitudini [&hellip;]<\/p>\n","protected":false},"featured_media":618891,"template":"","meta":{"_acf_changed":false},"product_brand":[],"product_cat":[191,447],"product_tag":[334],"class_list":{"0":"post-321711","1":"product","2":"type-product","3":"status-publish","4":"has-post-thumbnail","6":"product_cat-carte-antiche","7":"product_cat-tecnica_risoluzione_carta_antica","8":"product_tag-carta-antica","10":"first","11":"instock","12":"downloadable","13":"virtual","14":"sold-individually","15":"taxable","16":"purchasable","17":"product-type-simple"},"acf":[],"yoast_head":"<!-- This site is optimized with the Yoast SEO plugin v26.4 - https:\/\/yoast.com\/wordpress\/plugins\/seo\/ -->\n<title>CARTA TOPOGRAFICA DEGLI STATI IN TERRAFERMA DI S.M. IL RE DI SARDEGNA ALLA SCALA DI 1 A 50.000 OPERA DEL CORPO REALE DELLO STATO MAGGIORE - FOGLIO N\u00b0X SEYSSEL - Istituto Geografico Militare<\/title>\n<meta name=\"robots\" content=\"index, follow, max-snippet:-1, max-image-preview:large, max-video-preview:-1\" \/>\n<link rel=\"canonical\" href=\"https:\/\/igmi.esercito.difesa.it\/en\/prodotto\/377728\/\" \/>\n<meta property=\"og:locale\" content=\"en_US\" \/>\n<meta property=\"og:type\" content=\"article\" \/>\n<meta property=\"og:title\" content=\"CARTA TOPOGRAFICA DEGLI STATI IN TERRAFERMA DI S.M. IL RE DI SARDEGNA ALLA SCALA DI 1 A 50.000 OPERA DEL CORPO REALE DELLO STATO MAGGIORE - FOGLIO N\u00b0X SEYSSEL - Istituto Geografico Militare\" \/>\n<meta property=\"og:description\" content=\"Edizione aggiornata dell&#8217;omonima carta edita negli anni 1818-1830. Il disegno \u00e8 eseguito con grande accuratezza e tratteggiato con vera maestria artistica, \u00e8 a tre tinte: rosso per i caseggiati, azzurro per le acque e nero per il resto. Il documento \u00e8 composto anche dai &#8220;Cenni sulla costruzione della Carta, le posizioni geografiche e le altitudini [&hellip;]\" \/>\n<meta property=\"og:url\" content=\"https:\/\/igmi.esercito.difesa.it\/en\/prodotto\/377728\/\" \/>\n<meta property=\"og:site_name\" content=\"Istituto Geografico Militare\" \/>\n<meta property=\"article:modified_time\" content=\"2026-02-19T08:48:44+00:00\" \/>\n<meta property=\"og:image\" content=\"https:\/\/igmi.esercito.difesa.it\/wp-content\/uploads\/CA001134.jpg\" \/>\n\t<meta property=\"og:image:width\" content=\"1000\" \/>\n\t<meta property=\"og:image:height\" content=\"773\" \/>\n\t<meta property=\"og:image:type\" content=\"image\/jpeg\" \/>\n<meta name=\"twitter:card\" content=\"summary_large_image\" \/>\n<script type=\"application\/ld+json\" class=\"yoast-schema-graph\">{\"@context\":\"https:\/\/schema.org\",\"@graph\":[{\"@type\":\"WebPage\",\"@id\":\"https:\/\/igmi.esercito.difesa.it\/en\/prodotto\/377728\/\",\"url\":\"https:\/\/igmi.esercito.difesa.it\/en\/prodotto\/377728\/\",\"name\":\"CARTA TOPOGRAFICA DEGLI STATI IN TERRAFERMA DI S.M. IL RE DI SARDEGNA ALLA SCALA DI 1 A 50.000 OPERA DEL CORPO REALE DELLO STATO MAGGIORE - FOGLIO N\u00b0X SEYSSEL - Istituto Geografico Militare\",\"isPartOf\":{\"@id\":\"https:\/\/igmi.esercito.difesa.it\/en\/#website\"},\"primaryImageOfPage\":{\"@id\":\"https:\/\/igmi.esercito.difesa.it\/en\/prodotto\/377728\/#primaryimage\"},\"image\":{\"@id\":\"https:\/\/igmi.esercito.difesa.it\/en\/prodotto\/377728\/#primaryimage\"},\"thumbnailUrl\":\"https:\/\/igmi.esercito.difesa.it\/wp-content\/uploads\/CA001134.jpg\",\"datePublished\":\"2025-06-25T11:57:00+00:00\",\"dateModified\":\"2026-02-19T08:48:44+00:00\",\"breadcrumb\":{\"@id\":\"https:\/\/igmi.esercito.difesa.it\/en\/prodotto\/377728\/#breadcrumb\"},\"inLanguage\":\"en-US\",\"potentialAction\":[{\"@type\":\"ReadAction\",\"target\":[\"https:\/\/igmi.esercito.difesa.it\/en\/prodotto\/377728\/\"]}]},{\"@type\":\"ImageObject\",\"inLanguage\":\"en-US\",\"@id\":\"https:\/\/igmi.esercito.difesa.it\/en\/prodotto\/377728\/#primaryimage\",\"url\":\"https:\/\/igmi.esercito.difesa.it\/wp-content\/uploads\/CA001134.jpg\",\"contentUrl\":\"https:\/\/igmi.esercito.difesa.it\/wp-content\/uploads\/CA001134.jpg\",\"width\":1000,\"height\":773},{\"@type\":\"BreadcrumbList\",\"@id\":\"https:\/\/igmi.esercito.difesa.it\/en\/prodotto\/377728\/#breadcrumb\",\"itemListElement\":[{\"@type\":\"ListItem\",\"position\":1,\"name\":\"Home\",\"item\":\"https:\/\/igmi.esercito.difesa.it\/en\/homepage\/\"},{\"@type\":\"ListItem\",\"position\":2,\"name\":\"Products\",\"item\":\"https:\/\/igmi.esercito.difesa.it\/en\/shop\/\"},{\"@type\":\"ListItem\",\"position\":3,\"name\":\"CARTA TOPOGRAFICA DEGLI STATI IN TERRAFERMA DI S.M. IL RE DI SARDEGNA ALLA SCALA DI 1 A 50.000 OPERA DEL CORPO REALE DELLO STATO MAGGIORE &#8211; FOGLIO N\u00b0X SEYSSEL\"}]},{\"@type\":\"WebSite\",\"@id\":\"https:\/\/igmi.esercito.difesa.it\/en\/#website\",\"url\":\"https:\/\/igmi.esercito.difesa.it\/en\/\",\"name\":\"Istituto Geografico Militare\",\"description\":\"Ente cartografico dello stato\",\"publisher\":{\"@id\":\"https:\/\/igmi.esercito.difesa.it\/en\/#organization\"},\"potentialAction\":[{\"@type\":\"SearchAction\",\"target\":{\"@type\":\"EntryPoint\",\"urlTemplate\":\"https:\/\/igmi.esercito.difesa.it\/en\/?s={search_term_string}\"},\"query-input\":{\"@type\":\"PropertyValueSpecification\",\"valueRequired\":true,\"valueName\":\"search_term_string\"}}],\"inLanguage\":\"en-US\"},{\"@type\":\"Organization\",\"@id\":\"https:\/\/igmi.esercito.difesa.it\/en\/#organization\",\"name\":\"Istituto Geografico Militare\",\"url\":\"https:\/\/igmi.esercito.difesa.it\/en\/\",\"logo\":{\"@type\":\"ImageObject\",\"inLanguage\":\"en-US\",\"@id\":\"https:\/\/igmi.esercito.difesa.it\/en\/#\/schema\/logo\/image\/\",\"url\":\"https:\/\/igmi.esercito.difesa.it\/wp-content\/uploads\/2025\/04\/Logo-igm.webp\",\"contentUrl\":\"https:\/\/igmi.esercito.difesa.it\/wp-content\/uploads\/2025\/04\/Logo-igm.webp\",\"width\":1320,\"height\":1696,\"caption\":\"Istituto Geografico Militare\"},\"image\":{\"@id\":\"https:\/\/igmi.esercito.difesa.it\/en\/#\/schema\/logo\/image\/\"}}]}<\/script>\n<!-- \/ Yoast SEO plugin. -->","yoast_head_json":{"title":"CARTA TOPOGRAFICA DEGLI STATI IN TERRAFERMA DI S.M. IL RE DI SARDEGNA ALLA SCALA DI 1 A 50.000 OPERA DEL CORPO REALE DELLO STATO MAGGIORE - FOGLIO N\u00b0X SEYSSEL - Istituto Geografico Militare","robots":{"index":"index","follow":"follow","max-snippet":"max-snippet:-1","max-image-preview":"max-image-preview:large","max-video-preview":"max-video-preview:-1"},"canonical":"https:\/\/igmi.esercito.difesa.it\/en\/prodotto\/377728\/","og_locale":"en_US","og_type":"article","og_title":"CARTA TOPOGRAFICA DEGLI STATI IN TERRAFERMA DI S.M. IL RE DI SARDEGNA ALLA SCALA DI 1 A 50.000 OPERA DEL CORPO REALE DELLO STATO MAGGIORE - FOGLIO N\u00b0X SEYSSEL - Istituto Geografico Militare","og_description":"Edizione aggiornata dell&#8217;omonima carta edita negli anni 1818-1830. Il disegno \u00e8 eseguito con grande accuratezza e tratteggiato con vera maestria artistica, \u00e8 a tre tinte: rosso per i caseggiati, azzurro per le acque e nero per il resto. Il documento \u00e8 composto anche dai &#8220;Cenni sulla costruzione della Carta, le posizioni geografiche e le altitudini [&hellip;]","og_url":"https:\/\/igmi.esercito.difesa.it\/en\/prodotto\/377728\/","og_site_name":"Istituto Geografico Militare","article_modified_time":"2026-02-19T08:48:44+00:00","og_image":[{"width":1000,"height":773,"url":"https:\/\/igmi.esercito.difesa.it\/wp-content\/uploads\/CA001134.jpg","type":"image\/jpeg"}],"twitter_card":"summary_large_image","schema":{"@context":"https:\/\/schema.org","@graph":[{"@type":"WebPage","@id":"https:\/\/igmi.esercito.difesa.it\/en\/prodotto\/377728\/","url":"https:\/\/igmi.esercito.difesa.it\/en\/prodotto\/377728\/","name":"CARTA TOPOGRAFICA DEGLI STATI IN TERRAFERMA DI S.M. IL RE DI SARDEGNA ALLA SCALA DI 1 A 50.000 OPERA DEL CORPO REALE DELLO STATO MAGGIORE - FOGLIO N\u00b0X SEYSSEL - Istituto Geografico Militare","isPartOf":{"@id":"https:\/\/igmi.esercito.difesa.it\/en\/#website"},"primaryImageOfPage":{"@id":"https:\/\/igmi.esercito.difesa.it\/en\/prodotto\/377728\/#primaryimage"},"image":{"@id":"https:\/\/igmi.esercito.difesa.it\/en\/prodotto\/377728\/#primaryimage"},"thumbnailUrl":"https:\/\/igmi.esercito.difesa.it\/wp-content\/uploads\/CA001134.jpg","datePublished":"2025-06-25T11:57:00+00:00","dateModified":"2026-02-19T08:48:44+00:00","breadcrumb":{"@id":"https:\/\/igmi.esercito.difesa.it\/en\/prodotto\/377728\/#breadcrumb"},"inLanguage":"en-US","potentialAction":[{"@type":"ReadAction","target":["https:\/\/igmi.esercito.difesa.it\/en\/prodotto\/377728\/"]}]},{"@type":"ImageObject","inLanguage":"en-US","@id":"https:\/\/igmi.esercito.difesa.it\/en\/prodotto\/377728\/#primaryimage","url":"https:\/\/igmi.esercito.difesa.it\/wp-content\/uploads\/CA001134.jpg","contentUrl":"https:\/\/igmi.esercito.difesa.it\/wp-content\/uploads\/CA001134.jpg","width":1000,"height":773},{"@type":"BreadcrumbList","@id":"https:\/\/igmi.esercito.difesa.it\/en\/prodotto\/377728\/#breadcrumb","itemListElement":[{"@type":"ListItem","position":1,"name":"Home","item":"https:\/\/igmi.esercito.difesa.it\/en\/homepage\/"},{"@type":"ListItem","position":2,"name":"Products","item":"https:\/\/igmi.esercito.difesa.it\/en\/shop\/"},{"@type":"ListItem","position":3,"name":"CARTA TOPOGRAFICA DEGLI STATI IN TERRAFERMA DI S.M. IL RE DI SARDEGNA ALLA SCALA DI 1 A 50.000 OPERA DEL CORPO REALE DELLO STATO MAGGIORE &#8211; FOGLIO N\u00b0X SEYSSEL"}]},{"@type":"WebSite","@id":"https:\/\/igmi.esercito.difesa.it\/en\/#website","url":"https:\/\/igmi.esercito.difesa.it\/en\/","name":"Istituto Geografico Militare","description":"Ente cartografico dello stato","publisher":{"@id":"https:\/\/igmi.esercito.difesa.it\/en\/#organization"},"potentialAction":[{"@type":"SearchAction","target":{"@type":"EntryPoint","urlTemplate":"https:\/\/igmi.esercito.difesa.it\/en\/?s={search_term_string}"},"query-input":{"@type":"PropertyValueSpecification","valueRequired":true,"valueName":"search_term_string"}}],"inLanguage":"en-US"},{"@type":"Organization","@id":"https:\/\/igmi.esercito.difesa.it\/en\/#organization","name":"Istituto Geografico Militare","url":"https:\/\/igmi.esercito.difesa.it\/en\/","logo":{"@type":"ImageObject","inLanguage":"en-US","@id":"https:\/\/igmi.esercito.difesa.it\/en\/#\/schema\/logo\/image\/","url":"https:\/\/igmi.esercito.difesa.it\/wp-content\/uploads\/2025\/04\/Logo-igm.webp","contentUrl":"https:\/\/igmi.esercito.difesa.it\/wp-content\/uploads\/2025\/04\/Logo-igm.webp","width":1320,"height":1696,"caption":"Istituto Geografico Militare"},"image":{"@id":"https:\/\/igmi.esercito.difesa.it\/en\/#\/schema\/logo\/image\/"}}]}},"_links":{"self":[{"href":"https:\/\/igmi.esercito.difesa.it\/en\/wp-json\/wp\/v2\/product\/321711","targetHints":{"allow":["GET"]}}],"collection":[{"href":"https:\/\/igmi.esercito.difesa.it\/en\/wp-json\/wp\/v2\/product"}],"about":[{"href":"https:\/\/igmi.esercito.difesa.it\/en\/wp-json\/wp\/v2\/types\/product"}],"wp:featuredmedia":[{"embeddable":true,"href":"https:\/\/igmi.esercito.difesa.it\/en\/wp-json\/wp\/v2\/media\/618891"}],"wp:attachment":[{"href":"https:\/\/igmi.esercito.difesa.it\/en\/wp-json\/wp\/v2\/media?parent=321711"}],"wp:term":[{"taxonomy":"product_brand","embeddable":true,"href":"https:\/\/igmi.esercito.difesa.it\/en\/wp-json\/wp\/v2\/product_brand?post=321711"},{"taxonomy":"product_cat","embeddable":true,"href":"https:\/\/igmi.esercito.difesa.it\/en\/wp-json\/wp\/v2\/product_cat?post=321711"},{"taxonomy":"product_tag","embeddable":true,"href":"https:\/\/igmi.esercito.difesa.it\/en\/wp-json\/wp\/v2\/product_tag?post=321711"}],"curies":[{"name":"wp","href":"https:\/\/api.w.org\/{rel}","templated":true}]}}