{"id":331016,"date":"2025-06-25T22:52:53","date_gmt":"2025-06-25T20:52:53","guid":{"rendered":"https:\/\/igmi.esercito.difesa.it\/prodotto\/380462\/"},"modified":"2026-02-19T21:57:04","modified_gmt":"2026-02-19T20:57:04","slug":"380462","status":"publish","type":"product","link":"https:\/\/igmi.esercito.difesa.it\/en\/prodotto\/380462\/","title":{"rendered":"SUEVIA UNIVERSA-IX TABULIS DELINEATA IN QUIBUS OMNIUM &#8211; Foglio 7"},"content":{"rendered":"<p>Non solum ad circulum pertimentium episcopatuum, decatuum, marchionatuum, principatuum, abbtiarum, comitatuum dinastiarum, civitatum <\/p>\n<p>imperialiumutet, ordinis, equestris, sed etiam omnium eidem inter et adjacentium statuum territoria, urdes, oppida monasteria, ecc. distincte <\/p>\n<p>et accuratissime reperiuntur; Juxta recentissiman Observationem exhibita a Iaques Michal, Capitaine et Ingenieur sculpta \u00e0 Matthaeo Seuttero, <\/p>\n<p>Chalcogr, August. Il rapporto \u00e8 di 1:173.000. Di questa regione Svevia (ted. Schwaben) situata a sud-ovest della Germania e divisa nei <\/p>\n<p>quartieri di Wurtemberg, Costanza, Baden, e Augusta, che ne \u00e8 la capitale, anzich\u00e8 possedere 9 fogli dei quali \u00e8 composta la carta, abbiamo <\/p>\n<p>solamente i fogli: 1-2-3-6-7. Essi sono tutti alla stessa scala, ma no di uguale formato. L&#8217;orientamento presenta il nord inclinato verso <\/p>\n<p>ovest. La carta \u00e8 stata incisa su rame fra la fine del 1600 ed il principio del 1700, da Matthaeo Seuttero nella Calcografia di Augusta; ne \u00e8 <\/p>\n<p>compilatore il Cap. Ing. Iaques Michal. E&#8217; priva della viabilit\u00e0; rappresenta l&#8217;rografia prospetticamente; l&#8217;idrografia, gli abitati i limiti <\/p>\n<p>amministrativi e le foreste. I paesi sono colorati in rosso, e con diversi colori sono distinti i territori degli episcopati, ducati, contee, <\/p>\n<p>ecc. I foglisono montati sutela.<\/p>\n","protected":false},"excerpt":{"rendered":"<p>Non solum ad circulum pertimentium episcopatuum, decatuum, marchionatuum, principatuum, abbtiarum, comitatuum dinastiarum, civitatum imperialiumutet, ordinis, equestris, sed etiam omnium eidem inter et adjacentium statuum territoria, urdes, oppida monasteria, ecc. distincte et accuratissime reperiuntur; Juxta recentissiman Observationem exhibita a Iaques Michal, Capitaine et Ingenieur sculpta \u00e0 Matthaeo Seuttero, Chalcogr, August. Il rapporto \u00e8 di 1:173.000. Di [&hellip;]<\/p>\n","protected":false},"featured_media":636930,"template":"","meta":{"_acf_changed":false},"product_brand":[],"product_cat":[191,447],"product_tag":[334],"class_list":{"0":"post-331016","1":"product","2":"type-product","3":"status-publish","4":"has-post-thumbnail","6":"product_cat-carte-antiche","7":"product_cat-tecnica_risoluzione_carta_antica","8":"product_tag-carta-antica","10":"first","11":"instock","12":"downloadable","13":"virtual","14":"sold-individually","15":"taxable","16":"purchasable","17":"product-type-simple"},"acf":[],"yoast_head":"<!-- This site is optimized with the Yoast SEO plugin v26.4 - https:\/\/yoast.com\/wordpress\/plugins\/seo\/ -->\n<title>SUEVIA UNIVERSA-IX TABULIS DELINEATA IN QUIBUS OMNIUM - Foglio 7 - Istituto Geografico Militare<\/title>\n<meta name=\"robots\" content=\"index, follow, max-snippet:-1, max-image-preview:large, max-video-preview:-1\" \/>\n<link rel=\"canonical\" href=\"https:\/\/igmi.esercito.difesa.it\/en\/prodotto\/380462\/\" \/>\n<meta property=\"og:locale\" content=\"en_US\" \/>\n<meta property=\"og:type\" content=\"article\" \/>\n<meta property=\"og:title\" content=\"SUEVIA UNIVERSA-IX TABULIS DELINEATA IN QUIBUS OMNIUM - Foglio 7 - Istituto Geografico Militare\" \/>\n<meta property=\"og:description\" content=\"Non solum ad circulum pertimentium episcopatuum, decatuum, marchionatuum, principatuum, abbtiarum, comitatuum dinastiarum, civitatum imperialiumutet, ordinis, equestris, sed etiam omnium eidem inter et adjacentium statuum territoria, urdes, oppida monasteria, ecc. distincte et accuratissime reperiuntur; Juxta recentissiman Observationem exhibita a Iaques Michal, Capitaine et Ingenieur sculpta \u00e0 Matthaeo Seuttero, Chalcogr, August. Il rapporto \u00e8 di 1:173.000. Di [&hellip;]\" \/>\n<meta property=\"og:url\" content=\"https:\/\/igmi.esercito.difesa.it\/en\/prodotto\/380462\/\" \/>\n<meta property=\"og:site_name\" content=\"Istituto Geografico Militare\" \/>\n<meta property=\"article:modified_time\" content=\"2026-02-19T20:57:04+00:00\" \/>\n<meta property=\"og:image\" content=\"https:\/\/igmi.esercito.difesa.it\/wp-content\/uploads\/B0016995.jpg\" \/>\n\t<meta property=\"og:image:width\" content=\"1000\" \/>\n\t<meta property=\"og:image:height\" content=\"932\" \/>\n\t<meta property=\"og:image:type\" content=\"image\/jpeg\" \/>\n<meta name=\"twitter:card\" content=\"summary_large_image\" \/>\n<meta name=\"twitter:label1\" content=\"Est. reading time\" \/>\n\t<meta name=\"twitter:data1\" content=\"1 minute\" \/>\n<script type=\"application\/ld+json\" class=\"yoast-schema-graph\">{\"@context\":\"https:\/\/schema.org\",\"@graph\":[{\"@type\":\"WebPage\",\"@id\":\"https:\/\/igmi.esercito.difesa.it\/en\/prodotto\/380462\/\",\"url\":\"https:\/\/igmi.esercito.difesa.it\/en\/prodotto\/380462\/\",\"name\":\"SUEVIA UNIVERSA-IX TABULIS DELINEATA IN QUIBUS OMNIUM - Foglio 7 - Istituto Geografico Militare\",\"isPartOf\":{\"@id\":\"https:\/\/igmi.esercito.difesa.it\/en\/#website\"},\"primaryImageOfPage\":{\"@id\":\"https:\/\/igmi.esercito.difesa.it\/en\/prodotto\/380462\/#primaryimage\"},\"image\":{\"@id\":\"https:\/\/igmi.esercito.difesa.it\/en\/prodotto\/380462\/#primaryimage\"},\"thumbnailUrl\":\"https:\/\/igmi.esercito.difesa.it\/wp-content\/uploads\/B0016995.jpg\",\"datePublished\":\"2025-06-25T20:52:53+00:00\",\"dateModified\":\"2026-02-19T20:57:04+00:00\",\"breadcrumb\":{\"@id\":\"https:\/\/igmi.esercito.difesa.it\/en\/prodotto\/380462\/#breadcrumb\"},\"inLanguage\":\"en-US\",\"potentialAction\":[{\"@type\":\"ReadAction\",\"target\":[\"https:\/\/igmi.esercito.difesa.it\/en\/prodotto\/380462\/\"]}]},{\"@type\":\"ImageObject\",\"inLanguage\":\"en-US\",\"@id\":\"https:\/\/igmi.esercito.difesa.it\/en\/prodotto\/380462\/#primaryimage\",\"url\":\"https:\/\/igmi.esercito.difesa.it\/wp-content\/uploads\/B0016995.jpg\",\"contentUrl\":\"https:\/\/igmi.esercito.difesa.it\/wp-content\/uploads\/B0016995.jpg\",\"width\":1000,\"height\":932},{\"@type\":\"BreadcrumbList\",\"@id\":\"https:\/\/igmi.esercito.difesa.it\/en\/prodotto\/380462\/#breadcrumb\",\"itemListElement\":[{\"@type\":\"ListItem\",\"position\":1,\"name\":\"Home\",\"item\":\"https:\/\/igmi.esercito.difesa.it\/en\/homepage\/\"},{\"@type\":\"ListItem\",\"position\":2,\"name\":\"Products\",\"item\":\"https:\/\/igmi.esercito.difesa.it\/en\/shop\/\"},{\"@type\":\"ListItem\",\"position\":3,\"name\":\"SUEVIA UNIVERSA-IX TABULIS DELINEATA IN QUIBUS OMNIUM &#8211; Foglio 7\"}]},{\"@type\":\"WebSite\",\"@id\":\"https:\/\/igmi.esercito.difesa.it\/en\/#website\",\"url\":\"https:\/\/igmi.esercito.difesa.it\/en\/\",\"name\":\"Istituto Geografico Militare\",\"description\":\"Ente cartografico dello stato\",\"publisher\":{\"@id\":\"https:\/\/igmi.esercito.difesa.it\/en\/#organization\"},\"potentialAction\":[{\"@type\":\"SearchAction\",\"target\":{\"@type\":\"EntryPoint\",\"urlTemplate\":\"https:\/\/igmi.esercito.difesa.it\/en\/?s={search_term_string}\"},\"query-input\":{\"@type\":\"PropertyValueSpecification\",\"valueRequired\":true,\"valueName\":\"search_term_string\"}}],\"inLanguage\":\"en-US\"},{\"@type\":\"Organization\",\"@id\":\"https:\/\/igmi.esercito.difesa.it\/en\/#organization\",\"name\":\"Istituto Geografico Militare\",\"url\":\"https:\/\/igmi.esercito.difesa.it\/en\/\",\"logo\":{\"@type\":\"ImageObject\",\"inLanguage\":\"en-US\",\"@id\":\"https:\/\/igmi.esercito.difesa.it\/en\/#\/schema\/logo\/image\/\",\"url\":\"https:\/\/igmi.esercito.difesa.it\/wp-content\/uploads\/2025\/04\/Logo-igm.webp\",\"contentUrl\":\"https:\/\/igmi.esercito.difesa.it\/wp-content\/uploads\/2025\/04\/Logo-igm.webp\",\"width\":1320,\"height\":1696,\"caption\":\"Istituto Geografico Militare\"},\"image\":{\"@id\":\"https:\/\/igmi.esercito.difesa.it\/en\/#\/schema\/logo\/image\/\"}}]}<\/script>\n<!-- \/ Yoast SEO plugin. -->","yoast_head_json":{"title":"SUEVIA UNIVERSA-IX TABULIS DELINEATA IN QUIBUS OMNIUM - Foglio 7 - Istituto Geografico Militare","robots":{"index":"index","follow":"follow","max-snippet":"max-snippet:-1","max-image-preview":"max-image-preview:large","max-video-preview":"max-video-preview:-1"},"canonical":"https:\/\/igmi.esercito.difesa.it\/en\/prodotto\/380462\/","og_locale":"en_US","og_type":"article","og_title":"SUEVIA UNIVERSA-IX TABULIS DELINEATA IN QUIBUS OMNIUM - Foglio 7 - Istituto Geografico Militare","og_description":"Non solum ad circulum pertimentium episcopatuum, decatuum, marchionatuum, principatuum, abbtiarum, comitatuum dinastiarum, civitatum imperialiumutet, ordinis, equestris, sed etiam omnium eidem inter et adjacentium statuum territoria, urdes, oppida monasteria, ecc. distincte et accuratissime reperiuntur; Juxta recentissiman Observationem exhibita a Iaques Michal, Capitaine et Ingenieur sculpta \u00e0 Matthaeo Seuttero, Chalcogr, August. Il rapporto \u00e8 di 1:173.000. Di [&hellip;]","og_url":"https:\/\/igmi.esercito.difesa.it\/en\/prodotto\/380462\/","og_site_name":"Istituto Geografico Militare","article_modified_time":"2026-02-19T20:57:04+00:00","og_image":[{"width":1000,"height":932,"url":"https:\/\/igmi.esercito.difesa.it\/wp-content\/uploads\/B0016995.jpg","type":"image\/jpeg"}],"twitter_card":"summary_large_image","twitter_misc":{"Est. reading time":"1 minute"},"schema":{"@context":"https:\/\/schema.org","@graph":[{"@type":"WebPage","@id":"https:\/\/igmi.esercito.difesa.it\/en\/prodotto\/380462\/","url":"https:\/\/igmi.esercito.difesa.it\/en\/prodotto\/380462\/","name":"SUEVIA UNIVERSA-IX TABULIS DELINEATA IN QUIBUS OMNIUM - Foglio 7 - Istituto Geografico Militare","isPartOf":{"@id":"https:\/\/igmi.esercito.difesa.it\/en\/#website"},"primaryImageOfPage":{"@id":"https:\/\/igmi.esercito.difesa.it\/en\/prodotto\/380462\/#primaryimage"},"image":{"@id":"https:\/\/igmi.esercito.difesa.it\/en\/prodotto\/380462\/#primaryimage"},"thumbnailUrl":"https:\/\/igmi.esercito.difesa.it\/wp-content\/uploads\/B0016995.jpg","datePublished":"2025-06-25T20:52:53+00:00","dateModified":"2026-02-19T20:57:04+00:00","breadcrumb":{"@id":"https:\/\/igmi.esercito.difesa.it\/en\/prodotto\/380462\/#breadcrumb"},"inLanguage":"en-US","potentialAction":[{"@type":"ReadAction","target":["https:\/\/igmi.esercito.difesa.it\/en\/prodotto\/380462\/"]}]},{"@type":"ImageObject","inLanguage":"en-US","@id":"https:\/\/igmi.esercito.difesa.it\/en\/prodotto\/380462\/#primaryimage","url":"https:\/\/igmi.esercito.difesa.it\/wp-content\/uploads\/B0016995.jpg","contentUrl":"https:\/\/igmi.esercito.difesa.it\/wp-content\/uploads\/B0016995.jpg","width":1000,"height":932},{"@type":"BreadcrumbList","@id":"https:\/\/igmi.esercito.difesa.it\/en\/prodotto\/380462\/#breadcrumb","itemListElement":[{"@type":"ListItem","position":1,"name":"Home","item":"https:\/\/igmi.esercito.difesa.it\/en\/homepage\/"},{"@type":"ListItem","position":2,"name":"Products","item":"https:\/\/igmi.esercito.difesa.it\/en\/shop\/"},{"@type":"ListItem","position":3,"name":"SUEVIA UNIVERSA-IX TABULIS DELINEATA IN QUIBUS OMNIUM &#8211; Foglio 7"}]},{"@type":"WebSite","@id":"https:\/\/igmi.esercito.difesa.it\/en\/#website","url":"https:\/\/igmi.esercito.difesa.it\/en\/","name":"Istituto Geografico Militare","description":"Ente cartografico dello stato","publisher":{"@id":"https:\/\/igmi.esercito.difesa.it\/en\/#organization"},"potentialAction":[{"@type":"SearchAction","target":{"@type":"EntryPoint","urlTemplate":"https:\/\/igmi.esercito.difesa.it\/en\/?s={search_term_string}"},"query-input":{"@type":"PropertyValueSpecification","valueRequired":true,"valueName":"search_term_string"}}],"inLanguage":"en-US"},{"@type":"Organization","@id":"https:\/\/igmi.esercito.difesa.it\/en\/#organization","name":"Istituto Geografico Militare","url":"https:\/\/igmi.esercito.difesa.it\/en\/","logo":{"@type":"ImageObject","inLanguage":"en-US","@id":"https:\/\/igmi.esercito.difesa.it\/en\/#\/schema\/logo\/image\/","url":"https:\/\/igmi.esercito.difesa.it\/wp-content\/uploads\/2025\/04\/Logo-igm.webp","contentUrl":"https:\/\/igmi.esercito.difesa.it\/wp-content\/uploads\/2025\/04\/Logo-igm.webp","width":1320,"height":1696,"caption":"Istituto Geografico Militare"},"image":{"@id":"https:\/\/igmi.esercito.difesa.it\/en\/#\/schema\/logo\/image\/"}}]}},"_links":{"self":[{"href":"https:\/\/igmi.esercito.difesa.it\/en\/wp-json\/wp\/v2\/product\/331016","targetHints":{"allow":["GET"]}}],"collection":[{"href":"https:\/\/igmi.esercito.difesa.it\/en\/wp-json\/wp\/v2\/product"}],"about":[{"href":"https:\/\/igmi.esercito.difesa.it\/en\/wp-json\/wp\/v2\/types\/product"}],"wp:featuredmedia":[{"embeddable":true,"href":"https:\/\/igmi.esercito.difesa.it\/en\/wp-json\/wp\/v2\/media\/636930"}],"wp:attachment":[{"href":"https:\/\/igmi.esercito.difesa.it\/en\/wp-json\/wp\/v2\/media?parent=331016"}],"wp:term":[{"taxonomy":"product_brand","embeddable":true,"href":"https:\/\/igmi.esercito.difesa.it\/en\/wp-json\/wp\/v2\/product_brand?post=331016"},{"taxonomy":"product_cat","embeddable":true,"href":"https:\/\/igmi.esercito.difesa.it\/en\/wp-json\/wp\/v2\/product_cat?post=331016"},{"taxonomy":"product_tag","embeddable":true,"href":"https:\/\/igmi.esercito.difesa.it\/en\/wp-json\/wp\/v2\/product_tag?post=331016"}],"curies":[{"name":"wp","href":"https:\/\/api.w.org\/{rel}","templated":true}]}}