{"id":331055,"date":"2025-06-25T22:54:50","date_gmt":"2025-06-25T20:54:50","guid":{"rendered":"https:\/\/igmi.esercito.difesa.it\/prodotto\/380478\/"},"modified":"2026-04-21T09:54:59","modified_gmt":"2026-04-21T07:54:59","slug":"380478","status":"publish","type":"product","link":"https:\/\/igmi.esercito.difesa.it\/en\/prodotto\/380478\/","title":{"rendered":"NOUVEAU PLAN TOPOGRAPHIQUE ET HISTORIQUE DE LA VILLE LYON"},"content":{"rendered":"<p>Avec le projets d&#8217;agrandissements &#8211; 1808. Disegno ed incisione di Perrier, stando allo scritto collocato nel lato inferiore a sinistra del foglio; mentre al centro dello stesso lato \u00e8 indicato: &#8220;Se vend chez Comberousse, Graveur et editeur de cet Ouvrage&#8221;. Buona incisione in rame, legata su tela a stacchi. L&#8217;intaglio presenta molte analogie col rame della Carta esaminata, al N. 300. Sembrano ambedue dello stesso incisore. La scala grafica di 150 tese \u00e8 lunga mm. 42, ne risulta che il rapporto \u00e8 di 1:7.000 circa. L&#8217;orientamento \u00e8 col nord volto a destra. Nello stesso foglio a sinistra in basso, abbiamo la Carte du D\u00e9partement du Rhone divis\u00e9e en 2 arrindissements et 25 Cantons, alla scala di 1:5.200.000 circa, le cui longitudini sono riferite al meridiano di Parigi. esiste pure un breve cenno storico descrittivo della citt\u00e0 di Lyon.<\/p>\n","protected":false},"excerpt":{"rendered":"<p>Avec le projets d&#8217;agrandissements &#8211; 1808. Disegno ed incisione di Perrier, stando allo scritto collocato nel lato inferiore a sinistra del foglio; mentre al centro dello stesso lato \u00e8 indicato: &#8220;Se vend chez Comberousse, Graveur et editeur de cet Ouvrage&#8221;. Buona incisione in rame, legata su tela a stacchi. L&#8217;intaglio presenta molte analogie col rame [&hellip;]<\/p>\n","protected":false},"featured_media":637056,"template":"","meta":{"_acf_changed":false},"product_brand":[],"product_cat":[191,447],"product_tag":[334],"class_list":{"0":"post-331055","1":"product","2":"type-product","3":"status-publish","4":"has-post-thumbnail","6":"product_cat-carte-antiche","7":"product_cat-tecnica_risoluzione_carta_antica","8":"product_tag-carta-antica","10":"first","11":"instock","12":"downloadable","13":"virtual","14":"sold-individually","15":"taxable","16":"purchasable","17":"product-type-simple"},"acf":[],"yoast_head":"<!-- This site is optimized with the Yoast SEO plugin v26.4 - https:\/\/yoast.com\/wordpress\/plugins\/seo\/ -->\n<title>NOUVEAU PLAN TOPOGRAPHIQUE ET HISTORIQUE DE LA VILLE LYON - Istituto Geografico Militare<\/title>\n<meta name=\"robots\" content=\"index, follow, max-snippet:-1, max-image-preview:large, max-video-preview:-1\" \/>\n<link rel=\"canonical\" href=\"https:\/\/igmi.esercito.difesa.it\/en\/prodotto\/380478\/\" \/>\n<meta property=\"og:locale\" content=\"en_US\" \/>\n<meta property=\"og:type\" content=\"article\" \/>\n<meta property=\"og:title\" content=\"NOUVEAU PLAN TOPOGRAPHIQUE ET HISTORIQUE DE LA VILLE LYON - Istituto Geografico Militare\" \/>\n<meta property=\"og:description\" content=\"Avec le projets d&#8217;agrandissements &#8211; 1808. Disegno ed incisione di Perrier, stando allo scritto collocato nel lato inferiore a sinistra del foglio; mentre al centro dello stesso lato \u00e8 indicato: &#8220;Se vend chez Comberousse, Graveur et editeur de cet Ouvrage&#8221;. Buona incisione in rame, legata su tela a stacchi. L&#8217;intaglio presenta molte analogie col rame [&hellip;]\" \/>\n<meta property=\"og:url\" content=\"https:\/\/igmi.esercito.difesa.it\/en\/prodotto\/380478\/\" \/>\n<meta property=\"og:site_name\" content=\"Istituto Geografico Militare\" \/>\n<meta property=\"article:modified_time\" content=\"2026-04-21T07:54:59+00:00\" \/>\n<meta property=\"og:image\" content=\"https:\/\/igmi.esercito.difesa.it\/wp-content\/uploads\/B0016984.jpg\" \/>\n\t<meta property=\"og:image:width\" content=\"1000\" \/>\n\t<meta property=\"og:image:height\" content=\"791\" \/>\n\t<meta property=\"og:image:type\" content=\"image\/jpeg\" \/>\n<meta name=\"twitter:card\" content=\"summary_large_image\" \/>\n<meta name=\"twitter:label1\" content=\"Est. reading time\" \/>\n\t<meta name=\"twitter:data1\" content=\"1 minute\" \/>\n<script type=\"application\/ld+json\" class=\"yoast-schema-graph\">{\"@context\":\"https:\/\/schema.org\",\"@graph\":[{\"@type\":\"WebPage\",\"@id\":\"https:\/\/igmi.esercito.difesa.it\/en\/prodotto\/380478\/\",\"url\":\"https:\/\/igmi.esercito.difesa.it\/en\/prodotto\/380478\/\",\"name\":\"NOUVEAU PLAN TOPOGRAPHIQUE ET HISTORIQUE DE LA VILLE LYON - Istituto Geografico Militare\",\"isPartOf\":{\"@id\":\"https:\/\/igmi.esercito.difesa.it\/en\/#website\"},\"primaryImageOfPage\":{\"@id\":\"https:\/\/igmi.esercito.difesa.it\/en\/prodotto\/380478\/#primaryimage\"},\"image\":{\"@id\":\"https:\/\/igmi.esercito.difesa.it\/en\/prodotto\/380478\/#primaryimage\"},\"thumbnailUrl\":\"https:\/\/igmi.esercito.difesa.it\/wp-content\/uploads\/B0016984.jpg\",\"datePublished\":\"2025-06-25T20:54:50+00:00\",\"dateModified\":\"2026-04-21T07:54:59+00:00\",\"breadcrumb\":{\"@id\":\"https:\/\/igmi.esercito.difesa.it\/en\/prodotto\/380478\/#breadcrumb\"},\"inLanguage\":\"en-US\",\"potentialAction\":[{\"@type\":\"ReadAction\",\"target\":[\"https:\/\/igmi.esercito.difesa.it\/en\/prodotto\/380478\/\"]}]},{\"@type\":\"ImageObject\",\"inLanguage\":\"en-US\",\"@id\":\"https:\/\/igmi.esercito.difesa.it\/en\/prodotto\/380478\/#primaryimage\",\"url\":\"https:\/\/igmi.esercito.difesa.it\/wp-content\/uploads\/B0016984.jpg\",\"contentUrl\":\"https:\/\/igmi.esercito.difesa.it\/wp-content\/uploads\/B0016984.jpg\",\"width\":1000,\"height\":791},{\"@type\":\"BreadcrumbList\",\"@id\":\"https:\/\/igmi.esercito.difesa.it\/en\/prodotto\/380478\/#breadcrumb\",\"itemListElement\":[{\"@type\":\"ListItem\",\"position\":1,\"name\":\"Home\",\"item\":\"https:\/\/igmi.esercito.difesa.it\/en\/homepage\/\"},{\"@type\":\"ListItem\",\"position\":2,\"name\":\"Products\",\"item\":\"https:\/\/igmi.esercito.difesa.it\/en\/shop\/\"},{\"@type\":\"ListItem\",\"position\":3,\"name\":\"NOUVEAU PLAN TOPOGRAPHIQUE ET HISTORIQUE DE LA VILLE LYON\"}]},{\"@type\":\"WebSite\",\"@id\":\"https:\/\/igmi.esercito.difesa.it\/en\/#website\",\"url\":\"https:\/\/igmi.esercito.difesa.it\/en\/\",\"name\":\"Istituto Geografico Militare\",\"description\":\"Ente cartografico dello stato\",\"publisher\":{\"@id\":\"https:\/\/igmi.esercito.difesa.it\/en\/#organization\"},\"potentialAction\":[{\"@type\":\"SearchAction\",\"target\":{\"@type\":\"EntryPoint\",\"urlTemplate\":\"https:\/\/igmi.esercito.difesa.it\/en\/?s={search_term_string}\"},\"query-input\":{\"@type\":\"PropertyValueSpecification\",\"valueRequired\":true,\"valueName\":\"search_term_string\"}}],\"inLanguage\":\"en-US\"},{\"@type\":\"Organization\",\"@id\":\"https:\/\/igmi.esercito.difesa.it\/en\/#organization\",\"name\":\"Istituto Geografico Militare\",\"url\":\"https:\/\/igmi.esercito.difesa.it\/en\/\",\"logo\":{\"@type\":\"ImageObject\",\"inLanguage\":\"en-US\",\"@id\":\"https:\/\/igmi.esercito.difesa.it\/en\/#\/schema\/logo\/image\/\",\"url\":\"https:\/\/igmi.esercito.difesa.it\/wp-content\/uploads\/2025\/04\/Logo-igm.webp\",\"contentUrl\":\"https:\/\/igmi.esercito.difesa.it\/wp-content\/uploads\/2025\/04\/Logo-igm.webp\",\"width\":1320,\"height\":1696,\"caption\":\"Istituto Geografico Militare\"},\"image\":{\"@id\":\"https:\/\/igmi.esercito.difesa.it\/en\/#\/schema\/logo\/image\/\"}}]}<\/script>\n<!-- \/ Yoast SEO plugin. -->","yoast_head_json":{"title":"NOUVEAU PLAN TOPOGRAPHIQUE ET HISTORIQUE DE LA VILLE LYON - Istituto Geografico Militare","robots":{"index":"index","follow":"follow","max-snippet":"max-snippet:-1","max-image-preview":"max-image-preview:large","max-video-preview":"max-video-preview:-1"},"canonical":"https:\/\/igmi.esercito.difesa.it\/en\/prodotto\/380478\/","og_locale":"en_US","og_type":"article","og_title":"NOUVEAU PLAN TOPOGRAPHIQUE ET HISTORIQUE DE LA VILLE LYON - Istituto Geografico Militare","og_description":"Avec le projets d&#8217;agrandissements &#8211; 1808. Disegno ed incisione di Perrier, stando allo scritto collocato nel lato inferiore a sinistra del foglio; mentre al centro dello stesso lato \u00e8 indicato: &#8220;Se vend chez Comberousse, Graveur et editeur de cet Ouvrage&#8221;. Buona incisione in rame, legata su tela a stacchi. L&#8217;intaglio presenta molte analogie col rame [&hellip;]","og_url":"https:\/\/igmi.esercito.difesa.it\/en\/prodotto\/380478\/","og_site_name":"Istituto Geografico Militare","article_modified_time":"2026-04-21T07:54:59+00:00","og_image":[{"width":1000,"height":791,"url":"https:\/\/igmi.esercito.difesa.it\/wp-content\/uploads\/B0016984.jpg","type":"image\/jpeg"}],"twitter_card":"summary_large_image","twitter_misc":{"Est. reading time":"1 minute"},"schema":{"@context":"https:\/\/schema.org","@graph":[{"@type":"WebPage","@id":"https:\/\/igmi.esercito.difesa.it\/en\/prodotto\/380478\/","url":"https:\/\/igmi.esercito.difesa.it\/en\/prodotto\/380478\/","name":"NOUVEAU PLAN TOPOGRAPHIQUE ET HISTORIQUE DE LA VILLE LYON - Istituto Geografico Militare","isPartOf":{"@id":"https:\/\/igmi.esercito.difesa.it\/en\/#website"},"primaryImageOfPage":{"@id":"https:\/\/igmi.esercito.difesa.it\/en\/prodotto\/380478\/#primaryimage"},"image":{"@id":"https:\/\/igmi.esercito.difesa.it\/en\/prodotto\/380478\/#primaryimage"},"thumbnailUrl":"https:\/\/igmi.esercito.difesa.it\/wp-content\/uploads\/B0016984.jpg","datePublished":"2025-06-25T20:54:50+00:00","dateModified":"2026-04-21T07:54:59+00:00","breadcrumb":{"@id":"https:\/\/igmi.esercito.difesa.it\/en\/prodotto\/380478\/#breadcrumb"},"inLanguage":"en-US","potentialAction":[{"@type":"ReadAction","target":["https:\/\/igmi.esercito.difesa.it\/en\/prodotto\/380478\/"]}]},{"@type":"ImageObject","inLanguage":"en-US","@id":"https:\/\/igmi.esercito.difesa.it\/en\/prodotto\/380478\/#primaryimage","url":"https:\/\/igmi.esercito.difesa.it\/wp-content\/uploads\/B0016984.jpg","contentUrl":"https:\/\/igmi.esercito.difesa.it\/wp-content\/uploads\/B0016984.jpg","width":1000,"height":791},{"@type":"BreadcrumbList","@id":"https:\/\/igmi.esercito.difesa.it\/en\/prodotto\/380478\/#breadcrumb","itemListElement":[{"@type":"ListItem","position":1,"name":"Home","item":"https:\/\/igmi.esercito.difesa.it\/en\/homepage\/"},{"@type":"ListItem","position":2,"name":"Products","item":"https:\/\/igmi.esercito.difesa.it\/en\/shop\/"},{"@type":"ListItem","position":3,"name":"NOUVEAU PLAN TOPOGRAPHIQUE ET HISTORIQUE DE LA VILLE LYON"}]},{"@type":"WebSite","@id":"https:\/\/igmi.esercito.difesa.it\/en\/#website","url":"https:\/\/igmi.esercito.difesa.it\/en\/","name":"Istituto Geografico Militare","description":"Ente cartografico dello stato","publisher":{"@id":"https:\/\/igmi.esercito.difesa.it\/en\/#organization"},"potentialAction":[{"@type":"SearchAction","target":{"@type":"EntryPoint","urlTemplate":"https:\/\/igmi.esercito.difesa.it\/en\/?s={search_term_string}"},"query-input":{"@type":"PropertyValueSpecification","valueRequired":true,"valueName":"search_term_string"}}],"inLanguage":"en-US"},{"@type":"Organization","@id":"https:\/\/igmi.esercito.difesa.it\/en\/#organization","name":"Istituto Geografico Militare","url":"https:\/\/igmi.esercito.difesa.it\/en\/","logo":{"@type":"ImageObject","inLanguage":"en-US","@id":"https:\/\/igmi.esercito.difesa.it\/en\/#\/schema\/logo\/image\/","url":"https:\/\/igmi.esercito.difesa.it\/wp-content\/uploads\/2025\/04\/Logo-igm.webp","contentUrl":"https:\/\/igmi.esercito.difesa.it\/wp-content\/uploads\/2025\/04\/Logo-igm.webp","width":1320,"height":1696,"caption":"Istituto Geografico Militare"},"image":{"@id":"https:\/\/igmi.esercito.difesa.it\/en\/#\/schema\/logo\/image\/"}}]}},"_links":{"self":[{"href":"https:\/\/igmi.esercito.difesa.it\/en\/wp-json\/wp\/v2\/product\/331055","targetHints":{"allow":["GET"]}}],"collection":[{"href":"https:\/\/igmi.esercito.difesa.it\/en\/wp-json\/wp\/v2\/product"}],"about":[{"href":"https:\/\/igmi.esercito.difesa.it\/en\/wp-json\/wp\/v2\/types\/product"}],"wp:featuredmedia":[{"embeddable":true,"href":"https:\/\/igmi.esercito.difesa.it\/en\/wp-json\/wp\/v2\/media\/637056"}],"wp:attachment":[{"href":"https:\/\/igmi.esercito.difesa.it\/en\/wp-json\/wp\/v2\/media?parent=331055"}],"wp:term":[{"taxonomy":"product_brand","embeddable":true,"href":"https:\/\/igmi.esercito.difesa.it\/en\/wp-json\/wp\/v2\/product_brand?post=331055"},{"taxonomy":"product_cat","embeddable":true,"href":"https:\/\/igmi.esercito.difesa.it\/en\/wp-json\/wp\/v2\/product_cat?post=331055"},{"taxonomy":"product_tag","embeddable":true,"href":"https:\/\/igmi.esercito.difesa.it\/en\/wp-json\/wp\/v2\/product_tag?post=331055"}],"curies":[{"name":"wp","href":"https:\/\/api.w.org\/{rel}","templated":true}]}}