{"id":331080,"date":"2025-06-25T22:55:58","date_gmt":"2025-06-25T20:55:58","guid":{"rendered":"https:\/\/igmi.esercito.difesa.it\/prodotto\/380488\/"},"modified":"2026-04-21T09:55:12","modified_gmt":"2026-04-21T07:55:12","slug":"380488","status":"publish","type":"product","link":"https:\/\/igmi.esercito.difesa.it\/en\/prodotto\/380488\/","title":{"rendered":"PIANTE DELLA CITTA&#8217; DI PARIGI &#8211; Foglio 5"},"content":{"rendered":"<p>Plan routier de la ville de Paris et de ses faubourgs. &#8211; Ou se trouvent tous les Changemens op\u00e9r\u00e9 jusqu&#8217;a ce jour avec les projets d&#8217;embellissemens les nouvelles rous et pour servir de guide aux voyageurs; divis\u00e9 en 12 mairies municipales et par quartiers, revu et corig\u00e9 par A. Martin 1818 a Paris chez Esnault le jeune, editeur ecc. Boulevard Montmatre pr\u00e8s la rue de Richelieu au n. 7. Come la precedente, rappresenta la pianta della citt\u00e0 di Parigi. Proviene da incisione su rame ed \u00e8 stampata in nero. I limiti amministrativi sono acquerellati a varie tinte. La leggenda dei nomi \u00e8 posta ai margini del foglio. Da confronti fatti risulta che il rapporto \u00e8 di 1 a 9.350 circa.<\/p>\n","protected":false},"excerpt":{"rendered":"<p>Plan routier de la ville de Paris et de ses faubourgs. &#8211; Ou se trouvent tous les Changemens op\u00e9r\u00e9 jusqu&#8217;a ce jour avec les projets d&#8217;embellissemens les nouvelles rous et pour servir de guide aux voyageurs; divis\u00e9 en 12 mairies municipales et par quartiers, revu et corig\u00e9 par A. Martin 1818 a Paris chez Esnault [&hellip;]<\/p>\n","protected":false},"featured_media":637115,"template":"","meta":{"_acf_changed":false},"product_brand":[],"product_cat":[191,447],"product_tag":[334],"class_list":{"0":"post-331080","1":"product","2":"type-product","3":"status-publish","4":"has-post-thumbnail","6":"product_cat-carte-antiche","7":"product_cat-tecnica_risoluzione_carta_antica","8":"product_tag-carta-antica","10":"first","11":"instock","12":"downloadable","13":"virtual","14":"sold-individually","15":"taxable","16":"purchasable","17":"product-type-simple"},"acf":[],"yoast_head":"<!-- This site is optimized with the Yoast SEO plugin v26.4 - https:\/\/yoast.com\/wordpress\/plugins\/seo\/ -->\n<title>PIANTE DELLA CITTA&#039; DI PARIGI - Foglio 5 - Istituto Geografico Militare<\/title>\n<meta name=\"robots\" content=\"index, follow, max-snippet:-1, max-image-preview:large, max-video-preview:-1\" \/>\n<link rel=\"canonical\" href=\"https:\/\/igmi.esercito.difesa.it\/en\/prodotto\/380488\/\" \/>\n<meta property=\"og:locale\" content=\"en_US\" \/>\n<meta property=\"og:type\" content=\"article\" \/>\n<meta property=\"og:title\" content=\"PIANTE DELLA CITTA&#039; DI PARIGI - Foglio 5 - Istituto Geografico Militare\" \/>\n<meta property=\"og:description\" content=\"Plan routier de la ville de Paris et de ses faubourgs. &#8211; Ou se trouvent tous les Changemens op\u00e9r\u00e9 jusqu&#8217;a ce jour avec les projets d&#8217;embellissemens les nouvelles rous et pour servir de guide aux voyageurs; divis\u00e9 en 12 mairies municipales et par quartiers, revu et corig\u00e9 par A. Martin 1818 a Paris chez Esnault [&hellip;]\" \/>\n<meta property=\"og:url\" content=\"https:\/\/igmi.esercito.difesa.it\/en\/prodotto\/380488\/\" \/>\n<meta property=\"og:site_name\" content=\"Istituto Geografico Militare\" \/>\n<meta property=\"article:modified_time\" content=\"2026-04-21T07:55:12+00:00\" \/>\n<meta property=\"og:image\" content=\"https:\/\/igmi.esercito.difesa.it\/wp-content\/uploads\/B0016979.jpg\" \/>\n\t<meta property=\"og:image:width\" content=\"1000\" \/>\n\t<meta property=\"og:image:height\" content=\"716\" \/>\n\t<meta property=\"og:image:type\" content=\"image\/jpeg\" \/>\n<meta name=\"twitter:card\" content=\"summary_large_image\" \/>\n<meta name=\"twitter:label1\" content=\"Est. reading time\" \/>\n\t<meta name=\"twitter:data1\" content=\"1 minute\" \/>\n<script type=\"application\/ld+json\" class=\"yoast-schema-graph\">{\"@context\":\"https:\/\/schema.org\",\"@graph\":[{\"@type\":\"WebPage\",\"@id\":\"https:\/\/igmi.esercito.difesa.it\/en\/prodotto\/380488\/\",\"url\":\"https:\/\/igmi.esercito.difesa.it\/en\/prodotto\/380488\/\",\"name\":\"PIANTE DELLA CITTA' DI PARIGI - Foglio 5 - Istituto Geografico Militare\",\"isPartOf\":{\"@id\":\"https:\/\/igmi.esercito.difesa.it\/en\/#website\"},\"primaryImageOfPage\":{\"@id\":\"https:\/\/igmi.esercito.difesa.it\/en\/prodotto\/380488\/#primaryimage\"},\"image\":{\"@id\":\"https:\/\/igmi.esercito.difesa.it\/en\/prodotto\/380488\/#primaryimage\"},\"thumbnailUrl\":\"https:\/\/igmi.esercito.difesa.it\/wp-content\/uploads\/B0016979.jpg\",\"datePublished\":\"2025-06-25T20:55:58+00:00\",\"dateModified\":\"2026-04-21T07:55:12+00:00\",\"breadcrumb\":{\"@id\":\"https:\/\/igmi.esercito.difesa.it\/en\/prodotto\/380488\/#breadcrumb\"},\"inLanguage\":\"en-US\",\"potentialAction\":[{\"@type\":\"ReadAction\",\"target\":[\"https:\/\/igmi.esercito.difesa.it\/en\/prodotto\/380488\/\"]}]},{\"@type\":\"ImageObject\",\"inLanguage\":\"en-US\",\"@id\":\"https:\/\/igmi.esercito.difesa.it\/en\/prodotto\/380488\/#primaryimage\",\"url\":\"https:\/\/igmi.esercito.difesa.it\/wp-content\/uploads\/B0016979.jpg\",\"contentUrl\":\"https:\/\/igmi.esercito.difesa.it\/wp-content\/uploads\/B0016979.jpg\",\"width\":1000,\"height\":716},{\"@type\":\"BreadcrumbList\",\"@id\":\"https:\/\/igmi.esercito.difesa.it\/en\/prodotto\/380488\/#breadcrumb\",\"itemListElement\":[{\"@type\":\"ListItem\",\"position\":1,\"name\":\"Home\",\"item\":\"https:\/\/igmi.esercito.difesa.it\/en\/\"},{\"@type\":\"ListItem\",\"position\":2,\"name\":\"Products\",\"item\":\"https:\/\/igmi.esercito.difesa.it\/en\/shop\/\"},{\"@type\":\"ListItem\",\"position\":3,\"name\":\"PIANTE DELLA CITTA&#8217; DI PARIGI &#8211; Foglio 5\"}]},{\"@type\":\"WebSite\",\"@id\":\"https:\/\/igmi.esercito.difesa.it\/en\/#website\",\"url\":\"https:\/\/igmi.esercito.difesa.it\/en\/\",\"name\":\"Istituto Geografico Militare\",\"description\":\"Ente cartografico dello stato\",\"publisher\":{\"@id\":\"https:\/\/igmi.esercito.difesa.it\/en\/#organization\"},\"potentialAction\":[{\"@type\":\"SearchAction\",\"target\":{\"@type\":\"EntryPoint\",\"urlTemplate\":\"https:\/\/igmi.esercito.difesa.it\/en\/?s={search_term_string}\"},\"query-input\":{\"@type\":\"PropertyValueSpecification\",\"valueRequired\":true,\"valueName\":\"search_term_string\"}}],\"inLanguage\":\"en-US\"},{\"@type\":\"Organization\",\"@id\":\"https:\/\/igmi.esercito.difesa.it\/en\/#organization\",\"name\":\"Istituto Geografico Militare\",\"url\":\"https:\/\/igmi.esercito.difesa.it\/en\/\",\"logo\":{\"@type\":\"ImageObject\",\"inLanguage\":\"en-US\",\"@id\":\"https:\/\/igmi.esercito.difesa.it\/en\/#\/schema\/logo\/image\/\",\"url\":\"https:\/\/igmi.esercito.difesa.it\/wp-content\/uploads\/2025\/04\/Logo-igm.webp\",\"contentUrl\":\"https:\/\/igmi.esercito.difesa.it\/wp-content\/uploads\/2025\/04\/Logo-igm.webp\",\"width\":1320,\"height\":1696,\"caption\":\"Istituto Geografico Militare\"},\"image\":{\"@id\":\"https:\/\/igmi.esercito.difesa.it\/en\/#\/schema\/logo\/image\/\"}}]}<\/script>\n<!-- \/ Yoast SEO plugin. -->","yoast_head_json":{"title":"PIANTE DELLA CITTA' DI PARIGI - Foglio 5 - Istituto Geografico Militare","robots":{"index":"index","follow":"follow","max-snippet":"max-snippet:-1","max-image-preview":"max-image-preview:large","max-video-preview":"max-video-preview:-1"},"canonical":"https:\/\/igmi.esercito.difesa.it\/en\/prodotto\/380488\/","og_locale":"en_US","og_type":"article","og_title":"PIANTE DELLA CITTA' DI PARIGI - Foglio 5 - Istituto Geografico Militare","og_description":"Plan routier de la ville de Paris et de ses faubourgs. &#8211; Ou se trouvent tous les Changemens op\u00e9r\u00e9 jusqu&#8217;a ce jour avec les projets d&#8217;embellissemens les nouvelles rous et pour servir de guide aux voyageurs; divis\u00e9 en 12 mairies municipales et par quartiers, revu et corig\u00e9 par A. Martin 1818 a Paris chez Esnault [&hellip;]","og_url":"https:\/\/igmi.esercito.difesa.it\/en\/prodotto\/380488\/","og_site_name":"Istituto Geografico Militare","article_modified_time":"2026-04-21T07:55:12+00:00","og_image":[{"width":1000,"height":716,"url":"https:\/\/igmi.esercito.difesa.it\/wp-content\/uploads\/B0016979.jpg","type":"image\/jpeg"}],"twitter_card":"summary_large_image","twitter_misc":{"Est. reading time":"1 minute"},"schema":{"@context":"https:\/\/schema.org","@graph":[{"@type":"WebPage","@id":"https:\/\/igmi.esercito.difesa.it\/en\/prodotto\/380488\/","url":"https:\/\/igmi.esercito.difesa.it\/en\/prodotto\/380488\/","name":"PIANTE DELLA CITTA' DI PARIGI - Foglio 5 - Istituto Geografico Militare","isPartOf":{"@id":"https:\/\/igmi.esercito.difesa.it\/en\/#website"},"primaryImageOfPage":{"@id":"https:\/\/igmi.esercito.difesa.it\/en\/prodotto\/380488\/#primaryimage"},"image":{"@id":"https:\/\/igmi.esercito.difesa.it\/en\/prodotto\/380488\/#primaryimage"},"thumbnailUrl":"https:\/\/igmi.esercito.difesa.it\/wp-content\/uploads\/B0016979.jpg","datePublished":"2025-06-25T20:55:58+00:00","dateModified":"2026-04-21T07:55:12+00:00","breadcrumb":{"@id":"https:\/\/igmi.esercito.difesa.it\/en\/prodotto\/380488\/#breadcrumb"},"inLanguage":"en-US","potentialAction":[{"@type":"ReadAction","target":["https:\/\/igmi.esercito.difesa.it\/en\/prodotto\/380488\/"]}]},{"@type":"ImageObject","inLanguage":"en-US","@id":"https:\/\/igmi.esercito.difesa.it\/en\/prodotto\/380488\/#primaryimage","url":"https:\/\/igmi.esercito.difesa.it\/wp-content\/uploads\/B0016979.jpg","contentUrl":"https:\/\/igmi.esercito.difesa.it\/wp-content\/uploads\/B0016979.jpg","width":1000,"height":716},{"@type":"BreadcrumbList","@id":"https:\/\/igmi.esercito.difesa.it\/en\/prodotto\/380488\/#breadcrumb","itemListElement":[{"@type":"ListItem","position":1,"name":"Home","item":"https:\/\/igmi.esercito.difesa.it\/en\/"},{"@type":"ListItem","position":2,"name":"Products","item":"https:\/\/igmi.esercito.difesa.it\/en\/shop\/"},{"@type":"ListItem","position":3,"name":"PIANTE DELLA CITTA&#8217; DI PARIGI &#8211; Foglio 5"}]},{"@type":"WebSite","@id":"https:\/\/igmi.esercito.difesa.it\/en\/#website","url":"https:\/\/igmi.esercito.difesa.it\/en\/","name":"Istituto Geografico Militare","description":"Ente cartografico dello stato","publisher":{"@id":"https:\/\/igmi.esercito.difesa.it\/en\/#organization"},"potentialAction":[{"@type":"SearchAction","target":{"@type":"EntryPoint","urlTemplate":"https:\/\/igmi.esercito.difesa.it\/en\/?s={search_term_string}"},"query-input":{"@type":"PropertyValueSpecification","valueRequired":true,"valueName":"search_term_string"}}],"inLanguage":"en-US"},{"@type":"Organization","@id":"https:\/\/igmi.esercito.difesa.it\/en\/#organization","name":"Istituto Geografico Militare","url":"https:\/\/igmi.esercito.difesa.it\/en\/","logo":{"@type":"ImageObject","inLanguage":"en-US","@id":"https:\/\/igmi.esercito.difesa.it\/en\/#\/schema\/logo\/image\/","url":"https:\/\/igmi.esercito.difesa.it\/wp-content\/uploads\/2025\/04\/Logo-igm.webp","contentUrl":"https:\/\/igmi.esercito.difesa.it\/wp-content\/uploads\/2025\/04\/Logo-igm.webp","width":1320,"height":1696,"caption":"Istituto Geografico Militare"},"image":{"@id":"https:\/\/igmi.esercito.difesa.it\/en\/#\/schema\/logo\/image\/"}}]}},"_links":{"self":[{"href":"https:\/\/igmi.esercito.difesa.it\/en\/wp-json\/wp\/v2\/product\/331080","targetHints":{"allow":["GET"]}}],"collection":[{"href":"https:\/\/igmi.esercito.difesa.it\/en\/wp-json\/wp\/v2\/product"}],"about":[{"href":"https:\/\/igmi.esercito.difesa.it\/en\/wp-json\/wp\/v2\/types\/product"}],"wp:featuredmedia":[{"embeddable":true,"href":"https:\/\/igmi.esercito.difesa.it\/en\/wp-json\/wp\/v2\/media\/637115"}],"wp:attachment":[{"href":"https:\/\/igmi.esercito.difesa.it\/en\/wp-json\/wp\/v2\/media?parent=331080"}],"wp:term":[{"taxonomy":"product_brand","embeddable":true,"href":"https:\/\/igmi.esercito.difesa.it\/en\/wp-json\/wp\/v2\/product_brand?post=331080"},{"taxonomy":"product_cat","embeddable":true,"href":"https:\/\/igmi.esercito.difesa.it\/en\/wp-json\/wp\/v2\/product_cat?post=331080"},{"taxonomy":"product_tag","embeddable":true,"href":"https:\/\/igmi.esercito.difesa.it\/en\/wp-json\/wp\/v2\/product_tag?post=331080"}],"curies":[{"name":"wp","href":"https:\/\/api.w.org\/{rel}","templated":true}]}}