{"id":336428,"date":"2025-06-26T04:26:27","date_gmt":"2025-06-26T02:26:27","guid":{"rendered":"https:\/\/igmi.esercito.difesa.it\/prodotto\/382127\/"},"modified":"2026-04-21T11:42:55","modified_gmt":"2026-04-21T09:42:55","slug":"382127","status":"publish","type":"product","link":"https:\/\/igmi.esercito.difesa.it\/en\/prodotto\/382127\/","title":{"rendered":"MAPA DE CATALUNYA"},"content":{"rendered":"<p>Barcellona &#8211; Mancomunitat de Catalunya. La carta composta di 43 fogli \u00e8 in corso di pubblicazione. La sua compilazione fu decisa dal Governo semi-autonomo di Catalogna, data la grande deficenza di materiale cartografico nei confronti con la necessit\u00e0 del paese. Il primo foglio pubblicato \u00e8 stato il num.34 (Villafranca del Pened\u00e8s) che ha servito come saggio. A questo sono stati fatti seguire i fogli n\u00b024 (Sant Felice de Guixols), n\u00b041 (Tortosa) e n\u00b043 (Les Goles de l&#8217;Ebre). Questi due ultimi rappresentano il tipo definitivo che il Servicio Geografico si \u00e8 proposto di adottare per la compilazione della carta. E&#8217; stampata in cromo e cio\u00e8: scrittura, caseggiati e ferrovie in nero; strade ordinarie in rosso; corsi d&#8217;acqua in azzurro; orografia con curve di livello in bistro oltre che con un&#8217;ombreggiatura a pastello in tinta neutra combinata col fondo giallastro delle zone piane. Le curve altimetriche sono tracciate all&#8217;equidenza di 50 m. Sono anche segnate le curve batometriche di 10 in 10 m. desunte dalla carta pubblicata dalla &#8220;Commissione Hidrografica de la Marina&#8221; La suddivisione dei fogli \u00e8 fatta in modo che ognuno comprende 30&#8242; di longitudine e 15&#8242; di latitudine. Il sistema di proiezione adottato \u00e8 quello poliedrico, e il meridiano origine delle longitudini \u00e8 quello di Madrid. La carta ha per base le trangolazioni di 1\u00b0e 2\u00b0 ordine dell&#8217;Istituto Geografico.<\/p>\n","protected":false},"excerpt":{"rendered":"<p>Barcellona &#8211; Mancomunitat de Catalunya. La carta composta di 43 fogli \u00e8 in corso di pubblicazione. La sua compilazione fu decisa dal Governo semi-autonomo di Catalogna, data la grande deficenza di materiale cartografico nei confronti con la necessit\u00e0 del paese. Il primo foglio pubblicato \u00e8 stato il num.34 (Villafranca del Pened\u00e8s) che ha servito come [&hellip;]<\/p>\n","protected":false},"featured_media":648319,"template":"","meta":{"_acf_changed":false},"product_brand":[],"product_cat":[191,447],"product_tag":[334],"class_list":{"0":"post-336428","1":"product","2":"type-product","3":"status-publish","4":"has-post-thumbnail","6":"product_cat-carte-antiche","7":"product_cat-tecnica_risoluzione_carta_antica","8":"product_tag-carta-antica","10":"first","11":"instock","12":"downloadable","13":"virtual","14":"sold-individually","15":"taxable","16":"purchasable","17":"product-type-simple"},"acf":[],"yoast_head":"<!-- This site is optimized with the Yoast SEO plugin v26.4 - https:\/\/yoast.com\/wordpress\/plugins\/seo\/ -->\n<title>MAPA DE CATALUNYA - Istituto Geografico Militare<\/title>\n<meta name=\"robots\" content=\"index, follow, max-snippet:-1, max-image-preview:large, max-video-preview:-1\" \/>\n<link rel=\"canonical\" href=\"https:\/\/igmi.esercito.difesa.it\/en\/prodotto\/382127\/\" \/>\n<meta property=\"og:locale\" content=\"en_US\" \/>\n<meta property=\"og:type\" content=\"article\" \/>\n<meta property=\"og:title\" content=\"MAPA DE CATALUNYA - Istituto Geografico Militare\" \/>\n<meta property=\"og:description\" content=\"Barcellona &#8211; Mancomunitat de Catalunya. La carta composta di 43 fogli \u00e8 in corso di pubblicazione. La sua compilazione fu decisa dal Governo semi-autonomo di Catalogna, data la grande deficenza di materiale cartografico nei confronti con la necessit\u00e0 del paese. Il primo foglio pubblicato \u00e8 stato il num.34 (Villafranca del Pened\u00e8s) che ha servito come [&hellip;]\" \/>\n<meta property=\"og:url\" content=\"https:\/\/igmi.esercito.difesa.it\/en\/prodotto\/382127\/\" \/>\n<meta property=\"og:site_name\" content=\"Istituto Geografico Militare\" \/>\n<meta property=\"article:modified_time\" content=\"2026-04-21T09:42:55+00:00\" \/>\n<meta property=\"og:image\" content=\"https:\/\/igmi.esercito.difesa.it\/wp-content\/uploads\/B0015327.jpg\" \/>\n\t<meta property=\"og:image:width\" content=\"1000\" \/>\n\t<meta property=\"og:image:height\" content=\"778\" \/>\n\t<meta property=\"og:image:type\" content=\"image\/jpeg\" \/>\n<meta name=\"twitter:card\" content=\"summary_large_image\" \/>\n<meta name=\"twitter:label1\" content=\"Est. reading time\" \/>\n\t<meta name=\"twitter:data1\" content=\"1 minute\" \/>\n<script type=\"application\/ld+json\" class=\"yoast-schema-graph\">{\"@context\":\"https:\/\/schema.org\",\"@graph\":[{\"@type\":\"WebPage\",\"@id\":\"https:\/\/igmi.esercito.difesa.it\/en\/prodotto\/382127\/\",\"url\":\"https:\/\/igmi.esercito.difesa.it\/en\/prodotto\/382127\/\",\"name\":\"MAPA DE CATALUNYA - Istituto Geografico Militare\",\"isPartOf\":{\"@id\":\"https:\/\/igmi.esercito.difesa.it\/en\/#website\"},\"primaryImageOfPage\":{\"@id\":\"https:\/\/igmi.esercito.difesa.it\/en\/prodotto\/382127\/#primaryimage\"},\"image\":{\"@id\":\"https:\/\/igmi.esercito.difesa.it\/en\/prodotto\/382127\/#primaryimage\"},\"thumbnailUrl\":\"https:\/\/igmi.esercito.difesa.it\/wp-content\/uploads\/B0015327.jpg\",\"datePublished\":\"2025-06-26T02:26:27+00:00\",\"dateModified\":\"2026-04-21T09:42:55+00:00\",\"breadcrumb\":{\"@id\":\"https:\/\/igmi.esercito.difesa.it\/en\/prodotto\/382127\/#breadcrumb\"},\"inLanguage\":\"en-US\",\"potentialAction\":[{\"@type\":\"ReadAction\",\"target\":[\"https:\/\/igmi.esercito.difesa.it\/en\/prodotto\/382127\/\"]}]},{\"@type\":\"ImageObject\",\"inLanguage\":\"en-US\",\"@id\":\"https:\/\/igmi.esercito.difesa.it\/en\/prodotto\/382127\/#primaryimage\",\"url\":\"https:\/\/igmi.esercito.difesa.it\/wp-content\/uploads\/B0015327.jpg\",\"contentUrl\":\"https:\/\/igmi.esercito.difesa.it\/wp-content\/uploads\/B0015327.jpg\",\"width\":1000,\"height\":778},{\"@type\":\"BreadcrumbList\",\"@id\":\"https:\/\/igmi.esercito.difesa.it\/en\/prodotto\/382127\/#breadcrumb\",\"itemListElement\":[{\"@type\":\"ListItem\",\"position\":1,\"name\":\"Home\",\"item\":\"https:\/\/igmi.esercito.difesa.it\/en\/\"},{\"@type\":\"ListItem\",\"position\":2,\"name\":\"Products\",\"item\":\"https:\/\/igmi.esercito.difesa.it\/en\/shop\/\"},{\"@type\":\"ListItem\",\"position\":3,\"name\":\"MAPA DE CATALUNYA\"}]},{\"@type\":\"WebSite\",\"@id\":\"https:\/\/igmi.esercito.difesa.it\/en\/#website\",\"url\":\"https:\/\/igmi.esercito.difesa.it\/en\/\",\"name\":\"Istituto Geografico Militare\",\"description\":\"Ente cartografico dello stato\",\"publisher\":{\"@id\":\"https:\/\/igmi.esercito.difesa.it\/en\/#organization\"},\"potentialAction\":[{\"@type\":\"SearchAction\",\"target\":{\"@type\":\"EntryPoint\",\"urlTemplate\":\"https:\/\/igmi.esercito.difesa.it\/en\/?s={search_term_string}\"},\"query-input\":{\"@type\":\"PropertyValueSpecification\",\"valueRequired\":true,\"valueName\":\"search_term_string\"}}],\"inLanguage\":\"en-US\"},{\"@type\":\"Organization\",\"@id\":\"https:\/\/igmi.esercito.difesa.it\/en\/#organization\",\"name\":\"Istituto Geografico Militare\",\"url\":\"https:\/\/igmi.esercito.difesa.it\/en\/\",\"logo\":{\"@type\":\"ImageObject\",\"inLanguage\":\"en-US\",\"@id\":\"https:\/\/igmi.esercito.difesa.it\/en\/#\/schema\/logo\/image\/\",\"url\":\"https:\/\/igmi.esercito.difesa.it\/wp-content\/uploads\/2025\/04\/Logo-igm.webp\",\"contentUrl\":\"https:\/\/igmi.esercito.difesa.it\/wp-content\/uploads\/2025\/04\/Logo-igm.webp\",\"width\":1320,\"height\":1696,\"caption\":\"Istituto Geografico Militare\"},\"image\":{\"@id\":\"https:\/\/igmi.esercito.difesa.it\/en\/#\/schema\/logo\/image\/\"}}]}<\/script>\n<!-- \/ Yoast SEO plugin. -->","yoast_head_json":{"title":"MAPA DE CATALUNYA - Istituto Geografico Militare","robots":{"index":"index","follow":"follow","max-snippet":"max-snippet:-1","max-image-preview":"max-image-preview:large","max-video-preview":"max-video-preview:-1"},"canonical":"https:\/\/igmi.esercito.difesa.it\/en\/prodotto\/382127\/","og_locale":"en_US","og_type":"article","og_title":"MAPA DE CATALUNYA - Istituto Geografico Militare","og_description":"Barcellona &#8211; Mancomunitat de Catalunya. La carta composta di 43 fogli \u00e8 in corso di pubblicazione. La sua compilazione fu decisa dal Governo semi-autonomo di Catalogna, data la grande deficenza di materiale cartografico nei confronti con la necessit\u00e0 del paese. Il primo foglio pubblicato \u00e8 stato il num.34 (Villafranca del Pened\u00e8s) che ha servito come [&hellip;]","og_url":"https:\/\/igmi.esercito.difesa.it\/en\/prodotto\/382127\/","og_site_name":"Istituto Geografico Militare","article_modified_time":"2026-04-21T09:42:55+00:00","og_image":[{"width":1000,"height":778,"url":"https:\/\/igmi.esercito.difesa.it\/wp-content\/uploads\/B0015327.jpg","type":"image\/jpeg"}],"twitter_card":"summary_large_image","twitter_misc":{"Est. reading time":"1 minute"},"schema":{"@context":"https:\/\/schema.org","@graph":[{"@type":"WebPage","@id":"https:\/\/igmi.esercito.difesa.it\/en\/prodotto\/382127\/","url":"https:\/\/igmi.esercito.difesa.it\/en\/prodotto\/382127\/","name":"MAPA DE CATALUNYA - Istituto Geografico Militare","isPartOf":{"@id":"https:\/\/igmi.esercito.difesa.it\/en\/#website"},"primaryImageOfPage":{"@id":"https:\/\/igmi.esercito.difesa.it\/en\/prodotto\/382127\/#primaryimage"},"image":{"@id":"https:\/\/igmi.esercito.difesa.it\/en\/prodotto\/382127\/#primaryimage"},"thumbnailUrl":"https:\/\/igmi.esercito.difesa.it\/wp-content\/uploads\/B0015327.jpg","datePublished":"2025-06-26T02:26:27+00:00","dateModified":"2026-04-21T09:42:55+00:00","breadcrumb":{"@id":"https:\/\/igmi.esercito.difesa.it\/en\/prodotto\/382127\/#breadcrumb"},"inLanguage":"en-US","potentialAction":[{"@type":"ReadAction","target":["https:\/\/igmi.esercito.difesa.it\/en\/prodotto\/382127\/"]}]},{"@type":"ImageObject","inLanguage":"en-US","@id":"https:\/\/igmi.esercito.difesa.it\/en\/prodotto\/382127\/#primaryimage","url":"https:\/\/igmi.esercito.difesa.it\/wp-content\/uploads\/B0015327.jpg","contentUrl":"https:\/\/igmi.esercito.difesa.it\/wp-content\/uploads\/B0015327.jpg","width":1000,"height":778},{"@type":"BreadcrumbList","@id":"https:\/\/igmi.esercito.difesa.it\/en\/prodotto\/382127\/#breadcrumb","itemListElement":[{"@type":"ListItem","position":1,"name":"Home","item":"https:\/\/igmi.esercito.difesa.it\/en\/"},{"@type":"ListItem","position":2,"name":"Products","item":"https:\/\/igmi.esercito.difesa.it\/en\/shop\/"},{"@type":"ListItem","position":3,"name":"MAPA DE CATALUNYA"}]},{"@type":"WebSite","@id":"https:\/\/igmi.esercito.difesa.it\/en\/#website","url":"https:\/\/igmi.esercito.difesa.it\/en\/","name":"Istituto Geografico Militare","description":"Ente cartografico dello stato","publisher":{"@id":"https:\/\/igmi.esercito.difesa.it\/en\/#organization"},"potentialAction":[{"@type":"SearchAction","target":{"@type":"EntryPoint","urlTemplate":"https:\/\/igmi.esercito.difesa.it\/en\/?s={search_term_string}"},"query-input":{"@type":"PropertyValueSpecification","valueRequired":true,"valueName":"search_term_string"}}],"inLanguage":"en-US"},{"@type":"Organization","@id":"https:\/\/igmi.esercito.difesa.it\/en\/#organization","name":"Istituto Geografico Militare","url":"https:\/\/igmi.esercito.difesa.it\/en\/","logo":{"@type":"ImageObject","inLanguage":"en-US","@id":"https:\/\/igmi.esercito.difesa.it\/en\/#\/schema\/logo\/image\/","url":"https:\/\/igmi.esercito.difesa.it\/wp-content\/uploads\/2025\/04\/Logo-igm.webp","contentUrl":"https:\/\/igmi.esercito.difesa.it\/wp-content\/uploads\/2025\/04\/Logo-igm.webp","width":1320,"height":1696,"caption":"Istituto Geografico Militare"},"image":{"@id":"https:\/\/igmi.esercito.difesa.it\/en\/#\/schema\/logo\/image\/"}}]}},"_links":{"self":[{"href":"https:\/\/igmi.esercito.difesa.it\/en\/wp-json\/wp\/v2\/product\/336428","targetHints":{"allow":["GET"]}}],"collection":[{"href":"https:\/\/igmi.esercito.difesa.it\/en\/wp-json\/wp\/v2\/product"}],"about":[{"href":"https:\/\/igmi.esercito.difesa.it\/en\/wp-json\/wp\/v2\/types\/product"}],"wp:featuredmedia":[{"embeddable":true,"href":"https:\/\/igmi.esercito.difesa.it\/en\/wp-json\/wp\/v2\/media\/648319"}],"wp:attachment":[{"href":"https:\/\/igmi.esercito.difesa.it\/en\/wp-json\/wp\/v2\/media?parent=336428"}],"wp:term":[{"taxonomy":"product_brand","embeddable":true,"href":"https:\/\/igmi.esercito.difesa.it\/en\/wp-json\/wp\/v2\/product_brand?post=336428"},{"taxonomy":"product_cat","embeddable":true,"href":"https:\/\/igmi.esercito.difesa.it\/en\/wp-json\/wp\/v2\/product_cat?post=336428"},{"taxonomy":"product_tag","embeddable":true,"href":"https:\/\/igmi.esercito.difesa.it\/en\/wp-json\/wp\/v2\/product_tag?post=336428"}],"curies":[{"name":"wp","href":"https:\/\/api.w.org\/{rel}","templated":true}]}}