{"id":341971,"date":"2025-06-26T10:23:41","date_gmt":"2025-06-26T08:23:41","guid":{"rendered":"https:\/\/igmi.esercito.difesa.it\/prodotto\/383929\/"},"modified":"2026-04-08T19:33:56","modified_gmt":"2026-04-08T17:33:56","slug":"383929","status":"publish","type":"product","link":"https:\/\/igmi.esercito.difesa.it\/en\/prodotto\/383929\/","title":{"rendered":"CARTA TOPOGRAFICA DA CIDADE DE LISBOA"},"content":{"rendered":"<p>Direc\u00e7ao Geral dos Trabalhos do Reino, 1871.<br \/>\nIl campo disegnato per\u00f2 non occupa che poco pi\u00f9 della met\u00e0 superiore del foglio. Rappresenta una pianta della citt\u00e0 di Lisbona. Il rilievo di detta carta fu iniziato nel 1856 alla scala 1:1.000 sotto la direzione del Gen. F. Folque. E&#8217; stampata in color nero. Nella parte inferiore del foglio sono elencati i nomi degli edifici, delle vie e piazze della citt\u00e0.<\/p>\n","protected":false},"excerpt":{"rendered":"<p>Direc\u00e7ao Geral dos Trabalhos do Reino, 1871. Il campo disegnato per\u00f2 non occupa che poco pi\u00f9 della met\u00e0 superiore del foglio. Rappresenta una pianta della citt\u00e0 di Lisbona. Il rilievo di detta carta fu iniziato nel 1856 alla scala 1:1.000 sotto la direzione del Gen. F. Folque. E&#8217; stampata in color nero. Nella parte inferiore [&hellip;]<\/p>\n","protected":false},"featured_media":0,"template":"","meta":{"_acf_changed":false},"product_brand":[],"product_cat":[191,447],"product_tag":[334],"class_list":{"0":"post-341971","1":"product","2":"type-product","3":"status-publish","5":"product_cat-carte-antiche","6":"product_cat-tecnica_risoluzione_carta_antica","7":"product_tag-carta-antica","9":"first","10":"instock","11":"downloadable","12":"virtual","13":"sold-individually","14":"taxable","15":"purchasable","16":"product-type-simple"},"acf":[],"yoast_head":"<!-- This site is optimized with the Yoast SEO plugin v26.4 - https:\/\/yoast.com\/wordpress\/plugins\/seo\/ -->\n<title>CARTA TOPOGRAFICA DA CIDADE DE LISBOA - Istituto Geografico Militare<\/title>\n<meta name=\"robots\" content=\"index, follow, max-snippet:-1, max-image-preview:large, max-video-preview:-1\" \/>\n<link rel=\"canonical\" href=\"https:\/\/igmi.esercito.difesa.it\/en\/prodotto\/383929\/\" \/>\n<meta property=\"og:locale\" content=\"en_US\" \/>\n<meta property=\"og:type\" content=\"article\" \/>\n<meta property=\"og:title\" content=\"CARTA TOPOGRAFICA DA CIDADE DE LISBOA - Istituto Geografico Militare\" \/>\n<meta property=\"og:description\" content=\"Direc\u00e7ao Geral dos Trabalhos do Reino, 1871. Il campo disegnato per\u00f2 non occupa che poco pi\u00f9 della met\u00e0 superiore del foglio. Rappresenta una pianta della citt\u00e0 di Lisbona. Il rilievo di detta carta fu iniziato nel 1856 alla scala 1:1.000 sotto la direzione del Gen. F. Folque. E&#8217; stampata in color nero. Nella parte inferiore [&hellip;]\" \/>\n<meta property=\"og:url\" content=\"https:\/\/igmi.esercito.difesa.it\/en\/prodotto\/383929\/\" \/>\n<meta property=\"og:site_name\" content=\"Istituto Geografico Militare\" \/>\n<meta property=\"article:modified_time\" content=\"2026-04-08T17:33:56+00:00\" \/>\n<meta name=\"twitter:card\" content=\"summary_large_image\" \/>\n<script type=\"application\/ld+json\" class=\"yoast-schema-graph\">{\"@context\":\"https:\/\/schema.org\",\"@graph\":[{\"@type\":\"WebPage\",\"@id\":\"https:\/\/igmi.esercito.difesa.it\/en\/prodotto\/383929\/\",\"url\":\"https:\/\/igmi.esercito.difesa.it\/en\/prodotto\/383929\/\",\"name\":\"CARTA TOPOGRAFICA DA CIDADE DE LISBOA - Istituto Geografico Militare\",\"isPartOf\":{\"@id\":\"https:\/\/igmi.esercito.difesa.it\/en\/#website\"},\"datePublished\":\"2025-06-26T08:23:41+00:00\",\"dateModified\":\"2026-04-08T17:33:56+00:00\",\"breadcrumb\":{\"@id\":\"https:\/\/igmi.esercito.difesa.it\/en\/prodotto\/383929\/#breadcrumb\"},\"inLanguage\":\"en-US\",\"potentialAction\":[{\"@type\":\"ReadAction\",\"target\":[\"https:\/\/igmi.esercito.difesa.it\/en\/prodotto\/383929\/\"]}]},{\"@type\":\"BreadcrumbList\",\"@id\":\"https:\/\/igmi.esercito.difesa.it\/en\/prodotto\/383929\/#breadcrumb\",\"itemListElement\":[{\"@type\":\"ListItem\",\"position\":1,\"name\":\"Home\",\"item\":\"https:\/\/igmi.esercito.difesa.it\/en\/\"},{\"@type\":\"ListItem\",\"position\":2,\"name\":\"Products\",\"item\":\"https:\/\/igmi.esercito.difesa.it\/en\/shop\/\"},{\"@type\":\"ListItem\",\"position\":3,\"name\":\"CARTA TOPOGRAFICA DA CIDADE DE LISBOA\"}]},{\"@type\":\"WebSite\",\"@id\":\"https:\/\/igmi.esercito.difesa.it\/en\/#website\",\"url\":\"https:\/\/igmi.esercito.difesa.it\/en\/\",\"name\":\"Istituto Geografico Militare\",\"description\":\"Ente cartografico dello stato\",\"publisher\":{\"@id\":\"https:\/\/igmi.esercito.difesa.it\/en\/#organization\"},\"potentialAction\":[{\"@type\":\"SearchAction\",\"target\":{\"@type\":\"EntryPoint\",\"urlTemplate\":\"https:\/\/igmi.esercito.difesa.it\/en\/?s={search_term_string}\"},\"query-input\":{\"@type\":\"PropertyValueSpecification\",\"valueRequired\":true,\"valueName\":\"search_term_string\"}}],\"inLanguage\":\"en-US\"},{\"@type\":\"Organization\",\"@id\":\"https:\/\/igmi.esercito.difesa.it\/en\/#organization\",\"name\":\"Istituto Geografico Militare\",\"url\":\"https:\/\/igmi.esercito.difesa.it\/en\/\",\"logo\":{\"@type\":\"ImageObject\",\"inLanguage\":\"en-US\",\"@id\":\"https:\/\/igmi.esercito.difesa.it\/en\/#\/schema\/logo\/image\/\",\"url\":\"https:\/\/igmi.esercito.difesa.it\/wp-content\/uploads\/2025\/04\/Logo-igm.webp\",\"contentUrl\":\"https:\/\/igmi.esercito.difesa.it\/wp-content\/uploads\/2025\/04\/Logo-igm.webp\",\"width\":1320,\"height\":1696,\"caption\":\"Istituto Geografico Militare\"},\"image\":{\"@id\":\"https:\/\/igmi.esercito.difesa.it\/en\/#\/schema\/logo\/image\/\"}}]}<\/script>\n<!-- \/ Yoast SEO plugin. -->","yoast_head_json":{"title":"CARTA TOPOGRAFICA DA CIDADE DE LISBOA - Istituto Geografico Militare","robots":{"index":"index","follow":"follow","max-snippet":"max-snippet:-1","max-image-preview":"max-image-preview:large","max-video-preview":"max-video-preview:-1"},"canonical":"https:\/\/igmi.esercito.difesa.it\/en\/prodotto\/383929\/","og_locale":"en_US","og_type":"article","og_title":"CARTA TOPOGRAFICA DA CIDADE DE LISBOA - Istituto Geografico Militare","og_description":"Direc\u00e7ao Geral dos Trabalhos do Reino, 1871. Il campo disegnato per\u00f2 non occupa che poco pi\u00f9 della met\u00e0 superiore del foglio. Rappresenta una pianta della citt\u00e0 di Lisbona. Il rilievo di detta carta fu iniziato nel 1856 alla scala 1:1.000 sotto la direzione del Gen. F. Folque. E&#8217; stampata in color nero. Nella parte inferiore [&hellip;]","og_url":"https:\/\/igmi.esercito.difesa.it\/en\/prodotto\/383929\/","og_site_name":"Istituto Geografico Militare","article_modified_time":"2026-04-08T17:33:56+00:00","twitter_card":"summary_large_image","schema":{"@context":"https:\/\/schema.org","@graph":[{"@type":"WebPage","@id":"https:\/\/igmi.esercito.difesa.it\/en\/prodotto\/383929\/","url":"https:\/\/igmi.esercito.difesa.it\/en\/prodotto\/383929\/","name":"CARTA TOPOGRAFICA DA CIDADE DE LISBOA - Istituto Geografico Militare","isPartOf":{"@id":"https:\/\/igmi.esercito.difesa.it\/en\/#website"},"datePublished":"2025-06-26T08:23:41+00:00","dateModified":"2026-04-08T17:33:56+00:00","breadcrumb":{"@id":"https:\/\/igmi.esercito.difesa.it\/en\/prodotto\/383929\/#breadcrumb"},"inLanguage":"en-US","potentialAction":[{"@type":"ReadAction","target":["https:\/\/igmi.esercito.difesa.it\/en\/prodotto\/383929\/"]}]},{"@type":"BreadcrumbList","@id":"https:\/\/igmi.esercito.difesa.it\/en\/prodotto\/383929\/#breadcrumb","itemListElement":[{"@type":"ListItem","position":1,"name":"Home","item":"https:\/\/igmi.esercito.difesa.it\/en\/"},{"@type":"ListItem","position":2,"name":"Products","item":"https:\/\/igmi.esercito.difesa.it\/en\/shop\/"},{"@type":"ListItem","position":3,"name":"CARTA TOPOGRAFICA DA CIDADE DE LISBOA"}]},{"@type":"WebSite","@id":"https:\/\/igmi.esercito.difesa.it\/en\/#website","url":"https:\/\/igmi.esercito.difesa.it\/en\/","name":"Istituto Geografico Militare","description":"Ente cartografico dello stato","publisher":{"@id":"https:\/\/igmi.esercito.difesa.it\/en\/#organization"},"potentialAction":[{"@type":"SearchAction","target":{"@type":"EntryPoint","urlTemplate":"https:\/\/igmi.esercito.difesa.it\/en\/?s={search_term_string}"},"query-input":{"@type":"PropertyValueSpecification","valueRequired":true,"valueName":"search_term_string"}}],"inLanguage":"en-US"},{"@type":"Organization","@id":"https:\/\/igmi.esercito.difesa.it\/en\/#organization","name":"Istituto Geografico Militare","url":"https:\/\/igmi.esercito.difesa.it\/en\/","logo":{"@type":"ImageObject","inLanguage":"en-US","@id":"https:\/\/igmi.esercito.difesa.it\/en\/#\/schema\/logo\/image\/","url":"https:\/\/igmi.esercito.difesa.it\/wp-content\/uploads\/2025\/04\/Logo-igm.webp","contentUrl":"https:\/\/igmi.esercito.difesa.it\/wp-content\/uploads\/2025\/04\/Logo-igm.webp","width":1320,"height":1696,"caption":"Istituto Geografico Militare"},"image":{"@id":"https:\/\/igmi.esercito.difesa.it\/en\/#\/schema\/logo\/image\/"}}]}},"_links":{"self":[{"href":"https:\/\/igmi.esercito.difesa.it\/en\/wp-json\/wp\/v2\/product\/341971","targetHints":{"allow":["GET"]}}],"collection":[{"href":"https:\/\/igmi.esercito.difesa.it\/en\/wp-json\/wp\/v2\/product"}],"about":[{"href":"https:\/\/igmi.esercito.difesa.it\/en\/wp-json\/wp\/v2\/types\/product"}],"wp:attachment":[{"href":"https:\/\/igmi.esercito.difesa.it\/en\/wp-json\/wp\/v2\/media?parent=341971"}],"wp:term":[{"taxonomy":"product_brand","embeddable":true,"href":"https:\/\/igmi.esercito.difesa.it\/en\/wp-json\/wp\/v2\/product_brand?post=341971"},{"taxonomy":"product_cat","embeddable":true,"href":"https:\/\/igmi.esercito.difesa.it\/en\/wp-json\/wp\/v2\/product_cat?post=341971"},{"taxonomy":"product_tag","embeddable":true,"href":"https:\/\/igmi.esercito.difesa.it\/en\/wp-json\/wp\/v2\/product_tag?post=341971"}],"curies":[{"name":"wp","href":"https:\/\/api.w.org\/{rel}","templated":true}]}}