{"id":342094,"date":"2025-06-26T10:32:58","date_gmt":"2025-06-26T08:32:58","guid":{"rendered":"https:\/\/igmi.esercito.difesa.it\/prodotto\/383973\/"},"modified":"2026-04-08T19:43:35","modified_gmt":"2026-04-08T17:43:35","slug":"383973","status":"publish","type":"product","link":"https:\/\/igmi.esercito.difesa.it\/en\/prodotto\/383973\/","title":{"rendered":"RIDUZIONE AL 1:400.000 DELLA CARTA DELL&#8217;INGHIRAMI."},"content":{"rendered":"<p>Questa carta nella proporzione al vero di 1:400 mila \u00e8 una riduzione di quella che l&#8217;Egregio Astronomo G. Inghirami delle Scuole Pie ha recentemente pubblicata col titolo di CARTA GEOMETRICA DELLA TOSCANA.<br \/>\nLa riduzione \u00e8 stata eseguita con eccellente Pantografo, sotto gli occhi e sull&#8217;originale inedito dell&#8217;autore e con l&#8217;appoggio di quasi tutti i di lui punti trigonometrici, che si \u00e8 avuto cura di collocare con diligenza al rispettivo loro luogo prima di dar mano al lavoro. La carta prelodato G. Inghirami \u00e8 nella proporzione di 1:200 mila ed \u00e8 stata costruita sopra una rete di 2505 triangoli  di primo ordine; attestati a 767 punti trigonometrici. Le posizioni Geografiche sono dipendenti da quelle dell&#8217;osservatorio delle Scuole Pie di Firenze, a cui le pi\u00f9 recenti osservazioni danno 43\u00b046&#8217;41&#8221; Lat. Boreale e 8\u00b0 45&#8217;0&#8243; Long. ceduta dalla Reale Specola di Parigi. L&#8217;orientamento \u00e8 stato determinato con molte osservazioni D&#8217;Azimuth sui punti trigonometrici visibili dal predetto osservatorio. La proiezione \u00e8 quella Bonne; il meridiano medio cade sugli 8\u00b059&#8217;50&#8221;, e il parallelo medio sui 43\u00b00&#8217;0&#8243;.<br \/>\nIl valore di popolazione \u00e8 assegnato a ciascun localit\u00e0 dietro le risultanze di autentici docummenti. I Capiluogo di Comunit\u00e0 sono distinti con caratteristiche particolari: quelli suburbani alle citt\u00e0 di Siena, Pistoia cadono per la prima sulle localit\u00e0 di Monistero Valli e per la seconda sulle altre di Saternana, Val di Bure, Piavica e San Pantaleo. Le stazioni postali sono quelle in attuale attivit\u00e0. Le dogane di frontiera sono considerate di 1\u00b0 classe quelle con doganiere e di seconda quelle con solo guardie di Finanza, in seguito di precise indicazioni. La linea dei posti armati lungo il litorale ed Isole \u00e8 stabilita dietro delle accurate osservazioni; di prima classe sono i posti che difendano un Porto di seconda quelli che proteggano uno Scalo di terza quelli che osservano le spiagge. I Luoghi di Fusione ed altre lavorazioni di Ferro e Rame sono fissati dopo esatte ricerche. Le Localit\u00e0, e le classificazioni di Bagni ed acque come pure della maggior parte dei Minerali sono contrassegnate colle indicazioni del Prof. G. Giulj. Le strade sono tracciate nella qualit\u00e0 colle modifiche pi\u00f9 recenti originalmente verificate.<\/p>\n","protected":false},"excerpt":{"rendered":"<p>Questa carta nella proporzione al vero di 1:400 mila \u00e8 una riduzione di quella che l&#8217;Egregio Astronomo G. Inghirami delle Scuole Pie ha recentemente pubblicata col titolo di CARTA GEOMETRICA DELLA TOSCANA. La riduzione \u00e8 stata eseguita con eccellente Pantografo, sotto gli occhi e sull&#8217;originale inedito dell&#8217;autore e con l&#8217;appoggio di quasi tutti i di [&hellip;]<\/p>\n","protected":false},"featured_media":462891,"template":"","meta":{"_acf_changed":false},"product_brand":[],"product_cat":[191,447],"product_tag":[334],"class_list":{"0":"post-342094","1":"product","2":"type-product","3":"status-publish","4":"has-post-thumbnail","6":"product_cat-carte-antiche","7":"product_cat-tecnica_risoluzione_carta_antica","8":"product_tag-carta-antica","10":"first","11":"instock","12":"downloadable","13":"virtual","14":"sold-individually","15":"taxable","16":"purchasable","17":"product-type-simple"},"acf":[],"yoast_head":"<!-- This site is optimized with the Yoast SEO plugin v26.4 - https:\/\/yoast.com\/wordpress\/plugins\/seo\/ -->\n<title>RIDUZIONE AL 1:400.000 DELLA CARTA DELL&#039;INGHIRAMI. - Istituto Geografico Militare<\/title>\n<meta name=\"robots\" content=\"index, follow, max-snippet:-1, max-image-preview:large, max-video-preview:-1\" \/>\n<link rel=\"canonical\" href=\"https:\/\/igmi.esercito.difesa.it\/en\/prodotto\/383973\/\" \/>\n<meta property=\"og:locale\" content=\"en_US\" \/>\n<meta property=\"og:type\" content=\"article\" \/>\n<meta property=\"og:title\" content=\"RIDUZIONE AL 1:400.000 DELLA CARTA DELL&#039;INGHIRAMI. - Istituto Geografico Militare\" \/>\n<meta property=\"og:description\" content=\"Questa carta nella proporzione al vero di 1:400 mila \u00e8 una riduzione di quella che l&#8217;Egregio Astronomo G. Inghirami delle Scuole Pie ha recentemente pubblicata col titolo di CARTA GEOMETRICA DELLA TOSCANA. La riduzione \u00e8 stata eseguita con eccellente Pantografo, sotto gli occhi e sull&#8217;originale inedito dell&#8217;autore e con l&#8217;appoggio di quasi tutti i di [&hellip;]\" \/>\n<meta property=\"og:url\" content=\"https:\/\/igmi.esercito.difesa.it\/en\/prodotto\/383973\/\" \/>\n<meta property=\"og:site_name\" content=\"Istituto Geografico Militare\" \/>\n<meta property=\"article:modified_time\" content=\"2026-04-08T17:43:35+00:00\" \/>\n<meta property=\"og:image\" content=\"https:\/\/igmi.esercito.difesa.it\/wp-content\/uploads\/B0014091.jpg\" \/>\n\t<meta property=\"og:image:width\" content=\"1000\" \/>\n\t<meta property=\"og:image:height\" content=\"1254\" \/>\n\t<meta property=\"og:image:type\" content=\"image\/jpeg\" \/>\n<meta name=\"twitter:card\" content=\"summary_large_image\" \/>\n<meta name=\"twitter:label1\" content=\"Est. reading time\" \/>\n\t<meta name=\"twitter:data1\" content=\"2 minutes\" \/>\n<script type=\"application\/ld+json\" class=\"yoast-schema-graph\">{\"@context\":\"https:\/\/schema.org\",\"@graph\":[{\"@type\":\"WebPage\",\"@id\":\"https:\/\/igmi.esercito.difesa.it\/en\/prodotto\/383973\/\",\"url\":\"https:\/\/igmi.esercito.difesa.it\/en\/prodotto\/383973\/\",\"name\":\"RIDUZIONE AL 1:400.000 DELLA CARTA DELL'INGHIRAMI. - Istituto Geografico Militare\",\"isPartOf\":{\"@id\":\"https:\/\/igmi.esercito.difesa.it\/en\/#website\"},\"primaryImageOfPage\":{\"@id\":\"https:\/\/igmi.esercito.difesa.it\/en\/prodotto\/383973\/#primaryimage\"},\"image\":{\"@id\":\"https:\/\/igmi.esercito.difesa.it\/en\/prodotto\/383973\/#primaryimage\"},\"thumbnailUrl\":\"https:\/\/igmi.esercito.difesa.it\/wp-content\/uploads\/B0014091.jpg\",\"datePublished\":\"2025-06-26T08:32:58+00:00\",\"dateModified\":\"2026-04-08T17:43:35+00:00\",\"breadcrumb\":{\"@id\":\"https:\/\/igmi.esercito.difesa.it\/en\/prodotto\/383973\/#breadcrumb\"},\"inLanguage\":\"en-US\",\"potentialAction\":[{\"@type\":\"ReadAction\",\"target\":[\"https:\/\/igmi.esercito.difesa.it\/en\/prodotto\/383973\/\"]}]},{\"@type\":\"ImageObject\",\"inLanguage\":\"en-US\",\"@id\":\"https:\/\/igmi.esercito.difesa.it\/en\/prodotto\/383973\/#primaryimage\",\"url\":\"https:\/\/igmi.esercito.difesa.it\/wp-content\/uploads\/B0014091.jpg\",\"contentUrl\":\"https:\/\/igmi.esercito.difesa.it\/wp-content\/uploads\/B0014091.jpg\",\"width\":1000,\"height\":1254},{\"@type\":\"BreadcrumbList\",\"@id\":\"https:\/\/igmi.esercito.difesa.it\/en\/prodotto\/383973\/#breadcrumb\",\"itemListElement\":[{\"@type\":\"ListItem\",\"position\":1,\"name\":\"Home\",\"item\":\"https:\/\/igmi.esercito.difesa.it\/en\/homepage\/\"},{\"@type\":\"ListItem\",\"position\":2,\"name\":\"Products\",\"item\":\"https:\/\/igmi.esercito.difesa.it\/en\/shop\/\"},{\"@type\":\"ListItem\",\"position\":3,\"name\":\"RIDUZIONE AL 1:400.000 DELLA CARTA DELL&#8217;INGHIRAMI.\"}]},{\"@type\":\"WebSite\",\"@id\":\"https:\/\/igmi.esercito.difesa.it\/en\/#website\",\"url\":\"https:\/\/igmi.esercito.difesa.it\/en\/\",\"name\":\"Istituto Geografico Militare\",\"description\":\"Ente cartografico dello stato\",\"publisher\":{\"@id\":\"https:\/\/igmi.esercito.difesa.it\/en\/#organization\"},\"potentialAction\":[{\"@type\":\"SearchAction\",\"target\":{\"@type\":\"EntryPoint\",\"urlTemplate\":\"https:\/\/igmi.esercito.difesa.it\/en\/?s={search_term_string}\"},\"query-input\":{\"@type\":\"PropertyValueSpecification\",\"valueRequired\":true,\"valueName\":\"search_term_string\"}}],\"inLanguage\":\"en-US\"},{\"@type\":\"Organization\",\"@id\":\"https:\/\/igmi.esercito.difesa.it\/en\/#organization\",\"name\":\"Istituto Geografico Militare\",\"url\":\"https:\/\/igmi.esercito.difesa.it\/en\/\",\"logo\":{\"@type\":\"ImageObject\",\"inLanguage\":\"en-US\",\"@id\":\"https:\/\/igmi.esercito.difesa.it\/en\/#\/schema\/logo\/image\/\",\"url\":\"https:\/\/igmi.esercito.difesa.it\/wp-content\/uploads\/2025\/04\/Logo-igm.webp\",\"contentUrl\":\"https:\/\/igmi.esercito.difesa.it\/wp-content\/uploads\/2025\/04\/Logo-igm.webp\",\"width\":1320,\"height\":1696,\"caption\":\"Istituto Geografico Militare\"},\"image\":{\"@id\":\"https:\/\/igmi.esercito.difesa.it\/en\/#\/schema\/logo\/image\/\"}}]}<\/script>\n<!-- \/ Yoast SEO plugin. -->","yoast_head_json":{"title":"RIDUZIONE AL 1:400.000 DELLA CARTA DELL'INGHIRAMI. - Istituto Geografico Militare","robots":{"index":"index","follow":"follow","max-snippet":"max-snippet:-1","max-image-preview":"max-image-preview:large","max-video-preview":"max-video-preview:-1"},"canonical":"https:\/\/igmi.esercito.difesa.it\/en\/prodotto\/383973\/","og_locale":"en_US","og_type":"article","og_title":"RIDUZIONE AL 1:400.000 DELLA CARTA DELL'INGHIRAMI. - Istituto Geografico Militare","og_description":"Questa carta nella proporzione al vero di 1:400 mila \u00e8 una riduzione di quella che l&#8217;Egregio Astronomo G. Inghirami delle Scuole Pie ha recentemente pubblicata col titolo di CARTA GEOMETRICA DELLA TOSCANA. La riduzione \u00e8 stata eseguita con eccellente Pantografo, sotto gli occhi e sull&#8217;originale inedito dell&#8217;autore e con l&#8217;appoggio di quasi tutti i di [&hellip;]","og_url":"https:\/\/igmi.esercito.difesa.it\/en\/prodotto\/383973\/","og_site_name":"Istituto Geografico Militare","article_modified_time":"2026-04-08T17:43:35+00:00","og_image":[{"width":1000,"height":1254,"url":"https:\/\/igmi.esercito.difesa.it\/wp-content\/uploads\/B0014091.jpg","type":"image\/jpeg"}],"twitter_card":"summary_large_image","twitter_misc":{"Est. reading time":"2 minutes"},"schema":{"@context":"https:\/\/schema.org","@graph":[{"@type":"WebPage","@id":"https:\/\/igmi.esercito.difesa.it\/en\/prodotto\/383973\/","url":"https:\/\/igmi.esercito.difesa.it\/en\/prodotto\/383973\/","name":"RIDUZIONE AL 1:400.000 DELLA CARTA DELL'INGHIRAMI. - Istituto Geografico Militare","isPartOf":{"@id":"https:\/\/igmi.esercito.difesa.it\/en\/#website"},"primaryImageOfPage":{"@id":"https:\/\/igmi.esercito.difesa.it\/en\/prodotto\/383973\/#primaryimage"},"image":{"@id":"https:\/\/igmi.esercito.difesa.it\/en\/prodotto\/383973\/#primaryimage"},"thumbnailUrl":"https:\/\/igmi.esercito.difesa.it\/wp-content\/uploads\/B0014091.jpg","datePublished":"2025-06-26T08:32:58+00:00","dateModified":"2026-04-08T17:43:35+00:00","breadcrumb":{"@id":"https:\/\/igmi.esercito.difesa.it\/en\/prodotto\/383973\/#breadcrumb"},"inLanguage":"en-US","potentialAction":[{"@type":"ReadAction","target":["https:\/\/igmi.esercito.difesa.it\/en\/prodotto\/383973\/"]}]},{"@type":"ImageObject","inLanguage":"en-US","@id":"https:\/\/igmi.esercito.difesa.it\/en\/prodotto\/383973\/#primaryimage","url":"https:\/\/igmi.esercito.difesa.it\/wp-content\/uploads\/B0014091.jpg","contentUrl":"https:\/\/igmi.esercito.difesa.it\/wp-content\/uploads\/B0014091.jpg","width":1000,"height":1254},{"@type":"BreadcrumbList","@id":"https:\/\/igmi.esercito.difesa.it\/en\/prodotto\/383973\/#breadcrumb","itemListElement":[{"@type":"ListItem","position":1,"name":"Home","item":"https:\/\/igmi.esercito.difesa.it\/en\/homepage\/"},{"@type":"ListItem","position":2,"name":"Products","item":"https:\/\/igmi.esercito.difesa.it\/en\/shop\/"},{"@type":"ListItem","position":3,"name":"RIDUZIONE AL 1:400.000 DELLA CARTA DELL&#8217;INGHIRAMI."}]},{"@type":"WebSite","@id":"https:\/\/igmi.esercito.difesa.it\/en\/#website","url":"https:\/\/igmi.esercito.difesa.it\/en\/","name":"Istituto Geografico Militare","description":"Ente cartografico dello stato","publisher":{"@id":"https:\/\/igmi.esercito.difesa.it\/en\/#organization"},"potentialAction":[{"@type":"SearchAction","target":{"@type":"EntryPoint","urlTemplate":"https:\/\/igmi.esercito.difesa.it\/en\/?s={search_term_string}"},"query-input":{"@type":"PropertyValueSpecification","valueRequired":true,"valueName":"search_term_string"}}],"inLanguage":"en-US"},{"@type":"Organization","@id":"https:\/\/igmi.esercito.difesa.it\/en\/#organization","name":"Istituto Geografico Militare","url":"https:\/\/igmi.esercito.difesa.it\/en\/","logo":{"@type":"ImageObject","inLanguage":"en-US","@id":"https:\/\/igmi.esercito.difesa.it\/en\/#\/schema\/logo\/image\/","url":"https:\/\/igmi.esercito.difesa.it\/wp-content\/uploads\/2025\/04\/Logo-igm.webp","contentUrl":"https:\/\/igmi.esercito.difesa.it\/wp-content\/uploads\/2025\/04\/Logo-igm.webp","width":1320,"height":1696,"caption":"Istituto Geografico Militare"},"image":{"@id":"https:\/\/igmi.esercito.difesa.it\/en\/#\/schema\/logo\/image\/"}}]}},"_links":{"self":[{"href":"https:\/\/igmi.esercito.difesa.it\/en\/wp-json\/wp\/v2\/product\/342094","targetHints":{"allow":["GET"]}}],"collection":[{"href":"https:\/\/igmi.esercito.difesa.it\/en\/wp-json\/wp\/v2\/product"}],"about":[{"href":"https:\/\/igmi.esercito.difesa.it\/en\/wp-json\/wp\/v2\/types\/product"}],"wp:featuredmedia":[{"embeddable":true,"href":"https:\/\/igmi.esercito.difesa.it\/en\/wp-json\/wp\/v2\/media\/462891"}],"wp:attachment":[{"href":"https:\/\/igmi.esercito.difesa.it\/en\/wp-json\/wp\/v2\/media?parent=342094"}],"wp:term":[{"taxonomy":"product_brand","embeddable":true,"href":"https:\/\/igmi.esercito.difesa.it\/en\/wp-json\/wp\/v2\/product_brand?post=342094"},{"taxonomy":"product_cat","embeddable":true,"href":"https:\/\/igmi.esercito.difesa.it\/en\/wp-json\/wp\/v2\/product_cat?post=342094"},{"taxonomy":"product_tag","embeddable":true,"href":"https:\/\/igmi.esercito.difesa.it\/en\/wp-json\/wp\/v2\/product_tag?post=342094"}],"curies":[{"name":"wp","href":"https:\/\/api.w.org\/{rel}","templated":true}]}}