{"id":343489,"date":"2025-06-26T12:13:13","date_gmt":"2025-06-26T10:13:13","guid":{"rendered":"https:\/\/igmi.esercito.difesa.it\/prodotto\/384506\/"},"modified":"2026-04-08T21:43:48","modified_gmt":"2026-04-08T19:43:48","slug":"384506","status":"publish","type":"product","link":"https:\/\/igmi.esercito.difesa.it\/en\/prodotto\/384506\/","title":{"rendered":"QUATTRO CARTE DELL&#8217;ITALIA DELL&#8217;ATLANTE DI JUDOCUS HONDIUS. STATO DELLA CHIESA DOMINIUM ECCLESIASTICUM IN ITALIA &#8211; Tavola 2"},"content":{"rendered":"<p>Tav. n. 2 &#8211; Porta stampato il n. 613 ed ha per titolo esterno in lingua tedesca, &#8220;DESCRIZIONE DELLO STATO DELLA CHIESA, OVVERO DELLE REGIONI CHE APPARTENGONO ALLO STATO PONTIFICIO&#8221;. Testo spiegativo sul frontespizio in tedesco. Nell&#8217;interno il titolo \u00e8 &#8220;STATO DELLA CHIESA &#8211; DOMINIUM ECCLESIASTICUM IN ITALIA&#8221;; in basso al centro \u00e8 la scritta &#8220;AMSTELODAMI, SUMPTIBUS HENRICI HONDIJ&#8221;.<br \/>\n Epoca 1630 circa. Le varie regioni sono distinte con colorazioni diverse.<br \/>\nL&#8217;intero Documento \u00e8 composto dalle seguenti Tavole:<br \/>\nTavola 1 &#8211; &#8220;VIRO ANTIQUA DOMO GENEROSO&#8230;THEODORICO CLUVERO&#8221;<br \/>\nTavola 2 &#8211; &#8220;STATO DELLA CHIESA &#8211; DOMINIUM ECCLESIASTICUM IN ITALIA&#8221;<br \/>\nTavola 3 &#8211; &#8220;ITALIA NUOVAMENTE PIU&#8217; PERFETTA CHE MAI&#8230;&#8221;<br \/>\nTavola 4 &#8211; &#8220;NOVA ITALIAE DELINEATIO&#8221;<br \/>\nJodoco Hondio (1563-1611). Successe negli affari dell&#8217;azienda editoriale al cognato Rumoldus Mercator e venne cos\u00ec in possesso delle celebri tavole di Gherardo Mercatore. Fu per\u00f2 egli stesso un incisore valentissimo, superiore anzi come cartografo ai suoi predecessori. Fond\u00f2 la serie degli Atlanti Hondius Mercator (iniziantesi con la seconda edizione del grande Mercatore) cui egli apport\u00f2 il tributo delle nuove conoscenze e innovazione di metodi. Il suo monumentale lavoro venne proseguito dal figlio Enrico Hondius e dal genero Joannes Jansonius e pubblicato in altre due dozzine di eizioni in pi\u00f9 lingue.<br \/>\n(E7)<\/p>\n","protected":false},"excerpt":{"rendered":"<p>Tav. n. 2 &#8211; Porta stampato il n. 613 ed ha per titolo esterno in lingua tedesca, &#8220;DESCRIZIONE DELLO STATO DELLA CHIESA, OVVERO DELLE REGIONI CHE APPARTENGONO ALLO STATO PONTIFICIO&#8221;. Testo spiegativo sul frontespizio in tedesco. Nell&#8217;interno il titolo \u00e8 &#8220;STATO DELLA CHIESA &#8211; DOMINIUM ECCLESIASTICUM IN ITALIA&#8221;; in basso al centro \u00e8 la scritta [&hellip;]<\/p>\n","protected":false},"featured_media":673974,"template":"","meta":{"_acf_changed":false},"product_brand":[],"product_cat":[191,447],"product_tag":[334],"class_list":{"0":"post-343489","1":"product","2":"type-product","3":"status-publish","4":"has-post-thumbnail","6":"product_cat-carte-antiche","7":"product_cat-tecnica_risoluzione_carta_antica","8":"product_tag-carta-antica","10":"first","11":"instock","12":"downloadable","13":"virtual","14":"sold-individually","15":"taxable","16":"purchasable","17":"product-type-simple"},"acf":[],"yoast_head":"<!-- This site is optimized with the Yoast SEO plugin v26.4 - https:\/\/yoast.com\/wordpress\/plugins\/seo\/ -->\n<title>QUATTRO CARTE DELL&#039;ITALIA DELL&#039;ATLANTE DI JUDOCUS HONDIUS. STATO DELLA CHIESA DOMINIUM ECCLESIASTICUM IN ITALIA - Tavola 2 - Istituto Geografico Militare<\/title>\n<meta name=\"robots\" content=\"index, follow, max-snippet:-1, max-image-preview:large, max-video-preview:-1\" \/>\n<link rel=\"canonical\" href=\"https:\/\/igmi.esercito.difesa.it\/en\/prodotto\/384506\/\" \/>\n<meta property=\"og:locale\" content=\"en_US\" \/>\n<meta property=\"og:type\" content=\"article\" \/>\n<meta property=\"og:title\" content=\"QUATTRO CARTE DELL&#039;ITALIA DELL&#039;ATLANTE DI JUDOCUS HONDIUS. STATO DELLA CHIESA DOMINIUM ECCLESIASTICUM IN ITALIA - Tavola 2 - Istituto Geografico Militare\" \/>\n<meta property=\"og:description\" content=\"Tav. n. 2 &#8211; Porta stampato il n. 613 ed ha per titolo esterno in lingua tedesca, &#8220;DESCRIZIONE DELLO STATO DELLA CHIESA, OVVERO DELLE REGIONI CHE APPARTENGONO ALLO STATO PONTIFICIO&#8221;. Testo spiegativo sul frontespizio in tedesco. Nell&#8217;interno il titolo \u00e8 &#8220;STATO DELLA CHIESA &#8211; DOMINIUM ECCLESIASTICUM IN ITALIA&#8221;; in basso al centro \u00e8 la scritta [&hellip;]\" \/>\n<meta property=\"og:url\" content=\"https:\/\/igmi.esercito.difesa.it\/en\/prodotto\/384506\/\" \/>\n<meta property=\"og:site_name\" content=\"Istituto Geografico Militare\" \/>\n<meta property=\"article:modified_time\" content=\"2026-04-08T19:43:48+00:00\" \/>\n<meta property=\"og:image\" content=\"https:\/\/igmi.esercito.difesa.it\/wp-content\/uploads\/B0008169.jpg\" \/>\n\t<meta property=\"og:image:width\" content=\"1000\" \/>\n\t<meta property=\"og:image:height\" content=\"732\" \/>\n\t<meta property=\"og:image:type\" content=\"image\/jpeg\" \/>\n<meta name=\"twitter:card\" content=\"summary_large_image\" \/>\n<meta name=\"twitter:label1\" content=\"Est. reading time\" \/>\n\t<meta name=\"twitter:data1\" content=\"1 minute\" \/>\n<script type=\"application\/ld+json\" class=\"yoast-schema-graph\">{\"@context\":\"https:\/\/schema.org\",\"@graph\":[{\"@type\":\"WebPage\",\"@id\":\"https:\/\/igmi.esercito.difesa.it\/en\/prodotto\/384506\/\",\"url\":\"https:\/\/igmi.esercito.difesa.it\/en\/prodotto\/384506\/\",\"name\":\"QUATTRO CARTE DELL'ITALIA DELL'ATLANTE DI JUDOCUS HONDIUS. STATO DELLA CHIESA DOMINIUM ECCLESIASTICUM IN ITALIA - Tavola 2 - Istituto Geografico Militare\",\"isPartOf\":{\"@id\":\"https:\/\/igmi.esercito.difesa.it\/en\/#website\"},\"primaryImageOfPage\":{\"@id\":\"https:\/\/igmi.esercito.difesa.it\/en\/prodotto\/384506\/#primaryimage\"},\"image\":{\"@id\":\"https:\/\/igmi.esercito.difesa.it\/en\/prodotto\/384506\/#primaryimage\"},\"thumbnailUrl\":\"https:\/\/igmi.esercito.difesa.it\/wp-content\/uploads\/B0008169.jpg\",\"datePublished\":\"2025-06-26T10:13:13+00:00\",\"dateModified\":\"2026-04-08T19:43:48+00:00\",\"breadcrumb\":{\"@id\":\"https:\/\/igmi.esercito.difesa.it\/en\/prodotto\/384506\/#breadcrumb\"},\"inLanguage\":\"en-US\",\"potentialAction\":[{\"@type\":\"ReadAction\",\"target\":[\"https:\/\/igmi.esercito.difesa.it\/en\/prodotto\/384506\/\"]}]},{\"@type\":\"ImageObject\",\"inLanguage\":\"en-US\",\"@id\":\"https:\/\/igmi.esercito.difesa.it\/en\/prodotto\/384506\/#primaryimage\",\"url\":\"https:\/\/igmi.esercito.difesa.it\/wp-content\/uploads\/B0008169.jpg\",\"contentUrl\":\"https:\/\/igmi.esercito.difesa.it\/wp-content\/uploads\/B0008169.jpg\",\"width\":1000,\"height\":732},{\"@type\":\"BreadcrumbList\",\"@id\":\"https:\/\/igmi.esercito.difesa.it\/en\/prodotto\/384506\/#breadcrumb\",\"itemListElement\":[{\"@type\":\"ListItem\",\"position\":1,\"name\":\"Home\",\"item\":\"https:\/\/igmi.esercito.difesa.it\/en\/homepage\/\"},{\"@type\":\"ListItem\",\"position\":2,\"name\":\"Products\",\"item\":\"https:\/\/igmi.esercito.difesa.it\/en\/shop\/\"},{\"@type\":\"ListItem\",\"position\":3,\"name\":\"QUATTRO CARTE DELL&#8217;ITALIA DELL&#8217;ATLANTE DI JUDOCUS HONDIUS. STATO DELLA CHIESA DOMINIUM ECCLESIASTICUM IN ITALIA &#8211; Tavola 2\"}]},{\"@type\":\"WebSite\",\"@id\":\"https:\/\/igmi.esercito.difesa.it\/en\/#website\",\"url\":\"https:\/\/igmi.esercito.difesa.it\/en\/\",\"name\":\"Istituto Geografico Militare\",\"description\":\"Ente cartografico dello stato\",\"publisher\":{\"@id\":\"https:\/\/igmi.esercito.difesa.it\/en\/#organization\"},\"potentialAction\":[{\"@type\":\"SearchAction\",\"target\":{\"@type\":\"EntryPoint\",\"urlTemplate\":\"https:\/\/igmi.esercito.difesa.it\/en\/?s={search_term_string}\"},\"query-input\":{\"@type\":\"PropertyValueSpecification\",\"valueRequired\":true,\"valueName\":\"search_term_string\"}}],\"inLanguage\":\"en-US\"},{\"@type\":\"Organization\",\"@id\":\"https:\/\/igmi.esercito.difesa.it\/en\/#organization\",\"name\":\"Istituto Geografico Militare\",\"url\":\"https:\/\/igmi.esercito.difesa.it\/en\/\",\"logo\":{\"@type\":\"ImageObject\",\"inLanguage\":\"en-US\",\"@id\":\"https:\/\/igmi.esercito.difesa.it\/en\/#\/schema\/logo\/image\/\",\"url\":\"https:\/\/igmi.esercito.difesa.it\/wp-content\/uploads\/2025\/04\/Logo-igm.webp\",\"contentUrl\":\"https:\/\/igmi.esercito.difesa.it\/wp-content\/uploads\/2025\/04\/Logo-igm.webp\",\"width\":1320,\"height\":1696,\"caption\":\"Istituto Geografico Militare\"},\"image\":{\"@id\":\"https:\/\/igmi.esercito.difesa.it\/en\/#\/schema\/logo\/image\/\"}}]}<\/script>\n<!-- \/ Yoast SEO plugin. -->","yoast_head_json":{"title":"QUATTRO CARTE DELL'ITALIA DELL'ATLANTE DI JUDOCUS HONDIUS. STATO DELLA CHIESA DOMINIUM ECCLESIASTICUM IN ITALIA - Tavola 2 - Istituto Geografico Militare","robots":{"index":"index","follow":"follow","max-snippet":"max-snippet:-1","max-image-preview":"max-image-preview:large","max-video-preview":"max-video-preview:-1"},"canonical":"https:\/\/igmi.esercito.difesa.it\/en\/prodotto\/384506\/","og_locale":"en_US","og_type":"article","og_title":"QUATTRO CARTE DELL'ITALIA DELL'ATLANTE DI JUDOCUS HONDIUS. STATO DELLA CHIESA DOMINIUM ECCLESIASTICUM IN ITALIA - Tavola 2 - Istituto Geografico Militare","og_description":"Tav. n. 2 &#8211; Porta stampato il n. 613 ed ha per titolo esterno in lingua tedesca, &#8220;DESCRIZIONE DELLO STATO DELLA CHIESA, OVVERO DELLE REGIONI CHE APPARTENGONO ALLO STATO PONTIFICIO&#8221;. Testo spiegativo sul frontespizio in tedesco. Nell&#8217;interno il titolo \u00e8 &#8220;STATO DELLA CHIESA &#8211; DOMINIUM ECCLESIASTICUM IN ITALIA&#8221;; in basso al centro \u00e8 la scritta [&hellip;]","og_url":"https:\/\/igmi.esercito.difesa.it\/en\/prodotto\/384506\/","og_site_name":"Istituto Geografico Militare","article_modified_time":"2026-04-08T19:43:48+00:00","og_image":[{"width":1000,"height":732,"url":"https:\/\/igmi.esercito.difesa.it\/wp-content\/uploads\/B0008169.jpg","type":"image\/jpeg"}],"twitter_card":"summary_large_image","twitter_misc":{"Est. reading time":"1 minute"},"schema":{"@context":"https:\/\/schema.org","@graph":[{"@type":"WebPage","@id":"https:\/\/igmi.esercito.difesa.it\/en\/prodotto\/384506\/","url":"https:\/\/igmi.esercito.difesa.it\/en\/prodotto\/384506\/","name":"QUATTRO CARTE DELL'ITALIA DELL'ATLANTE DI JUDOCUS HONDIUS. STATO DELLA CHIESA DOMINIUM ECCLESIASTICUM IN ITALIA - Tavola 2 - Istituto Geografico Militare","isPartOf":{"@id":"https:\/\/igmi.esercito.difesa.it\/en\/#website"},"primaryImageOfPage":{"@id":"https:\/\/igmi.esercito.difesa.it\/en\/prodotto\/384506\/#primaryimage"},"image":{"@id":"https:\/\/igmi.esercito.difesa.it\/en\/prodotto\/384506\/#primaryimage"},"thumbnailUrl":"https:\/\/igmi.esercito.difesa.it\/wp-content\/uploads\/B0008169.jpg","datePublished":"2025-06-26T10:13:13+00:00","dateModified":"2026-04-08T19:43:48+00:00","breadcrumb":{"@id":"https:\/\/igmi.esercito.difesa.it\/en\/prodotto\/384506\/#breadcrumb"},"inLanguage":"en-US","potentialAction":[{"@type":"ReadAction","target":["https:\/\/igmi.esercito.difesa.it\/en\/prodotto\/384506\/"]}]},{"@type":"ImageObject","inLanguage":"en-US","@id":"https:\/\/igmi.esercito.difesa.it\/en\/prodotto\/384506\/#primaryimage","url":"https:\/\/igmi.esercito.difesa.it\/wp-content\/uploads\/B0008169.jpg","contentUrl":"https:\/\/igmi.esercito.difesa.it\/wp-content\/uploads\/B0008169.jpg","width":1000,"height":732},{"@type":"BreadcrumbList","@id":"https:\/\/igmi.esercito.difesa.it\/en\/prodotto\/384506\/#breadcrumb","itemListElement":[{"@type":"ListItem","position":1,"name":"Home","item":"https:\/\/igmi.esercito.difesa.it\/en\/homepage\/"},{"@type":"ListItem","position":2,"name":"Products","item":"https:\/\/igmi.esercito.difesa.it\/en\/shop\/"},{"@type":"ListItem","position":3,"name":"QUATTRO CARTE DELL&#8217;ITALIA DELL&#8217;ATLANTE DI JUDOCUS HONDIUS. STATO DELLA CHIESA DOMINIUM ECCLESIASTICUM IN ITALIA &#8211; Tavola 2"}]},{"@type":"WebSite","@id":"https:\/\/igmi.esercito.difesa.it\/en\/#website","url":"https:\/\/igmi.esercito.difesa.it\/en\/","name":"Istituto Geografico Militare","description":"Ente cartografico dello stato","publisher":{"@id":"https:\/\/igmi.esercito.difesa.it\/en\/#organization"},"potentialAction":[{"@type":"SearchAction","target":{"@type":"EntryPoint","urlTemplate":"https:\/\/igmi.esercito.difesa.it\/en\/?s={search_term_string}"},"query-input":{"@type":"PropertyValueSpecification","valueRequired":true,"valueName":"search_term_string"}}],"inLanguage":"en-US"},{"@type":"Organization","@id":"https:\/\/igmi.esercito.difesa.it\/en\/#organization","name":"Istituto Geografico Militare","url":"https:\/\/igmi.esercito.difesa.it\/en\/","logo":{"@type":"ImageObject","inLanguage":"en-US","@id":"https:\/\/igmi.esercito.difesa.it\/en\/#\/schema\/logo\/image\/","url":"https:\/\/igmi.esercito.difesa.it\/wp-content\/uploads\/2025\/04\/Logo-igm.webp","contentUrl":"https:\/\/igmi.esercito.difesa.it\/wp-content\/uploads\/2025\/04\/Logo-igm.webp","width":1320,"height":1696,"caption":"Istituto Geografico Militare"},"image":{"@id":"https:\/\/igmi.esercito.difesa.it\/en\/#\/schema\/logo\/image\/"}}]}},"_links":{"self":[{"href":"https:\/\/igmi.esercito.difesa.it\/en\/wp-json\/wp\/v2\/product\/343489","targetHints":{"allow":["GET"]}}],"collection":[{"href":"https:\/\/igmi.esercito.difesa.it\/en\/wp-json\/wp\/v2\/product"}],"about":[{"href":"https:\/\/igmi.esercito.difesa.it\/en\/wp-json\/wp\/v2\/types\/product"}],"wp:featuredmedia":[{"embeddable":true,"href":"https:\/\/igmi.esercito.difesa.it\/en\/wp-json\/wp\/v2\/media\/673974"}],"wp:attachment":[{"href":"https:\/\/igmi.esercito.difesa.it\/en\/wp-json\/wp\/v2\/media?parent=343489"}],"wp:term":[{"taxonomy":"product_brand","embeddable":true,"href":"https:\/\/igmi.esercito.difesa.it\/en\/wp-json\/wp\/v2\/product_brand?post=343489"},{"taxonomy":"product_cat","embeddable":true,"href":"https:\/\/igmi.esercito.difesa.it\/en\/wp-json\/wp\/v2\/product_cat?post=343489"},{"taxonomy":"product_tag","embeddable":true,"href":"https:\/\/igmi.esercito.difesa.it\/en\/wp-json\/wp\/v2\/product_tag?post=343489"}],"curies":[{"name":"wp","href":"https:\/\/api.w.org\/{rel}","templated":true}]}}