{"id":345324,"date":"2025-06-26T14:14:59","date_gmt":"2025-06-26T12:14:59","guid":{"rendered":"https:\/\/igmi.esercito.difesa.it\/prodotto\/385071\/"},"modified":"2026-04-08T23:34:23","modified_gmt":"2026-04-08T21:34:23","slug":"385071","status":"publish","type":"product","link":"https:\/\/igmi.esercito.difesa.it\/en\/prodotto\/385071\/","title":{"rendered":"SCHIZZO DIMOSTRATIVO DELLA TRIPOLITANIA SETTENTRIONALE &#8211; Foglio VII REGIONE SIRTICA"},"content":{"rendered":"<p>Governo della Tripolitania. Servizio Cartografico del Ministero delle Colonie.<br \/>\nLa carta si compone di sette fogli estesi sulla costa alla zona compresa tra i confini della Tunisia e la Sirtica e nell&#8217;interno fino al 30\u00b0 parallelo lat. nord. La carta \u00e8 stampata a colori con orografia rappresentata dimostrativamente a curve di livello in bistro, idrografia in azzurro, rete stradale in rosso scritture e confini in nero. Particolarmente dimostrate sono le condizioni idrologiche della regione. Ogni foglio porta indicate le fonti sulle quali \u00e8 basata la compilazione. in generale per la zona costiera veniva usufruito il rilievo regolare dell&#8217;I.G.M. e per il rimanente del territorio rilievi a vista e ricognizioni di ufficiali delle truppe indigene, itinerari di pattuglie dei R.R. Carabinieri e dello stesso compilatore (Cap. E. De Agostini). I titoli dei fogli sono: 1) Zuara; 2) Tripoli Misurata; 3) Nal\u00f9t Gadames; 4) Giado Mizda; 5) B\u00e9niulid; 6) Sirte; 7) Sirtica. Della carta esiste un&#8217;edizione pi\u00f9 antica datata al 1915-1916 (v. N. 2220 d&#8217; inventario gen.) con annessa una carta della regione sirtica al 400.000 e l&#8217;elenco dei nomi di localit\u00e0.<\/p>\n","protected":false},"excerpt":{"rendered":"<p>Governo della Tripolitania. Servizio Cartografico del Ministero delle Colonie. La carta si compone di sette fogli estesi sulla costa alla zona compresa tra i confini della Tunisia e la Sirtica e nell&#8217;interno fino al 30\u00b0 parallelo lat. nord. La carta \u00e8 stampata a colori con orografia rappresentata dimostrativamente a curve di livello in bistro, idrografia [&hellip;]<\/p>\n","protected":false},"featured_media":677545,"template":"","meta":{"_acf_changed":false},"product_brand":[],"product_cat":[191,447],"product_tag":[334],"class_list":{"0":"post-345324","1":"product","2":"type-product","3":"status-publish","4":"has-post-thumbnail","6":"product_cat-carte-antiche","7":"product_cat-tecnica_risoluzione_carta_antica","8":"product_tag-carta-antica","10":"first","11":"instock","12":"downloadable","13":"virtual","14":"sold-individually","15":"taxable","16":"purchasable","17":"product-type-simple"},"acf":[],"yoast_head":"<!-- This site is optimized with the Yoast SEO plugin v26.4 - https:\/\/yoast.com\/wordpress\/plugins\/seo\/ -->\n<title>SCHIZZO DIMOSTRATIVO DELLA TRIPOLITANIA SETTENTRIONALE - Foglio VII REGIONE SIRTICA - Istituto Geografico Militare<\/title>\n<meta name=\"robots\" content=\"index, follow, max-snippet:-1, max-image-preview:large, max-video-preview:-1\" \/>\n<link rel=\"canonical\" href=\"https:\/\/igmi.esercito.difesa.it\/en\/prodotto\/385071\/\" \/>\n<meta property=\"og:locale\" content=\"en_US\" \/>\n<meta property=\"og:type\" content=\"article\" \/>\n<meta property=\"og:title\" content=\"SCHIZZO DIMOSTRATIVO DELLA TRIPOLITANIA SETTENTRIONALE - Foglio VII REGIONE SIRTICA - Istituto Geografico Militare\" \/>\n<meta property=\"og:description\" content=\"Governo della Tripolitania. Servizio Cartografico del Ministero delle Colonie. La carta si compone di sette fogli estesi sulla costa alla zona compresa tra i confini della Tunisia e la Sirtica e nell&#8217;interno fino al 30\u00b0 parallelo lat. nord. La carta \u00e8 stampata a colori con orografia rappresentata dimostrativamente a curve di livello in bistro, idrografia [&hellip;]\" \/>\n<meta property=\"og:url\" content=\"https:\/\/igmi.esercito.difesa.it\/en\/prodotto\/385071\/\" \/>\n<meta property=\"og:site_name\" content=\"Istituto Geografico Militare\" \/>\n<meta property=\"article:modified_time\" content=\"2026-04-08T21:34:23+00:00\" \/>\n<meta property=\"og:image\" content=\"https:\/\/igmi.esercito.difesa.it\/wp-content\/uploads\/B0010817.jpg\" \/>\n\t<meta property=\"og:image:width\" content=\"1000\" \/>\n\t<meta property=\"og:image:height\" content=\"767\" \/>\n\t<meta property=\"og:image:type\" content=\"image\/jpeg\" \/>\n<meta name=\"twitter:card\" content=\"summary_large_image\" \/>\n<meta name=\"twitter:label1\" content=\"Est. reading time\" \/>\n\t<meta name=\"twitter:data1\" content=\"1 minute\" \/>\n<script type=\"application\/ld+json\" class=\"yoast-schema-graph\">{\"@context\":\"https:\/\/schema.org\",\"@graph\":[{\"@type\":\"WebPage\",\"@id\":\"https:\/\/igmi.esercito.difesa.it\/en\/prodotto\/385071\/\",\"url\":\"https:\/\/igmi.esercito.difesa.it\/en\/prodotto\/385071\/\",\"name\":\"SCHIZZO DIMOSTRATIVO DELLA TRIPOLITANIA SETTENTRIONALE - Foglio VII REGIONE SIRTICA - Istituto Geografico Militare\",\"isPartOf\":{\"@id\":\"https:\/\/igmi.esercito.difesa.it\/en\/#website\"},\"primaryImageOfPage\":{\"@id\":\"https:\/\/igmi.esercito.difesa.it\/en\/prodotto\/385071\/#primaryimage\"},\"image\":{\"@id\":\"https:\/\/igmi.esercito.difesa.it\/en\/prodotto\/385071\/#primaryimage\"},\"thumbnailUrl\":\"https:\/\/igmi.esercito.difesa.it\/wp-content\/uploads\/B0010817.jpg\",\"datePublished\":\"2025-06-26T12:14:59+00:00\",\"dateModified\":\"2026-04-08T21:34:23+00:00\",\"breadcrumb\":{\"@id\":\"https:\/\/igmi.esercito.difesa.it\/en\/prodotto\/385071\/#breadcrumb\"},\"inLanguage\":\"en-US\",\"potentialAction\":[{\"@type\":\"ReadAction\",\"target\":[\"https:\/\/igmi.esercito.difesa.it\/en\/prodotto\/385071\/\"]}]},{\"@type\":\"ImageObject\",\"inLanguage\":\"en-US\",\"@id\":\"https:\/\/igmi.esercito.difesa.it\/en\/prodotto\/385071\/#primaryimage\",\"url\":\"https:\/\/igmi.esercito.difesa.it\/wp-content\/uploads\/B0010817.jpg\",\"contentUrl\":\"https:\/\/igmi.esercito.difesa.it\/wp-content\/uploads\/B0010817.jpg\",\"width\":1000,\"height\":767},{\"@type\":\"BreadcrumbList\",\"@id\":\"https:\/\/igmi.esercito.difesa.it\/en\/prodotto\/385071\/#breadcrumb\",\"itemListElement\":[{\"@type\":\"ListItem\",\"position\":1,\"name\":\"Home\",\"item\":\"https:\/\/igmi.esercito.difesa.it\/en\/homepage\/\"},{\"@type\":\"ListItem\",\"position\":2,\"name\":\"Products\",\"item\":\"https:\/\/igmi.esercito.difesa.it\/en\/shop\/\"},{\"@type\":\"ListItem\",\"position\":3,\"name\":\"SCHIZZO DIMOSTRATIVO DELLA TRIPOLITANIA SETTENTRIONALE &#8211; Foglio VII REGIONE SIRTICA\"}]},{\"@type\":\"WebSite\",\"@id\":\"https:\/\/igmi.esercito.difesa.it\/en\/#website\",\"url\":\"https:\/\/igmi.esercito.difesa.it\/en\/\",\"name\":\"Istituto Geografico Militare\",\"description\":\"Ente cartografico dello stato\",\"publisher\":{\"@id\":\"https:\/\/igmi.esercito.difesa.it\/en\/#organization\"},\"potentialAction\":[{\"@type\":\"SearchAction\",\"target\":{\"@type\":\"EntryPoint\",\"urlTemplate\":\"https:\/\/igmi.esercito.difesa.it\/en\/?s={search_term_string}\"},\"query-input\":{\"@type\":\"PropertyValueSpecification\",\"valueRequired\":true,\"valueName\":\"search_term_string\"}}],\"inLanguage\":\"en-US\"},{\"@type\":\"Organization\",\"@id\":\"https:\/\/igmi.esercito.difesa.it\/en\/#organization\",\"name\":\"Istituto Geografico Militare\",\"url\":\"https:\/\/igmi.esercito.difesa.it\/en\/\",\"logo\":{\"@type\":\"ImageObject\",\"inLanguage\":\"en-US\",\"@id\":\"https:\/\/igmi.esercito.difesa.it\/en\/#\/schema\/logo\/image\/\",\"url\":\"https:\/\/igmi.esercito.difesa.it\/wp-content\/uploads\/2025\/04\/Logo-igm.webp\",\"contentUrl\":\"https:\/\/igmi.esercito.difesa.it\/wp-content\/uploads\/2025\/04\/Logo-igm.webp\",\"width\":1320,\"height\":1696,\"caption\":\"Istituto Geografico Militare\"},\"image\":{\"@id\":\"https:\/\/igmi.esercito.difesa.it\/en\/#\/schema\/logo\/image\/\"}}]}<\/script>\n<!-- \/ Yoast SEO plugin. -->","yoast_head_json":{"title":"SCHIZZO DIMOSTRATIVO DELLA TRIPOLITANIA SETTENTRIONALE - Foglio VII REGIONE SIRTICA - Istituto Geografico Militare","robots":{"index":"index","follow":"follow","max-snippet":"max-snippet:-1","max-image-preview":"max-image-preview:large","max-video-preview":"max-video-preview:-1"},"canonical":"https:\/\/igmi.esercito.difesa.it\/en\/prodotto\/385071\/","og_locale":"en_US","og_type":"article","og_title":"SCHIZZO DIMOSTRATIVO DELLA TRIPOLITANIA SETTENTRIONALE - Foglio VII REGIONE SIRTICA - Istituto Geografico Militare","og_description":"Governo della Tripolitania. Servizio Cartografico del Ministero delle Colonie. La carta si compone di sette fogli estesi sulla costa alla zona compresa tra i confini della Tunisia e la Sirtica e nell&#8217;interno fino al 30\u00b0 parallelo lat. nord. La carta \u00e8 stampata a colori con orografia rappresentata dimostrativamente a curve di livello in bistro, idrografia [&hellip;]","og_url":"https:\/\/igmi.esercito.difesa.it\/en\/prodotto\/385071\/","og_site_name":"Istituto Geografico Militare","article_modified_time":"2026-04-08T21:34:23+00:00","og_image":[{"width":1000,"height":767,"url":"https:\/\/igmi.esercito.difesa.it\/wp-content\/uploads\/B0010817.jpg","type":"image\/jpeg"}],"twitter_card":"summary_large_image","twitter_misc":{"Est. reading time":"1 minute"},"schema":{"@context":"https:\/\/schema.org","@graph":[{"@type":"WebPage","@id":"https:\/\/igmi.esercito.difesa.it\/en\/prodotto\/385071\/","url":"https:\/\/igmi.esercito.difesa.it\/en\/prodotto\/385071\/","name":"SCHIZZO DIMOSTRATIVO DELLA TRIPOLITANIA SETTENTRIONALE - Foglio VII REGIONE SIRTICA - Istituto Geografico Militare","isPartOf":{"@id":"https:\/\/igmi.esercito.difesa.it\/en\/#website"},"primaryImageOfPage":{"@id":"https:\/\/igmi.esercito.difesa.it\/en\/prodotto\/385071\/#primaryimage"},"image":{"@id":"https:\/\/igmi.esercito.difesa.it\/en\/prodotto\/385071\/#primaryimage"},"thumbnailUrl":"https:\/\/igmi.esercito.difesa.it\/wp-content\/uploads\/B0010817.jpg","datePublished":"2025-06-26T12:14:59+00:00","dateModified":"2026-04-08T21:34:23+00:00","breadcrumb":{"@id":"https:\/\/igmi.esercito.difesa.it\/en\/prodotto\/385071\/#breadcrumb"},"inLanguage":"en-US","potentialAction":[{"@type":"ReadAction","target":["https:\/\/igmi.esercito.difesa.it\/en\/prodotto\/385071\/"]}]},{"@type":"ImageObject","inLanguage":"en-US","@id":"https:\/\/igmi.esercito.difesa.it\/en\/prodotto\/385071\/#primaryimage","url":"https:\/\/igmi.esercito.difesa.it\/wp-content\/uploads\/B0010817.jpg","contentUrl":"https:\/\/igmi.esercito.difesa.it\/wp-content\/uploads\/B0010817.jpg","width":1000,"height":767},{"@type":"BreadcrumbList","@id":"https:\/\/igmi.esercito.difesa.it\/en\/prodotto\/385071\/#breadcrumb","itemListElement":[{"@type":"ListItem","position":1,"name":"Home","item":"https:\/\/igmi.esercito.difesa.it\/en\/homepage\/"},{"@type":"ListItem","position":2,"name":"Products","item":"https:\/\/igmi.esercito.difesa.it\/en\/shop\/"},{"@type":"ListItem","position":3,"name":"SCHIZZO DIMOSTRATIVO DELLA TRIPOLITANIA SETTENTRIONALE &#8211; Foglio VII REGIONE SIRTICA"}]},{"@type":"WebSite","@id":"https:\/\/igmi.esercito.difesa.it\/en\/#website","url":"https:\/\/igmi.esercito.difesa.it\/en\/","name":"Istituto Geografico Militare","description":"Ente cartografico dello stato","publisher":{"@id":"https:\/\/igmi.esercito.difesa.it\/en\/#organization"},"potentialAction":[{"@type":"SearchAction","target":{"@type":"EntryPoint","urlTemplate":"https:\/\/igmi.esercito.difesa.it\/en\/?s={search_term_string}"},"query-input":{"@type":"PropertyValueSpecification","valueRequired":true,"valueName":"search_term_string"}}],"inLanguage":"en-US"},{"@type":"Organization","@id":"https:\/\/igmi.esercito.difesa.it\/en\/#organization","name":"Istituto Geografico Militare","url":"https:\/\/igmi.esercito.difesa.it\/en\/","logo":{"@type":"ImageObject","inLanguage":"en-US","@id":"https:\/\/igmi.esercito.difesa.it\/en\/#\/schema\/logo\/image\/","url":"https:\/\/igmi.esercito.difesa.it\/wp-content\/uploads\/2025\/04\/Logo-igm.webp","contentUrl":"https:\/\/igmi.esercito.difesa.it\/wp-content\/uploads\/2025\/04\/Logo-igm.webp","width":1320,"height":1696,"caption":"Istituto Geografico Militare"},"image":{"@id":"https:\/\/igmi.esercito.difesa.it\/en\/#\/schema\/logo\/image\/"}}]}},"_links":{"self":[{"href":"https:\/\/igmi.esercito.difesa.it\/en\/wp-json\/wp\/v2\/product\/345324","targetHints":{"allow":["GET"]}}],"collection":[{"href":"https:\/\/igmi.esercito.difesa.it\/en\/wp-json\/wp\/v2\/product"}],"about":[{"href":"https:\/\/igmi.esercito.difesa.it\/en\/wp-json\/wp\/v2\/types\/product"}],"wp:featuredmedia":[{"embeddable":true,"href":"https:\/\/igmi.esercito.difesa.it\/en\/wp-json\/wp\/v2\/media\/677545"}],"wp:attachment":[{"href":"https:\/\/igmi.esercito.difesa.it\/en\/wp-json\/wp\/v2\/media?parent=345324"}],"wp:term":[{"taxonomy":"product_brand","embeddable":true,"href":"https:\/\/igmi.esercito.difesa.it\/en\/wp-json\/wp\/v2\/product_brand?post=345324"},{"taxonomy":"product_cat","embeddable":true,"href":"https:\/\/igmi.esercito.difesa.it\/en\/wp-json\/wp\/v2\/product_cat?post=345324"},{"taxonomy":"product_tag","embeddable":true,"href":"https:\/\/igmi.esercito.difesa.it\/en\/wp-json\/wp\/v2\/product_tag?post=345324"}],"curies":[{"name":"wp","href":"https:\/\/api.w.org\/{rel}","templated":true}]}}