{"id":345442,"date":"2025-06-26T14:25:04","date_gmt":"2025-06-26T12:25:04","guid":{"rendered":"https:\/\/igmi.esercito.difesa.it\/prodotto\/385126\/"},"modified":"2026-04-08T23:44:33","modified_gmt":"2026-04-08T21:44:33","slug":"385126","status":"publish","type":"product","link":"https:\/\/igmi.esercito.difesa.it\/en\/prodotto\/385126\/","title":{"rendered":"SCHEMA DI CARTA GEOLOGICA DELLA VENEZIA GIULIA ZONA MERIDIONALE (ISTRIA)"},"content":{"rendered":"<p>Carta composta e disegnata per la Societ\u00e0 Alpina delle Giulie (sezione di Trieste del Club Alpino Italiano) dal prof. Federico Sacco, secondo le ricerche di G. Stache, Fr. Kossmat, R. I. Schubert, L. Waagen, ecc. ed un rilevamento sommario dell&#8217;autore. Rappresentazione orografica a curve di livello, l&#8217;equidistanza \u00e8 di 100 metri. Sotto al titolo \u00e8 presente la spiegazione dei colori, ed in basso quella delle strade e dei centri abitati. Nella carte vi \u00e8 anche lo schema delle sezioni geologiche alla scala di 1:200.000 per le lunghezze e di 1:100.000 per le altezze. I.G.M. (FI).<\/p>\n","protected":false},"excerpt":{"rendered":"<p>Carta composta e disegnata per la Societ\u00e0 Alpina delle Giulie (sezione di Trieste del Club Alpino Italiano) dal prof. Federico Sacco, secondo le ricerche di G. Stache, Fr. Kossmat, R. I. Schubert, L. Waagen, ecc. ed un rilevamento sommario dell&#8217;autore. Rappresentazione orografica a curve di livello, l&#8217;equidistanza \u00e8 di 100 metri. Sotto al titolo \u00e8 [&hellip;]<\/p>\n","protected":false},"featured_media":677817,"template":"","meta":{"_acf_changed":false},"product_brand":[],"product_cat":[191,447],"product_tag":[334],"class_list":{"0":"post-345442","1":"product","2":"type-product","3":"status-publish","4":"has-post-thumbnail","6":"product_cat-carte-antiche","7":"product_cat-tecnica_risoluzione_carta_antica","8":"product_tag-carta-antica","10":"first","11":"instock","12":"downloadable","13":"virtual","14":"sold-individually","15":"taxable","16":"purchasable","17":"product-type-simple"},"acf":[],"yoast_head":"<!-- This site is optimized with the Yoast SEO plugin v26.4 - https:\/\/yoast.com\/wordpress\/plugins\/seo\/ -->\n<title>SCHEMA DI CARTA GEOLOGICA DELLA VENEZIA GIULIA ZONA MERIDIONALE (ISTRIA) - Istituto Geografico Militare<\/title>\n<meta name=\"robots\" content=\"index, follow, max-snippet:-1, max-image-preview:large, max-video-preview:-1\" \/>\n<link rel=\"canonical\" href=\"https:\/\/igmi.esercito.difesa.it\/en\/prodotto\/385126\/\" \/>\n<meta property=\"og:locale\" content=\"en_US\" \/>\n<meta property=\"og:type\" content=\"article\" \/>\n<meta property=\"og:title\" content=\"SCHEMA DI CARTA GEOLOGICA DELLA VENEZIA GIULIA ZONA MERIDIONALE (ISTRIA) - Istituto Geografico Militare\" \/>\n<meta property=\"og:description\" content=\"Carta composta e disegnata per la Societ\u00e0 Alpina delle Giulie (sezione di Trieste del Club Alpino Italiano) dal prof. Federico Sacco, secondo le ricerche di G. Stache, Fr. Kossmat, R. I. Schubert, L. Waagen, ecc. ed un rilevamento sommario dell&#8217;autore. Rappresentazione orografica a curve di livello, l&#8217;equidistanza \u00e8 di 100 metri. Sotto al titolo \u00e8 [&hellip;]\" \/>\n<meta property=\"og:url\" content=\"https:\/\/igmi.esercito.difesa.it\/en\/prodotto\/385126\/\" \/>\n<meta property=\"og:site_name\" content=\"Istituto Geografico Militare\" \/>\n<meta property=\"article:modified_time\" content=\"2026-04-08T21:44:33+00:00\" \/>\n<meta property=\"og:image\" content=\"https:\/\/igmi.esercito.difesa.it\/wp-content\/uploads\/B0005680.jpg\" \/>\n\t<meta property=\"og:image:width\" content=\"1000\" \/>\n\t<meta property=\"og:image:height\" content=\"873\" \/>\n\t<meta property=\"og:image:type\" content=\"image\/jpeg\" \/>\n<meta name=\"twitter:card\" content=\"summary_large_image\" \/>\n<script type=\"application\/ld+json\" class=\"yoast-schema-graph\">{\"@context\":\"https:\/\/schema.org\",\"@graph\":[{\"@type\":\"WebPage\",\"@id\":\"https:\/\/igmi.esercito.difesa.it\/en\/prodotto\/385126\/\",\"url\":\"https:\/\/igmi.esercito.difesa.it\/en\/prodotto\/385126\/\",\"name\":\"SCHEMA DI CARTA GEOLOGICA DELLA VENEZIA GIULIA ZONA MERIDIONALE (ISTRIA) - Istituto Geografico Militare\",\"isPartOf\":{\"@id\":\"https:\/\/igmi.esercito.difesa.it\/en\/#website\"},\"primaryImageOfPage\":{\"@id\":\"https:\/\/igmi.esercito.difesa.it\/en\/prodotto\/385126\/#primaryimage\"},\"image\":{\"@id\":\"https:\/\/igmi.esercito.difesa.it\/en\/prodotto\/385126\/#primaryimage\"},\"thumbnailUrl\":\"https:\/\/igmi.esercito.difesa.it\/wp-content\/uploads\/B0005680.jpg\",\"datePublished\":\"2025-06-26T12:25:04+00:00\",\"dateModified\":\"2026-04-08T21:44:33+00:00\",\"breadcrumb\":{\"@id\":\"https:\/\/igmi.esercito.difesa.it\/en\/prodotto\/385126\/#breadcrumb\"},\"inLanguage\":\"en-US\",\"potentialAction\":[{\"@type\":\"ReadAction\",\"target\":[\"https:\/\/igmi.esercito.difesa.it\/en\/prodotto\/385126\/\"]}]},{\"@type\":\"ImageObject\",\"inLanguage\":\"en-US\",\"@id\":\"https:\/\/igmi.esercito.difesa.it\/en\/prodotto\/385126\/#primaryimage\",\"url\":\"https:\/\/igmi.esercito.difesa.it\/wp-content\/uploads\/B0005680.jpg\",\"contentUrl\":\"https:\/\/igmi.esercito.difesa.it\/wp-content\/uploads\/B0005680.jpg\",\"width\":1000,\"height\":873},{\"@type\":\"BreadcrumbList\",\"@id\":\"https:\/\/igmi.esercito.difesa.it\/en\/prodotto\/385126\/#breadcrumb\",\"itemListElement\":[{\"@type\":\"ListItem\",\"position\":1,\"name\":\"Home\",\"item\":\"https:\/\/igmi.esercito.difesa.it\/en\/homepage\/\"},{\"@type\":\"ListItem\",\"position\":2,\"name\":\"Products\",\"item\":\"https:\/\/igmi.esercito.difesa.it\/en\/shop\/\"},{\"@type\":\"ListItem\",\"position\":3,\"name\":\"SCHEMA DI CARTA GEOLOGICA DELLA VENEZIA GIULIA ZONA MERIDIONALE (ISTRIA)\"}]},{\"@type\":\"WebSite\",\"@id\":\"https:\/\/igmi.esercito.difesa.it\/en\/#website\",\"url\":\"https:\/\/igmi.esercito.difesa.it\/en\/\",\"name\":\"Istituto Geografico Militare\",\"description\":\"Ente cartografico dello stato\",\"publisher\":{\"@id\":\"https:\/\/igmi.esercito.difesa.it\/en\/#organization\"},\"potentialAction\":[{\"@type\":\"SearchAction\",\"target\":{\"@type\":\"EntryPoint\",\"urlTemplate\":\"https:\/\/igmi.esercito.difesa.it\/en\/?s={search_term_string}\"},\"query-input\":{\"@type\":\"PropertyValueSpecification\",\"valueRequired\":true,\"valueName\":\"search_term_string\"}}],\"inLanguage\":\"en-US\"},{\"@type\":\"Organization\",\"@id\":\"https:\/\/igmi.esercito.difesa.it\/en\/#organization\",\"name\":\"Istituto Geografico Militare\",\"url\":\"https:\/\/igmi.esercito.difesa.it\/en\/\",\"logo\":{\"@type\":\"ImageObject\",\"inLanguage\":\"en-US\",\"@id\":\"https:\/\/igmi.esercito.difesa.it\/en\/#\/schema\/logo\/image\/\",\"url\":\"https:\/\/igmi.esercito.difesa.it\/wp-content\/uploads\/2025\/04\/Logo-igm.webp\",\"contentUrl\":\"https:\/\/igmi.esercito.difesa.it\/wp-content\/uploads\/2025\/04\/Logo-igm.webp\",\"width\":1320,\"height\":1696,\"caption\":\"Istituto Geografico Militare\"},\"image\":{\"@id\":\"https:\/\/igmi.esercito.difesa.it\/en\/#\/schema\/logo\/image\/\"}}]}<\/script>\n<!-- \/ Yoast SEO plugin. -->","yoast_head_json":{"title":"SCHEMA DI CARTA GEOLOGICA DELLA VENEZIA GIULIA ZONA MERIDIONALE (ISTRIA) - Istituto Geografico Militare","robots":{"index":"index","follow":"follow","max-snippet":"max-snippet:-1","max-image-preview":"max-image-preview:large","max-video-preview":"max-video-preview:-1"},"canonical":"https:\/\/igmi.esercito.difesa.it\/en\/prodotto\/385126\/","og_locale":"en_US","og_type":"article","og_title":"SCHEMA DI CARTA GEOLOGICA DELLA VENEZIA GIULIA ZONA MERIDIONALE (ISTRIA) - Istituto Geografico Militare","og_description":"Carta composta e disegnata per la Societ\u00e0 Alpina delle Giulie (sezione di Trieste del Club Alpino Italiano) dal prof. Federico Sacco, secondo le ricerche di G. Stache, Fr. Kossmat, R. I. Schubert, L. Waagen, ecc. ed un rilevamento sommario dell&#8217;autore. Rappresentazione orografica a curve di livello, l&#8217;equidistanza \u00e8 di 100 metri. Sotto al titolo \u00e8 [&hellip;]","og_url":"https:\/\/igmi.esercito.difesa.it\/en\/prodotto\/385126\/","og_site_name":"Istituto Geografico Militare","article_modified_time":"2026-04-08T21:44:33+00:00","og_image":[{"width":1000,"height":873,"url":"https:\/\/igmi.esercito.difesa.it\/wp-content\/uploads\/B0005680.jpg","type":"image\/jpeg"}],"twitter_card":"summary_large_image","schema":{"@context":"https:\/\/schema.org","@graph":[{"@type":"WebPage","@id":"https:\/\/igmi.esercito.difesa.it\/en\/prodotto\/385126\/","url":"https:\/\/igmi.esercito.difesa.it\/en\/prodotto\/385126\/","name":"SCHEMA DI CARTA GEOLOGICA DELLA VENEZIA GIULIA ZONA MERIDIONALE (ISTRIA) - Istituto Geografico Militare","isPartOf":{"@id":"https:\/\/igmi.esercito.difesa.it\/en\/#website"},"primaryImageOfPage":{"@id":"https:\/\/igmi.esercito.difesa.it\/en\/prodotto\/385126\/#primaryimage"},"image":{"@id":"https:\/\/igmi.esercito.difesa.it\/en\/prodotto\/385126\/#primaryimage"},"thumbnailUrl":"https:\/\/igmi.esercito.difesa.it\/wp-content\/uploads\/B0005680.jpg","datePublished":"2025-06-26T12:25:04+00:00","dateModified":"2026-04-08T21:44:33+00:00","breadcrumb":{"@id":"https:\/\/igmi.esercito.difesa.it\/en\/prodotto\/385126\/#breadcrumb"},"inLanguage":"en-US","potentialAction":[{"@type":"ReadAction","target":["https:\/\/igmi.esercito.difesa.it\/en\/prodotto\/385126\/"]}]},{"@type":"ImageObject","inLanguage":"en-US","@id":"https:\/\/igmi.esercito.difesa.it\/en\/prodotto\/385126\/#primaryimage","url":"https:\/\/igmi.esercito.difesa.it\/wp-content\/uploads\/B0005680.jpg","contentUrl":"https:\/\/igmi.esercito.difesa.it\/wp-content\/uploads\/B0005680.jpg","width":1000,"height":873},{"@type":"BreadcrumbList","@id":"https:\/\/igmi.esercito.difesa.it\/en\/prodotto\/385126\/#breadcrumb","itemListElement":[{"@type":"ListItem","position":1,"name":"Home","item":"https:\/\/igmi.esercito.difesa.it\/en\/homepage\/"},{"@type":"ListItem","position":2,"name":"Products","item":"https:\/\/igmi.esercito.difesa.it\/en\/shop\/"},{"@type":"ListItem","position":3,"name":"SCHEMA DI CARTA GEOLOGICA DELLA VENEZIA GIULIA ZONA MERIDIONALE (ISTRIA)"}]},{"@type":"WebSite","@id":"https:\/\/igmi.esercito.difesa.it\/en\/#website","url":"https:\/\/igmi.esercito.difesa.it\/en\/","name":"Istituto Geografico Militare","description":"Ente cartografico dello stato","publisher":{"@id":"https:\/\/igmi.esercito.difesa.it\/en\/#organization"},"potentialAction":[{"@type":"SearchAction","target":{"@type":"EntryPoint","urlTemplate":"https:\/\/igmi.esercito.difesa.it\/en\/?s={search_term_string}"},"query-input":{"@type":"PropertyValueSpecification","valueRequired":true,"valueName":"search_term_string"}}],"inLanguage":"en-US"},{"@type":"Organization","@id":"https:\/\/igmi.esercito.difesa.it\/en\/#organization","name":"Istituto Geografico Militare","url":"https:\/\/igmi.esercito.difesa.it\/en\/","logo":{"@type":"ImageObject","inLanguage":"en-US","@id":"https:\/\/igmi.esercito.difesa.it\/en\/#\/schema\/logo\/image\/","url":"https:\/\/igmi.esercito.difesa.it\/wp-content\/uploads\/2025\/04\/Logo-igm.webp","contentUrl":"https:\/\/igmi.esercito.difesa.it\/wp-content\/uploads\/2025\/04\/Logo-igm.webp","width":1320,"height":1696,"caption":"Istituto Geografico Militare"},"image":{"@id":"https:\/\/igmi.esercito.difesa.it\/en\/#\/schema\/logo\/image\/"}}]}},"_links":{"self":[{"href":"https:\/\/igmi.esercito.difesa.it\/en\/wp-json\/wp\/v2\/product\/345442","targetHints":{"allow":["GET"]}}],"collection":[{"href":"https:\/\/igmi.esercito.difesa.it\/en\/wp-json\/wp\/v2\/product"}],"about":[{"href":"https:\/\/igmi.esercito.difesa.it\/en\/wp-json\/wp\/v2\/types\/product"}],"wp:featuredmedia":[{"embeddable":true,"href":"https:\/\/igmi.esercito.difesa.it\/en\/wp-json\/wp\/v2\/media\/677817"}],"wp:attachment":[{"href":"https:\/\/igmi.esercito.difesa.it\/en\/wp-json\/wp\/v2\/media?parent=345442"}],"wp:term":[{"taxonomy":"product_brand","embeddable":true,"href":"https:\/\/igmi.esercito.difesa.it\/en\/wp-json\/wp\/v2\/product_brand?post=345442"},{"taxonomy":"product_cat","embeddable":true,"href":"https:\/\/igmi.esercito.difesa.it\/en\/wp-json\/wp\/v2\/product_cat?post=345442"},{"taxonomy":"product_tag","embeddable":true,"href":"https:\/\/igmi.esercito.difesa.it\/en\/wp-json\/wp\/v2\/product_tag?post=345442"}],"curies":[{"name":"wp","href":"https:\/\/api.w.org\/{rel}","templated":true}]}}