{"id":346429,"date":"2025-06-26T15:23:58","date_gmt":"2025-06-26T13:23:58","guid":{"rendered":"https:\/\/igmi.esercito.difesa.it\/prodotto\/385318\/"},"modified":"2026-04-09T00:23:43","modified_gmt":"2026-04-08T22:23:43","slug":"385318","status":"publish","type":"product","link":"https:\/\/igmi.esercito.difesa.it\/en\/prodotto\/385318\/","title":{"rendered":"RIPRODUZIONE DEL 1911 DELLA CARTA DI ROMA AL TEMPO DI GIULIO III- Foglio 10"},"content":{"rendered":"<p>La Pianta di Roma di Leonardo Bufalini del 1551 riprodotta dall&#8217;esemplare esistente nella Biblioteca Vaticana a cura della Biblioteca medesima con introduzione di Francesco Ehrle S.I. Roma, Danesi, 1911.<br \/>\nLa riproduzione fa parte della serie &#8221; Le piante maggiori di Roma dei secoli XVI e XVII, riprodotte in fototipia a cura della Biblioteca Vaticana &#8220;. Questo originale della pianta rarissima del Bufalini &#8220;\u00e8 in fogli staccati ed intatti, tali quali uscirono dalla stamperia &#8221; nel 1551, conservata nella Biblioteca Vaticana. Di questa pianta esiste una copia completa nel Museo Britannico, una incompleta nella Biblioteca Barberini, ed una disegnata e leggermente colorita, conservata nel Convento della Madonna degli Angioli a Cuneo che venne riprodotta nel 1879. La copia Vaticana misura complessivamente m. 1,50&#215;2 e si compone di 12 fogli di mm. 350&#215;495 e di quattro strisce di mm. 132&#215;945. La riproduzione consta di 20 fogli di m. 0,23&#215;0,24 e di quattro strisce di m. 0,10&#215;0,33; la stampa \u00e8 in nero. E&#8217; accompagnata da un ampio testo illustrativo dovuto a F. Ehrle con notizie sul Bufalini e la sua opera e la descrizione particolareggiata della pianta nonch\u00e8 l&#8217; indice alfabetico di tutti i nomi. Il Bufalini inizi\u00f2 i suoi lavori nel 1544 e  ultim\u00f2 nel 1548, proseguendo, allargando e continuando il lavoro geodetico della preesistente pianta costruita dal Marliano (1544). La sua pianta \u00e8 notevole per la ricchezza dei dati archeologici e topografici.<\/p>\n","protected":false},"excerpt":{"rendered":"<p>La Pianta di Roma di Leonardo Bufalini del 1551 riprodotta dall&#8217;esemplare esistente nella Biblioteca Vaticana a cura della Biblioteca medesima con introduzione di Francesco Ehrle S.I. Roma, Danesi, 1911. La riproduzione fa parte della serie &#8221; Le piante maggiori di Roma dei secoli XVI e XVII, riprodotte in fototipia a cura della Biblioteca Vaticana &#8220;. [&hellip;]<\/p>\n","protected":false},"featured_media":678521,"template":"","meta":{"_acf_changed":false},"product_brand":[],"product_cat":[191,447],"product_tag":[334],"class_list":{"0":"post-346429","1":"product","2":"type-product","3":"status-publish","4":"has-post-thumbnail","6":"product_cat-carte-antiche","7":"product_cat-tecnica_risoluzione_carta_antica","8":"product_tag-carta-antica","10":"first","11":"instock","12":"downloadable","13":"virtual","14":"sold-individually","15":"taxable","16":"purchasable","17":"product-type-simple"},"acf":[],"yoast_head":"<!-- This site is optimized with the Yoast SEO plugin v26.4 - https:\/\/yoast.com\/wordpress\/plugins\/seo\/ -->\n<title>RIPRODUZIONE DEL 1911 DELLA CARTA DI ROMA AL TEMPO DI GIULIO III- Foglio 10 - Istituto Geografico Militare<\/title>\n<meta name=\"robots\" content=\"index, follow, max-snippet:-1, max-image-preview:large, max-video-preview:-1\" \/>\n<link rel=\"canonical\" href=\"https:\/\/igmi.esercito.difesa.it\/en\/prodotto\/385318\/\" \/>\n<meta property=\"og:locale\" content=\"en_US\" \/>\n<meta property=\"og:type\" content=\"article\" \/>\n<meta property=\"og:title\" content=\"RIPRODUZIONE DEL 1911 DELLA CARTA DI ROMA AL TEMPO DI GIULIO III- Foglio 10 - Istituto Geografico Militare\" \/>\n<meta property=\"og:description\" content=\"La Pianta di Roma di Leonardo Bufalini del 1551 riprodotta dall&#8217;esemplare esistente nella Biblioteca Vaticana a cura della Biblioteca medesima con introduzione di Francesco Ehrle S.I. Roma, Danesi, 1911. La riproduzione fa parte della serie &#8221; Le piante maggiori di Roma dei secoli XVI e XVII, riprodotte in fototipia a cura della Biblioteca Vaticana &#8220;. [&hellip;]\" \/>\n<meta property=\"og:url\" content=\"https:\/\/igmi.esercito.difesa.it\/en\/prodotto\/385318\/\" \/>\n<meta property=\"og:site_name\" content=\"Istituto Geografico Militare\" \/>\n<meta property=\"article:modified_time\" content=\"2026-04-08T22:23:43+00:00\" \/>\n<meta property=\"og:image\" content=\"https:\/\/igmi.esercito.difesa.it\/wp-content\/uploads\/B0006662.jpg\" \/>\n\t<meta property=\"og:image:width\" content=\"1000\" \/>\n\t<meta property=\"og:image:height\" content=\"1299\" \/>\n\t<meta property=\"og:image:type\" content=\"image\/jpeg\" \/>\n<meta name=\"twitter:card\" content=\"summary_large_image\" \/>\n<meta name=\"twitter:label1\" content=\"Est. reading time\" \/>\n\t<meta name=\"twitter:data1\" content=\"1 minute\" \/>\n<script type=\"application\/ld+json\" class=\"yoast-schema-graph\">{\"@context\":\"https:\/\/schema.org\",\"@graph\":[{\"@type\":\"WebPage\",\"@id\":\"https:\/\/igmi.esercito.difesa.it\/en\/prodotto\/385318\/\",\"url\":\"https:\/\/igmi.esercito.difesa.it\/en\/prodotto\/385318\/\",\"name\":\"RIPRODUZIONE DEL 1911 DELLA CARTA DI ROMA AL TEMPO DI GIULIO III- Foglio 10 - Istituto Geografico Militare\",\"isPartOf\":{\"@id\":\"https:\/\/igmi.esercito.difesa.it\/en\/#website\"},\"primaryImageOfPage\":{\"@id\":\"https:\/\/igmi.esercito.difesa.it\/en\/prodotto\/385318\/#primaryimage\"},\"image\":{\"@id\":\"https:\/\/igmi.esercito.difesa.it\/en\/prodotto\/385318\/#primaryimage\"},\"thumbnailUrl\":\"https:\/\/igmi.esercito.difesa.it\/wp-content\/uploads\/B0006662.jpg\",\"datePublished\":\"2025-06-26T13:23:58+00:00\",\"dateModified\":\"2026-04-08T22:23:43+00:00\",\"breadcrumb\":{\"@id\":\"https:\/\/igmi.esercito.difesa.it\/en\/prodotto\/385318\/#breadcrumb\"},\"inLanguage\":\"en-US\",\"potentialAction\":[{\"@type\":\"ReadAction\",\"target\":[\"https:\/\/igmi.esercito.difesa.it\/en\/prodotto\/385318\/\"]}]},{\"@type\":\"ImageObject\",\"inLanguage\":\"en-US\",\"@id\":\"https:\/\/igmi.esercito.difesa.it\/en\/prodotto\/385318\/#primaryimage\",\"url\":\"https:\/\/igmi.esercito.difesa.it\/wp-content\/uploads\/B0006662.jpg\",\"contentUrl\":\"https:\/\/igmi.esercito.difesa.it\/wp-content\/uploads\/B0006662.jpg\",\"width\":1000,\"height\":1299},{\"@type\":\"BreadcrumbList\",\"@id\":\"https:\/\/igmi.esercito.difesa.it\/en\/prodotto\/385318\/#breadcrumb\",\"itemListElement\":[{\"@type\":\"ListItem\",\"position\":1,\"name\":\"Home\",\"item\":\"https:\/\/igmi.esercito.difesa.it\/en\/homepage\/\"},{\"@type\":\"ListItem\",\"position\":2,\"name\":\"Products\",\"item\":\"https:\/\/igmi.esercito.difesa.it\/en\/shop\/\"},{\"@type\":\"ListItem\",\"position\":3,\"name\":\"RIPRODUZIONE DEL 1911 DELLA CARTA DI ROMA AL TEMPO DI GIULIO III- Foglio 10\"}]},{\"@type\":\"WebSite\",\"@id\":\"https:\/\/igmi.esercito.difesa.it\/en\/#website\",\"url\":\"https:\/\/igmi.esercito.difesa.it\/en\/\",\"name\":\"Istituto Geografico Militare\",\"description\":\"Ente cartografico dello stato\",\"publisher\":{\"@id\":\"https:\/\/igmi.esercito.difesa.it\/en\/#organization\"},\"potentialAction\":[{\"@type\":\"SearchAction\",\"target\":{\"@type\":\"EntryPoint\",\"urlTemplate\":\"https:\/\/igmi.esercito.difesa.it\/en\/?s={search_term_string}\"},\"query-input\":{\"@type\":\"PropertyValueSpecification\",\"valueRequired\":true,\"valueName\":\"search_term_string\"}}],\"inLanguage\":\"en-US\"},{\"@type\":\"Organization\",\"@id\":\"https:\/\/igmi.esercito.difesa.it\/en\/#organization\",\"name\":\"Istituto Geografico Militare\",\"url\":\"https:\/\/igmi.esercito.difesa.it\/en\/\",\"logo\":{\"@type\":\"ImageObject\",\"inLanguage\":\"en-US\",\"@id\":\"https:\/\/igmi.esercito.difesa.it\/en\/#\/schema\/logo\/image\/\",\"url\":\"https:\/\/igmi.esercito.difesa.it\/wp-content\/uploads\/2025\/04\/Logo-igm.webp\",\"contentUrl\":\"https:\/\/igmi.esercito.difesa.it\/wp-content\/uploads\/2025\/04\/Logo-igm.webp\",\"width\":1320,\"height\":1696,\"caption\":\"Istituto Geografico Militare\"},\"image\":{\"@id\":\"https:\/\/igmi.esercito.difesa.it\/en\/#\/schema\/logo\/image\/\"}}]}<\/script>\n<!-- \/ Yoast SEO plugin. -->","yoast_head_json":{"title":"RIPRODUZIONE DEL 1911 DELLA CARTA DI ROMA AL TEMPO DI GIULIO III- Foglio 10 - Istituto Geografico Militare","robots":{"index":"index","follow":"follow","max-snippet":"max-snippet:-1","max-image-preview":"max-image-preview:large","max-video-preview":"max-video-preview:-1"},"canonical":"https:\/\/igmi.esercito.difesa.it\/en\/prodotto\/385318\/","og_locale":"en_US","og_type":"article","og_title":"RIPRODUZIONE DEL 1911 DELLA CARTA DI ROMA AL TEMPO DI GIULIO III- Foglio 10 - Istituto Geografico Militare","og_description":"La Pianta di Roma di Leonardo Bufalini del 1551 riprodotta dall&#8217;esemplare esistente nella Biblioteca Vaticana a cura della Biblioteca medesima con introduzione di Francesco Ehrle S.I. Roma, Danesi, 1911. La riproduzione fa parte della serie &#8221; Le piante maggiori di Roma dei secoli XVI e XVII, riprodotte in fototipia a cura della Biblioteca Vaticana &#8220;. [&hellip;]","og_url":"https:\/\/igmi.esercito.difesa.it\/en\/prodotto\/385318\/","og_site_name":"Istituto Geografico Militare","article_modified_time":"2026-04-08T22:23:43+00:00","og_image":[{"width":1000,"height":1299,"url":"https:\/\/igmi.esercito.difesa.it\/wp-content\/uploads\/B0006662.jpg","type":"image\/jpeg"}],"twitter_card":"summary_large_image","twitter_misc":{"Est. reading time":"1 minute"},"schema":{"@context":"https:\/\/schema.org","@graph":[{"@type":"WebPage","@id":"https:\/\/igmi.esercito.difesa.it\/en\/prodotto\/385318\/","url":"https:\/\/igmi.esercito.difesa.it\/en\/prodotto\/385318\/","name":"RIPRODUZIONE DEL 1911 DELLA CARTA DI ROMA AL TEMPO DI GIULIO III- Foglio 10 - Istituto Geografico Militare","isPartOf":{"@id":"https:\/\/igmi.esercito.difesa.it\/en\/#website"},"primaryImageOfPage":{"@id":"https:\/\/igmi.esercito.difesa.it\/en\/prodotto\/385318\/#primaryimage"},"image":{"@id":"https:\/\/igmi.esercito.difesa.it\/en\/prodotto\/385318\/#primaryimage"},"thumbnailUrl":"https:\/\/igmi.esercito.difesa.it\/wp-content\/uploads\/B0006662.jpg","datePublished":"2025-06-26T13:23:58+00:00","dateModified":"2026-04-08T22:23:43+00:00","breadcrumb":{"@id":"https:\/\/igmi.esercito.difesa.it\/en\/prodotto\/385318\/#breadcrumb"},"inLanguage":"en-US","potentialAction":[{"@type":"ReadAction","target":["https:\/\/igmi.esercito.difesa.it\/en\/prodotto\/385318\/"]}]},{"@type":"ImageObject","inLanguage":"en-US","@id":"https:\/\/igmi.esercito.difesa.it\/en\/prodotto\/385318\/#primaryimage","url":"https:\/\/igmi.esercito.difesa.it\/wp-content\/uploads\/B0006662.jpg","contentUrl":"https:\/\/igmi.esercito.difesa.it\/wp-content\/uploads\/B0006662.jpg","width":1000,"height":1299},{"@type":"BreadcrumbList","@id":"https:\/\/igmi.esercito.difesa.it\/en\/prodotto\/385318\/#breadcrumb","itemListElement":[{"@type":"ListItem","position":1,"name":"Home","item":"https:\/\/igmi.esercito.difesa.it\/en\/homepage\/"},{"@type":"ListItem","position":2,"name":"Products","item":"https:\/\/igmi.esercito.difesa.it\/en\/shop\/"},{"@type":"ListItem","position":3,"name":"RIPRODUZIONE DEL 1911 DELLA CARTA DI ROMA AL TEMPO DI GIULIO III- Foglio 10"}]},{"@type":"WebSite","@id":"https:\/\/igmi.esercito.difesa.it\/en\/#website","url":"https:\/\/igmi.esercito.difesa.it\/en\/","name":"Istituto Geografico Militare","description":"Ente cartografico dello stato","publisher":{"@id":"https:\/\/igmi.esercito.difesa.it\/en\/#organization"},"potentialAction":[{"@type":"SearchAction","target":{"@type":"EntryPoint","urlTemplate":"https:\/\/igmi.esercito.difesa.it\/en\/?s={search_term_string}"},"query-input":{"@type":"PropertyValueSpecification","valueRequired":true,"valueName":"search_term_string"}}],"inLanguage":"en-US"},{"@type":"Organization","@id":"https:\/\/igmi.esercito.difesa.it\/en\/#organization","name":"Istituto Geografico Militare","url":"https:\/\/igmi.esercito.difesa.it\/en\/","logo":{"@type":"ImageObject","inLanguage":"en-US","@id":"https:\/\/igmi.esercito.difesa.it\/en\/#\/schema\/logo\/image\/","url":"https:\/\/igmi.esercito.difesa.it\/wp-content\/uploads\/2025\/04\/Logo-igm.webp","contentUrl":"https:\/\/igmi.esercito.difesa.it\/wp-content\/uploads\/2025\/04\/Logo-igm.webp","width":1320,"height":1696,"caption":"Istituto Geografico Militare"},"image":{"@id":"https:\/\/igmi.esercito.difesa.it\/en\/#\/schema\/logo\/image\/"}}]}},"_links":{"self":[{"href":"https:\/\/igmi.esercito.difesa.it\/en\/wp-json\/wp\/v2\/product\/346429","targetHints":{"allow":["GET"]}}],"collection":[{"href":"https:\/\/igmi.esercito.difesa.it\/en\/wp-json\/wp\/v2\/product"}],"about":[{"href":"https:\/\/igmi.esercito.difesa.it\/en\/wp-json\/wp\/v2\/types\/product"}],"wp:featuredmedia":[{"embeddable":true,"href":"https:\/\/igmi.esercito.difesa.it\/en\/wp-json\/wp\/v2\/media\/678521"}],"wp:attachment":[{"href":"https:\/\/igmi.esercito.difesa.it\/en\/wp-json\/wp\/v2\/media?parent=346429"}],"wp:term":[{"taxonomy":"product_brand","embeddable":true,"href":"https:\/\/igmi.esercito.difesa.it\/en\/wp-json\/wp\/v2\/product_brand?post=346429"},{"taxonomy":"product_cat","embeddable":true,"href":"https:\/\/igmi.esercito.difesa.it\/en\/wp-json\/wp\/v2\/product_cat?post=346429"},{"taxonomy":"product_tag","embeddable":true,"href":"https:\/\/igmi.esercito.difesa.it\/en\/wp-json\/wp\/v2\/product_tag?post=346429"}],"curies":[{"name":"wp","href":"https:\/\/api.w.org\/{rel}","templated":true}]}}