{"id":346750,"date":"2025-06-26T15:57:08","date_gmt":"2025-06-26T13:57:08","guid":{"rendered":"https:\/\/igmi.esercito.difesa.it\/prodotto\/385363\/"},"modified":"2026-04-09T00:33:23","modified_gmt":"2026-04-08T22:33:23","slug":"385363","status":"publish","type":"product","link":"https:\/\/igmi.esercito.difesa.it\/en\/prodotto\/385363\/","title":{"rendered":"REGNO DI NAPOLI E SICILIA"},"content":{"rendered":"<p>Carta in quattro fogli riuniti e montati su tela. E&#8217; orientata col nord posto al lato sinistro del foglio. In alto, nello specchio del Mare Adriatico, un cartello contenente l&#8217;elenco de &#8221; Le XII Provincie del Regno &#8220;. A destra, nel Golfo di Taranto la seguente leggenda &#8221; Questo Grafico Disegno-\u00e8 voltato \u00e0 traverso per la-comodit\u00e0 del Lettore e del- volume, essendo non dimeno osservata la linea Meridiona- le et altezza Polare con li suoi- gradit et Minuti \u00e0 Canto, et &#8211; la longhezza secondo l&#8217;Eclit- tica da piede, come l&#8217;intelligente- Lettore Conoscer\u00e0 &#8220;, cui segue pi\u00f9 in basso: &#8221; In Bologna- appresso Gioseffo Longhi 1676 &#8221; e la scala grafica di 12 miglia. Il lato inferiore del foglio \u00e8 occupato dalla carta della Sicilia a scala minore e dalle piante delle citt\u00e0 di Palermo, Siracusa, Catania, Napoli, Messina. Gli abitati principali sono rappresentati in pianta prospettica: i secondari con torri e case o con circolini. L&#8217;orografia \u00e8 dimostrata col metodo &#8221; a monticelli &#8220;. Si tratta senza dubbio di un esemplare parziale della Carta d&#8217; &#8221; Italia- di- Matteo Greuter- revista et augmentata di molti luoghi principali MDCLXXV- Pietro Todeschi fece in Bologna- Gioseffo Longhi forma &#8220;.<br \/>\nCfr. ALMAGIA&#8217; R., L&#8217;Italia di Giovanni Antonio Magini e la Cartografia dell&#8217;Italia nei secoli XVI e XVII, 1922, pagg. 123 e 125, riproduzione rarissima di cui L&#8217;I.G.M. conserva una copia (vedi N\u00b0 13 d&#8217;ordine, Gruppo Italia in Generale).<\/p>\n","protected":false},"excerpt":{"rendered":"<p>Carta in quattro fogli riuniti e montati su tela. E&#8217; orientata col nord posto al lato sinistro del foglio. In alto, nello specchio del Mare Adriatico, un cartello contenente l&#8217;elenco de &#8221; Le XII Provincie del Regno &#8220;. A destra, nel Golfo di Taranto la seguente leggenda &#8221; Questo Grafico Disegno-\u00e8 voltato \u00e0 traverso per [&hellip;]<\/p>\n","protected":false},"featured_media":678734,"template":"","meta":{"_acf_changed":false},"product_brand":[],"product_cat":[191,447],"product_tag":[334],"class_list":{"0":"post-346750","1":"product","2":"type-product","3":"status-publish","4":"has-post-thumbnail","6":"product_cat-carte-antiche","7":"product_cat-tecnica_risoluzione_carta_antica","8":"product_tag-carta-antica","10":"first","11":"instock","12":"downloadable","13":"virtual","14":"sold-individually","15":"taxable","16":"purchasable","17":"product-type-simple"},"acf":[],"yoast_head":"<!-- This site is optimized with the Yoast SEO plugin v26.4 - https:\/\/yoast.com\/wordpress\/plugins\/seo\/ -->\n<title>REGNO DI NAPOLI E SICILIA - Istituto Geografico Militare<\/title>\n<meta name=\"robots\" content=\"index, follow, max-snippet:-1, max-image-preview:large, max-video-preview:-1\" \/>\n<link rel=\"canonical\" href=\"https:\/\/igmi.esercito.difesa.it\/en\/prodotto\/385363\/\" \/>\n<meta property=\"og:locale\" content=\"en_US\" \/>\n<meta property=\"og:type\" content=\"article\" \/>\n<meta property=\"og:title\" content=\"REGNO DI NAPOLI E SICILIA - Istituto Geografico Militare\" \/>\n<meta property=\"og:description\" content=\"Carta in quattro fogli riuniti e montati su tela. E&#8217; orientata col nord posto al lato sinistro del foglio. In alto, nello specchio del Mare Adriatico, un cartello contenente l&#8217;elenco de &#8221; Le XII Provincie del Regno &#8220;. A destra, nel Golfo di Taranto la seguente leggenda &#8221; Questo Grafico Disegno-\u00e8 voltato \u00e0 traverso per [&hellip;]\" \/>\n<meta property=\"og:url\" content=\"https:\/\/igmi.esercito.difesa.it\/en\/prodotto\/385363\/\" \/>\n<meta property=\"og:site_name\" content=\"Istituto Geografico Militare\" \/>\n<meta property=\"article:modified_time\" content=\"2026-04-08T22:33:23+00:00\" \/>\n<meta property=\"og:image\" content=\"https:\/\/igmi.esercito.difesa.it\/wp-content\/uploads\/B0012858.jpg\" \/>\n\t<meta property=\"og:image:width\" content=\"1000\" \/>\n\t<meta property=\"og:image:height\" content=\"1350\" \/>\n\t<meta property=\"og:image:type\" content=\"image\/jpeg\" \/>\n<meta name=\"twitter:card\" content=\"summary_large_image\" \/>\n<meta name=\"twitter:label1\" content=\"Est. reading time\" \/>\n\t<meta name=\"twitter:data1\" content=\"1 minute\" \/>\n<script type=\"application\/ld+json\" class=\"yoast-schema-graph\">{\"@context\":\"https:\/\/schema.org\",\"@graph\":[{\"@type\":\"WebPage\",\"@id\":\"https:\/\/igmi.esercito.difesa.it\/en\/prodotto\/385363\/\",\"url\":\"https:\/\/igmi.esercito.difesa.it\/en\/prodotto\/385363\/\",\"name\":\"REGNO DI NAPOLI E SICILIA - Istituto Geografico Militare\",\"isPartOf\":{\"@id\":\"https:\/\/igmi.esercito.difesa.it\/en\/#website\"},\"primaryImageOfPage\":{\"@id\":\"https:\/\/igmi.esercito.difesa.it\/en\/prodotto\/385363\/#primaryimage\"},\"image\":{\"@id\":\"https:\/\/igmi.esercito.difesa.it\/en\/prodotto\/385363\/#primaryimage\"},\"thumbnailUrl\":\"https:\/\/igmi.esercito.difesa.it\/wp-content\/uploads\/B0012858.jpg\",\"datePublished\":\"2025-06-26T13:57:08+00:00\",\"dateModified\":\"2026-04-08T22:33:23+00:00\",\"breadcrumb\":{\"@id\":\"https:\/\/igmi.esercito.difesa.it\/en\/prodotto\/385363\/#breadcrumb\"},\"inLanguage\":\"en-US\",\"potentialAction\":[{\"@type\":\"ReadAction\",\"target\":[\"https:\/\/igmi.esercito.difesa.it\/en\/prodotto\/385363\/\"]}]},{\"@type\":\"ImageObject\",\"inLanguage\":\"en-US\",\"@id\":\"https:\/\/igmi.esercito.difesa.it\/en\/prodotto\/385363\/#primaryimage\",\"url\":\"https:\/\/igmi.esercito.difesa.it\/wp-content\/uploads\/B0012858.jpg\",\"contentUrl\":\"https:\/\/igmi.esercito.difesa.it\/wp-content\/uploads\/B0012858.jpg\",\"width\":1000,\"height\":1350},{\"@type\":\"BreadcrumbList\",\"@id\":\"https:\/\/igmi.esercito.difesa.it\/en\/prodotto\/385363\/#breadcrumb\",\"itemListElement\":[{\"@type\":\"ListItem\",\"position\":1,\"name\":\"Home\",\"item\":\"https:\/\/igmi.esercito.difesa.it\/en\/homepage\/\"},{\"@type\":\"ListItem\",\"position\":2,\"name\":\"Products\",\"item\":\"https:\/\/igmi.esercito.difesa.it\/en\/shop\/\"},{\"@type\":\"ListItem\",\"position\":3,\"name\":\"REGNO DI NAPOLI E SICILIA\"}]},{\"@type\":\"WebSite\",\"@id\":\"https:\/\/igmi.esercito.difesa.it\/en\/#website\",\"url\":\"https:\/\/igmi.esercito.difesa.it\/en\/\",\"name\":\"Istituto Geografico Militare\",\"description\":\"Ente cartografico dello stato\",\"publisher\":{\"@id\":\"https:\/\/igmi.esercito.difesa.it\/en\/#organization\"},\"potentialAction\":[{\"@type\":\"SearchAction\",\"target\":{\"@type\":\"EntryPoint\",\"urlTemplate\":\"https:\/\/igmi.esercito.difesa.it\/en\/?s={search_term_string}\"},\"query-input\":{\"@type\":\"PropertyValueSpecification\",\"valueRequired\":true,\"valueName\":\"search_term_string\"}}],\"inLanguage\":\"en-US\"},{\"@type\":\"Organization\",\"@id\":\"https:\/\/igmi.esercito.difesa.it\/en\/#organization\",\"name\":\"Istituto Geografico Militare\",\"url\":\"https:\/\/igmi.esercito.difesa.it\/en\/\",\"logo\":{\"@type\":\"ImageObject\",\"inLanguage\":\"en-US\",\"@id\":\"https:\/\/igmi.esercito.difesa.it\/en\/#\/schema\/logo\/image\/\",\"url\":\"https:\/\/igmi.esercito.difesa.it\/wp-content\/uploads\/2025\/04\/Logo-igm.webp\",\"contentUrl\":\"https:\/\/igmi.esercito.difesa.it\/wp-content\/uploads\/2025\/04\/Logo-igm.webp\",\"width\":1320,\"height\":1696,\"caption\":\"Istituto Geografico Militare\"},\"image\":{\"@id\":\"https:\/\/igmi.esercito.difesa.it\/en\/#\/schema\/logo\/image\/\"}}]}<\/script>\n<!-- \/ Yoast SEO plugin. -->","yoast_head_json":{"title":"REGNO DI NAPOLI E SICILIA - Istituto Geografico Militare","robots":{"index":"index","follow":"follow","max-snippet":"max-snippet:-1","max-image-preview":"max-image-preview:large","max-video-preview":"max-video-preview:-1"},"canonical":"https:\/\/igmi.esercito.difesa.it\/en\/prodotto\/385363\/","og_locale":"en_US","og_type":"article","og_title":"REGNO DI NAPOLI E SICILIA - Istituto Geografico Militare","og_description":"Carta in quattro fogli riuniti e montati su tela. E&#8217; orientata col nord posto al lato sinistro del foglio. In alto, nello specchio del Mare Adriatico, un cartello contenente l&#8217;elenco de &#8221; Le XII Provincie del Regno &#8220;. A destra, nel Golfo di Taranto la seguente leggenda &#8221; Questo Grafico Disegno-\u00e8 voltato \u00e0 traverso per [&hellip;]","og_url":"https:\/\/igmi.esercito.difesa.it\/en\/prodotto\/385363\/","og_site_name":"Istituto Geografico Militare","article_modified_time":"2026-04-08T22:33:23+00:00","og_image":[{"width":1000,"height":1350,"url":"https:\/\/igmi.esercito.difesa.it\/wp-content\/uploads\/B0012858.jpg","type":"image\/jpeg"}],"twitter_card":"summary_large_image","twitter_misc":{"Est. reading time":"1 minute"},"schema":{"@context":"https:\/\/schema.org","@graph":[{"@type":"WebPage","@id":"https:\/\/igmi.esercito.difesa.it\/en\/prodotto\/385363\/","url":"https:\/\/igmi.esercito.difesa.it\/en\/prodotto\/385363\/","name":"REGNO DI NAPOLI E SICILIA - Istituto Geografico Militare","isPartOf":{"@id":"https:\/\/igmi.esercito.difesa.it\/en\/#website"},"primaryImageOfPage":{"@id":"https:\/\/igmi.esercito.difesa.it\/en\/prodotto\/385363\/#primaryimage"},"image":{"@id":"https:\/\/igmi.esercito.difesa.it\/en\/prodotto\/385363\/#primaryimage"},"thumbnailUrl":"https:\/\/igmi.esercito.difesa.it\/wp-content\/uploads\/B0012858.jpg","datePublished":"2025-06-26T13:57:08+00:00","dateModified":"2026-04-08T22:33:23+00:00","breadcrumb":{"@id":"https:\/\/igmi.esercito.difesa.it\/en\/prodotto\/385363\/#breadcrumb"},"inLanguage":"en-US","potentialAction":[{"@type":"ReadAction","target":["https:\/\/igmi.esercito.difesa.it\/en\/prodotto\/385363\/"]}]},{"@type":"ImageObject","inLanguage":"en-US","@id":"https:\/\/igmi.esercito.difesa.it\/en\/prodotto\/385363\/#primaryimage","url":"https:\/\/igmi.esercito.difesa.it\/wp-content\/uploads\/B0012858.jpg","contentUrl":"https:\/\/igmi.esercito.difesa.it\/wp-content\/uploads\/B0012858.jpg","width":1000,"height":1350},{"@type":"BreadcrumbList","@id":"https:\/\/igmi.esercito.difesa.it\/en\/prodotto\/385363\/#breadcrumb","itemListElement":[{"@type":"ListItem","position":1,"name":"Home","item":"https:\/\/igmi.esercito.difesa.it\/en\/homepage\/"},{"@type":"ListItem","position":2,"name":"Products","item":"https:\/\/igmi.esercito.difesa.it\/en\/shop\/"},{"@type":"ListItem","position":3,"name":"REGNO DI NAPOLI E SICILIA"}]},{"@type":"WebSite","@id":"https:\/\/igmi.esercito.difesa.it\/en\/#website","url":"https:\/\/igmi.esercito.difesa.it\/en\/","name":"Istituto Geografico Militare","description":"Ente cartografico dello stato","publisher":{"@id":"https:\/\/igmi.esercito.difesa.it\/en\/#organization"},"potentialAction":[{"@type":"SearchAction","target":{"@type":"EntryPoint","urlTemplate":"https:\/\/igmi.esercito.difesa.it\/en\/?s={search_term_string}"},"query-input":{"@type":"PropertyValueSpecification","valueRequired":true,"valueName":"search_term_string"}}],"inLanguage":"en-US"},{"@type":"Organization","@id":"https:\/\/igmi.esercito.difesa.it\/en\/#organization","name":"Istituto Geografico Militare","url":"https:\/\/igmi.esercito.difesa.it\/en\/","logo":{"@type":"ImageObject","inLanguage":"en-US","@id":"https:\/\/igmi.esercito.difesa.it\/en\/#\/schema\/logo\/image\/","url":"https:\/\/igmi.esercito.difesa.it\/wp-content\/uploads\/2025\/04\/Logo-igm.webp","contentUrl":"https:\/\/igmi.esercito.difesa.it\/wp-content\/uploads\/2025\/04\/Logo-igm.webp","width":1320,"height":1696,"caption":"Istituto Geografico Militare"},"image":{"@id":"https:\/\/igmi.esercito.difesa.it\/en\/#\/schema\/logo\/image\/"}}]}},"_links":{"self":[{"href":"https:\/\/igmi.esercito.difesa.it\/en\/wp-json\/wp\/v2\/product\/346750","targetHints":{"allow":["GET"]}}],"collection":[{"href":"https:\/\/igmi.esercito.difesa.it\/en\/wp-json\/wp\/v2\/product"}],"about":[{"href":"https:\/\/igmi.esercito.difesa.it\/en\/wp-json\/wp\/v2\/types\/product"}],"wp:featuredmedia":[{"embeddable":true,"href":"https:\/\/igmi.esercito.difesa.it\/en\/wp-json\/wp\/v2\/media\/678734"}],"wp:attachment":[{"href":"https:\/\/igmi.esercito.difesa.it\/en\/wp-json\/wp\/v2\/media?parent=346750"}],"wp:term":[{"taxonomy":"product_brand","embeddable":true,"href":"https:\/\/igmi.esercito.difesa.it\/en\/wp-json\/wp\/v2\/product_brand?post=346750"},{"taxonomy":"product_cat","embeddable":true,"href":"https:\/\/igmi.esercito.difesa.it\/en\/wp-json\/wp\/v2\/product_cat?post=346750"},{"taxonomy":"product_tag","embeddable":true,"href":"https:\/\/igmi.esercito.difesa.it\/en\/wp-json\/wp\/v2\/product_tag?post=346750"}],"curies":[{"name":"wp","href":"https:\/\/api.w.org\/{rel}","templated":true}]}}