{"id":349247,"date":"2025-06-26T18:58:52","date_gmt":"2025-06-26T16:58:52","guid":{"rendered":"https:\/\/igmi.esercito.difesa.it\/prodotto\/386122\/"},"modified":"2026-02-16T23:39:12","modified_gmt":"2026-02-16T22:39:12","slug":"386122","status":"publish","type":"product","link":"https:\/\/igmi.esercito.difesa.it\/en\/prodotto\/386122\/","title":{"rendered":"CARTA TOPOGRAFICA DEL REGNO LOMBARDO-VENETO COSTRUTTA SOPRA MISURE ASTRONOMICO-TRIGONOMETRICHE ED INCISA A MILANO NELL&#8217;ISTITUTO GEOGRAFICO MILITARE DELL&#8217;I.R. STATO MAGGIORE GENERALE AUSTRIACO &#8211; F.4"},"content":{"rendered":"<p>Carta in quarantadue fogli compresi il titolo e il quadro dei segni convenzionali. Essa venne pubblicata dall&#8217;I.G.M. Austriaco, in Milano sulla base, per la parte geodetica, dei lavori in precedenza eseguiti dal Deposito della Guerra di Milano (Regno Italico-Periodo Francese e di quelli dell&#8217;Istituto Austriaco stesso, e per la parte topografica sul ricco materiale raccolto dal &#8220;Deposito&#8221; sopra citato e sulle mappe catastali convenientemente ridotte alla scala di 1:28.000. Proiezione adottata quella di cassini con centro di sviluppo la guglia del Duomo di Milano (45\u00b0 27&#8242; 34 &#8220;, 5 lat. nord e 36\u00b0 51\/ 16&#8221;, 6 long. est dall&#8217;Isola del Ferro). Disegno ed incisione su rame con orografia rappresentata con fine tratteggio a luce zenitale. Gli abitati sono distinti in base alla loro importanza amministrativa con indicazione dei luoghi fortificati. Le strade sono distinte in cinque classi: le ferrovie in tre. Sono indicati i canali navigabili e d&#8217;irrigazione. La carta mostra inoltre colture, brughiere, pascoli, prati, alpi, stazioni di posta, fiere e mercati, passaggi e ponti sui fiumi, costruzioni e case isolate, miniere, fabbriche, cave, ecc., confini politici e amministrativi. Altri segni convenzionali si riferiscono ai porti e alle navigazioni dei fiumi. Gli scandagli sono calcolati in piedi di Parigi. Il Foglio 2 contiene il quadro dei segni convenzionali. Altri fogli contengono quadri statistico-amministrativi per la Lombardia e per il Veneto, quadri di unione per le due provincie alla scala 1:1.036.800, il prospetto dei punti trigonometrici e delle elevazioni, ecc. Questa carta \u00e8 da considerarsi opera essenzialmente italiana poich\u00e8 eseguita e diretta da italiani, costitu\u00ec con le carte consimili dei Ducati di Modena e di Parma, della Toscana e dello Stato Pontificio, che ne sono il complemento, la base fondamentale della topografia di gran parte della penisola fino a che non si ebbe la nuova carta topografica ufficiale di Italia.<br \/>\nLa copia N.3 \u00e8 incompleta: consta solo dei soli 23 fogli relativi al Veneto,con il quadro dei segni convenzionali riprodotto in fotolito dall&#8217;I.G.M. di Firenze nel 1885; \u00e8 riconosciuta e messa al corrente a tutto il 1865. Pagina 230 del Catalogo Ragionato. La carta \u00e8 formata da due quadri di unione. Il primo \u00e8 quello relativo alla &#8220;Carta Topografica del Regno Lombardo-Veneto componenti il Governo della Lombardia &#8221; documento 2 cartella 52(da A a D, da 1 a 6), il secondo \u00e8 invece &#8221; Carta Topografica del Regno Lombardo-Veneto componenti il Governo di Venezia &#8220;documento 4 cartella 52 (da D a H, da 1 a 6).<\/p>\n","protected":false},"excerpt":{"rendered":"<p>Carta in quarantadue fogli compresi il titolo e il quadro dei segni convenzionali. Essa venne pubblicata dall&#8217;I.G.M. Austriaco, in Milano sulla base, per la parte geodetica, dei lavori in precedenza eseguiti dal Deposito della Guerra di Milano (Regno Italico-Periodo Francese e di quelli dell&#8217;Istituto Austriaco stesso, e per la parte topografica sul ricco materiale raccolto [&hellip;]<\/p>\n","protected":false},"featured_media":468435,"template":"","meta":{"_acf_changed":false},"product_brand":[],"product_cat":[191,447],"product_tag":[334],"class_list":{"0":"post-349247","1":"product","2":"type-product","3":"status-publish","4":"has-post-thumbnail","6":"product_cat-carte-antiche","7":"product_cat-tecnica_risoluzione_carta_antica","8":"product_tag-carta-antica","10":"first","11":"instock","12":"downloadable","13":"virtual","14":"sold-individually","15":"taxable","16":"purchasable","17":"product-type-simple"},"acf":[],"yoast_head":"<!-- This site is optimized with the Yoast SEO plugin v26.4 - https:\/\/yoast.com\/wordpress\/plugins\/seo\/ -->\n<title>CARTA TOPOGRAFICA DEL REGNO LOMBARDO-VENETO COSTRUTTA SOPRA MISURE ASTRONOMICO-TRIGONOMETRICHE ED INCISA A MILANO NELL&#039;ISTITUTO GEOGRAFICO MILITARE DELL&#039;I.R. STATO MAGGIORE GENERALE AUSTRIACO - F.4 - Istituto Geografico Militare<\/title>\n<meta name=\"robots\" content=\"index, follow, max-snippet:-1, max-image-preview:large, max-video-preview:-1\" \/>\n<link rel=\"canonical\" href=\"https:\/\/igmi.esercito.difesa.it\/en\/prodotto\/386122\/\" \/>\n<meta property=\"og:locale\" content=\"en_US\" \/>\n<meta property=\"og:type\" content=\"article\" \/>\n<meta property=\"og:title\" content=\"CARTA TOPOGRAFICA DEL REGNO LOMBARDO-VENETO COSTRUTTA SOPRA MISURE ASTRONOMICO-TRIGONOMETRICHE ED INCISA A MILANO NELL&#039;ISTITUTO GEOGRAFICO MILITARE DELL&#039;I.R. STATO MAGGIORE GENERALE AUSTRIACO - F.4 - Istituto Geografico Militare\" \/>\n<meta property=\"og:description\" content=\"Carta in quarantadue fogli compresi il titolo e il quadro dei segni convenzionali. Essa venne pubblicata dall&#8217;I.G.M. Austriaco, in Milano sulla base, per la parte geodetica, dei lavori in precedenza eseguiti dal Deposito della Guerra di Milano (Regno Italico-Periodo Francese e di quelli dell&#8217;Istituto Austriaco stesso, e per la parte topografica sul ricco materiale raccolto [&hellip;]\" \/>\n<meta property=\"og:url\" content=\"https:\/\/igmi.esercito.difesa.it\/en\/prodotto\/386122\/\" \/>\n<meta property=\"og:site_name\" content=\"Istituto Geografico Militare\" \/>\n<meta property=\"article:modified_time\" content=\"2026-02-16T22:39:12+00:00\" \/>\n<meta property=\"og:image\" content=\"https:\/\/igmi.esercito.difesa.it\/wp-content\/uploads\/CA004389.jpg\" \/>\n\t<meta property=\"og:image:width\" content=\"1000\" \/>\n\t<meta property=\"og:image:height\" content=\"737\" \/>\n\t<meta property=\"og:image:type\" content=\"image\/jpeg\" \/>\n<meta name=\"twitter:card\" content=\"summary_large_image\" \/>\n<meta name=\"twitter:label1\" content=\"Est. reading time\" \/>\n\t<meta name=\"twitter:data1\" content=\"2 minutes\" \/>\n<script type=\"application\/ld+json\" class=\"yoast-schema-graph\">{\"@context\":\"https:\/\/schema.org\",\"@graph\":[{\"@type\":\"WebPage\",\"@id\":\"https:\/\/igmi.esercito.difesa.it\/en\/prodotto\/386122\/\",\"url\":\"https:\/\/igmi.esercito.difesa.it\/en\/prodotto\/386122\/\",\"name\":\"CARTA TOPOGRAFICA DEL REGNO LOMBARDO-VENETO COSTRUTTA SOPRA MISURE ASTRONOMICO-TRIGONOMETRICHE ED INCISA A MILANO NELL'ISTITUTO GEOGRAFICO MILITARE DELL'I.R. STATO MAGGIORE GENERALE AUSTRIACO - F.4 - Istituto Geografico Militare\",\"isPartOf\":{\"@id\":\"https:\/\/igmi.esercito.difesa.it\/en\/#website\"},\"primaryImageOfPage\":{\"@id\":\"https:\/\/igmi.esercito.difesa.it\/en\/prodotto\/386122\/#primaryimage\"},\"image\":{\"@id\":\"https:\/\/igmi.esercito.difesa.it\/en\/prodotto\/386122\/#primaryimage\"},\"thumbnailUrl\":\"https:\/\/igmi.esercito.difesa.it\/wp-content\/uploads\/CA004389.jpg\",\"datePublished\":\"2025-06-26T16:58:52+00:00\",\"dateModified\":\"2026-02-16T22:39:12+00:00\",\"breadcrumb\":{\"@id\":\"https:\/\/igmi.esercito.difesa.it\/en\/prodotto\/386122\/#breadcrumb\"},\"inLanguage\":\"en-US\",\"potentialAction\":[{\"@type\":\"ReadAction\",\"target\":[\"https:\/\/igmi.esercito.difesa.it\/en\/prodotto\/386122\/\"]}]},{\"@type\":\"ImageObject\",\"inLanguage\":\"en-US\",\"@id\":\"https:\/\/igmi.esercito.difesa.it\/en\/prodotto\/386122\/#primaryimage\",\"url\":\"https:\/\/igmi.esercito.difesa.it\/wp-content\/uploads\/CA004389.jpg\",\"contentUrl\":\"https:\/\/igmi.esercito.difesa.it\/wp-content\/uploads\/CA004389.jpg\",\"width\":1000,\"height\":737},{\"@type\":\"BreadcrumbList\",\"@id\":\"https:\/\/igmi.esercito.difesa.it\/en\/prodotto\/386122\/#breadcrumb\",\"itemListElement\":[{\"@type\":\"ListItem\",\"position\":1,\"name\":\"Home\",\"item\":\"https:\/\/igmi.esercito.difesa.it\/en\/homepage\/\"},{\"@type\":\"ListItem\",\"position\":2,\"name\":\"Products\",\"item\":\"https:\/\/igmi.esercito.difesa.it\/en\/shop\/\"},{\"@type\":\"ListItem\",\"position\":3,\"name\":\"CARTA TOPOGRAFICA DEL REGNO LOMBARDO-VENETO COSTRUTTA SOPRA MISURE ASTRONOMICO-TRIGONOMETRICHE ED INCISA A MILANO NELL&#8217;ISTITUTO GEOGRAFICO MILITARE DELL&#8217;I.R. STATO MAGGIORE GENERALE AUSTRIACO &#8211; F.4\"}]},{\"@type\":\"WebSite\",\"@id\":\"https:\/\/igmi.esercito.difesa.it\/en\/#website\",\"url\":\"https:\/\/igmi.esercito.difesa.it\/en\/\",\"name\":\"Istituto Geografico Militare\",\"description\":\"Ente cartografico dello stato\",\"publisher\":{\"@id\":\"https:\/\/igmi.esercito.difesa.it\/en\/#organization\"},\"potentialAction\":[{\"@type\":\"SearchAction\",\"target\":{\"@type\":\"EntryPoint\",\"urlTemplate\":\"https:\/\/igmi.esercito.difesa.it\/en\/?s={search_term_string}\"},\"query-input\":{\"@type\":\"PropertyValueSpecification\",\"valueRequired\":true,\"valueName\":\"search_term_string\"}}],\"inLanguage\":\"en-US\"},{\"@type\":\"Organization\",\"@id\":\"https:\/\/igmi.esercito.difesa.it\/en\/#organization\",\"name\":\"Istituto Geografico Militare\",\"url\":\"https:\/\/igmi.esercito.difesa.it\/en\/\",\"logo\":{\"@type\":\"ImageObject\",\"inLanguage\":\"en-US\",\"@id\":\"https:\/\/igmi.esercito.difesa.it\/en\/#\/schema\/logo\/image\/\",\"url\":\"https:\/\/igmi.esercito.difesa.it\/wp-content\/uploads\/2025\/04\/Logo-igm.webp\",\"contentUrl\":\"https:\/\/igmi.esercito.difesa.it\/wp-content\/uploads\/2025\/04\/Logo-igm.webp\",\"width\":1320,\"height\":1696,\"caption\":\"Istituto Geografico Militare\"},\"image\":{\"@id\":\"https:\/\/igmi.esercito.difesa.it\/en\/#\/schema\/logo\/image\/\"}}]}<\/script>\n<!-- \/ Yoast SEO plugin. -->","yoast_head_json":{"title":"CARTA TOPOGRAFICA DEL REGNO LOMBARDO-VENETO COSTRUTTA SOPRA MISURE ASTRONOMICO-TRIGONOMETRICHE ED INCISA A MILANO NELL'ISTITUTO GEOGRAFICO MILITARE DELL'I.R. STATO MAGGIORE GENERALE AUSTRIACO - F.4 - Istituto Geografico Militare","robots":{"index":"index","follow":"follow","max-snippet":"max-snippet:-1","max-image-preview":"max-image-preview:large","max-video-preview":"max-video-preview:-1"},"canonical":"https:\/\/igmi.esercito.difesa.it\/en\/prodotto\/386122\/","og_locale":"en_US","og_type":"article","og_title":"CARTA TOPOGRAFICA DEL REGNO LOMBARDO-VENETO COSTRUTTA SOPRA MISURE ASTRONOMICO-TRIGONOMETRICHE ED INCISA A MILANO NELL'ISTITUTO GEOGRAFICO MILITARE DELL'I.R. STATO MAGGIORE GENERALE AUSTRIACO - F.4 - Istituto Geografico Militare","og_description":"Carta in quarantadue fogli compresi il titolo e il quadro dei segni convenzionali. Essa venne pubblicata dall&#8217;I.G.M. Austriaco, in Milano sulla base, per la parte geodetica, dei lavori in precedenza eseguiti dal Deposito della Guerra di Milano (Regno Italico-Periodo Francese e di quelli dell&#8217;Istituto Austriaco stesso, e per la parte topografica sul ricco materiale raccolto [&hellip;]","og_url":"https:\/\/igmi.esercito.difesa.it\/en\/prodotto\/386122\/","og_site_name":"Istituto Geografico Militare","article_modified_time":"2026-02-16T22:39:12+00:00","og_image":[{"width":1000,"height":737,"url":"https:\/\/igmi.esercito.difesa.it\/wp-content\/uploads\/CA004389.jpg","type":"image\/jpeg"}],"twitter_card":"summary_large_image","twitter_misc":{"Est. reading time":"2 minutes"},"schema":{"@context":"https:\/\/schema.org","@graph":[{"@type":"WebPage","@id":"https:\/\/igmi.esercito.difesa.it\/en\/prodotto\/386122\/","url":"https:\/\/igmi.esercito.difesa.it\/en\/prodotto\/386122\/","name":"CARTA TOPOGRAFICA DEL REGNO LOMBARDO-VENETO COSTRUTTA SOPRA MISURE ASTRONOMICO-TRIGONOMETRICHE ED INCISA A MILANO NELL'ISTITUTO GEOGRAFICO MILITARE DELL'I.R. STATO MAGGIORE GENERALE AUSTRIACO - F.4 - Istituto Geografico Militare","isPartOf":{"@id":"https:\/\/igmi.esercito.difesa.it\/en\/#website"},"primaryImageOfPage":{"@id":"https:\/\/igmi.esercito.difesa.it\/en\/prodotto\/386122\/#primaryimage"},"image":{"@id":"https:\/\/igmi.esercito.difesa.it\/en\/prodotto\/386122\/#primaryimage"},"thumbnailUrl":"https:\/\/igmi.esercito.difesa.it\/wp-content\/uploads\/CA004389.jpg","datePublished":"2025-06-26T16:58:52+00:00","dateModified":"2026-02-16T22:39:12+00:00","breadcrumb":{"@id":"https:\/\/igmi.esercito.difesa.it\/en\/prodotto\/386122\/#breadcrumb"},"inLanguage":"en-US","potentialAction":[{"@type":"ReadAction","target":["https:\/\/igmi.esercito.difesa.it\/en\/prodotto\/386122\/"]}]},{"@type":"ImageObject","inLanguage":"en-US","@id":"https:\/\/igmi.esercito.difesa.it\/en\/prodotto\/386122\/#primaryimage","url":"https:\/\/igmi.esercito.difesa.it\/wp-content\/uploads\/CA004389.jpg","contentUrl":"https:\/\/igmi.esercito.difesa.it\/wp-content\/uploads\/CA004389.jpg","width":1000,"height":737},{"@type":"BreadcrumbList","@id":"https:\/\/igmi.esercito.difesa.it\/en\/prodotto\/386122\/#breadcrumb","itemListElement":[{"@type":"ListItem","position":1,"name":"Home","item":"https:\/\/igmi.esercito.difesa.it\/en\/homepage\/"},{"@type":"ListItem","position":2,"name":"Products","item":"https:\/\/igmi.esercito.difesa.it\/en\/shop\/"},{"@type":"ListItem","position":3,"name":"CARTA TOPOGRAFICA DEL REGNO LOMBARDO-VENETO COSTRUTTA SOPRA MISURE ASTRONOMICO-TRIGONOMETRICHE ED INCISA A MILANO NELL&#8217;ISTITUTO GEOGRAFICO MILITARE DELL&#8217;I.R. STATO MAGGIORE GENERALE AUSTRIACO &#8211; F.4"}]},{"@type":"WebSite","@id":"https:\/\/igmi.esercito.difesa.it\/en\/#website","url":"https:\/\/igmi.esercito.difesa.it\/en\/","name":"Istituto Geografico Militare","description":"Ente cartografico dello stato","publisher":{"@id":"https:\/\/igmi.esercito.difesa.it\/en\/#organization"},"potentialAction":[{"@type":"SearchAction","target":{"@type":"EntryPoint","urlTemplate":"https:\/\/igmi.esercito.difesa.it\/en\/?s={search_term_string}"},"query-input":{"@type":"PropertyValueSpecification","valueRequired":true,"valueName":"search_term_string"}}],"inLanguage":"en-US"},{"@type":"Organization","@id":"https:\/\/igmi.esercito.difesa.it\/en\/#organization","name":"Istituto Geografico Militare","url":"https:\/\/igmi.esercito.difesa.it\/en\/","logo":{"@type":"ImageObject","inLanguage":"en-US","@id":"https:\/\/igmi.esercito.difesa.it\/en\/#\/schema\/logo\/image\/","url":"https:\/\/igmi.esercito.difesa.it\/wp-content\/uploads\/2025\/04\/Logo-igm.webp","contentUrl":"https:\/\/igmi.esercito.difesa.it\/wp-content\/uploads\/2025\/04\/Logo-igm.webp","width":1320,"height":1696,"caption":"Istituto Geografico Militare"},"image":{"@id":"https:\/\/igmi.esercito.difesa.it\/en\/#\/schema\/logo\/image\/"}}]}},"_links":{"self":[{"href":"https:\/\/igmi.esercito.difesa.it\/en\/wp-json\/wp\/v2\/product\/349247","targetHints":{"allow":["GET"]}}],"collection":[{"href":"https:\/\/igmi.esercito.difesa.it\/en\/wp-json\/wp\/v2\/product"}],"about":[{"href":"https:\/\/igmi.esercito.difesa.it\/en\/wp-json\/wp\/v2\/types\/product"}],"wp:featuredmedia":[{"embeddable":true,"href":"https:\/\/igmi.esercito.difesa.it\/en\/wp-json\/wp\/v2\/media\/468435"}],"wp:attachment":[{"href":"https:\/\/igmi.esercito.difesa.it\/en\/wp-json\/wp\/v2\/media?parent=349247"}],"wp:term":[{"taxonomy":"product_brand","embeddable":true,"href":"https:\/\/igmi.esercito.difesa.it\/en\/wp-json\/wp\/v2\/product_brand?post=349247"},{"taxonomy":"product_cat","embeddable":true,"href":"https:\/\/igmi.esercito.difesa.it\/en\/wp-json\/wp\/v2\/product_cat?post=349247"},{"taxonomy":"product_tag","embeddable":true,"href":"https:\/\/igmi.esercito.difesa.it\/en\/wp-json\/wp\/v2\/product_tag?post=349247"}],"curies":[{"name":"wp","href":"https:\/\/api.w.org\/{rel}","templated":true}]}}