{"id":352731,"date":"2025-06-26T22:43:28","date_gmt":"2025-06-26T20:43:28","guid":{"rendered":"https:\/\/igmi.esercito.difesa.it\/prodotto\/387234\/"},"modified":"2026-04-09T07:13:26","modified_gmt":"2026-04-09T05:13:26","slug":"387234","status":"publish","type":"product","link":"https:\/\/igmi.esercito.difesa.it\/en\/prodotto\/387234\/","title":{"rendered":"CARTA DI QUASI TUTTA L&#8217;EX PROVINCIA DI ACQUI E DI PARTE DI QUELLE DI MONDOVI&#8217;, ALBA ED ALESSANDRIA &#8211; FOGLIO 21."},"content":{"rendered":"<p>Cinquantasei fogli pi\u00f9 un quadro d&#8217;unione, disegnati a penna a pi\u00f9 tinte ed acquerellati. Non portano indicazione di data n\u00e8 di autore, ma si possono ritenere opera della fine del secolo XVIII. Documento topografico del pi\u00f9 grande interesse per la copia grandissima degli elementi topografici che vi sono rappresentati, come comporta la notevole grandezza della scala del disegno e per la chiarezza e l&#8217;evidenza artistica della rappresentazione. Le citt\u00e0 e i villaggi sono rappresentati nella loro pianta geometrica dettagliatissima. Ricchissima pure la toponomastica relativa ai centri abitati, corsi d&#8217;acqua, strade, regioni. Sono indicate con diverse tinte le differenti zone di coltura.<\/p>\n","protected":false},"excerpt":{"rendered":"<p>Cinquantasei fogli pi\u00f9 un quadro d&#8217;unione, disegnati a penna a pi\u00f9 tinte ed acquerellati. Non portano indicazione di data n\u00e8 di autore, ma si possono ritenere opera della fine del secolo XVIII. Documento topografico del pi\u00f9 grande interesse per la copia grandissima degli elementi topografici che vi sono rappresentati, come comporta la notevole grandezza della [&hellip;]<\/p>\n","protected":false},"featured_media":471231,"template":"","meta":{"_acf_changed":false},"product_brand":[],"product_cat":[191,447],"product_tag":[334],"class_list":{"0":"post-352731","1":"product","2":"type-product","3":"status-publish","4":"has-post-thumbnail","6":"product_cat-carte-antiche","7":"product_cat-tecnica_risoluzione_carta_antica","8":"product_tag-carta-antica","10":"first","11":"instock","12":"downloadable","13":"virtual","14":"sold-individually","15":"taxable","16":"purchasable","17":"product-type-simple"},"acf":[],"yoast_head":"<!-- This site is optimized with the Yoast SEO plugin v26.4 - https:\/\/yoast.com\/wordpress\/plugins\/seo\/ -->\n<title>CARTA DI QUASI TUTTA L&#039;EX PROVINCIA DI ACQUI E DI PARTE DI QUELLE DI MONDOVI&#039;, ALBA ED ALESSANDRIA - FOGLIO 21. - Istituto Geografico Militare<\/title>\n<meta name=\"robots\" content=\"index, follow, max-snippet:-1, max-image-preview:large, max-video-preview:-1\" \/>\n<link rel=\"canonical\" href=\"https:\/\/igmi.esercito.difesa.it\/en\/prodotto\/387234\/\" \/>\n<meta property=\"og:locale\" content=\"en_US\" \/>\n<meta property=\"og:type\" content=\"article\" \/>\n<meta property=\"og:title\" content=\"CARTA DI QUASI TUTTA L&#039;EX PROVINCIA DI ACQUI E DI PARTE DI QUELLE DI MONDOVI&#039;, ALBA ED ALESSANDRIA - FOGLIO 21. - Istituto Geografico Militare\" \/>\n<meta property=\"og:description\" content=\"Cinquantasei fogli pi\u00f9 un quadro d&#8217;unione, disegnati a penna a pi\u00f9 tinte ed acquerellati. Non portano indicazione di data n\u00e8 di autore, ma si possono ritenere opera della fine del secolo XVIII. Documento topografico del pi\u00f9 grande interesse per la copia grandissima degli elementi topografici che vi sono rappresentati, come comporta la notevole grandezza della [&hellip;]\" \/>\n<meta property=\"og:url\" content=\"https:\/\/igmi.esercito.difesa.it\/en\/prodotto\/387234\/\" \/>\n<meta property=\"og:site_name\" content=\"Istituto Geografico Militare\" \/>\n<meta property=\"article:modified_time\" content=\"2026-04-09T05:13:26+00:00\" \/>\n<meta property=\"og:image\" content=\"https:\/\/igmi.esercito.difesa.it\/wp-content\/uploads\/CA001349.jpg\" \/>\n\t<meta property=\"og:image:width\" content=\"1000\" \/>\n\t<meta property=\"og:image:height\" content=\"702\" \/>\n\t<meta property=\"og:image:type\" content=\"image\/jpeg\" \/>\n<meta name=\"twitter:card\" content=\"summary_large_image\" \/>\n<meta name=\"twitter:label1\" content=\"Est. reading time\" \/>\n\t<meta name=\"twitter:data1\" content=\"1 minute\" \/>\n<script type=\"application\/ld+json\" class=\"yoast-schema-graph\">{\"@context\":\"https:\/\/schema.org\",\"@graph\":[{\"@type\":\"WebPage\",\"@id\":\"https:\/\/igmi.esercito.difesa.it\/en\/prodotto\/387234\/\",\"url\":\"https:\/\/igmi.esercito.difesa.it\/en\/prodotto\/387234\/\",\"name\":\"CARTA DI QUASI TUTTA L'EX PROVINCIA DI ACQUI E DI PARTE DI QUELLE DI MONDOVI', ALBA ED ALESSANDRIA - FOGLIO 21. - Istituto Geografico Militare\",\"isPartOf\":{\"@id\":\"https:\/\/igmi.esercito.difesa.it\/en\/#website\"},\"primaryImageOfPage\":{\"@id\":\"https:\/\/igmi.esercito.difesa.it\/en\/prodotto\/387234\/#primaryimage\"},\"image\":{\"@id\":\"https:\/\/igmi.esercito.difesa.it\/en\/prodotto\/387234\/#primaryimage\"},\"thumbnailUrl\":\"https:\/\/igmi.esercito.difesa.it\/wp-content\/uploads\/CA001349.jpg\",\"datePublished\":\"2025-06-26T20:43:28+00:00\",\"dateModified\":\"2026-04-09T05:13:26+00:00\",\"breadcrumb\":{\"@id\":\"https:\/\/igmi.esercito.difesa.it\/en\/prodotto\/387234\/#breadcrumb\"},\"inLanguage\":\"en-US\",\"potentialAction\":[{\"@type\":\"ReadAction\",\"target\":[\"https:\/\/igmi.esercito.difesa.it\/en\/prodotto\/387234\/\"]}]},{\"@type\":\"ImageObject\",\"inLanguage\":\"en-US\",\"@id\":\"https:\/\/igmi.esercito.difesa.it\/en\/prodotto\/387234\/#primaryimage\",\"url\":\"https:\/\/igmi.esercito.difesa.it\/wp-content\/uploads\/CA001349.jpg\",\"contentUrl\":\"https:\/\/igmi.esercito.difesa.it\/wp-content\/uploads\/CA001349.jpg\",\"width\":1000,\"height\":702},{\"@type\":\"BreadcrumbList\",\"@id\":\"https:\/\/igmi.esercito.difesa.it\/en\/prodotto\/387234\/#breadcrumb\",\"itemListElement\":[{\"@type\":\"ListItem\",\"position\":1,\"name\":\"Home\",\"item\":\"https:\/\/igmi.esercito.difesa.it\/en\/homepage\/\"},{\"@type\":\"ListItem\",\"position\":2,\"name\":\"Products\",\"item\":\"https:\/\/igmi.esercito.difesa.it\/en\/shop\/\"},{\"@type\":\"ListItem\",\"position\":3,\"name\":\"CARTA DI QUASI TUTTA L&#8217;EX PROVINCIA DI ACQUI E DI PARTE DI QUELLE DI MONDOVI&#8217;, ALBA ED ALESSANDRIA &#8211; FOGLIO 21.\"}]},{\"@type\":\"WebSite\",\"@id\":\"https:\/\/igmi.esercito.difesa.it\/en\/#website\",\"url\":\"https:\/\/igmi.esercito.difesa.it\/en\/\",\"name\":\"Istituto Geografico Militare\",\"description\":\"Ente cartografico dello stato\",\"publisher\":{\"@id\":\"https:\/\/igmi.esercito.difesa.it\/en\/#organization\"},\"potentialAction\":[{\"@type\":\"SearchAction\",\"target\":{\"@type\":\"EntryPoint\",\"urlTemplate\":\"https:\/\/igmi.esercito.difesa.it\/en\/?s={search_term_string}\"},\"query-input\":{\"@type\":\"PropertyValueSpecification\",\"valueRequired\":true,\"valueName\":\"search_term_string\"}}],\"inLanguage\":\"en-US\"},{\"@type\":\"Organization\",\"@id\":\"https:\/\/igmi.esercito.difesa.it\/en\/#organization\",\"name\":\"Istituto Geografico Militare\",\"url\":\"https:\/\/igmi.esercito.difesa.it\/en\/\",\"logo\":{\"@type\":\"ImageObject\",\"inLanguage\":\"en-US\",\"@id\":\"https:\/\/igmi.esercito.difesa.it\/en\/#\/schema\/logo\/image\/\",\"url\":\"https:\/\/igmi.esercito.difesa.it\/wp-content\/uploads\/2025\/04\/Logo-igm.webp\",\"contentUrl\":\"https:\/\/igmi.esercito.difesa.it\/wp-content\/uploads\/2025\/04\/Logo-igm.webp\",\"width\":1320,\"height\":1696,\"caption\":\"Istituto Geografico Militare\"},\"image\":{\"@id\":\"https:\/\/igmi.esercito.difesa.it\/en\/#\/schema\/logo\/image\/\"}}]}<\/script>\n<!-- \/ Yoast SEO plugin. -->","yoast_head_json":{"title":"CARTA DI QUASI TUTTA L'EX PROVINCIA DI ACQUI E DI PARTE DI QUELLE DI MONDOVI', ALBA ED ALESSANDRIA - FOGLIO 21. - Istituto Geografico Militare","robots":{"index":"index","follow":"follow","max-snippet":"max-snippet:-1","max-image-preview":"max-image-preview:large","max-video-preview":"max-video-preview:-1"},"canonical":"https:\/\/igmi.esercito.difesa.it\/en\/prodotto\/387234\/","og_locale":"en_US","og_type":"article","og_title":"CARTA DI QUASI TUTTA L'EX PROVINCIA DI ACQUI E DI PARTE DI QUELLE DI MONDOVI', ALBA ED ALESSANDRIA - FOGLIO 21. - Istituto Geografico Militare","og_description":"Cinquantasei fogli pi\u00f9 un quadro d&#8217;unione, disegnati a penna a pi\u00f9 tinte ed acquerellati. Non portano indicazione di data n\u00e8 di autore, ma si possono ritenere opera della fine del secolo XVIII. Documento topografico del pi\u00f9 grande interesse per la copia grandissima degli elementi topografici che vi sono rappresentati, come comporta la notevole grandezza della [&hellip;]","og_url":"https:\/\/igmi.esercito.difesa.it\/en\/prodotto\/387234\/","og_site_name":"Istituto Geografico Militare","article_modified_time":"2026-04-09T05:13:26+00:00","og_image":[{"width":1000,"height":702,"url":"https:\/\/igmi.esercito.difesa.it\/wp-content\/uploads\/CA001349.jpg","type":"image\/jpeg"}],"twitter_card":"summary_large_image","twitter_misc":{"Est. reading time":"1 minute"},"schema":{"@context":"https:\/\/schema.org","@graph":[{"@type":"WebPage","@id":"https:\/\/igmi.esercito.difesa.it\/en\/prodotto\/387234\/","url":"https:\/\/igmi.esercito.difesa.it\/en\/prodotto\/387234\/","name":"CARTA DI QUASI TUTTA L'EX PROVINCIA DI ACQUI E DI PARTE DI QUELLE DI MONDOVI', ALBA ED ALESSANDRIA - FOGLIO 21. - Istituto Geografico Militare","isPartOf":{"@id":"https:\/\/igmi.esercito.difesa.it\/en\/#website"},"primaryImageOfPage":{"@id":"https:\/\/igmi.esercito.difesa.it\/en\/prodotto\/387234\/#primaryimage"},"image":{"@id":"https:\/\/igmi.esercito.difesa.it\/en\/prodotto\/387234\/#primaryimage"},"thumbnailUrl":"https:\/\/igmi.esercito.difesa.it\/wp-content\/uploads\/CA001349.jpg","datePublished":"2025-06-26T20:43:28+00:00","dateModified":"2026-04-09T05:13:26+00:00","breadcrumb":{"@id":"https:\/\/igmi.esercito.difesa.it\/en\/prodotto\/387234\/#breadcrumb"},"inLanguage":"en-US","potentialAction":[{"@type":"ReadAction","target":["https:\/\/igmi.esercito.difesa.it\/en\/prodotto\/387234\/"]}]},{"@type":"ImageObject","inLanguage":"en-US","@id":"https:\/\/igmi.esercito.difesa.it\/en\/prodotto\/387234\/#primaryimage","url":"https:\/\/igmi.esercito.difesa.it\/wp-content\/uploads\/CA001349.jpg","contentUrl":"https:\/\/igmi.esercito.difesa.it\/wp-content\/uploads\/CA001349.jpg","width":1000,"height":702},{"@type":"BreadcrumbList","@id":"https:\/\/igmi.esercito.difesa.it\/en\/prodotto\/387234\/#breadcrumb","itemListElement":[{"@type":"ListItem","position":1,"name":"Home","item":"https:\/\/igmi.esercito.difesa.it\/en\/homepage\/"},{"@type":"ListItem","position":2,"name":"Products","item":"https:\/\/igmi.esercito.difesa.it\/en\/shop\/"},{"@type":"ListItem","position":3,"name":"CARTA DI QUASI TUTTA L&#8217;EX PROVINCIA DI ACQUI E DI PARTE DI QUELLE DI MONDOVI&#8217;, ALBA ED ALESSANDRIA &#8211; FOGLIO 21."}]},{"@type":"WebSite","@id":"https:\/\/igmi.esercito.difesa.it\/en\/#website","url":"https:\/\/igmi.esercito.difesa.it\/en\/","name":"Istituto Geografico Militare","description":"Ente cartografico dello stato","publisher":{"@id":"https:\/\/igmi.esercito.difesa.it\/en\/#organization"},"potentialAction":[{"@type":"SearchAction","target":{"@type":"EntryPoint","urlTemplate":"https:\/\/igmi.esercito.difesa.it\/en\/?s={search_term_string}"},"query-input":{"@type":"PropertyValueSpecification","valueRequired":true,"valueName":"search_term_string"}}],"inLanguage":"en-US"},{"@type":"Organization","@id":"https:\/\/igmi.esercito.difesa.it\/en\/#organization","name":"Istituto Geografico Militare","url":"https:\/\/igmi.esercito.difesa.it\/en\/","logo":{"@type":"ImageObject","inLanguage":"en-US","@id":"https:\/\/igmi.esercito.difesa.it\/en\/#\/schema\/logo\/image\/","url":"https:\/\/igmi.esercito.difesa.it\/wp-content\/uploads\/2025\/04\/Logo-igm.webp","contentUrl":"https:\/\/igmi.esercito.difesa.it\/wp-content\/uploads\/2025\/04\/Logo-igm.webp","width":1320,"height":1696,"caption":"Istituto Geografico Militare"},"image":{"@id":"https:\/\/igmi.esercito.difesa.it\/en\/#\/schema\/logo\/image\/"}}]}},"_links":{"self":[{"href":"https:\/\/igmi.esercito.difesa.it\/en\/wp-json\/wp\/v2\/product\/352731","targetHints":{"allow":["GET"]}}],"collection":[{"href":"https:\/\/igmi.esercito.difesa.it\/en\/wp-json\/wp\/v2\/product"}],"about":[{"href":"https:\/\/igmi.esercito.difesa.it\/en\/wp-json\/wp\/v2\/types\/product"}],"wp:featuredmedia":[{"embeddable":true,"href":"https:\/\/igmi.esercito.difesa.it\/en\/wp-json\/wp\/v2\/media\/471231"}],"wp:attachment":[{"href":"https:\/\/igmi.esercito.difesa.it\/en\/wp-json\/wp\/v2\/media?parent=352731"}],"wp:term":[{"taxonomy":"product_brand","embeddable":true,"href":"https:\/\/igmi.esercito.difesa.it\/en\/wp-json\/wp\/v2\/product_brand?post=352731"},{"taxonomy":"product_cat","embeddable":true,"href":"https:\/\/igmi.esercito.difesa.it\/en\/wp-json\/wp\/v2\/product_cat?post=352731"},{"taxonomy":"product_tag","embeddable":true,"href":"https:\/\/igmi.esercito.difesa.it\/en\/wp-json\/wp\/v2\/product_tag?post=352731"}],"curies":[{"name":"wp","href":"https:\/\/api.w.org\/{rel}","templated":true}]}}