{"id":354454,"date":"2025-06-27T00:29:02","date_gmt":"2025-06-26T22:29:02","guid":{"rendered":"https:\/\/igmi.esercito.difesa.it\/prodotto\/387754\/"},"modified":"2026-04-09T08:53:09","modified_gmt":"2026-04-09T06:53:09","slug":"387754","status":"publish","type":"product","link":"https:\/\/igmi.esercito.difesa.it\/en\/prodotto\/387754\/","title":{"rendered":"PARTIE MERIDIONALE DU PIEMONT ET DU MONFERRAT"},"content":{"rendered":"<p>Carta in due fogli tratti da incisione su rame stampati in nero con confini politici a colori. Orografia a monticelli. Abitati principali rappresentati schematicamente in pianta: i secondari con torri e case. Il foglio settentrionale reca in alto a sinistra il seguente &#8220;Avertissement: on a donne pour bornes \u00e0 l&#8217;Italie &#8211; les plus hautes montagnes des Alpes &#8211; mais les Etats du Duc de Sovoye ne &#8211; les suivent pas par pont. Le Duc &#8211; Emanuel II a divis\u00e9 le Piemont en 20 &#8211; Provinces comme elles sont ici &#8211; marqu\u00e9s e, on a aussi marqu\u00e9 les Cots et les Passages des Alpes les &#8211; Grandes Routes et les Chemins &#8211; Romains&#8221;.<br \/>\n&#8220;On a marqu\u00e9 depuis Mr. Guill. Delisle, les changemens &#8211; qui on \u00e9t\u00e9 faits dans les Limites des deux Etats, de France &#8211; et de la Maison de Savoye en consequences du Trait\u00e9 d&#8217;Utrecht &#8211; en 1713, et de celui de Turin en 1760 les Hautes Montagnes et &#8211; les Rivi\u00e8res divisent aujourd&#8217;hui, les deux Etats. Il faut encore observer que ce que le Duc de &#8211; Mantoue possedoit dans le Monferrat est \u00e0 la Maison de Savoy&#8221;. &#8220;A Paris, ch\u00e9s l&#8217;Auteur, sur le Quay de l&#8217;Horloge Avec Privilege Avril 1717 et Auut 1764&#8221;.<br \/>\nIn basso a sinistra \u00e8 scritto: &#8220;Ph. Buache P. G. d. R. d. l&#8217;A. R. d. S. Gendre de l&#8217;Auteur. Avec Privil\u00e8ge du 30 Avril 1745&#8221;. Il foglio meridionale reca in alto il titolo &#8220;Partie Meridionale du Piemont et du Monferrat. Par Guillaume Del&#8217;Isle de l&#8217;Academie R.le des Sciences&#8221;. In basso a sinistra \u00e8 una cartina &#8220;Environs de Nice et de Ville-franche&#8221;. Scale grafiche in miglia di Piemonte, di Genova e di Francia.<\/p>\n","protected":false},"excerpt":{"rendered":"<p>Carta in due fogli tratti da incisione su rame stampati in nero con confini politici a colori. Orografia a monticelli. Abitati principali rappresentati schematicamente in pianta: i secondari con torri e case. Il foglio settentrionale reca in alto a sinistra il seguente &#8220;Avertissement: on a donne pour bornes \u00e0 l&#8217;Italie &#8211; les plus hautes montagnes [&hellip;]<\/p>\n","protected":false},"featured_media":687778,"template":"","meta":{"_acf_changed":false},"product_brand":[],"product_cat":[191,447],"product_tag":[334],"class_list":{"0":"post-354454","1":"product","2":"type-product","3":"status-publish","4":"has-post-thumbnail","6":"product_cat-carte-antiche","7":"product_cat-tecnica_risoluzione_carta_antica","8":"product_tag-carta-antica","10":"first","11":"instock","12":"downloadable","13":"virtual","14":"sold-individually","15":"taxable","16":"purchasable","17":"product-type-simple"},"acf":[],"yoast_head":"<!-- This site is optimized with the Yoast SEO plugin v26.4 - https:\/\/yoast.com\/wordpress\/plugins\/seo\/ -->\n<title>PARTIE MERIDIONALE DU PIEMONT ET DU MONFERRAT - Istituto Geografico Militare<\/title>\n<meta name=\"robots\" content=\"index, follow, max-snippet:-1, max-image-preview:large, max-video-preview:-1\" \/>\n<link rel=\"canonical\" href=\"https:\/\/igmi.esercito.difesa.it\/en\/prodotto\/387754\/\" \/>\n<meta property=\"og:locale\" content=\"en_US\" \/>\n<meta property=\"og:type\" content=\"article\" \/>\n<meta property=\"og:title\" content=\"PARTIE MERIDIONALE DU PIEMONT ET DU MONFERRAT - Istituto Geografico Militare\" \/>\n<meta property=\"og:description\" content=\"Carta in due fogli tratti da incisione su rame stampati in nero con confini politici a colori. Orografia a monticelli. Abitati principali rappresentati schematicamente in pianta: i secondari con torri e case. Il foglio settentrionale reca in alto a sinistra il seguente &#8220;Avertissement: on a donne pour bornes \u00e0 l&#8217;Italie &#8211; les plus hautes montagnes [&hellip;]\" \/>\n<meta property=\"og:url\" content=\"https:\/\/igmi.esercito.difesa.it\/en\/prodotto\/387754\/\" \/>\n<meta property=\"og:site_name\" content=\"Istituto Geografico Militare\" \/>\n<meta property=\"article:modified_time\" content=\"2026-04-09T06:53:09+00:00\" \/>\n<meta property=\"og:image\" content=\"https:\/\/igmi.esercito.difesa.it\/wp-content\/uploads\/B0004168.jpg\" \/>\n\t<meta property=\"og:image:width\" content=\"1000\" \/>\n\t<meta property=\"og:image:height\" content=\"748\" \/>\n\t<meta property=\"og:image:type\" content=\"image\/jpeg\" \/>\n<meta name=\"twitter:card\" content=\"summary_large_image\" \/>\n<meta name=\"twitter:label1\" content=\"Est. reading time\" \/>\n\t<meta name=\"twitter:data1\" content=\"1 minute\" \/>\n<script type=\"application\/ld+json\" class=\"yoast-schema-graph\">{\"@context\":\"https:\/\/schema.org\",\"@graph\":[{\"@type\":\"WebPage\",\"@id\":\"https:\/\/igmi.esercito.difesa.it\/en\/prodotto\/387754\/\",\"url\":\"https:\/\/igmi.esercito.difesa.it\/en\/prodotto\/387754\/\",\"name\":\"PARTIE MERIDIONALE DU PIEMONT ET DU MONFERRAT - Istituto Geografico Militare\",\"isPartOf\":{\"@id\":\"https:\/\/igmi.esercito.difesa.it\/en\/#website\"},\"primaryImageOfPage\":{\"@id\":\"https:\/\/igmi.esercito.difesa.it\/en\/prodotto\/387754\/#primaryimage\"},\"image\":{\"@id\":\"https:\/\/igmi.esercito.difesa.it\/en\/prodotto\/387754\/#primaryimage\"},\"thumbnailUrl\":\"https:\/\/igmi.esercito.difesa.it\/wp-content\/uploads\/B0004168.jpg\",\"datePublished\":\"2025-06-26T22:29:02+00:00\",\"dateModified\":\"2026-04-09T06:53:09+00:00\",\"breadcrumb\":{\"@id\":\"https:\/\/igmi.esercito.difesa.it\/en\/prodotto\/387754\/#breadcrumb\"},\"inLanguage\":\"en-US\",\"potentialAction\":[{\"@type\":\"ReadAction\",\"target\":[\"https:\/\/igmi.esercito.difesa.it\/en\/prodotto\/387754\/\"]}]},{\"@type\":\"ImageObject\",\"inLanguage\":\"en-US\",\"@id\":\"https:\/\/igmi.esercito.difesa.it\/en\/prodotto\/387754\/#primaryimage\",\"url\":\"https:\/\/igmi.esercito.difesa.it\/wp-content\/uploads\/B0004168.jpg\",\"contentUrl\":\"https:\/\/igmi.esercito.difesa.it\/wp-content\/uploads\/B0004168.jpg\",\"width\":1000,\"height\":748},{\"@type\":\"BreadcrumbList\",\"@id\":\"https:\/\/igmi.esercito.difesa.it\/en\/prodotto\/387754\/#breadcrumb\",\"itemListElement\":[{\"@type\":\"ListItem\",\"position\":1,\"name\":\"Home\",\"item\":\"https:\/\/igmi.esercito.difesa.it\/en\/homepage\/\"},{\"@type\":\"ListItem\",\"position\":2,\"name\":\"Products\",\"item\":\"https:\/\/igmi.esercito.difesa.it\/en\/shop\/\"},{\"@type\":\"ListItem\",\"position\":3,\"name\":\"PARTIE MERIDIONALE DU PIEMONT ET DU MONFERRAT\"}]},{\"@type\":\"WebSite\",\"@id\":\"https:\/\/igmi.esercito.difesa.it\/en\/#website\",\"url\":\"https:\/\/igmi.esercito.difesa.it\/en\/\",\"name\":\"Istituto Geografico Militare\",\"description\":\"Ente cartografico dello stato\",\"publisher\":{\"@id\":\"https:\/\/igmi.esercito.difesa.it\/en\/#organization\"},\"potentialAction\":[{\"@type\":\"SearchAction\",\"target\":{\"@type\":\"EntryPoint\",\"urlTemplate\":\"https:\/\/igmi.esercito.difesa.it\/en\/?s={search_term_string}\"},\"query-input\":{\"@type\":\"PropertyValueSpecification\",\"valueRequired\":true,\"valueName\":\"search_term_string\"}}],\"inLanguage\":\"en-US\"},{\"@type\":\"Organization\",\"@id\":\"https:\/\/igmi.esercito.difesa.it\/en\/#organization\",\"name\":\"Istituto Geografico Militare\",\"url\":\"https:\/\/igmi.esercito.difesa.it\/en\/\",\"logo\":{\"@type\":\"ImageObject\",\"inLanguage\":\"en-US\",\"@id\":\"https:\/\/igmi.esercito.difesa.it\/en\/#\/schema\/logo\/image\/\",\"url\":\"https:\/\/igmi.esercito.difesa.it\/wp-content\/uploads\/2025\/04\/Logo-igm.webp\",\"contentUrl\":\"https:\/\/igmi.esercito.difesa.it\/wp-content\/uploads\/2025\/04\/Logo-igm.webp\",\"width\":1320,\"height\":1696,\"caption\":\"Istituto Geografico Militare\"},\"image\":{\"@id\":\"https:\/\/igmi.esercito.difesa.it\/en\/#\/schema\/logo\/image\/\"}}]}<\/script>\n<!-- \/ Yoast SEO plugin. -->","yoast_head_json":{"title":"PARTIE MERIDIONALE DU PIEMONT ET DU MONFERRAT - Istituto Geografico Militare","robots":{"index":"index","follow":"follow","max-snippet":"max-snippet:-1","max-image-preview":"max-image-preview:large","max-video-preview":"max-video-preview:-1"},"canonical":"https:\/\/igmi.esercito.difesa.it\/en\/prodotto\/387754\/","og_locale":"en_US","og_type":"article","og_title":"PARTIE MERIDIONALE DU PIEMONT ET DU MONFERRAT - Istituto Geografico Militare","og_description":"Carta in due fogli tratti da incisione su rame stampati in nero con confini politici a colori. Orografia a monticelli. Abitati principali rappresentati schematicamente in pianta: i secondari con torri e case. Il foglio settentrionale reca in alto a sinistra il seguente &#8220;Avertissement: on a donne pour bornes \u00e0 l&#8217;Italie &#8211; les plus hautes montagnes [&hellip;]","og_url":"https:\/\/igmi.esercito.difesa.it\/en\/prodotto\/387754\/","og_site_name":"Istituto Geografico Militare","article_modified_time":"2026-04-09T06:53:09+00:00","og_image":[{"width":1000,"height":748,"url":"https:\/\/igmi.esercito.difesa.it\/wp-content\/uploads\/B0004168.jpg","type":"image\/jpeg"}],"twitter_card":"summary_large_image","twitter_misc":{"Est. reading time":"1 minute"},"schema":{"@context":"https:\/\/schema.org","@graph":[{"@type":"WebPage","@id":"https:\/\/igmi.esercito.difesa.it\/en\/prodotto\/387754\/","url":"https:\/\/igmi.esercito.difesa.it\/en\/prodotto\/387754\/","name":"PARTIE MERIDIONALE DU PIEMONT ET DU MONFERRAT - Istituto Geografico Militare","isPartOf":{"@id":"https:\/\/igmi.esercito.difesa.it\/en\/#website"},"primaryImageOfPage":{"@id":"https:\/\/igmi.esercito.difesa.it\/en\/prodotto\/387754\/#primaryimage"},"image":{"@id":"https:\/\/igmi.esercito.difesa.it\/en\/prodotto\/387754\/#primaryimage"},"thumbnailUrl":"https:\/\/igmi.esercito.difesa.it\/wp-content\/uploads\/B0004168.jpg","datePublished":"2025-06-26T22:29:02+00:00","dateModified":"2026-04-09T06:53:09+00:00","breadcrumb":{"@id":"https:\/\/igmi.esercito.difesa.it\/en\/prodotto\/387754\/#breadcrumb"},"inLanguage":"en-US","potentialAction":[{"@type":"ReadAction","target":["https:\/\/igmi.esercito.difesa.it\/en\/prodotto\/387754\/"]}]},{"@type":"ImageObject","inLanguage":"en-US","@id":"https:\/\/igmi.esercito.difesa.it\/en\/prodotto\/387754\/#primaryimage","url":"https:\/\/igmi.esercito.difesa.it\/wp-content\/uploads\/B0004168.jpg","contentUrl":"https:\/\/igmi.esercito.difesa.it\/wp-content\/uploads\/B0004168.jpg","width":1000,"height":748},{"@type":"BreadcrumbList","@id":"https:\/\/igmi.esercito.difesa.it\/en\/prodotto\/387754\/#breadcrumb","itemListElement":[{"@type":"ListItem","position":1,"name":"Home","item":"https:\/\/igmi.esercito.difesa.it\/en\/homepage\/"},{"@type":"ListItem","position":2,"name":"Products","item":"https:\/\/igmi.esercito.difesa.it\/en\/shop\/"},{"@type":"ListItem","position":3,"name":"PARTIE MERIDIONALE DU PIEMONT ET DU MONFERRAT"}]},{"@type":"WebSite","@id":"https:\/\/igmi.esercito.difesa.it\/en\/#website","url":"https:\/\/igmi.esercito.difesa.it\/en\/","name":"Istituto Geografico Militare","description":"Ente cartografico dello stato","publisher":{"@id":"https:\/\/igmi.esercito.difesa.it\/en\/#organization"},"potentialAction":[{"@type":"SearchAction","target":{"@type":"EntryPoint","urlTemplate":"https:\/\/igmi.esercito.difesa.it\/en\/?s={search_term_string}"},"query-input":{"@type":"PropertyValueSpecification","valueRequired":true,"valueName":"search_term_string"}}],"inLanguage":"en-US"},{"@type":"Organization","@id":"https:\/\/igmi.esercito.difesa.it\/en\/#organization","name":"Istituto Geografico Militare","url":"https:\/\/igmi.esercito.difesa.it\/en\/","logo":{"@type":"ImageObject","inLanguage":"en-US","@id":"https:\/\/igmi.esercito.difesa.it\/en\/#\/schema\/logo\/image\/","url":"https:\/\/igmi.esercito.difesa.it\/wp-content\/uploads\/2025\/04\/Logo-igm.webp","contentUrl":"https:\/\/igmi.esercito.difesa.it\/wp-content\/uploads\/2025\/04\/Logo-igm.webp","width":1320,"height":1696,"caption":"Istituto Geografico Militare"},"image":{"@id":"https:\/\/igmi.esercito.difesa.it\/en\/#\/schema\/logo\/image\/"}}]}},"_links":{"self":[{"href":"https:\/\/igmi.esercito.difesa.it\/en\/wp-json\/wp\/v2\/product\/354454","targetHints":{"allow":["GET"]}}],"collection":[{"href":"https:\/\/igmi.esercito.difesa.it\/en\/wp-json\/wp\/v2\/product"}],"about":[{"href":"https:\/\/igmi.esercito.difesa.it\/en\/wp-json\/wp\/v2\/types\/product"}],"wp:featuredmedia":[{"embeddable":true,"href":"https:\/\/igmi.esercito.difesa.it\/en\/wp-json\/wp\/v2\/media\/687778"}],"wp:attachment":[{"href":"https:\/\/igmi.esercito.difesa.it\/en\/wp-json\/wp\/v2\/media?parent=354454"}],"wp:term":[{"taxonomy":"product_brand","embeddable":true,"href":"https:\/\/igmi.esercito.difesa.it\/en\/wp-json\/wp\/v2\/product_brand?post=354454"},{"taxonomy":"product_cat","embeddable":true,"href":"https:\/\/igmi.esercito.difesa.it\/en\/wp-json\/wp\/v2\/product_cat?post=354454"},{"taxonomy":"product_tag","embeddable":true,"href":"https:\/\/igmi.esercito.difesa.it\/en\/wp-json\/wp\/v2\/product_tag?post=354454"}],"curies":[{"name":"wp","href":"https:\/\/api.w.org\/{rel}","templated":true}]}}