{"id":360318,"date":"2025-06-27T07:23:25","date_gmt":"2025-06-27T05:23:25","guid":{"rendered":"https:\/\/igmi.esercito.difesa.it\/prodotto\/389539\/"},"modified":"2026-04-09T13:12:49","modified_gmt":"2026-04-09T11:12:49","slug":"389539","status":"publish","type":"product","link":"https:\/\/igmi.esercito.difesa.it\/en\/prodotto\/389539\/","title":{"rendered":"LE STRADE AUTOMOBILISTICHE E LE LINEE FERROVIARIE ITALIANE E LE LORO DISTANZE CHILOMETRICHE"},"content":{"rendered":"<p>Rappresentazione orografica planimetrica. Accanto al titolo vi sono le distanze automobilistiche fra le citt\u00e0 capoluogo di provincia e le citt\u00e0 capoluogo di regione (pi\u00f9 Messina e Reggio Calabria). In basso \u00e8 presente la tabella polimetrica delle distanze ferroviarie fra tutte le stazioni di diramazione ferrovie stato. La carta \u00e8 supportata da riquadri pi\u00f9 dettagliati delle zone di: Lago Maggiore, Milano, Roma, Trieste, Bologna, Firenze, Torino e Biella. Touring Club Italiano, Milano.<\/p>\n","protected":false},"excerpt":{"rendered":"<p>Rappresentazione orografica planimetrica. Accanto al titolo vi sono le distanze automobilistiche fra le citt\u00e0 capoluogo di provincia e le citt\u00e0 capoluogo di regione (pi\u00f9 Messina e Reggio Calabria). In basso \u00e8 presente la tabella polimetrica delle distanze ferroviarie fra tutte le stazioni di diramazione ferrovie stato. La carta \u00e8 supportata da riquadri pi\u00f9 dettagliati delle [&hellip;]<\/p>\n","protected":false},"featured_media":694856,"template":"","meta":{"_acf_changed":false},"product_brand":[],"product_cat":[191,447],"product_tag":[334],"class_list":{"0":"post-360318","1":"product","2":"type-product","3":"status-publish","4":"has-post-thumbnail","6":"product_cat-carte-antiche","7":"product_cat-tecnica_risoluzione_carta_antica","8":"product_tag-carta-antica","10":"first","11":"instock","12":"downloadable","13":"virtual","14":"sold-individually","15":"taxable","16":"purchasable","17":"product-type-simple"},"acf":[],"yoast_head":"<!-- This site is optimized with the Yoast SEO plugin v26.4 - https:\/\/yoast.com\/wordpress\/plugins\/seo\/ -->\n<title>LE STRADE AUTOMOBILISTICHE E LE LINEE FERROVIARIE ITALIANE E LE LORO DISTANZE CHILOMETRICHE - Istituto Geografico Militare<\/title>\n<meta name=\"robots\" content=\"index, follow, max-snippet:-1, max-image-preview:large, max-video-preview:-1\" \/>\n<link rel=\"canonical\" href=\"https:\/\/igmi.esercito.difesa.it\/en\/prodotto\/389539\/\" \/>\n<meta property=\"og:locale\" content=\"en_US\" \/>\n<meta property=\"og:type\" content=\"article\" \/>\n<meta property=\"og:title\" content=\"LE STRADE AUTOMOBILISTICHE E LE LINEE FERROVIARIE ITALIANE E LE LORO DISTANZE CHILOMETRICHE - Istituto Geografico Militare\" \/>\n<meta property=\"og:description\" content=\"Rappresentazione orografica planimetrica. Accanto al titolo vi sono le distanze automobilistiche fra le citt\u00e0 capoluogo di provincia e le citt\u00e0 capoluogo di regione (pi\u00f9 Messina e Reggio Calabria). In basso \u00e8 presente la tabella polimetrica delle distanze ferroviarie fra tutte le stazioni di diramazione ferrovie stato. La carta \u00e8 supportata da riquadri pi\u00f9 dettagliati delle [&hellip;]\" \/>\n<meta property=\"og:url\" content=\"https:\/\/igmi.esercito.difesa.it\/en\/prodotto\/389539\/\" \/>\n<meta property=\"og:site_name\" content=\"Istituto Geografico Militare\" \/>\n<meta property=\"article:modified_time\" content=\"2026-04-09T11:12:49+00:00\" \/>\n<meta name=\"twitter:card\" content=\"summary_large_image\" \/>\n<script type=\"application\/ld+json\" class=\"yoast-schema-graph\">{\"@context\":\"https:\/\/schema.org\",\"@graph\":[{\"@type\":\"WebPage\",\"@id\":\"https:\/\/igmi.esercito.difesa.it\/en\/prodotto\/389539\/\",\"url\":\"https:\/\/igmi.esercito.difesa.it\/en\/prodotto\/389539\/\",\"name\":\"LE STRADE AUTOMOBILISTICHE E LE LINEE FERROVIARIE ITALIANE E LE LORO DISTANZE CHILOMETRICHE - Istituto Geografico Militare\",\"isPartOf\":{\"@id\":\"https:\/\/igmi.esercito.difesa.it\/en\/#website\"},\"primaryImageOfPage\":{\"@id\":\"https:\/\/igmi.esercito.difesa.it\/en\/prodotto\/389539\/#primaryimage\"},\"image\":{\"@id\":\"https:\/\/igmi.esercito.difesa.it\/en\/prodotto\/389539\/#primaryimage\"},\"thumbnailUrl\":\"https:\/\/igmi.esercito.difesa.it\/wp-content\/uploads\/B0008522.jpg\",\"datePublished\":\"2025-06-27T05:23:25+00:00\",\"dateModified\":\"2026-04-09T11:12:49+00:00\",\"breadcrumb\":{\"@id\":\"https:\/\/igmi.esercito.difesa.it\/en\/prodotto\/389539\/#breadcrumb\"},\"inLanguage\":\"en-US\",\"potentialAction\":[{\"@type\":\"ReadAction\",\"target\":[\"https:\/\/igmi.esercito.difesa.it\/en\/prodotto\/389539\/\"]}]},{\"@type\":\"ImageObject\",\"inLanguage\":\"en-US\",\"@id\":\"https:\/\/igmi.esercito.difesa.it\/en\/prodotto\/389539\/#primaryimage\",\"url\":\"https:\/\/igmi.esercito.difesa.it\/wp-content\/uploads\/B0008522.jpg\",\"contentUrl\":\"https:\/\/igmi.esercito.difesa.it\/wp-content\/uploads\/B0008522.jpg\",\"width\":1000,\"height\":1304},{\"@type\":\"BreadcrumbList\",\"@id\":\"https:\/\/igmi.esercito.difesa.it\/en\/prodotto\/389539\/#breadcrumb\",\"itemListElement\":[{\"@type\":\"ListItem\",\"position\":1,\"name\":\"Home\",\"item\":\"https:\/\/igmi.esercito.difesa.it\/en\/\"},{\"@type\":\"ListItem\",\"position\":2,\"name\":\"Products\",\"item\":\"https:\/\/igmi.esercito.difesa.it\/en\/shop\/\"},{\"@type\":\"ListItem\",\"position\":3,\"name\":\"LE STRADE AUTOMOBILISTICHE E LE LINEE FERROVIARIE ITALIANE E LE LORO DISTANZE CHILOMETRICHE\"}]},{\"@type\":\"WebSite\",\"@id\":\"https:\/\/igmi.esercito.difesa.it\/en\/#website\",\"url\":\"https:\/\/igmi.esercito.difesa.it\/en\/\",\"name\":\"Istituto Geografico Militare\",\"description\":\"Ente cartografico dello stato\",\"publisher\":{\"@id\":\"https:\/\/igmi.esercito.difesa.it\/en\/#organization\"},\"potentialAction\":[{\"@type\":\"SearchAction\",\"target\":{\"@type\":\"EntryPoint\",\"urlTemplate\":\"https:\/\/igmi.esercito.difesa.it\/en\/?s={search_term_string}\"},\"query-input\":{\"@type\":\"PropertyValueSpecification\",\"valueRequired\":true,\"valueName\":\"search_term_string\"}}],\"inLanguage\":\"en-US\"},{\"@type\":\"Organization\",\"@id\":\"https:\/\/igmi.esercito.difesa.it\/en\/#organization\",\"name\":\"Istituto Geografico Militare\",\"url\":\"https:\/\/igmi.esercito.difesa.it\/en\/\",\"logo\":{\"@type\":\"ImageObject\",\"inLanguage\":\"en-US\",\"@id\":\"https:\/\/igmi.esercito.difesa.it\/en\/#\/schema\/logo\/image\/\",\"url\":\"https:\/\/igmi.esercito.difesa.it\/wp-content\/uploads\/2025\/04\/Logo-igm.webp\",\"contentUrl\":\"https:\/\/igmi.esercito.difesa.it\/wp-content\/uploads\/2025\/04\/Logo-igm.webp\",\"width\":1320,\"height\":1696,\"caption\":\"Istituto Geografico Militare\"},\"image\":{\"@id\":\"https:\/\/igmi.esercito.difesa.it\/en\/#\/schema\/logo\/image\/\"}}]}<\/script>\n<!-- \/ Yoast SEO plugin. -->","yoast_head_json":{"title":"LE STRADE AUTOMOBILISTICHE E LE LINEE FERROVIARIE ITALIANE E LE LORO DISTANZE CHILOMETRICHE - Istituto Geografico Militare","robots":{"index":"index","follow":"follow","max-snippet":"max-snippet:-1","max-image-preview":"max-image-preview:large","max-video-preview":"max-video-preview:-1"},"canonical":"https:\/\/igmi.esercito.difesa.it\/en\/prodotto\/389539\/","og_locale":"en_US","og_type":"article","og_title":"LE STRADE AUTOMOBILISTICHE E LE LINEE FERROVIARIE ITALIANE E LE LORO DISTANZE CHILOMETRICHE - Istituto Geografico Militare","og_description":"Rappresentazione orografica planimetrica. Accanto al titolo vi sono le distanze automobilistiche fra le citt\u00e0 capoluogo di provincia e le citt\u00e0 capoluogo di regione (pi\u00f9 Messina e Reggio Calabria). In basso \u00e8 presente la tabella polimetrica delle distanze ferroviarie fra tutte le stazioni di diramazione ferrovie stato. La carta \u00e8 supportata da riquadri pi\u00f9 dettagliati delle [&hellip;]","og_url":"https:\/\/igmi.esercito.difesa.it\/en\/prodotto\/389539\/","og_site_name":"Istituto Geografico Militare","article_modified_time":"2026-04-09T11:12:49+00:00","twitter_card":"summary_large_image","schema":{"@context":"https:\/\/schema.org","@graph":[{"@type":"WebPage","@id":"https:\/\/igmi.esercito.difesa.it\/en\/prodotto\/389539\/","url":"https:\/\/igmi.esercito.difesa.it\/en\/prodotto\/389539\/","name":"LE STRADE AUTOMOBILISTICHE E LE LINEE FERROVIARIE ITALIANE E LE LORO DISTANZE CHILOMETRICHE - Istituto Geografico Militare","isPartOf":{"@id":"https:\/\/igmi.esercito.difesa.it\/en\/#website"},"primaryImageOfPage":{"@id":"https:\/\/igmi.esercito.difesa.it\/en\/prodotto\/389539\/#primaryimage"},"image":{"@id":"https:\/\/igmi.esercito.difesa.it\/en\/prodotto\/389539\/#primaryimage"},"thumbnailUrl":"https:\/\/igmi.esercito.difesa.it\/wp-content\/uploads\/B0008522.jpg","datePublished":"2025-06-27T05:23:25+00:00","dateModified":"2026-04-09T11:12:49+00:00","breadcrumb":{"@id":"https:\/\/igmi.esercito.difesa.it\/en\/prodotto\/389539\/#breadcrumb"},"inLanguage":"en-US","potentialAction":[{"@type":"ReadAction","target":["https:\/\/igmi.esercito.difesa.it\/en\/prodotto\/389539\/"]}]},{"@type":"ImageObject","inLanguage":"en-US","@id":"https:\/\/igmi.esercito.difesa.it\/en\/prodotto\/389539\/#primaryimage","url":"https:\/\/igmi.esercito.difesa.it\/wp-content\/uploads\/B0008522.jpg","contentUrl":"https:\/\/igmi.esercito.difesa.it\/wp-content\/uploads\/B0008522.jpg","width":1000,"height":1304},{"@type":"BreadcrumbList","@id":"https:\/\/igmi.esercito.difesa.it\/en\/prodotto\/389539\/#breadcrumb","itemListElement":[{"@type":"ListItem","position":1,"name":"Home","item":"https:\/\/igmi.esercito.difesa.it\/en\/"},{"@type":"ListItem","position":2,"name":"Products","item":"https:\/\/igmi.esercito.difesa.it\/en\/shop\/"},{"@type":"ListItem","position":3,"name":"LE STRADE AUTOMOBILISTICHE E LE LINEE FERROVIARIE ITALIANE E LE LORO DISTANZE CHILOMETRICHE"}]},{"@type":"WebSite","@id":"https:\/\/igmi.esercito.difesa.it\/en\/#website","url":"https:\/\/igmi.esercito.difesa.it\/en\/","name":"Istituto Geografico Militare","description":"Ente cartografico dello stato","publisher":{"@id":"https:\/\/igmi.esercito.difesa.it\/en\/#organization"},"potentialAction":[{"@type":"SearchAction","target":{"@type":"EntryPoint","urlTemplate":"https:\/\/igmi.esercito.difesa.it\/en\/?s={search_term_string}"},"query-input":{"@type":"PropertyValueSpecification","valueRequired":true,"valueName":"search_term_string"}}],"inLanguage":"en-US"},{"@type":"Organization","@id":"https:\/\/igmi.esercito.difesa.it\/en\/#organization","name":"Istituto Geografico Militare","url":"https:\/\/igmi.esercito.difesa.it\/en\/","logo":{"@type":"ImageObject","inLanguage":"en-US","@id":"https:\/\/igmi.esercito.difesa.it\/en\/#\/schema\/logo\/image\/","url":"https:\/\/igmi.esercito.difesa.it\/wp-content\/uploads\/2025\/04\/Logo-igm.webp","contentUrl":"https:\/\/igmi.esercito.difesa.it\/wp-content\/uploads\/2025\/04\/Logo-igm.webp","width":1320,"height":1696,"caption":"Istituto Geografico Militare"},"image":{"@id":"https:\/\/igmi.esercito.difesa.it\/en\/#\/schema\/logo\/image\/"}}]}},"_links":{"self":[{"href":"https:\/\/igmi.esercito.difesa.it\/en\/wp-json\/wp\/v2\/product\/360318","targetHints":{"allow":["GET"]}}],"collection":[{"href":"https:\/\/igmi.esercito.difesa.it\/en\/wp-json\/wp\/v2\/product"}],"about":[{"href":"https:\/\/igmi.esercito.difesa.it\/en\/wp-json\/wp\/v2\/types\/product"}],"wp:featuredmedia":[{"embeddable":true,"href":"https:\/\/igmi.esercito.difesa.it\/en\/wp-json\/wp\/v2\/media\/694856"}],"wp:attachment":[{"href":"https:\/\/igmi.esercito.difesa.it\/en\/wp-json\/wp\/v2\/media?parent=360318"}],"wp:term":[{"taxonomy":"product_brand","embeddable":true,"href":"https:\/\/igmi.esercito.difesa.it\/en\/wp-json\/wp\/v2\/product_brand?post=360318"},{"taxonomy":"product_cat","embeddable":true,"href":"https:\/\/igmi.esercito.difesa.it\/en\/wp-json\/wp\/v2\/product_cat?post=360318"},{"taxonomy":"product_tag","embeddable":true,"href":"https:\/\/igmi.esercito.difesa.it\/en\/wp-json\/wp\/v2\/product_tag?post=360318"}],"curies":[{"name":"wp","href":"https:\/\/api.w.org\/{rel}","templated":true}]}}