{"id":360736,"date":"2025-06-27T07:48:13","date_gmt":"2025-06-27T05:48:13","guid":{"rendered":"https:\/\/igmi.esercito.difesa.it\/prodotto\/389684\/"},"modified":"2026-04-09T13:23:44","modified_gmt":"2026-04-09T11:23:44","slug":"389684","status":"publish","type":"product","link":"https:\/\/igmi.esercito.difesa.it\/en\/prodotto\/389684\/","title":{"rendered":"LA TABULA PEUTINGERIANA WELTKARTE DES CASTORIUS DIE PEUTINGERISCHE TAFEL"},"content":{"rendered":"<p>Carta del mondo di Castorio detta Tavola Peutingeriana. Grande carta itineraria romana rappresentante, in una lunga striscia, la sintesi geografica della massima espansione imperiale romana, con la rete stradale, le stazioni di sosta, le distanze fra esse interposte e moltissimi nomi di monti, fiumi e localit\u00e0. L&#8217;apografo giunto fino a noi risale al medioevo tardo; scoperto nei primi anni del XVI secolo dall&#8217;umanista Corrado Celtes, da lui pass\u00f2 a Konrad Peutinger che ne tent\u00f2 la prima divulgazione e dal quale tradizionalmente deriva il nome. L&#8217;originale \u00e8 conservato presso la Biblioteca Nazionale di Vienna.<br \/>\nEdizione tedesca 2 volumi di cui 1 volume solo tav. peutingeriana e 1 volume parte descrittiva in lingua tedesca, 1887.<br \/>\nDal volume della parte descrittiva sopra elencato \u00e8 stato tradotto un sunto in lingua italiana di 7 pagine dattiloscritte a cura di Crivellari Giuseppe; Firenze, 1926.<br \/>\nVedere file da B0007957 a B0007964 e da B0012923 a B0012930.<\/p>\n","protected":false},"excerpt":{"rendered":"<p>Carta del mondo di Castorio detta Tavola Peutingeriana. Grande carta itineraria romana rappresentante, in una lunga striscia, la sintesi geografica della massima espansione imperiale romana, con la rete stradale, le stazioni di sosta, le distanze fra esse interposte e moltissimi nomi di monti, fiumi e localit\u00e0. L&#8217;apografo giunto fino a noi risale al medioevo tardo; [&hellip;]<\/p>\n","protected":false},"featured_media":695320,"template":"","meta":{"_acf_changed":false},"product_brand":[],"product_cat":[191,447],"product_tag":[334],"class_list":{"0":"post-360736","1":"product","2":"type-product","3":"status-publish","4":"has-post-thumbnail","6":"product_cat-carte-antiche","7":"product_cat-tecnica_risoluzione_carta_antica","8":"product_tag-carta-antica","10":"first","11":"instock","12":"downloadable","13":"virtual","14":"sold-individually","15":"taxable","16":"purchasable","17":"product-type-simple"},"acf":[],"yoast_head":"<!-- This site is optimized with the Yoast SEO plugin v26.4 - https:\/\/yoast.com\/wordpress\/plugins\/seo\/ -->\n<title>LA TABULA PEUTINGERIANA WELTKARTE DES CASTORIUS DIE PEUTINGERISCHE TAFEL - Istituto Geografico Militare<\/title>\n<meta name=\"robots\" content=\"index, follow, max-snippet:-1, max-image-preview:large, max-video-preview:-1\" \/>\n<link rel=\"canonical\" href=\"https:\/\/igmi.esercito.difesa.it\/en\/prodotto\/389684\/\" \/>\n<meta property=\"og:locale\" content=\"en_US\" \/>\n<meta property=\"og:type\" content=\"article\" \/>\n<meta property=\"og:title\" content=\"LA TABULA PEUTINGERIANA WELTKARTE DES CASTORIUS DIE PEUTINGERISCHE TAFEL - Istituto Geografico Militare\" \/>\n<meta property=\"og:description\" content=\"Carta del mondo di Castorio detta Tavola Peutingeriana. Grande carta itineraria romana rappresentante, in una lunga striscia, la sintesi geografica della massima espansione imperiale romana, con la rete stradale, le stazioni di sosta, le distanze fra esse interposte e moltissimi nomi di monti, fiumi e localit\u00e0. L&#8217;apografo giunto fino a noi risale al medioevo tardo; [&hellip;]\" \/>\n<meta property=\"og:url\" content=\"https:\/\/igmi.esercito.difesa.it\/en\/prodotto\/389684\/\" \/>\n<meta property=\"og:site_name\" content=\"Istituto Geografico Militare\" \/>\n<meta property=\"article:modified_time\" content=\"2026-04-09T11:23:44+00:00\" \/>\n<meta property=\"og:image\" content=\"https:\/\/igmi.esercito.difesa.it\/wp-content\/uploads\/B0008360.jpg\" \/>\n\t<meta property=\"og:image:width\" content=\"1000\" \/>\n\t<meta property=\"og:image:height\" content=\"193\" \/>\n\t<meta property=\"og:image:type\" content=\"image\/jpeg\" \/>\n<meta name=\"twitter:card\" content=\"summary_large_image\" \/>\n<meta name=\"twitter:label1\" content=\"Est. reading time\" \/>\n\t<meta name=\"twitter:data1\" content=\"1 minute\" \/>\n<script type=\"application\/ld+json\" class=\"yoast-schema-graph\">{\"@context\":\"https:\/\/schema.org\",\"@graph\":[{\"@type\":\"WebPage\",\"@id\":\"https:\/\/igmi.esercito.difesa.it\/en\/prodotto\/389684\/\",\"url\":\"https:\/\/igmi.esercito.difesa.it\/en\/prodotto\/389684\/\",\"name\":\"LA TABULA PEUTINGERIANA WELTKARTE DES CASTORIUS DIE PEUTINGERISCHE TAFEL - Istituto Geografico Militare\",\"isPartOf\":{\"@id\":\"https:\/\/igmi.esercito.difesa.it\/en\/#website\"},\"primaryImageOfPage\":{\"@id\":\"https:\/\/igmi.esercito.difesa.it\/en\/prodotto\/389684\/#primaryimage\"},\"image\":{\"@id\":\"https:\/\/igmi.esercito.difesa.it\/en\/prodotto\/389684\/#primaryimage\"},\"thumbnailUrl\":\"https:\/\/igmi.esercito.difesa.it\/wp-content\/uploads\/B0008360.jpg\",\"datePublished\":\"2025-06-27T05:48:13+00:00\",\"dateModified\":\"2026-04-09T11:23:44+00:00\",\"breadcrumb\":{\"@id\":\"https:\/\/igmi.esercito.difesa.it\/en\/prodotto\/389684\/#breadcrumb\"},\"inLanguage\":\"en-US\",\"potentialAction\":[{\"@type\":\"ReadAction\",\"target\":[\"https:\/\/igmi.esercito.difesa.it\/en\/prodotto\/389684\/\"]}]},{\"@type\":\"ImageObject\",\"inLanguage\":\"en-US\",\"@id\":\"https:\/\/igmi.esercito.difesa.it\/en\/prodotto\/389684\/#primaryimage\",\"url\":\"https:\/\/igmi.esercito.difesa.it\/wp-content\/uploads\/B0008360.jpg\",\"contentUrl\":\"https:\/\/igmi.esercito.difesa.it\/wp-content\/uploads\/B0008360.jpg\",\"width\":1000,\"height\":193},{\"@type\":\"BreadcrumbList\",\"@id\":\"https:\/\/igmi.esercito.difesa.it\/en\/prodotto\/389684\/#breadcrumb\",\"itemListElement\":[{\"@type\":\"ListItem\",\"position\":1,\"name\":\"Home\",\"item\":\"https:\/\/igmi.esercito.difesa.it\/en\/\"},{\"@type\":\"ListItem\",\"position\":2,\"name\":\"Products\",\"item\":\"https:\/\/igmi.esercito.difesa.it\/en\/shop\/\"},{\"@type\":\"ListItem\",\"position\":3,\"name\":\"LA TABULA PEUTINGERIANA WELTKARTE DES CASTORIUS DIE PEUTINGERISCHE TAFEL\"}]},{\"@type\":\"WebSite\",\"@id\":\"https:\/\/igmi.esercito.difesa.it\/en\/#website\",\"url\":\"https:\/\/igmi.esercito.difesa.it\/en\/\",\"name\":\"Istituto Geografico Militare\",\"description\":\"Ente cartografico dello stato\",\"publisher\":{\"@id\":\"https:\/\/igmi.esercito.difesa.it\/en\/#organization\"},\"potentialAction\":[{\"@type\":\"SearchAction\",\"target\":{\"@type\":\"EntryPoint\",\"urlTemplate\":\"https:\/\/igmi.esercito.difesa.it\/en\/?s={search_term_string}\"},\"query-input\":{\"@type\":\"PropertyValueSpecification\",\"valueRequired\":true,\"valueName\":\"search_term_string\"}}],\"inLanguage\":\"en-US\"},{\"@type\":\"Organization\",\"@id\":\"https:\/\/igmi.esercito.difesa.it\/en\/#organization\",\"name\":\"Istituto Geografico Militare\",\"url\":\"https:\/\/igmi.esercito.difesa.it\/en\/\",\"logo\":{\"@type\":\"ImageObject\",\"inLanguage\":\"en-US\",\"@id\":\"https:\/\/igmi.esercito.difesa.it\/en\/#\/schema\/logo\/image\/\",\"url\":\"https:\/\/igmi.esercito.difesa.it\/wp-content\/uploads\/2025\/04\/Logo-igm.webp\",\"contentUrl\":\"https:\/\/igmi.esercito.difesa.it\/wp-content\/uploads\/2025\/04\/Logo-igm.webp\",\"width\":1320,\"height\":1696,\"caption\":\"Istituto Geografico Militare\"},\"image\":{\"@id\":\"https:\/\/igmi.esercito.difesa.it\/en\/#\/schema\/logo\/image\/\"}}]}<\/script>\n<!-- \/ Yoast SEO plugin. -->","yoast_head_json":{"title":"LA TABULA PEUTINGERIANA WELTKARTE DES CASTORIUS DIE PEUTINGERISCHE TAFEL - Istituto Geografico Militare","robots":{"index":"index","follow":"follow","max-snippet":"max-snippet:-1","max-image-preview":"max-image-preview:large","max-video-preview":"max-video-preview:-1"},"canonical":"https:\/\/igmi.esercito.difesa.it\/en\/prodotto\/389684\/","og_locale":"en_US","og_type":"article","og_title":"LA TABULA PEUTINGERIANA WELTKARTE DES CASTORIUS DIE PEUTINGERISCHE TAFEL - Istituto Geografico Militare","og_description":"Carta del mondo di Castorio detta Tavola Peutingeriana. Grande carta itineraria romana rappresentante, in una lunga striscia, la sintesi geografica della massima espansione imperiale romana, con la rete stradale, le stazioni di sosta, le distanze fra esse interposte e moltissimi nomi di monti, fiumi e localit\u00e0. L&#8217;apografo giunto fino a noi risale al medioevo tardo; [&hellip;]","og_url":"https:\/\/igmi.esercito.difesa.it\/en\/prodotto\/389684\/","og_site_name":"Istituto Geografico Militare","article_modified_time":"2026-04-09T11:23:44+00:00","og_image":[{"width":1000,"height":193,"url":"https:\/\/igmi.esercito.difesa.it\/wp-content\/uploads\/B0008360.jpg","type":"image\/jpeg"}],"twitter_card":"summary_large_image","twitter_misc":{"Est. reading time":"1 minute"},"schema":{"@context":"https:\/\/schema.org","@graph":[{"@type":"WebPage","@id":"https:\/\/igmi.esercito.difesa.it\/en\/prodotto\/389684\/","url":"https:\/\/igmi.esercito.difesa.it\/en\/prodotto\/389684\/","name":"LA TABULA PEUTINGERIANA WELTKARTE DES CASTORIUS DIE PEUTINGERISCHE TAFEL - Istituto Geografico Militare","isPartOf":{"@id":"https:\/\/igmi.esercito.difesa.it\/en\/#website"},"primaryImageOfPage":{"@id":"https:\/\/igmi.esercito.difesa.it\/en\/prodotto\/389684\/#primaryimage"},"image":{"@id":"https:\/\/igmi.esercito.difesa.it\/en\/prodotto\/389684\/#primaryimage"},"thumbnailUrl":"https:\/\/igmi.esercito.difesa.it\/wp-content\/uploads\/B0008360.jpg","datePublished":"2025-06-27T05:48:13+00:00","dateModified":"2026-04-09T11:23:44+00:00","breadcrumb":{"@id":"https:\/\/igmi.esercito.difesa.it\/en\/prodotto\/389684\/#breadcrumb"},"inLanguage":"en-US","potentialAction":[{"@type":"ReadAction","target":["https:\/\/igmi.esercito.difesa.it\/en\/prodotto\/389684\/"]}]},{"@type":"ImageObject","inLanguage":"en-US","@id":"https:\/\/igmi.esercito.difesa.it\/en\/prodotto\/389684\/#primaryimage","url":"https:\/\/igmi.esercito.difesa.it\/wp-content\/uploads\/B0008360.jpg","contentUrl":"https:\/\/igmi.esercito.difesa.it\/wp-content\/uploads\/B0008360.jpg","width":1000,"height":193},{"@type":"BreadcrumbList","@id":"https:\/\/igmi.esercito.difesa.it\/en\/prodotto\/389684\/#breadcrumb","itemListElement":[{"@type":"ListItem","position":1,"name":"Home","item":"https:\/\/igmi.esercito.difesa.it\/en\/"},{"@type":"ListItem","position":2,"name":"Products","item":"https:\/\/igmi.esercito.difesa.it\/en\/shop\/"},{"@type":"ListItem","position":3,"name":"LA TABULA PEUTINGERIANA WELTKARTE DES CASTORIUS DIE PEUTINGERISCHE TAFEL"}]},{"@type":"WebSite","@id":"https:\/\/igmi.esercito.difesa.it\/en\/#website","url":"https:\/\/igmi.esercito.difesa.it\/en\/","name":"Istituto Geografico Militare","description":"Ente cartografico dello stato","publisher":{"@id":"https:\/\/igmi.esercito.difesa.it\/en\/#organization"},"potentialAction":[{"@type":"SearchAction","target":{"@type":"EntryPoint","urlTemplate":"https:\/\/igmi.esercito.difesa.it\/en\/?s={search_term_string}"},"query-input":{"@type":"PropertyValueSpecification","valueRequired":true,"valueName":"search_term_string"}}],"inLanguage":"en-US"},{"@type":"Organization","@id":"https:\/\/igmi.esercito.difesa.it\/en\/#organization","name":"Istituto Geografico Militare","url":"https:\/\/igmi.esercito.difesa.it\/en\/","logo":{"@type":"ImageObject","inLanguage":"en-US","@id":"https:\/\/igmi.esercito.difesa.it\/en\/#\/schema\/logo\/image\/","url":"https:\/\/igmi.esercito.difesa.it\/wp-content\/uploads\/2025\/04\/Logo-igm.webp","contentUrl":"https:\/\/igmi.esercito.difesa.it\/wp-content\/uploads\/2025\/04\/Logo-igm.webp","width":1320,"height":1696,"caption":"Istituto Geografico Militare"},"image":{"@id":"https:\/\/igmi.esercito.difesa.it\/en\/#\/schema\/logo\/image\/"}}]}},"_links":{"self":[{"href":"https:\/\/igmi.esercito.difesa.it\/en\/wp-json\/wp\/v2\/product\/360736","targetHints":{"allow":["GET"]}}],"collection":[{"href":"https:\/\/igmi.esercito.difesa.it\/en\/wp-json\/wp\/v2\/product"}],"about":[{"href":"https:\/\/igmi.esercito.difesa.it\/en\/wp-json\/wp\/v2\/types\/product"}],"wp:featuredmedia":[{"embeddable":true,"href":"https:\/\/igmi.esercito.difesa.it\/en\/wp-json\/wp\/v2\/media\/695320"}],"wp:attachment":[{"href":"https:\/\/igmi.esercito.difesa.it\/en\/wp-json\/wp\/v2\/media?parent=360736"}],"wp:term":[{"taxonomy":"product_brand","embeddable":true,"href":"https:\/\/igmi.esercito.difesa.it\/en\/wp-json\/wp\/v2\/product_brand?post=360736"},{"taxonomy":"product_cat","embeddable":true,"href":"https:\/\/igmi.esercito.difesa.it\/en\/wp-json\/wp\/v2\/product_cat?post=360736"},{"taxonomy":"product_tag","embeddable":true,"href":"https:\/\/igmi.esercito.difesa.it\/en\/wp-json\/wp\/v2\/product_tag?post=360736"}],"curies":[{"name":"wp","href":"https:\/\/api.w.org\/{rel}","templated":true}]}}