{"id":360790,"date":"2025-06-27T07:57:27","date_gmt":"2025-06-27T05:57:27","guid":{"rendered":"https:\/\/igmi.esercito.difesa.it\/prodotto\/389736\/"},"modified":"2026-04-09T13:25:54","modified_gmt":"2026-04-09T11:25:54","slug":"389736","status":"publish","type":"product","link":"https:\/\/igmi.esercito.difesa.it\/en\/prodotto\/389736\/","title":{"rendered":"RIPRODUZIONE DEL 1883 DELLA PIANTA DI ROMA DI LEONARDO BUFALINI &#8211; Tavola C 1"},"content":{"rendered":"<p>Da un esemplare a penna gi\u00e0 conservato in Cuneo riprodotto per cura del Ministero della Pubblica Istruzione, riduzione fotocromolitografica fatta dell&#8217;I.G.M.<br \/>\nDi questa pianta, che \u00e8 di particolare importanza per la topografia degli edifici antichi ancora esistenti nel secolo XVI, si conosceva fino al 1874 l&#8217;unico esemplare incompleto della Biblioteca Barberiniana. Un esemplare completo, disegnato a penna e leggermente colorito con tinte che indicano i confini delle valli, dei colli e delle rive del Tevere, ricavato da quello che serv\u00ec da originale all&#8217;incisione in legno, (Edita per Magistrum Leonardum die XXVI Mense Maij Anno Domini MDLI), fu rinvenuto, in quell&#8217;anno, nel gi\u00e0 Convento della Madonna degli Angioli in Cuneo. Questo esemplare differisce da quello Barberiniano in quanto non reca attorno al campo disegnati gli stemmi, la menzione dei privilegi accordati per la impressione, il ritratto del Bufalini, la dedica ai Conservatori in Roma da Antonio Trevisi nel 1560, n\u00e9 i motivi ornamentali. Inoltre v&#8217;\u00e8 la variante della data alterata dall&#8217;anno MDLI all&#8217;anno MDII ci\u00f2 che per\u00f2 \u00e8 da attribuirsi ad errore. Questa pianta venne riprodotta per la prima volta nel 1879 per il natale di Roma e per la cinquantesima ricorrenza della fondazione dell&#8217;Istituto Archeologico Germanico, dal Ministero della Pubblica Istruzione. Una seconda riproduzione \u00e8 questa, ridotta a met\u00e0 scala, dell&#8217;I.G.M., eseguita per la 7^ Conferenza Geodetica Internazionale di quell&#8217;anno. La riproduzione si compone di sei fogli in cromo ed un quadro d&#8217;unione in nero. Annessa una notizia illustrativa.<\/p>\n","protected":false},"excerpt":{"rendered":"<p>Da un esemplare a penna gi\u00e0 conservato in Cuneo riprodotto per cura del Ministero della Pubblica Istruzione, riduzione fotocromolitografica fatta dell&#8217;I.G.M. Di questa pianta, che \u00e8 di particolare importanza per la topografia degli edifici antichi ancora esistenti nel secolo XVI, si conosceva fino al 1874 l&#8217;unico esemplare incompleto della Biblioteca Barberiniana. Un esemplare completo, disegnato [&hellip;]<\/p>\n","protected":false},"featured_media":695533,"template":"","meta":{"_acf_changed":false},"product_brand":[],"product_cat":[191,447],"product_tag":[334],"class_list":{"0":"post-360790","1":"product","2":"type-product","3":"status-publish","4":"has-post-thumbnail","6":"product_cat-carte-antiche","7":"product_cat-tecnica_risoluzione_carta_antica","8":"product_tag-carta-antica","10":"first","11":"instock","12":"downloadable","13":"virtual","14":"sold-individually","15":"taxable","16":"purchasable","17":"product-type-simple"},"acf":[],"yoast_head":"<!-- This site is optimized with the Yoast SEO plugin v26.4 - https:\/\/yoast.com\/wordpress\/plugins\/seo\/ -->\n<title>RIPRODUZIONE DEL 1883 DELLA PIANTA DI ROMA DI LEONARDO BUFALINI - Tavola C 1 - Istituto Geografico Militare<\/title>\n<meta name=\"robots\" content=\"index, follow, max-snippet:-1, max-image-preview:large, max-video-preview:-1\" \/>\n<link rel=\"canonical\" href=\"https:\/\/igmi.esercito.difesa.it\/en\/prodotto\/389736\/\" \/>\n<meta property=\"og:locale\" content=\"en_US\" \/>\n<meta property=\"og:type\" content=\"article\" \/>\n<meta property=\"og:title\" content=\"RIPRODUZIONE DEL 1883 DELLA PIANTA DI ROMA DI LEONARDO BUFALINI - Tavola C 1 - Istituto Geografico Militare\" \/>\n<meta property=\"og:description\" content=\"Da un esemplare a penna gi\u00e0 conservato in Cuneo riprodotto per cura del Ministero della Pubblica Istruzione, riduzione fotocromolitografica fatta dell&#8217;I.G.M. Di questa pianta, che \u00e8 di particolare importanza per la topografia degli edifici antichi ancora esistenti nel secolo XVI, si conosceva fino al 1874 l&#8217;unico esemplare incompleto della Biblioteca Barberiniana. Un esemplare completo, disegnato [&hellip;]\" \/>\n<meta property=\"og:url\" content=\"https:\/\/igmi.esercito.difesa.it\/en\/prodotto\/389736\/\" \/>\n<meta property=\"og:site_name\" content=\"Istituto Geografico Militare\" \/>\n<meta property=\"article:modified_time\" content=\"2026-04-09T11:25:54+00:00\" \/>\n<meta property=\"og:image\" content=\"https:\/\/igmi.esercito.difesa.it\/wp-content\/uploads\/B0007217.jpg\" \/>\n\t<meta property=\"og:image:width\" content=\"1000\" \/>\n\t<meta property=\"og:image:height\" content=\"731\" \/>\n\t<meta property=\"og:image:type\" content=\"image\/jpeg\" \/>\n<meta name=\"twitter:card\" content=\"summary_large_image\" \/>\n<meta name=\"twitter:label1\" content=\"Est. reading time\" \/>\n\t<meta name=\"twitter:data1\" content=\"1 minute\" \/>\n<script type=\"application\/ld+json\" class=\"yoast-schema-graph\">{\"@context\":\"https:\/\/schema.org\",\"@graph\":[{\"@type\":\"WebPage\",\"@id\":\"https:\/\/igmi.esercito.difesa.it\/en\/prodotto\/389736\/\",\"url\":\"https:\/\/igmi.esercito.difesa.it\/en\/prodotto\/389736\/\",\"name\":\"RIPRODUZIONE DEL 1883 DELLA PIANTA DI ROMA DI LEONARDO BUFALINI - Tavola C 1 - Istituto Geografico Militare\",\"isPartOf\":{\"@id\":\"https:\/\/igmi.esercito.difesa.it\/en\/#website\"},\"primaryImageOfPage\":{\"@id\":\"https:\/\/igmi.esercito.difesa.it\/en\/prodotto\/389736\/#primaryimage\"},\"image\":{\"@id\":\"https:\/\/igmi.esercito.difesa.it\/en\/prodotto\/389736\/#primaryimage\"},\"thumbnailUrl\":\"https:\/\/igmi.esercito.difesa.it\/wp-content\/uploads\/B0007217.jpg\",\"datePublished\":\"2025-06-27T05:57:27+00:00\",\"dateModified\":\"2026-04-09T11:25:54+00:00\",\"breadcrumb\":{\"@id\":\"https:\/\/igmi.esercito.difesa.it\/en\/prodotto\/389736\/#breadcrumb\"},\"inLanguage\":\"en-US\",\"potentialAction\":[{\"@type\":\"ReadAction\",\"target\":[\"https:\/\/igmi.esercito.difesa.it\/en\/prodotto\/389736\/\"]}]},{\"@type\":\"ImageObject\",\"inLanguage\":\"en-US\",\"@id\":\"https:\/\/igmi.esercito.difesa.it\/en\/prodotto\/389736\/#primaryimage\",\"url\":\"https:\/\/igmi.esercito.difesa.it\/wp-content\/uploads\/B0007217.jpg\",\"contentUrl\":\"https:\/\/igmi.esercito.difesa.it\/wp-content\/uploads\/B0007217.jpg\",\"width\":1000,\"height\":731},{\"@type\":\"BreadcrumbList\",\"@id\":\"https:\/\/igmi.esercito.difesa.it\/en\/prodotto\/389736\/#breadcrumb\",\"itemListElement\":[{\"@type\":\"ListItem\",\"position\":1,\"name\":\"Home\",\"item\":\"https:\/\/igmi.esercito.difesa.it\/en\/homepage\/\"},{\"@type\":\"ListItem\",\"position\":2,\"name\":\"Products\",\"item\":\"https:\/\/igmi.esercito.difesa.it\/en\/shop\/\"},{\"@type\":\"ListItem\",\"position\":3,\"name\":\"RIPRODUZIONE DEL 1883 DELLA PIANTA DI ROMA DI LEONARDO BUFALINI &#8211; Tavola C 1\"}]},{\"@type\":\"WebSite\",\"@id\":\"https:\/\/igmi.esercito.difesa.it\/en\/#website\",\"url\":\"https:\/\/igmi.esercito.difesa.it\/en\/\",\"name\":\"Istituto Geografico Militare\",\"description\":\"Ente cartografico dello stato\",\"publisher\":{\"@id\":\"https:\/\/igmi.esercito.difesa.it\/en\/#organization\"},\"potentialAction\":[{\"@type\":\"SearchAction\",\"target\":{\"@type\":\"EntryPoint\",\"urlTemplate\":\"https:\/\/igmi.esercito.difesa.it\/en\/?s={search_term_string}\"},\"query-input\":{\"@type\":\"PropertyValueSpecification\",\"valueRequired\":true,\"valueName\":\"search_term_string\"}}],\"inLanguage\":\"en-US\"},{\"@type\":\"Organization\",\"@id\":\"https:\/\/igmi.esercito.difesa.it\/en\/#organization\",\"name\":\"Istituto Geografico Militare\",\"url\":\"https:\/\/igmi.esercito.difesa.it\/en\/\",\"logo\":{\"@type\":\"ImageObject\",\"inLanguage\":\"en-US\",\"@id\":\"https:\/\/igmi.esercito.difesa.it\/en\/#\/schema\/logo\/image\/\",\"url\":\"https:\/\/igmi.esercito.difesa.it\/wp-content\/uploads\/2025\/04\/Logo-igm.webp\",\"contentUrl\":\"https:\/\/igmi.esercito.difesa.it\/wp-content\/uploads\/2025\/04\/Logo-igm.webp\",\"width\":1320,\"height\":1696,\"caption\":\"Istituto Geografico Militare\"},\"image\":{\"@id\":\"https:\/\/igmi.esercito.difesa.it\/en\/#\/schema\/logo\/image\/\"}}]}<\/script>\n<!-- \/ Yoast SEO plugin. -->","yoast_head_json":{"title":"RIPRODUZIONE DEL 1883 DELLA PIANTA DI ROMA DI LEONARDO BUFALINI - Tavola C 1 - Istituto Geografico Militare","robots":{"index":"index","follow":"follow","max-snippet":"max-snippet:-1","max-image-preview":"max-image-preview:large","max-video-preview":"max-video-preview:-1"},"canonical":"https:\/\/igmi.esercito.difesa.it\/en\/prodotto\/389736\/","og_locale":"en_US","og_type":"article","og_title":"RIPRODUZIONE DEL 1883 DELLA PIANTA DI ROMA DI LEONARDO BUFALINI - Tavola C 1 - Istituto Geografico Militare","og_description":"Da un esemplare a penna gi\u00e0 conservato in Cuneo riprodotto per cura del Ministero della Pubblica Istruzione, riduzione fotocromolitografica fatta dell&#8217;I.G.M. Di questa pianta, che \u00e8 di particolare importanza per la topografia degli edifici antichi ancora esistenti nel secolo XVI, si conosceva fino al 1874 l&#8217;unico esemplare incompleto della Biblioteca Barberiniana. Un esemplare completo, disegnato [&hellip;]","og_url":"https:\/\/igmi.esercito.difesa.it\/en\/prodotto\/389736\/","og_site_name":"Istituto Geografico Militare","article_modified_time":"2026-04-09T11:25:54+00:00","og_image":[{"width":1000,"height":731,"url":"https:\/\/igmi.esercito.difesa.it\/wp-content\/uploads\/B0007217.jpg","type":"image\/jpeg"}],"twitter_card":"summary_large_image","twitter_misc":{"Est. reading time":"1 minute"},"schema":{"@context":"https:\/\/schema.org","@graph":[{"@type":"WebPage","@id":"https:\/\/igmi.esercito.difesa.it\/en\/prodotto\/389736\/","url":"https:\/\/igmi.esercito.difesa.it\/en\/prodotto\/389736\/","name":"RIPRODUZIONE DEL 1883 DELLA PIANTA DI ROMA DI LEONARDO BUFALINI - Tavola C 1 - Istituto Geografico Militare","isPartOf":{"@id":"https:\/\/igmi.esercito.difesa.it\/en\/#website"},"primaryImageOfPage":{"@id":"https:\/\/igmi.esercito.difesa.it\/en\/prodotto\/389736\/#primaryimage"},"image":{"@id":"https:\/\/igmi.esercito.difesa.it\/en\/prodotto\/389736\/#primaryimage"},"thumbnailUrl":"https:\/\/igmi.esercito.difesa.it\/wp-content\/uploads\/B0007217.jpg","datePublished":"2025-06-27T05:57:27+00:00","dateModified":"2026-04-09T11:25:54+00:00","breadcrumb":{"@id":"https:\/\/igmi.esercito.difesa.it\/en\/prodotto\/389736\/#breadcrumb"},"inLanguage":"en-US","potentialAction":[{"@type":"ReadAction","target":["https:\/\/igmi.esercito.difesa.it\/en\/prodotto\/389736\/"]}]},{"@type":"ImageObject","inLanguage":"en-US","@id":"https:\/\/igmi.esercito.difesa.it\/en\/prodotto\/389736\/#primaryimage","url":"https:\/\/igmi.esercito.difesa.it\/wp-content\/uploads\/B0007217.jpg","contentUrl":"https:\/\/igmi.esercito.difesa.it\/wp-content\/uploads\/B0007217.jpg","width":1000,"height":731},{"@type":"BreadcrumbList","@id":"https:\/\/igmi.esercito.difesa.it\/en\/prodotto\/389736\/#breadcrumb","itemListElement":[{"@type":"ListItem","position":1,"name":"Home","item":"https:\/\/igmi.esercito.difesa.it\/en\/homepage\/"},{"@type":"ListItem","position":2,"name":"Products","item":"https:\/\/igmi.esercito.difesa.it\/en\/shop\/"},{"@type":"ListItem","position":3,"name":"RIPRODUZIONE DEL 1883 DELLA PIANTA DI ROMA DI LEONARDO BUFALINI &#8211; Tavola C 1"}]},{"@type":"WebSite","@id":"https:\/\/igmi.esercito.difesa.it\/en\/#website","url":"https:\/\/igmi.esercito.difesa.it\/en\/","name":"Istituto Geografico Militare","description":"Ente cartografico dello stato","publisher":{"@id":"https:\/\/igmi.esercito.difesa.it\/en\/#organization"},"potentialAction":[{"@type":"SearchAction","target":{"@type":"EntryPoint","urlTemplate":"https:\/\/igmi.esercito.difesa.it\/en\/?s={search_term_string}"},"query-input":{"@type":"PropertyValueSpecification","valueRequired":true,"valueName":"search_term_string"}}],"inLanguage":"en-US"},{"@type":"Organization","@id":"https:\/\/igmi.esercito.difesa.it\/en\/#organization","name":"Istituto Geografico Militare","url":"https:\/\/igmi.esercito.difesa.it\/en\/","logo":{"@type":"ImageObject","inLanguage":"en-US","@id":"https:\/\/igmi.esercito.difesa.it\/en\/#\/schema\/logo\/image\/","url":"https:\/\/igmi.esercito.difesa.it\/wp-content\/uploads\/2025\/04\/Logo-igm.webp","contentUrl":"https:\/\/igmi.esercito.difesa.it\/wp-content\/uploads\/2025\/04\/Logo-igm.webp","width":1320,"height":1696,"caption":"Istituto Geografico Militare"},"image":{"@id":"https:\/\/igmi.esercito.difesa.it\/en\/#\/schema\/logo\/image\/"}}]}},"_links":{"self":[{"href":"https:\/\/igmi.esercito.difesa.it\/en\/wp-json\/wp\/v2\/product\/360790","targetHints":{"allow":["GET"]}}],"collection":[{"href":"https:\/\/igmi.esercito.difesa.it\/en\/wp-json\/wp\/v2\/product"}],"about":[{"href":"https:\/\/igmi.esercito.difesa.it\/en\/wp-json\/wp\/v2\/types\/product"}],"wp:featuredmedia":[{"embeddable":true,"href":"https:\/\/igmi.esercito.difesa.it\/en\/wp-json\/wp\/v2\/media\/695533"}],"wp:attachment":[{"href":"https:\/\/igmi.esercito.difesa.it\/en\/wp-json\/wp\/v2\/media?parent=360790"}],"wp:term":[{"taxonomy":"product_brand","embeddable":true,"href":"https:\/\/igmi.esercito.difesa.it\/en\/wp-json\/wp\/v2\/product_brand?post=360790"},{"taxonomy":"product_cat","embeddable":true,"href":"https:\/\/igmi.esercito.difesa.it\/en\/wp-json\/wp\/v2\/product_cat?post=360790"},{"taxonomy":"product_tag","embeddable":true,"href":"https:\/\/igmi.esercito.difesa.it\/en\/wp-json\/wp\/v2\/product_tag?post=360790"}],"curies":[{"name":"wp","href":"https:\/\/api.w.org\/{rel}","templated":true}]}}