{"id":361391,"date":"2025-06-27T09:23:35","date_gmt":"2025-06-27T07:23:35","guid":{"rendered":"https:\/\/igmi.esercito.difesa.it\/prodotto\/390172\/"},"modified":"2026-04-09T13:57:27","modified_gmt":"2026-04-09T11:57:27","slug":"390172","status":"publish","type":"product","link":"https:\/\/igmi.esercito.difesa.it\/en\/prodotto\/390172\/","title":{"rendered":"QUATTRO CARTE DELL&#8217;ITALIA DELL&#8217;ATLANTE DI JODOCUS HONDIUS. ITALIA NUOVAMENTE PIU&#8217; PERFETTA CHE MAI. Tavola 3"},"content":{"rendered":"<p>Tavola 3. Porta stampato il n. 561. Testo spiegativo esterno in tedesco. Titolo esterno &#8220;VON ITALIA ODER WELSCHLAND IN GEMEIN&#8221;. titolo interno &#8220;ITALIA NUOVAMENTE PI\u00f9 PERFETTA CHE MAI&#8230;&#8221;, ecc. Nell&#8217;angolo sud-ovest la scritta &#8220;AMSTELODAMI EX OFFICINA HENRICI HONDIJ ANNO 1631&#8221;. Confronta anche &#8220;CARTE VARIE TRATTE DALL&#8217;ATLANTE DI GIOVANNI JANNSON&#8221; &#8211; Coll. Muller n. 2.<br \/>\nL&#8217;intero Documento \u00e8 composto dalle seguenti Tavole:<br \/>\nTavola 1 &#8211; &#8220;VIRO ANTIQUA DOMO GENEROSO&#8230;THEODORICO CLUVERO&#8221;<br \/>\nTavola 2 &#8211; &#8220;STATO DELLA CHIESA &#8211; DOMINIUM ECCLESIASTICUM IN ITALIA&#8221;<br \/>\nTavola 3 &#8211; &#8220;ITALIA NUOVAMENTE PIU&#8217; PERFETTA CHE MAI&#8230;&#8221;<br \/>\nTavola 4 &#8211; &#8220;NOVA ITALIAE DELINEATIO&#8221;<br \/>\nJodoco Hondio (1563-1611). Successe negli affari dell&#8217;azienda editoriale al cognato Rumoldus Mercator e venne cos\u00ec in possesso delle celebri tavole di Gherardo Mercatore. Fu per\u00f2 egli stesso un incisore valentissimo, superiore anzi come cartografo ai suoi predecessori. Fond\u00f2 la serie degli Atlanti Hondius Mercator (iniziantesi con la seconda edizione del grande Mercatore) cui egli apport\u00f2 il tributo delle nuove conoscenze e innovazione di metodi. Il suo monumentale lavoro venne proseguito dal figlio Enrico Hondius e dal genero Joannes Jansonius e pubblicato in altre due dozzine di edizioni in pi\u00f9 lingue.<br \/>\n(D1)<\/p>\n","protected":false},"excerpt":{"rendered":"<p>Tavola 3. Porta stampato il n. 561. Testo spiegativo esterno in tedesco. Titolo esterno &#8220;VON ITALIA ODER WELSCHLAND IN GEMEIN&#8221;. titolo interno &#8220;ITALIA NUOVAMENTE PI\u00f9 PERFETTA CHE MAI&#8230;&#8221;, ecc. Nell&#8217;angolo sud-ovest la scritta &#8220;AMSTELODAMI EX OFFICINA HENRICI HONDIJ ANNO 1631&#8221;. Confronta anche &#8220;CARTE VARIE TRATTE DALL&#8217;ATLANTE DI GIOVANNI JANNSON&#8221; &#8211; Coll. Muller n. 2. L&#8217;intero [&hellip;]<\/p>\n","protected":false},"featured_media":697085,"template":"","meta":{"_acf_changed":false},"product_brand":[],"product_cat":[191,447],"product_tag":[334],"class_list":{"0":"post-361391","1":"product","2":"type-product","3":"status-publish","4":"has-post-thumbnail","6":"product_cat-carte-antiche","7":"product_cat-tecnica_risoluzione_carta_antica","8":"product_tag-carta-antica","10":"first","11":"instock","12":"downloadable","13":"virtual","14":"sold-individually","15":"taxable","16":"purchasable","17":"product-type-simple"},"acf":[],"yoast_head":"<!-- This site is optimized with the Yoast SEO plugin v26.4 - https:\/\/yoast.com\/wordpress\/plugins\/seo\/ -->\n<title>QUATTRO CARTE DELL&#039;ITALIA DELL&#039;ATLANTE DI JODOCUS HONDIUS. ITALIA NUOVAMENTE PIU&#039; PERFETTA CHE MAI. Tavola 3 - Istituto Geografico Militare<\/title>\n<meta name=\"robots\" content=\"index, follow, max-snippet:-1, max-image-preview:large, max-video-preview:-1\" \/>\n<link rel=\"canonical\" href=\"https:\/\/igmi.esercito.difesa.it\/en\/prodotto\/390172\/\" \/>\n<meta property=\"og:locale\" content=\"en_US\" \/>\n<meta property=\"og:type\" content=\"article\" \/>\n<meta property=\"og:title\" content=\"QUATTRO CARTE DELL&#039;ITALIA DELL&#039;ATLANTE DI JODOCUS HONDIUS. ITALIA NUOVAMENTE PIU&#039; PERFETTA CHE MAI. Tavola 3 - Istituto Geografico Militare\" \/>\n<meta property=\"og:description\" content=\"Tavola 3. Porta stampato il n. 561. Testo spiegativo esterno in tedesco. Titolo esterno &#8220;VON ITALIA ODER WELSCHLAND IN GEMEIN&#8221;. titolo interno &#8220;ITALIA NUOVAMENTE PI\u00f9 PERFETTA CHE MAI&#8230;&#8221;, ecc. Nell&#8217;angolo sud-ovest la scritta &#8220;AMSTELODAMI EX OFFICINA HENRICI HONDIJ ANNO 1631&#8221;. Confronta anche &#8220;CARTE VARIE TRATTE DALL&#8217;ATLANTE DI GIOVANNI JANNSON&#8221; &#8211; Coll. Muller n. 2. L&#8217;intero [&hellip;]\" \/>\n<meta property=\"og:url\" content=\"https:\/\/igmi.esercito.difesa.it\/en\/prodotto\/390172\/\" \/>\n<meta property=\"og:site_name\" content=\"Istituto Geografico Militare\" \/>\n<meta property=\"article:modified_time\" content=\"2026-04-09T11:57:27+00:00\" \/>\n<meta property=\"og:image\" content=\"https:\/\/igmi.esercito.difesa.it\/wp-content\/uploads\/B0008726.jpg\" \/>\n\t<meta property=\"og:image:width\" content=\"1000\" \/>\n\t<meta property=\"og:image:height\" content=\"774\" \/>\n\t<meta property=\"og:image:type\" content=\"image\/jpeg\" \/>\n<meta name=\"twitter:card\" content=\"summary_large_image\" \/>\n<meta name=\"twitter:label1\" content=\"Est. reading time\" \/>\n\t<meta name=\"twitter:data1\" content=\"1 minute\" \/>\n<script type=\"application\/ld+json\" class=\"yoast-schema-graph\">{\"@context\":\"https:\/\/schema.org\",\"@graph\":[{\"@type\":\"WebPage\",\"@id\":\"https:\/\/igmi.esercito.difesa.it\/en\/prodotto\/390172\/\",\"url\":\"https:\/\/igmi.esercito.difesa.it\/en\/prodotto\/390172\/\",\"name\":\"QUATTRO CARTE DELL'ITALIA DELL'ATLANTE DI JODOCUS HONDIUS. ITALIA NUOVAMENTE PIU' PERFETTA CHE MAI. Tavola 3 - Istituto Geografico Militare\",\"isPartOf\":{\"@id\":\"https:\/\/igmi.esercito.difesa.it\/en\/#website\"},\"primaryImageOfPage\":{\"@id\":\"https:\/\/igmi.esercito.difesa.it\/en\/prodotto\/390172\/#primaryimage\"},\"image\":{\"@id\":\"https:\/\/igmi.esercito.difesa.it\/en\/prodotto\/390172\/#primaryimage\"},\"thumbnailUrl\":\"https:\/\/igmi.esercito.difesa.it\/wp-content\/uploads\/B0008726.jpg\",\"datePublished\":\"2025-06-27T07:23:35+00:00\",\"dateModified\":\"2026-04-09T11:57:27+00:00\",\"breadcrumb\":{\"@id\":\"https:\/\/igmi.esercito.difesa.it\/en\/prodotto\/390172\/#breadcrumb\"},\"inLanguage\":\"en-US\",\"potentialAction\":[{\"@type\":\"ReadAction\",\"target\":[\"https:\/\/igmi.esercito.difesa.it\/en\/prodotto\/390172\/\"]}]},{\"@type\":\"ImageObject\",\"inLanguage\":\"en-US\",\"@id\":\"https:\/\/igmi.esercito.difesa.it\/en\/prodotto\/390172\/#primaryimage\",\"url\":\"https:\/\/igmi.esercito.difesa.it\/wp-content\/uploads\/B0008726.jpg\",\"contentUrl\":\"https:\/\/igmi.esercito.difesa.it\/wp-content\/uploads\/B0008726.jpg\",\"width\":1000,\"height\":774},{\"@type\":\"BreadcrumbList\",\"@id\":\"https:\/\/igmi.esercito.difesa.it\/en\/prodotto\/390172\/#breadcrumb\",\"itemListElement\":[{\"@type\":\"ListItem\",\"position\":1,\"name\":\"Home\",\"item\":\"https:\/\/igmi.esercito.difesa.it\/en\/homepage\/\"},{\"@type\":\"ListItem\",\"position\":2,\"name\":\"Products\",\"item\":\"https:\/\/igmi.esercito.difesa.it\/en\/shop\/\"},{\"@type\":\"ListItem\",\"position\":3,\"name\":\"QUATTRO CARTE DELL&#8217;ITALIA DELL&#8217;ATLANTE DI JODOCUS HONDIUS. ITALIA NUOVAMENTE PIU&#8217; PERFETTA CHE MAI. Tavola 3\"}]},{\"@type\":\"WebSite\",\"@id\":\"https:\/\/igmi.esercito.difesa.it\/en\/#website\",\"url\":\"https:\/\/igmi.esercito.difesa.it\/en\/\",\"name\":\"Istituto Geografico Militare\",\"description\":\"Ente cartografico dello stato\",\"publisher\":{\"@id\":\"https:\/\/igmi.esercito.difesa.it\/en\/#organization\"},\"potentialAction\":[{\"@type\":\"SearchAction\",\"target\":{\"@type\":\"EntryPoint\",\"urlTemplate\":\"https:\/\/igmi.esercito.difesa.it\/en\/?s={search_term_string}\"},\"query-input\":{\"@type\":\"PropertyValueSpecification\",\"valueRequired\":true,\"valueName\":\"search_term_string\"}}],\"inLanguage\":\"en-US\"},{\"@type\":\"Organization\",\"@id\":\"https:\/\/igmi.esercito.difesa.it\/en\/#organization\",\"name\":\"Istituto Geografico Militare\",\"url\":\"https:\/\/igmi.esercito.difesa.it\/en\/\",\"logo\":{\"@type\":\"ImageObject\",\"inLanguage\":\"en-US\",\"@id\":\"https:\/\/igmi.esercito.difesa.it\/en\/#\/schema\/logo\/image\/\",\"url\":\"https:\/\/igmi.esercito.difesa.it\/wp-content\/uploads\/2025\/04\/Logo-igm.webp\",\"contentUrl\":\"https:\/\/igmi.esercito.difesa.it\/wp-content\/uploads\/2025\/04\/Logo-igm.webp\",\"width\":1320,\"height\":1696,\"caption\":\"Istituto Geografico Militare\"},\"image\":{\"@id\":\"https:\/\/igmi.esercito.difesa.it\/en\/#\/schema\/logo\/image\/\"}}]}<\/script>\n<!-- \/ Yoast SEO plugin. -->","yoast_head_json":{"title":"QUATTRO CARTE DELL'ITALIA DELL'ATLANTE DI JODOCUS HONDIUS. ITALIA NUOVAMENTE PIU' PERFETTA CHE MAI. Tavola 3 - Istituto Geografico Militare","robots":{"index":"index","follow":"follow","max-snippet":"max-snippet:-1","max-image-preview":"max-image-preview:large","max-video-preview":"max-video-preview:-1"},"canonical":"https:\/\/igmi.esercito.difesa.it\/en\/prodotto\/390172\/","og_locale":"en_US","og_type":"article","og_title":"QUATTRO CARTE DELL'ITALIA DELL'ATLANTE DI JODOCUS HONDIUS. ITALIA NUOVAMENTE PIU' PERFETTA CHE MAI. Tavola 3 - Istituto Geografico Militare","og_description":"Tavola 3. Porta stampato il n. 561. Testo spiegativo esterno in tedesco. Titolo esterno &#8220;VON ITALIA ODER WELSCHLAND IN GEMEIN&#8221;. titolo interno &#8220;ITALIA NUOVAMENTE PI\u00f9 PERFETTA CHE MAI&#8230;&#8221;, ecc. Nell&#8217;angolo sud-ovest la scritta &#8220;AMSTELODAMI EX OFFICINA HENRICI HONDIJ ANNO 1631&#8221;. Confronta anche &#8220;CARTE VARIE TRATTE DALL&#8217;ATLANTE DI GIOVANNI JANNSON&#8221; &#8211; Coll. Muller n. 2. L&#8217;intero [&hellip;]","og_url":"https:\/\/igmi.esercito.difesa.it\/en\/prodotto\/390172\/","og_site_name":"Istituto Geografico Militare","article_modified_time":"2026-04-09T11:57:27+00:00","og_image":[{"width":1000,"height":774,"url":"https:\/\/igmi.esercito.difesa.it\/wp-content\/uploads\/B0008726.jpg","type":"image\/jpeg"}],"twitter_card":"summary_large_image","twitter_misc":{"Est. reading time":"1 minute"},"schema":{"@context":"https:\/\/schema.org","@graph":[{"@type":"WebPage","@id":"https:\/\/igmi.esercito.difesa.it\/en\/prodotto\/390172\/","url":"https:\/\/igmi.esercito.difesa.it\/en\/prodotto\/390172\/","name":"QUATTRO CARTE DELL'ITALIA DELL'ATLANTE DI JODOCUS HONDIUS. ITALIA NUOVAMENTE PIU' PERFETTA CHE MAI. Tavola 3 - Istituto Geografico Militare","isPartOf":{"@id":"https:\/\/igmi.esercito.difesa.it\/en\/#website"},"primaryImageOfPage":{"@id":"https:\/\/igmi.esercito.difesa.it\/en\/prodotto\/390172\/#primaryimage"},"image":{"@id":"https:\/\/igmi.esercito.difesa.it\/en\/prodotto\/390172\/#primaryimage"},"thumbnailUrl":"https:\/\/igmi.esercito.difesa.it\/wp-content\/uploads\/B0008726.jpg","datePublished":"2025-06-27T07:23:35+00:00","dateModified":"2026-04-09T11:57:27+00:00","breadcrumb":{"@id":"https:\/\/igmi.esercito.difesa.it\/en\/prodotto\/390172\/#breadcrumb"},"inLanguage":"en-US","potentialAction":[{"@type":"ReadAction","target":["https:\/\/igmi.esercito.difesa.it\/en\/prodotto\/390172\/"]}]},{"@type":"ImageObject","inLanguage":"en-US","@id":"https:\/\/igmi.esercito.difesa.it\/en\/prodotto\/390172\/#primaryimage","url":"https:\/\/igmi.esercito.difesa.it\/wp-content\/uploads\/B0008726.jpg","contentUrl":"https:\/\/igmi.esercito.difesa.it\/wp-content\/uploads\/B0008726.jpg","width":1000,"height":774},{"@type":"BreadcrumbList","@id":"https:\/\/igmi.esercito.difesa.it\/en\/prodotto\/390172\/#breadcrumb","itemListElement":[{"@type":"ListItem","position":1,"name":"Home","item":"https:\/\/igmi.esercito.difesa.it\/en\/homepage\/"},{"@type":"ListItem","position":2,"name":"Products","item":"https:\/\/igmi.esercito.difesa.it\/en\/shop\/"},{"@type":"ListItem","position":3,"name":"QUATTRO CARTE DELL&#8217;ITALIA DELL&#8217;ATLANTE DI JODOCUS HONDIUS. ITALIA NUOVAMENTE PIU&#8217; PERFETTA CHE MAI. Tavola 3"}]},{"@type":"WebSite","@id":"https:\/\/igmi.esercito.difesa.it\/en\/#website","url":"https:\/\/igmi.esercito.difesa.it\/en\/","name":"Istituto Geografico Militare","description":"Ente cartografico dello stato","publisher":{"@id":"https:\/\/igmi.esercito.difesa.it\/en\/#organization"},"potentialAction":[{"@type":"SearchAction","target":{"@type":"EntryPoint","urlTemplate":"https:\/\/igmi.esercito.difesa.it\/en\/?s={search_term_string}"},"query-input":{"@type":"PropertyValueSpecification","valueRequired":true,"valueName":"search_term_string"}}],"inLanguage":"en-US"},{"@type":"Organization","@id":"https:\/\/igmi.esercito.difesa.it\/en\/#organization","name":"Istituto Geografico Militare","url":"https:\/\/igmi.esercito.difesa.it\/en\/","logo":{"@type":"ImageObject","inLanguage":"en-US","@id":"https:\/\/igmi.esercito.difesa.it\/en\/#\/schema\/logo\/image\/","url":"https:\/\/igmi.esercito.difesa.it\/wp-content\/uploads\/2025\/04\/Logo-igm.webp","contentUrl":"https:\/\/igmi.esercito.difesa.it\/wp-content\/uploads\/2025\/04\/Logo-igm.webp","width":1320,"height":1696,"caption":"Istituto Geografico Militare"},"image":{"@id":"https:\/\/igmi.esercito.difesa.it\/en\/#\/schema\/logo\/image\/"}}]}},"_links":{"self":[{"href":"https:\/\/igmi.esercito.difesa.it\/en\/wp-json\/wp\/v2\/product\/361391","targetHints":{"allow":["GET"]}}],"collection":[{"href":"https:\/\/igmi.esercito.difesa.it\/en\/wp-json\/wp\/v2\/product"}],"about":[{"href":"https:\/\/igmi.esercito.difesa.it\/en\/wp-json\/wp\/v2\/types\/product"}],"wp:featuredmedia":[{"embeddable":true,"href":"https:\/\/igmi.esercito.difesa.it\/en\/wp-json\/wp\/v2\/media\/697085"}],"wp:attachment":[{"href":"https:\/\/igmi.esercito.difesa.it\/en\/wp-json\/wp\/v2\/media?parent=361391"}],"wp:term":[{"taxonomy":"product_brand","embeddable":true,"href":"https:\/\/igmi.esercito.difesa.it\/en\/wp-json\/wp\/v2\/product_brand?post=361391"},{"taxonomy":"product_cat","embeddable":true,"href":"https:\/\/igmi.esercito.difesa.it\/en\/wp-json\/wp\/v2\/product_cat?post=361391"},{"taxonomy":"product_tag","embeddable":true,"href":"https:\/\/igmi.esercito.difesa.it\/en\/wp-json\/wp\/v2\/product_tag?post=361391"}],"curies":[{"name":"wp","href":"https:\/\/api.w.org\/{rel}","templated":true}]}}