{"id":364132,"date":"2025-06-27T15:56:23","date_gmt":"2025-06-27T13:56:23","guid":{"rendered":"https:\/\/igmi.esercito.difesa.it\/prodotto\/392160\/"},"modified":"2026-04-09T16:36:28","modified_gmt":"2026-04-09T14:36:28","slug":"392160","status":"publish","type":"product","link":"https:\/\/igmi.esercito.difesa.it\/en\/prodotto\/392160\/","title":{"rendered":"STATI DEL SERENISSIMO SIGNOR DUCA DI MODENA IN ITALIA DELINEATI COLLE STRADE PRINCIPALI, E PARTI DE&#8217; DOMINI CIRCONVICINI."},"content":{"rendered":"<p>ALL&#8217;ALTEZZA SERENISSIMA DI FRANCESCO III. DUCA DI MODENA, E REGGIO XII, E DELLA MIRANDOLA II. PRINCIPE DI MARCHESE D&#8217;ESTE, E DELLA CONCORDIA, CONTE DI NOVELLARA, ECC. E GENERALISSIMO DELL&#8217;ESERCITO DEL RE DI SPAGNA IN ITALIA. DALL&#8217;UMILISSIMO DIVOTISSIMO, E RIVERENTISSIMO SERVIDORE, E SUDDITO DOMENICO VANDELLI.<br \/>\nCarta incisa su rame; in basso a sinistra la spiegazione per il lettore: &#8220;Il primo ritratto, che abbiamo di questi Serenissimi Stati, \u00e8 una Corografia in Legna della Citt\u00e0, e Territorio di Modena si piano, che montuoso posto per lo pi\u00f9 tra i Fiumi Secchia, e Panaro, e porta seco il carattere della sua antichit\u00e0. E opera di Alberto Balugola Patrizio Modenese, che fin\u00ec di vivere li 21 Marzo del 1579, delineata da lui dopo l&#8217;Addizione Erculea, e dopo il recinto della Fortificazione fatta a questa Citt\u00e0 nel 1546. Se ne conservano copie colla data dell&#8217;anno 1571, e dedicazione al Serenissimo Duca Alfonso II di Ferrara, Modena ecc.<br \/>\nPoco dopo il 1600 fior\u00ec Giovan Antonio Magini Padovano celebre Matematico, che mor\u00ec in Bologna li 11 Febbraio 1617 e lasci\u00f2 delineata la seconda Carta del Ducato di Modena, Reggio, e Carpi col Dominio della Garfagnana, la quale fu poi stampata nel 1620, in Bologna da Fabio suo figliuolo fra le LX Tavole che compongono l&#8217;Italia, e la dedic\u00f2 al Serenissimo Duca Cesare d&#8217;Este Duca di Modena, Reggio ecc. Essa fu di poi ristampata negli Atlanti del Iansonio in Amsterdam nel 1645, nel Tomo VIII della Geografia, e Cosmografia di Guglielmo padre, e di Giovanni Bleau suo figliuolo in Amsterdam nel 1665 in foglio, e altrove pi\u00f9 volte in diverse grandezze. La terza Carta fu descritta da me nel 1724 pi\u00f9 corretta, in una forma pi\u00f9 piccola della presente per essere stampata, ed inserita nel Tomo XI della gran Raccolta degli Scrittori delle cose d&#8217;Italia e perci\u00f2 in originale, e sottoscritta col mio nome, e cognome fu mandata dal dottissimo Muratori Filippo Argelati Bolognese allora sopraintendente alla Stamperia Palatina di Milano, perch\u00e9 la facesse tagliare in Rame. Ma dopo stampati i primi Tomi di essa Raccolta si mut\u00f2 idea, e con due sole Tavole una dell&#8217;Italia antica, e l&#8217;altra de tempi di mezzo si pens\u00f2 di soddisfare cos\u00ec alla promessa, ed obbligo contratto nel Frontispizio de Tomi col Mondo Letterato. Questa Carta dalle mani dell&#8217;Argelati pass\u00f2, non sapendo dire n\u00e9 il mezzo, n\u00e9 il come, in quelle di un certo Ingegnere de Rebain, che nel 1736 la fece incidere in Vienna d&#8217;Austria da I. W. Heckenaufer, e la dedic\u00f2 a quel Consiglio Aulico di Guerra. Ora sappia il Mondo che codesto Ingegnere non vi ha di suo, se non una continua trasformazione de nomi, con mutazione del genere, coll&#8217;aver cambiati boschi in fiumi, ed altri molti propositi, e mancanze, che affatto la deturpano. Tutto ci\u00f2 da se solo dimostra il furto fatto di essa Carta. Vi ha aggiunto di suo i siti delle battaglie seguite nell&#8217;anno 1734, gli accampamenti delle armate, e dove sopra i fiumi furono formati i ponti. La quarta \u00e8 la Tavola del Modenese per l&#8217;intelligenza del Poema della Secchia Rapita di Alessandro Tassoni descritta da me, ed incisa nel 1743 in Ferrara da Andrea Bolzoni, la quale sta inserita nella nobile edizione del detto Poema fatto in Modena nel 1744 presso Bartolomeo Soliani configure in rame. Considerando io la predetta terza Carta cotanta deformata, e in una forma maggiore di quella. Questa dunque \u00e8 la quinta in ordine di tempo, che comparisce alla luce. Non poca fatica mi \u00e8 costato il determinare le posizioni, e le distanze vere delle Citt\u00e0, Castelli, e Terre, e luoghi, e di collocarli nella situazione loro pi\u00f9 vera, essendomi servito di quei mezzi, che somministra la scienza dei Triangoli. Ho seguitato piuttosto questa strada, che quella di riportarmi alle precedenti Topografie. La differenza, che in confronto ne risulta, fa conoscere, che a forza di viaggi, e di osservazioni mi sono studiato di lavorare sul vero. La posizione di molti luoghi particolari intorno alle Citt\u00e0, e Castelli tanto nei siti piani che nei montuosi, si dentro, che fuori degli Stati, dei quali non ho potuto osservare la giusta posizione, e per riempire ancora i vuoti, che restavano nella Carta, l&#8217;ho presa da misure, e piante fatte in diversi tempi in occasione di visite per riconoscere andamenti di acque, e che per altre differenze sono state levate d&#8217;ordine pubblico. Onde spero che la fatica da me intrapresa non debba riuscire del tutto inutile al pubblico, e privato commercio, e mi lusingo pure che una Carta fatta con ogni possibile diligenza meriter\u00e0 compatimento, se per forte sar\u00e0 trovata diffettuosa in qualche sua parte. Vivi felice&#8221;.<br \/>\nScala di miglia comuni d&#8217;Italia.<\/p>\n","protected":false},"excerpt":{"rendered":"<p>ALL&#8217;ALTEZZA SERENISSIMA DI FRANCESCO III. DUCA DI MODENA, E REGGIO XII, E DELLA MIRANDOLA II. PRINCIPE DI MARCHESE D&#8217;ESTE, E DELLA CONCORDIA, CONTE DI NOVELLARA, ECC. E GENERALISSIMO DELL&#8217;ESERCITO DEL RE DI SPAGNA IN ITALIA. DALL&#8217;UMILISSIMO DIVOTISSIMO, E RIVERENTISSIMO SERVIDORE, E SUDDITO DOMENICO VANDELLI. Carta incisa su rame; in basso a sinistra la spiegazione per [&hellip;]<\/p>\n","protected":false},"featured_media":704561,"template":"","meta":{"_acf_changed":false},"product_brand":[],"product_cat":[191,447],"product_tag":[334],"class_list":{"0":"post-364132","1":"product","2":"type-product","3":"status-publish","4":"has-post-thumbnail","6":"product_cat-carte-antiche","7":"product_cat-tecnica_risoluzione_carta_antica","8":"product_tag-carta-antica","10":"first","11":"instock","12":"downloadable","13":"virtual","14":"sold-individually","15":"taxable","16":"purchasable","17":"product-type-simple"},"acf":[],"yoast_head":"<!-- This site is optimized with the Yoast SEO plugin v26.4 - https:\/\/yoast.com\/wordpress\/plugins\/seo\/ -->\n<title>STATI DEL SERENISSIMO SIGNOR DUCA DI MODENA IN ITALIA DELINEATI COLLE STRADE PRINCIPALI, E PARTI DE&#039; DOMINI CIRCONVICINI. - Istituto Geografico Militare<\/title>\n<meta name=\"robots\" content=\"index, follow, max-snippet:-1, max-image-preview:large, max-video-preview:-1\" \/>\n<link rel=\"canonical\" href=\"https:\/\/igmi.esercito.difesa.it\/en\/prodotto\/392160\/\" \/>\n<meta property=\"og:locale\" content=\"en_US\" \/>\n<meta property=\"og:type\" content=\"article\" \/>\n<meta property=\"og:title\" content=\"STATI DEL SERENISSIMO SIGNOR DUCA DI MODENA IN ITALIA DELINEATI COLLE STRADE PRINCIPALI, E PARTI DE&#039; DOMINI CIRCONVICINI. - Istituto Geografico Militare\" \/>\n<meta property=\"og:description\" content=\"ALL&#8217;ALTEZZA SERENISSIMA DI FRANCESCO III. DUCA DI MODENA, E REGGIO XII, E DELLA MIRANDOLA II. PRINCIPE DI MARCHESE D&#8217;ESTE, E DELLA CONCORDIA, CONTE DI NOVELLARA, ECC. E GENERALISSIMO DELL&#8217;ESERCITO DEL RE DI SPAGNA IN ITALIA. DALL&#8217;UMILISSIMO DIVOTISSIMO, E RIVERENTISSIMO SERVIDORE, E SUDDITO DOMENICO VANDELLI. Carta incisa su rame; in basso a sinistra la spiegazione per [&hellip;]\" \/>\n<meta property=\"og:url\" content=\"https:\/\/igmi.esercito.difesa.it\/en\/prodotto\/392160\/\" \/>\n<meta property=\"og:site_name\" content=\"Istituto Geografico Militare\" \/>\n<meta property=\"article:modified_time\" content=\"2026-04-09T14:36:28+00:00\" \/>\n<meta property=\"og:image\" content=\"https:\/\/igmi.esercito.difesa.it\/wp-content\/uploads\/B0012865.jpg\" \/>\n\t<meta property=\"og:image:width\" content=\"1000\" \/>\n\t<meta property=\"og:image:height\" content=\"828\" \/>\n\t<meta property=\"og:image:type\" content=\"image\/jpeg\" \/>\n<meta name=\"twitter:card\" content=\"summary_large_image\" \/>\n<meta name=\"twitter:label1\" content=\"Est. reading time\" \/>\n\t<meta name=\"twitter:data1\" content=\"4 minutes\" \/>\n<script type=\"application\/ld+json\" class=\"yoast-schema-graph\">{\"@context\":\"https:\/\/schema.org\",\"@graph\":[{\"@type\":\"WebPage\",\"@id\":\"https:\/\/igmi.esercito.difesa.it\/en\/prodotto\/392160\/\",\"url\":\"https:\/\/igmi.esercito.difesa.it\/en\/prodotto\/392160\/\",\"name\":\"STATI DEL SERENISSIMO SIGNOR DUCA DI MODENA IN ITALIA DELINEATI COLLE STRADE PRINCIPALI, E PARTI DE' DOMINI CIRCONVICINI. - Istituto Geografico Militare\",\"isPartOf\":{\"@id\":\"https:\/\/igmi.esercito.difesa.it\/en\/#website\"},\"primaryImageOfPage\":{\"@id\":\"https:\/\/igmi.esercito.difesa.it\/en\/prodotto\/392160\/#primaryimage\"},\"image\":{\"@id\":\"https:\/\/igmi.esercito.difesa.it\/en\/prodotto\/392160\/#primaryimage\"},\"thumbnailUrl\":\"https:\/\/igmi.esercito.difesa.it\/wp-content\/uploads\/B0012865.jpg\",\"datePublished\":\"2025-06-27T13:56:23+00:00\",\"dateModified\":\"2026-04-09T14:36:28+00:00\",\"breadcrumb\":{\"@id\":\"https:\/\/igmi.esercito.difesa.it\/en\/prodotto\/392160\/#breadcrumb\"},\"inLanguage\":\"en-US\",\"potentialAction\":[{\"@type\":\"ReadAction\",\"target\":[\"https:\/\/igmi.esercito.difesa.it\/en\/prodotto\/392160\/\"]}]},{\"@type\":\"ImageObject\",\"inLanguage\":\"en-US\",\"@id\":\"https:\/\/igmi.esercito.difesa.it\/en\/prodotto\/392160\/#primaryimage\",\"url\":\"https:\/\/igmi.esercito.difesa.it\/wp-content\/uploads\/B0012865.jpg\",\"contentUrl\":\"https:\/\/igmi.esercito.difesa.it\/wp-content\/uploads\/B0012865.jpg\",\"width\":1000,\"height\":828},{\"@type\":\"BreadcrumbList\",\"@id\":\"https:\/\/igmi.esercito.difesa.it\/en\/prodotto\/392160\/#breadcrumb\",\"itemListElement\":[{\"@type\":\"ListItem\",\"position\":1,\"name\":\"Home\",\"item\":\"https:\/\/igmi.esercito.difesa.it\/en\/homepage\/\"},{\"@type\":\"ListItem\",\"position\":2,\"name\":\"Products\",\"item\":\"https:\/\/igmi.esercito.difesa.it\/en\/shop\/\"},{\"@type\":\"ListItem\",\"position\":3,\"name\":\"STATI DEL SERENISSIMO SIGNOR DUCA DI MODENA IN ITALIA DELINEATI COLLE STRADE PRINCIPALI, E PARTI DE&#8217; DOMINI CIRCONVICINI.\"}]},{\"@type\":\"WebSite\",\"@id\":\"https:\/\/igmi.esercito.difesa.it\/en\/#website\",\"url\":\"https:\/\/igmi.esercito.difesa.it\/en\/\",\"name\":\"Istituto Geografico Militare\",\"description\":\"Ente cartografico dello stato\",\"publisher\":{\"@id\":\"https:\/\/igmi.esercito.difesa.it\/en\/#organization\"},\"potentialAction\":[{\"@type\":\"SearchAction\",\"target\":{\"@type\":\"EntryPoint\",\"urlTemplate\":\"https:\/\/igmi.esercito.difesa.it\/en\/?s={search_term_string}\"},\"query-input\":{\"@type\":\"PropertyValueSpecification\",\"valueRequired\":true,\"valueName\":\"search_term_string\"}}],\"inLanguage\":\"en-US\"},{\"@type\":\"Organization\",\"@id\":\"https:\/\/igmi.esercito.difesa.it\/en\/#organization\",\"name\":\"Istituto Geografico Militare\",\"url\":\"https:\/\/igmi.esercito.difesa.it\/en\/\",\"logo\":{\"@type\":\"ImageObject\",\"inLanguage\":\"en-US\",\"@id\":\"https:\/\/igmi.esercito.difesa.it\/en\/#\/schema\/logo\/image\/\",\"url\":\"https:\/\/igmi.esercito.difesa.it\/wp-content\/uploads\/2025\/04\/Logo-igm.webp\",\"contentUrl\":\"https:\/\/igmi.esercito.difesa.it\/wp-content\/uploads\/2025\/04\/Logo-igm.webp\",\"width\":1320,\"height\":1696,\"caption\":\"Istituto Geografico Militare\"},\"image\":{\"@id\":\"https:\/\/igmi.esercito.difesa.it\/en\/#\/schema\/logo\/image\/\"}}]}<\/script>\n<!-- \/ Yoast SEO plugin. -->","yoast_head_json":{"title":"STATI DEL SERENISSIMO SIGNOR DUCA DI MODENA IN ITALIA DELINEATI COLLE STRADE PRINCIPALI, E PARTI DE' DOMINI CIRCONVICINI. - Istituto Geografico Militare","robots":{"index":"index","follow":"follow","max-snippet":"max-snippet:-1","max-image-preview":"max-image-preview:large","max-video-preview":"max-video-preview:-1"},"canonical":"https:\/\/igmi.esercito.difesa.it\/en\/prodotto\/392160\/","og_locale":"en_US","og_type":"article","og_title":"STATI DEL SERENISSIMO SIGNOR DUCA DI MODENA IN ITALIA DELINEATI COLLE STRADE PRINCIPALI, E PARTI DE' DOMINI CIRCONVICINI. - Istituto Geografico Militare","og_description":"ALL&#8217;ALTEZZA SERENISSIMA DI FRANCESCO III. DUCA DI MODENA, E REGGIO XII, E DELLA MIRANDOLA II. PRINCIPE DI MARCHESE D&#8217;ESTE, E DELLA CONCORDIA, CONTE DI NOVELLARA, ECC. E GENERALISSIMO DELL&#8217;ESERCITO DEL RE DI SPAGNA IN ITALIA. DALL&#8217;UMILISSIMO DIVOTISSIMO, E RIVERENTISSIMO SERVIDORE, E SUDDITO DOMENICO VANDELLI. Carta incisa su rame; in basso a sinistra la spiegazione per [&hellip;]","og_url":"https:\/\/igmi.esercito.difesa.it\/en\/prodotto\/392160\/","og_site_name":"Istituto Geografico Militare","article_modified_time":"2026-04-09T14:36:28+00:00","og_image":[{"width":1000,"height":828,"url":"https:\/\/igmi.esercito.difesa.it\/wp-content\/uploads\/B0012865.jpg","type":"image\/jpeg"}],"twitter_card":"summary_large_image","twitter_misc":{"Est. reading time":"4 minutes"},"schema":{"@context":"https:\/\/schema.org","@graph":[{"@type":"WebPage","@id":"https:\/\/igmi.esercito.difesa.it\/en\/prodotto\/392160\/","url":"https:\/\/igmi.esercito.difesa.it\/en\/prodotto\/392160\/","name":"STATI DEL SERENISSIMO SIGNOR DUCA DI MODENA IN ITALIA DELINEATI COLLE STRADE PRINCIPALI, E PARTI DE' DOMINI CIRCONVICINI. - Istituto Geografico Militare","isPartOf":{"@id":"https:\/\/igmi.esercito.difesa.it\/en\/#website"},"primaryImageOfPage":{"@id":"https:\/\/igmi.esercito.difesa.it\/en\/prodotto\/392160\/#primaryimage"},"image":{"@id":"https:\/\/igmi.esercito.difesa.it\/en\/prodotto\/392160\/#primaryimage"},"thumbnailUrl":"https:\/\/igmi.esercito.difesa.it\/wp-content\/uploads\/B0012865.jpg","datePublished":"2025-06-27T13:56:23+00:00","dateModified":"2026-04-09T14:36:28+00:00","breadcrumb":{"@id":"https:\/\/igmi.esercito.difesa.it\/en\/prodotto\/392160\/#breadcrumb"},"inLanguage":"en-US","potentialAction":[{"@type":"ReadAction","target":["https:\/\/igmi.esercito.difesa.it\/en\/prodotto\/392160\/"]}]},{"@type":"ImageObject","inLanguage":"en-US","@id":"https:\/\/igmi.esercito.difesa.it\/en\/prodotto\/392160\/#primaryimage","url":"https:\/\/igmi.esercito.difesa.it\/wp-content\/uploads\/B0012865.jpg","contentUrl":"https:\/\/igmi.esercito.difesa.it\/wp-content\/uploads\/B0012865.jpg","width":1000,"height":828},{"@type":"BreadcrumbList","@id":"https:\/\/igmi.esercito.difesa.it\/en\/prodotto\/392160\/#breadcrumb","itemListElement":[{"@type":"ListItem","position":1,"name":"Home","item":"https:\/\/igmi.esercito.difesa.it\/en\/homepage\/"},{"@type":"ListItem","position":2,"name":"Products","item":"https:\/\/igmi.esercito.difesa.it\/en\/shop\/"},{"@type":"ListItem","position":3,"name":"STATI DEL SERENISSIMO SIGNOR DUCA DI MODENA IN ITALIA DELINEATI COLLE STRADE PRINCIPALI, E PARTI DE&#8217; DOMINI CIRCONVICINI."}]},{"@type":"WebSite","@id":"https:\/\/igmi.esercito.difesa.it\/en\/#website","url":"https:\/\/igmi.esercito.difesa.it\/en\/","name":"Istituto Geografico Militare","description":"Ente cartografico dello stato","publisher":{"@id":"https:\/\/igmi.esercito.difesa.it\/en\/#organization"},"potentialAction":[{"@type":"SearchAction","target":{"@type":"EntryPoint","urlTemplate":"https:\/\/igmi.esercito.difesa.it\/en\/?s={search_term_string}"},"query-input":{"@type":"PropertyValueSpecification","valueRequired":true,"valueName":"search_term_string"}}],"inLanguage":"en-US"},{"@type":"Organization","@id":"https:\/\/igmi.esercito.difesa.it\/en\/#organization","name":"Istituto Geografico Militare","url":"https:\/\/igmi.esercito.difesa.it\/en\/","logo":{"@type":"ImageObject","inLanguage":"en-US","@id":"https:\/\/igmi.esercito.difesa.it\/en\/#\/schema\/logo\/image\/","url":"https:\/\/igmi.esercito.difesa.it\/wp-content\/uploads\/2025\/04\/Logo-igm.webp","contentUrl":"https:\/\/igmi.esercito.difesa.it\/wp-content\/uploads\/2025\/04\/Logo-igm.webp","width":1320,"height":1696,"caption":"Istituto Geografico Militare"},"image":{"@id":"https:\/\/igmi.esercito.difesa.it\/en\/#\/schema\/logo\/image\/"}}]}},"_links":{"self":[{"href":"https:\/\/igmi.esercito.difesa.it\/en\/wp-json\/wp\/v2\/product\/364132","targetHints":{"allow":["GET"]}}],"collection":[{"href":"https:\/\/igmi.esercito.difesa.it\/en\/wp-json\/wp\/v2\/product"}],"about":[{"href":"https:\/\/igmi.esercito.difesa.it\/en\/wp-json\/wp\/v2\/types\/product"}],"wp:featuredmedia":[{"embeddable":true,"href":"https:\/\/igmi.esercito.difesa.it\/en\/wp-json\/wp\/v2\/media\/704561"}],"wp:attachment":[{"href":"https:\/\/igmi.esercito.difesa.it\/en\/wp-json\/wp\/v2\/media?parent=364132"}],"wp:term":[{"taxonomy":"product_brand","embeddable":true,"href":"https:\/\/igmi.esercito.difesa.it\/en\/wp-json\/wp\/v2\/product_brand?post=364132"},{"taxonomy":"product_cat","embeddable":true,"href":"https:\/\/igmi.esercito.difesa.it\/en\/wp-json\/wp\/v2\/product_cat?post=364132"},{"taxonomy":"product_tag","embeddable":true,"href":"https:\/\/igmi.esercito.difesa.it\/en\/wp-json\/wp\/v2\/product_tag?post=364132"}],"curies":[{"name":"wp","href":"https:\/\/api.w.org\/{rel}","templated":true}]}}