{"id":367011,"date":"2025-06-27T20:46:18","date_gmt":"2025-06-27T18:46:18","guid":{"rendered":"https:\/\/igmi.esercito.difesa.it\/prodotto\/393277\/"},"modified":"2026-04-09T18:06:56","modified_gmt":"2026-04-09T16:06:56","slug":"393277","status":"publish","type":"product","link":"https:\/\/igmi.esercito.difesa.it\/en\/prodotto\/393277\/","title":{"rendered":"TOPOGRAFIA DELLA PROV. DI TREVISO&#8230; Tavola 12"},"content":{"rendered":"<p>&#8230;PER OPERA DELL&#8217; ING. ARCH. CIV. DR. AGOSTINO CASSINIS MEDIANTE LA FOTOGRAFIA DALLE CARTE DELL&#8217; IST. GEOGR. MILIT. DI VIENNA TRADOTTA IN SCALA DI 1:43.200 E RETTIFICATA SECONDO LE VARIAZIONI AVVENUTE FINO AL 1876. PER COMMISSIONE DELL&#8217; ONOREVOLISSIMA DEPUTAZIONE PROVINCIALE SOTTO L&#8217; ISPEZIONE DEGLI INGEGNERI CAV. L. MONTERUMICI, CAV. ANT. GIROTTO, DR. G. OLIVI. MILANO, B. MORAGLIA LIT.<br \/>\nCarta in 16 fogli in litografia da ingrandimento fotografico della carta austriaca alla scala di 1:86.400. A seguito del titolo (foglio I) \u00e8 detto: &#8221; Le indicazioni geologiche sono del Prof. Taramelli Torquato, quali risultano dalle carte premiate all&#8217; esposizione Reg. di Treviso (1872) sulla pubblicazione delle quali indicazioni l&#8217; autore dichiara riservarsi la propriet\u00e0 ed i diritti concessi dalle vigenti leggi &#8220;. Il foglio n. 4 della carta \u00e8 infatti una carta geologica a s\u00e8: esso reca il titolo &#8221; Topografia in scala di 1: 162.000 della Provincia di Treviso come quadro sinottico formante perte della Grande Carta Topografica dedotta fotograficamente come questa e mostra con segni e colori la serie cronogeologica &#8220;. Altre spiegazioni e notizie geologiche si trovano nei fogli n. 1 e n. 8. Il foglio n. 3 contiene la pianta di Treviso alla scala di 1:10.000 con elenco numerico degli edifici principali.I fogli n. 12 e n. 16 recano una &#8221; Tabella idrografica industriale della Provincia di Treviso &#8220;. I fogli sono contenuti entro una copertina sulla quale sono dati cenni informativi sulla costruzione della carta stessa. Annessi un quadro sinottico della Provincia di Treviso con dati statistico-amministrativi, un foglio con &#8221; Schiarimenti ad alcune voci mancanti nei comuni dizionari ed usate nell&#8217; illustrazione Geologica della Trevigiana &#8221; e una &#8221; Tabella delle principali qualit\u00e0 di pietre e terre esistenti in provincia di Treviso per usi d&#8217; arti ed industrie &#8220;.<br \/>\nStesso documento di appartenenza anche all&#8217; Arch. Cartografico n. 136 d&#8217; ordine &#8211; Cart. d&#8217; arch. n. 59 &#8211; Docum.n. 32.<br \/>\nRappresentazione orografica a tratteggio.<\/p>\n","protected":false},"excerpt":{"rendered":"<p>&#8230;PER OPERA DELL&#8217; ING. ARCH. CIV. DR. AGOSTINO CASSINIS MEDIANTE LA FOTOGRAFIA DALLE CARTE DELL&#8217; IST. GEOGR. MILIT. DI VIENNA TRADOTTA IN SCALA DI 1:43.200 E RETTIFICATA SECONDO LE VARIAZIONI AVVENUTE FINO AL 1876. PER COMMISSIONE DELL&#8217; ONOREVOLISSIMA DEPUTAZIONE PROVINCIALE SOTTO L&#8217; ISPEZIONE DEGLI INGEGNERI CAV. L. MONTERUMICI, CAV. ANT. GIROTTO, DR. G. OLIVI. MILANO, [&hellip;]<\/p>\n","protected":false},"featured_media":708936,"template":"","meta":{"_acf_changed":false},"product_brand":[],"product_cat":[191,447],"product_tag":[334],"class_list":{"0":"post-367011","1":"product","2":"type-product","3":"status-publish","4":"has-post-thumbnail","6":"product_cat-carte-antiche","7":"product_cat-tecnica_risoluzione_carta_antica","8":"product_tag-carta-antica","10":"first","11":"instock","12":"downloadable","13":"virtual","14":"sold-individually","15":"taxable","16":"purchasable","17":"product-type-simple"},"acf":[],"yoast_head":"<!-- This site is optimized with the Yoast SEO plugin v26.4 - https:\/\/yoast.com\/wordpress\/plugins\/seo\/ -->\n<title>TOPOGRAFIA DELLA PROV. DI TREVISO... Tavola 12 - Istituto Geografico Militare<\/title>\n<meta name=\"robots\" content=\"index, follow, max-snippet:-1, max-image-preview:large, max-video-preview:-1\" \/>\n<link rel=\"canonical\" href=\"https:\/\/igmi.esercito.difesa.it\/en\/prodotto\/393277\/\" \/>\n<meta property=\"og:locale\" content=\"en_US\" \/>\n<meta property=\"og:type\" content=\"article\" \/>\n<meta property=\"og:title\" content=\"TOPOGRAFIA DELLA PROV. DI TREVISO... Tavola 12 - Istituto Geografico Militare\" \/>\n<meta property=\"og:description\" content=\"&#8230;PER OPERA DELL&#8217; ING. ARCH. CIV. DR. AGOSTINO CASSINIS MEDIANTE LA FOTOGRAFIA DALLE CARTE DELL&#8217; IST. GEOGR. MILIT. DI VIENNA TRADOTTA IN SCALA DI 1:43.200 E RETTIFICATA SECONDO LE VARIAZIONI AVVENUTE FINO AL 1876. PER COMMISSIONE DELL&#8217; ONOREVOLISSIMA DEPUTAZIONE PROVINCIALE SOTTO L&#8217; ISPEZIONE DEGLI INGEGNERI CAV. L. MONTERUMICI, CAV. ANT. GIROTTO, DR. G. OLIVI. MILANO, [&hellip;]\" \/>\n<meta property=\"og:url\" content=\"https:\/\/igmi.esercito.difesa.it\/en\/prodotto\/393277\/\" \/>\n<meta property=\"og:site_name\" content=\"Istituto Geografico Militare\" \/>\n<meta property=\"article:modified_time\" content=\"2026-04-09T16:06:56+00:00\" \/>\n<meta property=\"og:image\" content=\"https:\/\/igmi.esercito.difesa.it\/wp-content\/uploads\/B0006033.jpg\" \/>\n\t<meta property=\"og:image:width\" content=\"1000\" \/>\n\t<meta property=\"og:image:height\" content=\"795\" \/>\n\t<meta property=\"og:image:type\" content=\"image\/jpeg\" \/>\n<meta name=\"twitter:card\" content=\"summary_large_image\" \/>\n<meta name=\"twitter:label1\" content=\"Est. reading time\" \/>\n\t<meta name=\"twitter:data1\" content=\"1 minute\" \/>\n<script type=\"application\/ld+json\" class=\"yoast-schema-graph\">{\"@context\":\"https:\/\/schema.org\",\"@graph\":[{\"@type\":\"WebPage\",\"@id\":\"https:\/\/igmi.esercito.difesa.it\/en\/prodotto\/393277\/\",\"url\":\"https:\/\/igmi.esercito.difesa.it\/en\/prodotto\/393277\/\",\"name\":\"TOPOGRAFIA DELLA PROV. DI TREVISO... Tavola 12 - Istituto Geografico Militare\",\"isPartOf\":{\"@id\":\"https:\/\/igmi.esercito.difesa.it\/en\/#website\"},\"primaryImageOfPage\":{\"@id\":\"https:\/\/igmi.esercito.difesa.it\/en\/prodotto\/393277\/#primaryimage\"},\"image\":{\"@id\":\"https:\/\/igmi.esercito.difesa.it\/en\/prodotto\/393277\/#primaryimage\"},\"thumbnailUrl\":\"https:\/\/igmi.esercito.difesa.it\/wp-content\/uploads\/B0006033.jpg\",\"datePublished\":\"2025-06-27T18:46:18+00:00\",\"dateModified\":\"2026-04-09T16:06:56+00:00\",\"breadcrumb\":{\"@id\":\"https:\/\/igmi.esercito.difesa.it\/en\/prodotto\/393277\/#breadcrumb\"},\"inLanguage\":\"en-US\",\"potentialAction\":[{\"@type\":\"ReadAction\",\"target\":[\"https:\/\/igmi.esercito.difesa.it\/en\/prodotto\/393277\/\"]}]},{\"@type\":\"ImageObject\",\"inLanguage\":\"en-US\",\"@id\":\"https:\/\/igmi.esercito.difesa.it\/en\/prodotto\/393277\/#primaryimage\",\"url\":\"https:\/\/igmi.esercito.difesa.it\/wp-content\/uploads\/B0006033.jpg\",\"contentUrl\":\"https:\/\/igmi.esercito.difesa.it\/wp-content\/uploads\/B0006033.jpg\",\"width\":1000,\"height\":795},{\"@type\":\"BreadcrumbList\",\"@id\":\"https:\/\/igmi.esercito.difesa.it\/en\/prodotto\/393277\/#breadcrumb\",\"itemListElement\":[{\"@type\":\"ListItem\",\"position\":1,\"name\":\"Home\",\"item\":\"https:\/\/igmi.esercito.difesa.it\/en\/homepage\/\"},{\"@type\":\"ListItem\",\"position\":2,\"name\":\"Products\",\"item\":\"https:\/\/igmi.esercito.difesa.it\/en\/shop\/\"},{\"@type\":\"ListItem\",\"position\":3,\"name\":\"TOPOGRAFIA DELLA PROV. DI TREVISO&#8230; Tavola 12\"}]},{\"@type\":\"WebSite\",\"@id\":\"https:\/\/igmi.esercito.difesa.it\/en\/#website\",\"url\":\"https:\/\/igmi.esercito.difesa.it\/en\/\",\"name\":\"Istituto Geografico Militare\",\"description\":\"Ente cartografico dello stato\",\"publisher\":{\"@id\":\"https:\/\/igmi.esercito.difesa.it\/en\/#organization\"},\"potentialAction\":[{\"@type\":\"SearchAction\",\"target\":{\"@type\":\"EntryPoint\",\"urlTemplate\":\"https:\/\/igmi.esercito.difesa.it\/en\/?s={search_term_string}\"},\"query-input\":{\"@type\":\"PropertyValueSpecification\",\"valueRequired\":true,\"valueName\":\"search_term_string\"}}],\"inLanguage\":\"en-US\"},{\"@type\":\"Organization\",\"@id\":\"https:\/\/igmi.esercito.difesa.it\/en\/#organization\",\"name\":\"Istituto Geografico Militare\",\"url\":\"https:\/\/igmi.esercito.difesa.it\/en\/\",\"logo\":{\"@type\":\"ImageObject\",\"inLanguage\":\"en-US\",\"@id\":\"https:\/\/igmi.esercito.difesa.it\/en\/#\/schema\/logo\/image\/\",\"url\":\"https:\/\/igmi.esercito.difesa.it\/wp-content\/uploads\/2025\/04\/Logo-igm.webp\",\"contentUrl\":\"https:\/\/igmi.esercito.difesa.it\/wp-content\/uploads\/2025\/04\/Logo-igm.webp\",\"width\":1320,\"height\":1696,\"caption\":\"Istituto Geografico Militare\"},\"image\":{\"@id\":\"https:\/\/igmi.esercito.difesa.it\/en\/#\/schema\/logo\/image\/\"}}]}<\/script>\n<!-- \/ Yoast SEO plugin. -->","yoast_head_json":{"title":"TOPOGRAFIA DELLA PROV. DI TREVISO... Tavola 12 - Istituto Geografico Militare","robots":{"index":"index","follow":"follow","max-snippet":"max-snippet:-1","max-image-preview":"max-image-preview:large","max-video-preview":"max-video-preview:-1"},"canonical":"https:\/\/igmi.esercito.difesa.it\/en\/prodotto\/393277\/","og_locale":"en_US","og_type":"article","og_title":"TOPOGRAFIA DELLA PROV. DI TREVISO... Tavola 12 - Istituto Geografico Militare","og_description":"&#8230;PER OPERA DELL&#8217; ING. ARCH. CIV. DR. AGOSTINO CASSINIS MEDIANTE LA FOTOGRAFIA DALLE CARTE DELL&#8217; IST. GEOGR. MILIT. DI VIENNA TRADOTTA IN SCALA DI 1:43.200 E RETTIFICATA SECONDO LE VARIAZIONI AVVENUTE FINO AL 1876. PER COMMISSIONE DELL&#8217; ONOREVOLISSIMA DEPUTAZIONE PROVINCIALE SOTTO L&#8217; ISPEZIONE DEGLI INGEGNERI CAV. L. MONTERUMICI, CAV. ANT. GIROTTO, DR. G. OLIVI. MILANO, [&hellip;]","og_url":"https:\/\/igmi.esercito.difesa.it\/en\/prodotto\/393277\/","og_site_name":"Istituto Geografico Militare","article_modified_time":"2026-04-09T16:06:56+00:00","og_image":[{"width":1000,"height":795,"url":"https:\/\/igmi.esercito.difesa.it\/wp-content\/uploads\/B0006033.jpg","type":"image\/jpeg"}],"twitter_card":"summary_large_image","twitter_misc":{"Est. reading time":"1 minute"},"schema":{"@context":"https:\/\/schema.org","@graph":[{"@type":"WebPage","@id":"https:\/\/igmi.esercito.difesa.it\/en\/prodotto\/393277\/","url":"https:\/\/igmi.esercito.difesa.it\/en\/prodotto\/393277\/","name":"TOPOGRAFIA DELLA PROV. DI TREVISO... Tavola 12 - Istituto Geografico Militare","isPartOf":{"@id":"https:\/\/igmi.esercito.difesa.it\/en\/#website"},"primaryImageOfPage":{"@id":"https:\/\/igmi.esercito.difesa.it\/en\/prodotto\/393277\/#primaryimage"},"image":{"@id":"https:\/\/igmi.esercito.difesa.it\/en\/prodotto\/393277\/#primaryimage"},"thumbnailUrl":"https:\/\/igmi.esercito.difesa.it\/wp-content\/uploads\/B0006033.jpg","datePublished":"2025-06-27T18:46:18+00:00","dateModified":"2026-04-09T16:06:56+00:00","breadcrumb":{"@id":"https:\/\/igmi.esercito.difesa.it\/en\/prodotto\/393277\/#breadcrumb"},"inLanguage":"en-US","potentialAction":[{"@type":"ReadAction","target":["https:\/\/igmi.esercito.difesa.it\/en\/prodotto\/393277\/"]}]},{"@type":"ImageObject","inLanguage":"en-US","@id":"https:\/\/igmi.esercito.difesa.it\/en\/prodotto\/393277\/#primaryimage","url":"https:\/\/igmi.esercito.difesa.it\/wp-content\/uploads\/B0006033.jpg","contentUrl":"https:\/\/igmi.esercito.difesa.it\/wp-content\/uploads\/B0006033.jpg","width":1000,"height":795},{"@type":"BreadcrumbList","@id":"https:\/\/igmi.esercito.difesa.it\/en\/prodotto\/393277\/#breadcrumb","itemListElement":[{"@type":"ListItem","position":1,"name":"Home","item":"https:\/\/igmi.esercito.difesa.it\/en\/homepage\/"},{"@type":"ListItem","position":2,"name":"Products","item":"https:\/\/igmi.esercito.difesa.it\/en\/shop\/"},{"@type":"ListItem","position":3,"name":"TOPOGRAFIA DELLA PROV. DI TREVISO&#8230; Tavola 12"}]},{"@type":"WebSite","@id":"https:\/\/igmi.esercito.difesa.it\/en\/#website","url":"https:\/\/igmi.esercito.difesa.it\/en\/","name":"Istituto Geografico Militare","description":"Ente cartografico dello stato","publisher":{"@id":"https:\/\/igmi.esercito.difesa.it\/en\/#organization"},"potentialAction":[{"@type":"SearchAction","target":{"@type":"EntryPoint","urlTemplate":"https:\/\/igmi.esercito.difesa.it\/en\/?s={search_term_string}"},"query-input":{"@type":"PropertyValueSpecification","valueRequired":true,"valueName":"search_term_string"}}],"inLanguage":"en-US"},{"@type":"Organization","@id":"https:\/\/igmi.esercito.difesa.it\/en\/#organization","name":"Istituto Geografico Militare","url":"https:\/\/igmi.esercito.difesa.it\/en\/","logo":{"@type":"ImageObject","inLanguage":"en-US","@id":"https:\/\/igmi.esercito.difesa.it\/en\/#\/schema\/logo\/image\/","url":"https:\/\/igmi.esercito.difesa.it\/wp-content\/uploads\/2025\/04\/Logo-igm.webp","contentUrl":"https:\/\/igmi.esercito.difesa.it\/wp-content\/uploads\/2025\/04\/Logo-igm.webp","width":1320,"height":1696,"caption":"Istituto Geografico Militare"},"image":{"@id":"https:\/\/igmi.esercito.difesa.it\/en\/#\/schema\/logo\/image\/"}}]}},"_links":{"self":[{"href":"https:\/\/igmi.esercito.difesa.it\/en\/wp-json\/wp\/v2\/product\/367011","targetHints":{"allow":["GET"]}}],"collection":[{"href":"https:\/\/igmi.esercito.difesa.it\/en\/wp-json\/wp\/v2\/product"}],"about":[{"href":"https:\/\/igmi.esercito.difesa.it\/en\/wp-json\/wp\/v2\/types\/product"}],"wp:featuredmedia":[{"embeddable":true,"href":"https:\/\/igmi.esercito.difesa.it\/en\/wp-json\/wp\/v2\/media\/708936"}],"wp:attachment":[{"href":"https:\/\/igmi.esercito.difesa.it\/en\/wp-json\/wp\/v2\/media?parent=367011"}],"wp:term":[{"taxonomy":"product_brand","embeddable":true,"href":"https:\/\/igmi.esercito.difesa.it\/en\/wp-json\/wp\/v2\/product_brand?post=367011"},{"taxonomy":"product_cat","embeddable":true,"href":"https:\/\/igmi.esercito.difesa.it\/en\/wp-json\/wp\/v2\/product_cat?post=367011"},{"taxonomy":"product_tag","embeddable":true,"href":"https:\/\/igmi.esercito.difesa.it\/en\/wp-json\/wp\/v2\/product_tag?post=367011"}],"curies":[{"name":"wp","href":"https:\/\/api.w.org\/{rel}","templated":true}]}}