{"id":367997,"date":"2025-06-27T22:07:44","date_gmt":"2025-06-27T20:07:44","guid":{"rendered":"https:\/\/igmi.esercito.difesa.it\/prodotto\/393659\/"},"modified":"2026-04-09T18:42:12","modified_gmt":"2026-04-09T16:42:12","slug":"393659","status":"publish","type":"product","link":"https:\/\/igmi.esercito.difesa.it\/en\/prodotto\/393659\/","title":{"rendered":"CARTA DELLA CIRENAICA AL 1:50.000 &#8211; BARCE II &#8211; Barce S."},"content":{"rendered":"<p>I.G.M.<br \/>\nRiprese nel 1919 le regolari operazioni di rilievo in Cirenaica, dopo l&#8217;interruzione del periodo bellico, servirono di punto di partenza, per i nuovi rilievi, le determinazioni astronomiche e geodetiche che gi\u00e0 erano state eseguite fino dal 1912 a Bengasi e Derna dallo stesso I.G.M. Con le basi geodetiche gi\u00e0 misurate in queste due localit\u00e0 e una nuova misurata a es-Safsaf (sud-est di Cirene) si iniziava nel 1919 una nuova triangolazione alla quale si<br \/>\nappoggiarono i nuovi lavori di rilievo. Le levate eseguite direttamente alla scala di 1:100.000 con procedimento grafico a mezzo della tavoletta pretoriana, adottando il sistema di proiezione naturale (come per le levate topografiche del Regno) in fogli di 30&#8242; di longitudine per 20&#8242; di latitudine, furono eseguite tenendo conto delle esigenze per un ingrandimento e un ridisegno al 50.000. La campagna topografica 1919-20 fruttava il rilievo di 6.000 kmq e nel 1921 vennero pubblicate 20 tavolette al 50.000 a cui si aggiunsero in seguito i tre quadranti (1923-24) del foglio di Bengasi. La zona rappresentata risulta quindi compresa tra Bengasi e Sidi Aon sulla costa e dal mare verso terra per una profondit\u00e0 di 40 km. La carta fu stampata in nero con l&#8217;adozione di speciali segni convenzionali rispondenti alle particolari condizioni della regione tenendo conto speciale della viabilit\u00e0 e della rete idrografica. Le forme del terreno sono rappresentate con curve di livello tracciate all&#8217;equidistanza di 10 metri. Questa carta d\u00e0 una rappresentazione della Cirenaica ottima e porta un prezioso contributo alla morfologia della regione. Della carta furono pubblicate tre edizioni speciali a mostrare rispettivamente: 1) boschi e culture, 2) pozzi e cisterne, 3) i terreni (v. N\u00b0 17 d&#8217;ordine, N. 2685 d&#8217; inv.). La buona riduzione delle levate al 50.000 permise anche un ingrandimento al 25.000 in 60 fogli pure in nero (ved. N\u00b0 18 d&#8217;ordine, N. 4165 d&#8217; inventario).\t <\/p>\n<p>.<\/p>\n","protected":false},"excerpt":{"rendered":"<p>I.G.M. Riprese nel 1919 le regolari operazioni di rilievo in Cirenaica, dopo l&#8217;interruzione del periodo bellico, servirono di punto di partenza, per i nuovi rilievi, le determinazioni astronomiche e geodetiche che gi\u00e0 erano state eseguite fino dal 1912 a Bengasi e Derna dallo stesso I.G.M. Con le basi geodetiche gi\u00e0 misurate in queste due localit\u00e0 [&hellip;]<\/p>\n","protected":false},"featured_media":710285,"template":"","meta":{"_acf_changed":false},"product_brand":[],"product_cat":[191,447],"product_tag":[334],"class_list":{"0":"post-367997","1":"product","2":"type-product","3":"status-publish","4":"has-post-thumbnail","6":"product_cat-carte-antiche","7":"product_cat-tecnica_risoluzione_carta_antica","8":"product_tag-carta-antica","10":"first","11":"instock","12":"downloadable","13":"virtual","14":"sold-individually","15":"taxable","16":"purchasable","17":"product-type-simple"},"acf":[],"yoast_head":"<!-- This site is optimized with the Yoast SEO plugin v26.4 - https:\/\/yoast.com\/wordpress\/plugins\/seo\/ -->\n<title>CARTA DELLA CIRENAICA AL 1:50.000 - BARCE II - Barce S. - Istituto Geografico Militare<\/title>\n<meta name=\"robots\" content=\"index, follow, max-snippet:-1, max-image-preview:large, max-video-preview:-1\" \/>\n<link rel=\"canonical\" href=\"https:\/\/igmi.esercito.difesa.it\/en\/prodotto\/393659\/\" \/>\n<meta property=\"og:locale\" content=\"en_US\" \/>\n<meta property=\"og:type\" content=\"article\" \/>\n<meta property=\"og:title\" content=\"CARTA DELLA CIRENAICA AL 1:50.000 - BARCE II - Barce S. - Istituto Geografico Militare\" \/>\n<meta property=\"og:description\" content=\"I.G.M. Riprese nel 1919 le regolari operazioni di rilievo in Cirenaica, dopo l&#8217;interruzione del periodo bellico, servirono di punto di partenza, per i nuovi rilievi, le determinazioni astronomiche e geodetiche che gi\u00e0 erano state eseguite fino dal 1912 a Bengasi e Derna dallo stesso I.G.M. Con le basi geodetiche gi\u00e0 misurate in queste due localit\u00e0 [&hellip;]\" \/>\n<meta property=\"og:url\" content=\"https:\/\/igmi.esercito.difesa.it\/en\/prodotto\/393659\/\" \/>\n<meta property=\"og:site_name\" content=\"Istituto Geografico Militare\" \/>\n<meta property=\"article:modified_time\" content=\"2026-04-09T16:42:12+00:00\" \/>\n<meta property=\"og:image\" content=\"https:\/\/igmi.esercito.difesa.it\/wp-content\/uploads\/B0009580.jpg\" \/>\n\t<meta property=\"og:image:width\" content=\"1000\" \/>\n\t<meta property=\"og:image:height\" content=\"876\" \/>\n\t<meta property=\"og:image:type\" content=\"image\/jpeg\" \/>\n<meta name=\"twitter:card\" content=\"summary_large_image\" \/>\n<meta name=\"twitter:label1\" content=\"Est. reading time\" \/>\n\t<meta name=\"twitter:data1\" content=\"1 minute\" \/>\n<script type=\"application\/ld+json\" class=\"yoast-schema-graph\">{\"@context\":\"https:\/\/schema.org\",\"@graph\":[{\"@type\":\"WebPage\",\"@id\":\"https:\/\/igmi.esercito.difesa.it\/en\/prodotto\/393659\/\",\"url\":\"https:\/\/igmi.esercito.difesa.it\/en\/prodotto\/393659\/\",\"name\":\"CARTA DELLA CIRENAICA AL 1:50.000 - BARCE II - Barce S. - Istituto Geografico Militare\",\"isPartOf\":{\"@id\":\"https:\/\/igmi.esercito.difesa.it\/en\/#website\"},\"primaryImageOfPage\":{\"@id\":\"https:\/\/igmi.esercito.difesa.it\/en\/prodotto\/393659\/#primaryimage\"},\"image\":{\"@id\":\"https:\/\/igmi.esercito.difesa.it\/en\/prodotto\/393659\/#primaryimage\"},\"thumbnailUrl\":\"https:\/\/igmi.esercito.difesa.it\/wp-content\/uploads\/B0009580.jpg\",\"datePublished\":\"2025-06-27T20:07:44+00:00\",\"dateModified\":\"2026-04-09T16:42:12+00:00\",\"breadcrumb\":{\"@id\":\"https:\/\/igmi.esercito.difesa.it\/en\/prodotto\/393659\/#breadcrumb\"},\"inLanguage\":\"en-US\",\"potentialAction\":[{\"@type\":\"ReadAction\",\"target\":[\"https:\/\/igmi.esercito.difesa.it\/en\/prodotto\/393659\/\"]}]},{\"@type\":\"ImageObject\",\"inLanguage\":\"en-US\",\"@id\":\"https:\/\/igmi.esercito.difesa.it\/en\/prodotto\/393659\/#primaryimage\",\"url\":\"https:\/\/igmi.esercito.difesa.it\/wp-content\/uploads\/B0009580.jpg\",\"contentUrl\":\"https:\/\/igmi.esercito.difesa.it\/wp-content\/uploads\/B0009580.jpg\",\"width\":1000,\"height\":876},{\"@type\":\"BreadcrumbList\",\"@id\":\"https:\/\/igmi.esercito.difesa.it\/en\/prodotto\/393659\/#breadcrumb\",\"itemListElement\":[{\"@type\":\"ListItem\",\"position\":1,\"name\":\"Home\",\"item\":\"https:\/\/igmi.esercito.difesa.it\/en\/\"},{\"@type\":\"ListItem\",\"position\":2,\"name\":\"Products\",\"item\":\"https:\/\/igmi.esercito.difesa.it\/en\/shop\/\"},{\"@type\":\"ListItem\",\"position\":3,\"name\":\"CARTA DELLA CIRENAICA AL 1:50.000 &#8211; BARCE II &#8211; Barce S.\"}]},{\"@type\":\"WebSite\",\"@id\":\"https:\/\/igmi.esercito.difesa.it\/en\/#website\",\"url\":\"https:\/\/igmi.esercito.difesa.it\/en\/\",\"name\":\"Istituto Geografico Militare\",\"description\":\"Ente cartografico dello stato\",\"publisher\":{\"@id\":\"https:\/\/igmi.esercito.difesa.it\/en\/#organization\"},\"potentialAction\":[{\"@type\":\"SearchAction\",\"target\":{\"@type\":\"EntryPoint\",\"urlTemplate\":\"https:\/\/igmi.esercito.difesa.it\/en\/?s={search_term_string}\"},\"query-input\":{\"@type\":\"PropertyValueSpecification\",\"valueRequired\":true,\"valueName\":\"search_term_string\"}}],\"inLanguage\":\"en-US\"},{\"@type\":\"Organization\",\"@id\":\"https:\/\/igmi.esercito.difesa.it\/en\/#organization\",\"name\":\"Istituto Geografico Militare\",\"url\":\"https:\/\/igmi.esercito.difesa.it\/en\/\",\"logo\":{\"@type\":\"ImageObject\",\"inLanguage\":\"en-US\",\"@id\":\"https:\/\/igmi.esercito.difesa.it\/en\/#\/schema\/logo\/image\/\",\"url\":\"https:\/\/igmi.esercito.difesa.it\/wp-content\/uploads\/2025\/04\/Logo-igm.webp\",\"contentUrl\":\"https:\/\/igmi.esercito.difesa.it\/wp-content\/uploads\/2025\/04\/Logo-igm.webp\",\"width\":1320,\"height\":1696,\"caption\":\"Istituto Geografico Militare\"},\"image\":{\"@id\":\"https:\/\/igmi.esercito.difesa.it\/en\/#\/schema\/logo\/image\/\"}}]}<\/script>\n<!-- \/ Yoast SEO plugin. -->","yoast_head_json":{"title":"CARTA DELLA CIRENAICA AL 1:50.000 - BARCE II - Barce S. - Istituto Geografico Militare","robots":{"index":"index","follow":"follow","max-snippet":"max-snippet:-1","max-image-preview":"max-image-preview:large","max-video-preview":"max-video-preview:-1"},"canonical":"https:\/\/igmi.esercito.difesa.it\/en\/prodotto\/393659\/","og_locale":"en_US","og_type":"article","og_title":"CARTA DELLA CIRENAICA AL 1:50.000 - BARCE II - Barce S. - Istituto Geografico Militare","og_description":"I.G.M. Riprese nel 1919 le regolari operazioni di rilievo in Cirenaica, dopo l&#8217;interruzione del periodo bellico, servirono di punto di partenza, per i nuovi rilievi, le determinazioni astronomiche e geodetiche che gi\u00e0 erano state eseguite fino dal 1912 a Bengasi e Derna dallo stesso I.G.M. Con le basi geodetiche gi\u00e0 misurate in queste due localit\u00e0 [&hellip;]","og_url":"https:\/\/igmi.esercito.difesa.it\/en\/prodotto\/393659\/","og_site_name":"Istituto Geografico Militare","article_modified_time":"2026-04-09T16:42:12+00:00","og_image":[{"width":1000,"height":876,"url":"https:\/\/igmi.esercito.difesa.it\/wp-content\/uploads\/B0009580.jpg","type":"image\/jpeg"}],"twitter_card":"summary_large_image","twitter_misc":{"Est. reading time":"1 minute"},"schema":{"@context":"https:\/\/schema.org","@graph":[{"@type":"WebPage","@id":"https:\/\/igmi.esercito.difesa.it\/en\/prodotto\/393659\/","url":"https:\/\/igmi.esercito.difesa.it\/en\/prodotto\/393659\/","name":"CARTA DELLA CIRENAICA AL 1:50.000 - BARCE II - Barce S. - Istituto Geografico Militare","isPartOf":{"@id":"https:\/\/igmi.esercito.difesa.it\/en\/#website"},"primaryImageOfPage":{"@id":"https:\/\/igmi.esercito.difesa.it\/en\/prodotto\/393659\/#primaryimage"},"image":{"@id":"https:\/\/igmi.esercito.difesa.it\/en\/prodotto\/393659\/#primaryimage"},"thumbnailUrl":"https:\/\/igmi.esercito.difesa.it\/wp-content\/uploads\/B0009580.jpg","datePublished":"2025-06-27T20:07:44+00:00","dateModified":"2026-04-09T16:42:12+00:00","breadcrumb":{"@id":"https:\/\/igmi.esercito.difesa.it\/en\/prodotto\/393659\/#breadcrumb"},"inLanguage":"en-US","potentialAction":[{"@type":"ReadAction","target":["https:\/\/igmi.esercito.difesa.it\/en\/prodotto\/393659\/"]}]},{"@type":"ImageObject","inLanguage":"en-US","@id":"https:\/\/igmi.esercito.difesa.it\/en\/prodotto\/393659\/#primaryimage","url":"https:\/\/igmi.esercito.difesa.it\/wp-content\/uploads\/B0009580.jpg","contentUrl":"https:\/\/igmi.esercito.difesa.it\/wp-content\/uploads\/B0009580.jpg","width":1000,"height":876},{"@type":"BreadcrumbList","@id":"https:\/\/igmi.esercito.difesa.it\/en\/prodotto\/393659\/#breadcrumb","itemListElement":[{"@type":"ListItem","position":1,"name":"Home","item":"https:\/\/igmi.esercito.difesa.it\/en\/"},{"@type":"ListItem","position":2,"name":"Products","item":"https:\/\/igmi.esercito.difesa.it\/en\/shop\/"},{"@type":"ListItem","position":3,"name":"CARTA DELLA CIRENAICA AL 1:50.000 &#8211; BARCE II &#8211; Barce S."}]},{"@type":"WebSite","@id":"https:\/\/igmi.esercito.difesa.it\/en\/#website","url":"https:\/\/igmi.esercito.difesa.it\/en\/","name":"Istituto Geografico Militare","description":"Ente cartografico dello stato","publisher":{"@id":"https:\/\/igmi.esercito.difesa.it\/en\/#organization"},"potentialAction":[{"@type":"SearchAction","target":{"@type":"EntryPoint","urlTemplate":"https:\/\/igmi.esercito.difesa.it\/en\/?s={search_term_string}"},"query-input":{"@type":"PropertyValueSpecification","valueRequired":true,"valueName":"search_term_string"}}],"inLanguage":"en-US"},{"@type":"Organization","@id":"https:\/\/igmi.esercito.difesa.it\/en\/#organization","name":"Istituto Geografico Militare","url":"https:\/\/igmi.esercito.difesa.it\/en\/","logo":{"@type":"ImageObject","inLanguage":"en-US","@id":"https:\/\/igmi.esercito.difesa.it\/en\/#\/schema\/logo\/image\/","url":"https:\/\/igmi.esercito.difesa.it\/wp-content\/uploads\/2025\/04\/Logo-igm.webp","contentUrl":"https:\/\/igmi.esercito.difesa.it\/wp-content\/uploads\/2025\/04\/Logo-igm.webp","width":1320,"height":1696,"caption":"Istituto Geografico Militare"},"image":{"@id":"https:\/\/igmi.esercito.difesa.it\/en\/#\/schema\/logo\/image\/"}}]}},"_links":{"self":[{"href":"https:\/\/igmi.esercito.difesa.it\/en\/wp-json\/wp\/v2\/product\/367997","targetHints":{"allow":["GET"]}}],"collection":[{"href":"https:\/\/igmi.esercito.difesa.it\/en\/wp-json\/wp\/v2\/product"}],"about":[{"href":"https:\/\/igmi.esercito.difesa.it\/en\/wp-json\/wp\/v2\/types\/product"}],"wp:featuredmedia":[{"embeddable":true,"href":"https:\/\/igmi.esercito.difesa.it\/en\/wp-json\/wp\/v2\/media\/710285"}],"wp:attachment":[{"href":"https:\/\/igmi.esercito.difesa.it\/en\/wp-json\/wp\/v2\/media?parent=367997"}],"wp:term":[{"taxonomy":"product_brand","embeddable":true,"href":"https:\/\/igmi.esercito.difesa.it\/en\/wp-json\/wp\/v2\/product_brand?post=367997"},{"taxonomy":"product_cat","embeddable":true,"href":"https:\/\/igmi.esercito.difesa.it\/en\/wp-json\/wp\/v2\/product_cat?post=367997"},{"taxonomy":"product_tag","embeddable":true,"href":"https:\/\/igmi.esercito.difesa.it\/en\/wp-json\/wp\/v2\/product_tag?post=367997"}],"curies":[{"name":"wp","href":"https:\/\/api.w.org\/{rel}","templated":true}]}}