{"id":369486,"date":"2025-06-27T23:50:19","date_gmt":"2025-06-27T21:50:19","guid":{"rendered":"https:\/\/igmi.esercito.difesa.it\/prodotto\/394179\/"},"modified":"2026-04-09T19:23:59","modified_gmt":"2026-04-09T17:23:59","slug":"394179","status":"publish","type":"product","link":"https:\/\/igmi.esercito.difesa.it\/en\/prodotto\/394179\/","title":{"rendered":"LE DEPARTEMENT DU MONT-BLANC REUNI A&#8217; LA REPUBLIQUE FRANCAISE PAR DECRET DE LA CONVENTION NATIONALE DU 29 NOVEMBRE 1792. DIVISE EN 7 DISTRICTS ET 83 CANTONS."},"content":{"rendered":"<p>Avec les d\u00e8gres de longitude et de latitude relatif \u00e0 la division d\u00e9cimale du quart du m\u00e9ridien par le citoyen J. B. Raymond Ing\u00e9nieur G\u00e9ographe.<br \/>\nFoglio unico inciso su rame da Boutrois. Orientazione normale. Longitudini calcolate dal meridiano di Parigi. Orografia prospettica sussidiata talvolta da tratteggio. Abitati principali rappresentati in pianta; gli altri distinti in base alla loro importanza amministrativa. Sono tracciate le strade. A sinistra una tabella con le divisioni amministrative e un elenco delle quote in metri dei principali punti di elevazione.<\/p>\n","protected":false},"excerpt":{"rendered":"<p>Avec les d\u00e8gres de longitude et de latitude relatif \u00e0 la division d\u00e9cimale du quart du m\u00e9ridien par le citoyen J. B. Raymond Ing\u00e9nieur G\u00e9ographe. Foglio unico inciso su rame da Boutrois. Orientazione normale. Longitudini calcolate dal meridiano di Parigi. Orografia prospettica sussidiata talvolta da tratteggio. Abitati principali rappresentati in pianta; gli altri distinti in [&hellip;]<\/p>\n","protected":false},"featured_media":714814,"template":"","meta":{"_acf_changed":false},"product_brand":[],"product_cat":[191,447],"product_tag":[334],"class_list":{"0":"post-369486","1":"product","2":"type-product","3":"status-publish","4":"has-post-thumbnail","6":"product_cat-carte-antiche","7":"product_cat-tecnica_risoluzione_carta_antica","8":"product_tag-carta-antica","10":"first","11":"instock","12":"downloadable","13":"virtual","14":"sold-individually","15":"taxable","16":"purchasable","17":"product-type-simple"},"acf":[],"yoast_head":"<!-- This site is optimized with the Yoast SEO plugin v26.4 - https:\/\/yoast.com\/wordpress\/plugins\/seo\/ -->\n<title>LE DEPARTEMENT DU MONT-BLANC REUNI A&#039; LA REPUBLIQUE FRANCAISE PAR DECRET DE LA CONVENTION NATIONALE DU 29 NOVEMBRE 1792. DIVISE EN 7 DISTRICTS ET 83 CANTONS. - Istituto Geografico Militare<\/title>\n<meta name=\"robots\" content=\"index, follow, max-snippet:-1, max-image-preview:large, max-video-preview:-1\" \/>\n<link rel=\"canonical\" href=\"https:\/\/igmi.esercito.difesa.it\/en\/prodotto\/394179\/\" \/>\n<meta property=\"og:locale\" content=\"en_US\" \/>\n<meta property=\"og:type\" content=\"article\" \/>\n<meta property=\"og:title\" content=\"LE DEPARTEMENT DU MONT-BLANC REUNI A&#039; LA REPUBLIQUE FRANCAISE PAR DECRET DE LA CONVENTION NATIONALE DU 29 NOVEMBRE 1792. DIVISE EN 7 DISTRICTS ET 83 CANTONS. - Istituto Geografico Militare\" \/>\n<meta property=\"og:description\" content=\"Avec les d\u00e8gres de longitude et de latitude relatif \u00e0 la division d\u00e9cimale du quart du m\u00e9ridien par le citoyen J. B. Raymond Ing\u00e9nieur G\u00e9ographe. Foglio unico inciso su rame da Boutrois. Orientazione normale. Longitudini calcolate dal meridiano di Parigi. Orografia prospettica sussidiata talvolta da tratteggio. Abitati principali rappresentati in pianta; gli altri distinti in [&hellip;]\" \/>\n<meta property=\"og:url\" content=\"https:\/\/igmi.esercito.difesa.it\/en\/prodotto\/394179\/\" \/>\n<meta property=\"og:site_name\" content=\"Istituto Geografico Militare\" \/>\n<meta property=\"article:modified_time\" content=\"2026-04-09T17:23:59+00:00\" \/>\n<meta property=\"og:image\" content=\"https:\/\/igmi.esercito.difesa.it\/wp-content\/uploads\/CA000009.jpg\" \/>\n\t<meta property=\"og:image:width\" content=\"1000\" \/>\n\t<meta property=\"og:image:height\" content=\"937\" \/>\n\t<meta property=\"og:image:type\" content=\"image\/jpeg\" \/>\n<meta name=\"twitter:card\" content=\"summary_large_image\" \/>\n<script type=\"application\/ld+json\" class=\"yoast-schema-graph\">{\"@context\":\"https:\/\/schema.org\",\"@graph\":[{\"@type\":\"WebPage\",\"@id\":\"https:\/\/igmi.esercito.difesa.it\/en\/prodotto\/394179\/\",\"url\":\"https:\/\/igmi.esercito.difesa.it\/en\/prodotto\/394179\/\",\"name\":\"LE DEPARTEMENT DU MONT-BLANC REUNI A' LA REPUBLIQUE FRANCAISE PAR DECRET DE LA CONVENTION NATIONALE DU 29 NOVEMBRE 1792. DIVISE EN 7 DISTRICTS ET 83 CANTONS. - Istituto Geografico Militare\",\"isPartOf\":{\"@id\":\"https:\/\/igmi.esercito.difesa.it\/en\/#website\"},\"primaryImageOfPage\":{\"@id\":\"https:\/\/igmi.esercito.difesa.it\/en\/prodotto\/394179\/#primaryimage\"},\"image\":{\"@id\":\"https:\/\/igmi.esercito.difesa.it\/en\/prodotto\/394179\/#primaryimage\"},\"thumbnailUrl\":\"https:\/\/igmi.esercito.difesa.it\/wp-content\/uploads\/CA000009.jpg\",\"datePublished\":\"2025-06-27T21:50:19+00:00\",\"dateModified\":\"2026-04-09T17:23:59+00:00\",\"breadcrumb\":{\"@id\":\"https:\/\/igmi.esercito.difesa.it\/en\/prodotto\/394179\/#breadcrumb\"},\"inLanguage\":\"en-US\",\"potentialAction\":[{\"@type\":\"ReadAction\",\"target\":[\"https:\/\/igmi.esercito.difesa.it\/en\/prodotto\/394179\/\"]}]},{\"@type\":\"ImageObject\",\"inLanguage\":\"en-US\",\"@id\":\"https:\/\/igmi.esercito.difesa.it\/en\/prodotto\/394179\/#primaryimage\",\"url\":\"https:\/\/igmi.esercito.difesa.it\/wp-content\/uploads\/CA000009.jpg\",\"contentUrl\":\"https:\/\/igmi.esercito.difesa.it\/wp-content\/uploads\/CA000009.jpg\",\"width\":1000,\"height\":937},{\"@type\":\"BreadcrumbList\",\"@id\":\"https:\/\/igmi.esercito.difesa.it\/en\/prodotto\/394179\/#breadcrumb\",\"itemListElement\":[{\"@type\":\"ListItem\",\"position\":1,\"name\":\"Home\",\"item\":\"https:\/\/igmi.esercito.difesa.it\/en\/\"},{\"@type\":\"ListItem\",\"position\":2,\"name\":\"Products\",\"item\":\"https:\/\/igmi.esercito.difesa.it\/en\/shop\/\"},{\"@type\":\"ListItem\",\"position\":3,\"name\":\"LE DEPARTEMENT DU MONT-BLANC REUNI A&#8217; LA REPUBLIQUE FRANCAISE PAR DECRET DE LA CONVENTION NATIONALE DU 29 NOVEMBRE 1792. DIVISE EN 7 DISTRICTS ET 83 CANTONS.\"}]},{\"@type\":\"WebSite\",\"@id\":\"https:\/\/igmi.esercito.difesa.it\/en\/#website\",\"url\":\"https:\/\/igmi.esercito.difesa.it\/en\/\",\"name\":\"Istituto Geografico Militare\",\"description\":\"Ente cartografico dello stato\",\"publisher\":{\"@id\":\"https:\/\/igmi.esercito.difesa.it\/en\/#organization\"},\"potentialAction\":[{\"@type\":\"SearchAction\",\"target\":{\"@type\":\"EntryPoint\",\"urlTemplate\":\"https:\/\/igmi.esercito.difesa.it\/en\/?s={search_term_string}\"},\"query-input\":{\"@type\":\"PropertyValueSpecification\",\"valueRequired\":true,\"valueName\":\"search_term_string\"}}],\"inLanguage\":\"en-US\"},{\"@type\":\"Organization\",\"@id\":\"https:\/\/igmi.esercito.difesa.it\/en\/#organization\",\"name\":\"Istituto Geografico Militare\",\"url\":\"https:\/\/igmi.esercito.difesa.it\/en\/\",\"logo\":{\"@type\":\"ImageObject\",\"inLanguage\":\"en-US\",\"@id\":\"https:\/\/igmi.esercito.difesa.it\/en\/#\/schema\/logo\/image\/\",\"url\":\"https:\/\/igmi.esercito.difesa.it\/wp-content\/uploads\/2025\/04\/Logo-igm.webp\",\"contentUrl\":\"https:\/\/igmi.esercito.difesa.it\/wp-content\/uploads\/2025\/04\/Logo-igm.webp\",\"width\":1320,\"height\":1696,\"caption\":\"Istituto Geografico Militare\"},\"image\":{\"@id\":\"https:\/\/igmi.esercito.difesa.it\/en\/#\/schema\/logo\/image\/\"}}]}<\/script>\n<!-- \/ Yoast SEO plugin. -->","yoast_head_json":{"title":"LE DEPARTEMENT DU MONT-BLANC REUNI A' LA REPUBLIQUE FRANCAISE PAR DECRET DE LA CONVENTION NATIONALE DU 29 NOVEMBRE 1792. DIVISE EN 7 DISTRICTS ET 83 CANTONS. - Istituto Geografico Militare","robots":{"index":"index","follow":"follow","max-snippet":"max-snippet:-1","max-image-preview":"max-image-preview:large","max-video-preview":"max-video-preview:-1"},"canonical":"https:\/\/igmi.esercito.difesa.it\/en\/prodotto\/394179\/","og_locale":"en_US","og_type":"article","og_title":"LE DEPARTEMENT DU MONT-BLANC REUNI A' LA REPUBLIQUE FRANCAISE PAR DECRET DE LA CONVENTION NATIONALE DU 29 NOVEMBRE 1792. DIVISE EN 7 DISTRICTS ET 83 CANTONS. - Istituto Geografico Militare","og_description":"Avec les d\u00e8gres de longitude et de latitude relatif \u00e0 la division d\u00e9cimale du quart du m\u00e9ridien par le citoyen J. B. Raymond Ing\u00e9nieur G\u00e9ographe. Foglio unico inciso su rame da Boutrois. Orientazione normale. Longitudini calcolate dal meridiano di Parigi. Orografia prospettica sussidiata talvolta da tratteggio. Abitati principali rappresentati in pianta; gli altri distinti in [&hellip;]","og_url":"https:\/\/igmi.esercito.difesa.it\/en\/prodotto\/394179\/","og_site_name":"Istituto Geografico Militare","article_modified_time":"2026-04-09T17:23:59+00:00","og_image":[{"width":1000,"height":937,"url":"https:\/\/igmi.esercito.difesa.it\/wp-content\/uploads\/CA000009.jpg","type":"image\/jpeg"}],"twitter_card":"summary_large_image","schema":{"@context":"https:\/\/schema.org","@graph":[{"@type":"WebPage","@id":"https:\/\/igmi.esercito.difesa.it\/en\/prodotto\/394179\/","url":"https:\/\/igmi.esercito.difesa.it\/en\/prodotto\/394179\/","name":"LE DEPARTEMENT DU MONT-BLANC REUNI A' LA REPUBLIQUE FRANCAISE PAR DECRET DE LA CONVENTION NATIONALE DU 29 NOVEMBRE 1792. DIVISE EN 7 DISTRICTS ET 83 CANTONS. - Istituto Geografico Militare","isPartOf":{"@id":"https:\/\/igmi.esercito.difesa.it\/en\/#website"},"primaryImageOfPage":{"@id":"https:\/\/igmi.esercito.difesa.it\/en\/prodotto\/394179\/#primaryimage"},"image":{"@id":"https:\/\/igmi.esercito.difesa.it\/en\/prodotto\/394179\/#primaryimage"},"thumbnailUrl":"https:\/\/igmi.esercito.difesa.it\/wp-content\/uploads\/CA000009.jpg","datePublished":"2025-06-27T21:50:19+00:00","dateModified":"2026-04-09T17:23:59+00:00","breadcrumb":{"@id":"https:\/\/igmi.esercito.difesa.it\/en\/prodotto\/394179\/#breadcrumb"},"inLanguage":"en-US","potentialAction":[{"@type":"ReadAction","target":["https:\/\/igmi.esercito.difesa.it\/en\/prodotto\/394179\/"]}]},{"@type":"ImageObject","inLanguage":"en-US","@id":"https:\/\/igmi.esercito.difesa.it\/en\/prodotto\/394179\/#primaryimage","url":"https:\/\/igmi.esercito.difesa.it\/wp-content\/uploads\/CA000009.jpg","contentUrl":"https:\/\/igmi.esercito.difesa.it\/wp-content\/uploads\/CA000009.jpg","width":1000,"height":937},{"@type":"BreadcrumbList","@id":"https:\/\/igmi.esercito.difesa.it\/en\/prodotto\/394179\/#breadcrumb","itemListElement":[{"@type":"ListItem","position":1,"name":"Home","item":"https:\/\/igmi.esercito.difesa.it\/en\/"},{"@type":"ListItem","position":2,"name":"Products","item":"https:\/\/igmi.esercito.difesa.it\/en\/shop\/"},{"@type":"ListItem","position":3,"name":"LE DEPARTEMENT DU MONT-BLANC REUNI A&#8217; LA REPUBLIQUE FRANCAISE PAR DECRET DE LA CONVENTION NATIONALE DU 29 NOVEMBRE 1792. DIVISE EN 7 DISTRICTS ET 83 CANTONS."}]},{"@type":"WebSite","@id":"https:\/\/igmi.esercito.difesa.it\/en\/#website","url":"https:\/\/igmi.esercito.difesa.it\/en\/","name":"Istituto Geografico Militare","description":"Ente cartografico dello stato","publisher":{"@id":"https:\/\/igmi.esercito.difesa.it\/en\/#organization"},"potentialAction":[{"@type":"SearchAction","target":{"@type":"EntryPoint","urlTemplate":"https:\/\/igmi.esercito.difesa.it\/en\/?s={search_term_string}"},"query-input":{"@type":"PropertyValueSpecification","valueRequired":true,"valueName":"search_term_string"}}],"inLanguage":"en-US"},{"@type":"Organization","@id":"https:\/\/igmi.esercito.difesa.it\/en\/#organization","name":"Istituto Geografico Militare","url":"https:\/\/igmi.esercito.difesa.it\/en\/","logo":{"@type":"ImageObject","inLanguage":"en-US","@id":"https:\/\/igmi.esercito.difesa.it\/en\/#\/schema\/logo\/image\/","url":"https:\/\/igmi.esercito.difesa.it\/wp-content\/uploads\/2025\/04\/Logo-igm.webp","contentUrl":"https:\/\/igmi.esercito.difesa.it\/wp-content\/uploads\/2025\/04\/Logo-igm.webp","width":1320,"height":1696,"caption":"Istituto Geografico Militare"},"image":{"@id":"https:\/\/igmi.esercito.difesa.it\/en\/#\/schema\/logo\/image\/"}}]}},"_links":{"self":[{"href":"https:\/\/igmi.esercito.difesa.it\/en\/wp-json\/wp\/v2\/product\/369486","targetHints":{"allow":["GET"]}}],"collection":[{"href":"https:\/\/igmi.esercito.difesa.it\/en\/wp-json\/wp\/v2\/product"}],"about":[{"href":"https:\/\/igmi.esercito.difesa.it\/en\/wp-json\/wp\/v2\/types\/product"}],"wp:featuredmedia":[{"embeddable":true,"href":"https:\/\/igmi.esercito.difesa.it\/en\/wp-json\/wp\/v2\/media\/714814"}],"wp:attachment":[{"href":"https:\/\/igmi.esercito.difesa.it\/en\/wp-json\/wp\/v2\/media?parent=369486"}],"wp:term":[{"taxonomy":"product_brand","embeddable":true,"href":"https:\/\/igmi.esercito.difesa.it\/en\/wp-json\/wp\/v2\/product_brand?post=369486"},{"taxonomy":"product_cat","embeddable":true,"href":"https:\/\/igmi.esercito.difesa.it\/en\/wp-json\/wp\/v2\/product_cat?post=369486"},{"taxonomy":"product_tag","embeddable":true,"href":"https:\/\/igmi.esercito.difesa.it\/en\/wp-json\/wp\/v2\/product_tag?post=369486"}],"curies":[{"name":"wp","href":"https:\/\/api.w.org\/{rel}","templated":true}]}}