{"id":370031,"date":"2025-06-28T00:27:19","date_gmt":"2025-06-27T22:27:19","guid":{"rendered":"https:\/\/igmi.esercito.difesa.it\/prodotto\/394369\/"},"modified":"2026-04-09T19:37:04","modified_gmt":"2026-04-09T17:37:04","slug":"394369","status":"publish","type":"product","link":"https:\/\/igmi.esercito.difesa.it\/en\/prodotto\/394369\/","title":{"rendered":"TABLEAU D&#8217;ASSEMBLAGE DE CARTE DES BASSINS INONDABLES DU RHONE ET DU GUIERS RELATIVE AUX LIGNES LATERALES LEVEE ET DESSINEE A&#8217; L&#8217;ECHELLE D&#8217;UN 5.000 ME PAR LES CAP. NES DU GENIE CIVIL MELANO ET BAGETTI &#8211; FOGLIO XIX."},"content":{"rendered":"<p>Oltre il titolo indicato sul &#8220;Tableau d&#8217;assemblage&#8221; &#8211; Quadro d&#8217;unione &#8211; si leggono nei fogli distinti i titoli particolari:<br \/>\n&#8211; Plan de nouvelles lignes laterales du Rh\u00f2ne;<br \/>\n&#8211; Pour le Lieutenant G\u00e9n\u00e9ral commissaire du Roi pour la Demarcation des frontieres orientales du Royaume Le Colonel delegu\u00e9 pour la Demarcation des Limites avec les Etats de S.M. le Roy de Sardigne;<br \/>\n&#8211; Plan des nouvelles lignes laterales du Guiers .<br \/>\nDisegno a penna su carta lucida, probabilmente copia di un disegno originale. La carta si compone di 21 fogli (dei quali i primi 4 in due parti) ed un quadro d&#8217;unione per cui complessivamente consta di 26 grandi fogli non totalmente riempiti. E&#8217; riprodotto il corso del Rodano da un punto a circa 2 km. a monte di Anglefort sino alla confluenza del Guiers ed il corso di quest&#8217;ultimo sino al Pont Saint Martin poco a monte di Les Echelles. Il disegno \u00e8 in azzurro per le acque, in rosso per i fabbricati, le dighe, il confine e le misure di riferimento; in nero per la rete stradale, il tratteggio orografico e le scritture. Il Quadro d&#8217;Unione alla scala di 1:100.000 porta in calce un elenco di 42 posizioni determinate per le loro coordinate rettangolari riferite alla meridiana ed alla perpendicolare di Parigi in base alle quali \u00e8 tracciato il reticolato cassiniano della Carta. Documento interessante per la topografia storica dei fiumi rappresentati.<\/p>\n","protected":false},"excerpt":{"rendered":"<p>Oltre il titolo indicato sul &#8220;Tableau d&#8217;assemblage&#8221; &#8211; Quadro d&#8217;unione &#8211; si leggono nei fogli distinti i titoli particolari: &#8211; Plan de nouvelles lignes laterales du Rh\u00f2ne; &#8211; Pour le Lieutenant G\u00e9n\u00e9ral commissaire du Roi pour la Demarcation des frontieres orientales du Royaume Le Colonel delegu\u00e9 pour la Demarcation des Limites avec les Etats de [&hellip;]<\/p>\n","protected":false},"featured_media":717009,"template":"","meta":{"_acf_changed":false},"product_brand":[],"product_cat":[191,447],"product_tag":[334],"class_list":{"0":"post-370031","1":"product","2":"type-product","3":"status-publish","4":"has-post-thumbnail","6":"product_cat-carte-antiche","7":"product_cat-tecnica_risoluzione_carta_antica","8":"product_tag-carta-antica","10":"first","11":"instock","12":"downloadable","13":"virtual","14":"sold-individually","15":"taxable","16":"purchasable","17":"product-type-simple"},"acf":[],"yoast_head":"<!-- This site is optimized with the Yoast SEO plugin v26.4 - https:\/\/yoast.com\/wordpress\/plugins\/seo\/ -->\n<title>TABLEAU D&#039;ASSEMBLAGE DE CARTE DES BASSINS INONDABLES DU RHONE ET DU GUIERS RELATIVE AUX LIGNES LATERALES LEVEE ET DESSINEE A&#039; L&#039;ECHELLE D&#039;UN 5.000 ME PAR LES CAP. NES DU GENIE CIVIL MELANO ET BAGETTI - FOGLIO XIX. - Istituto Geografico Militare<\/title>\n<meta name=\"robots\" content=\"index, follow, max-snippet:-1, max-image-preview:large, max-video-preview:-1\" \/>\n<link rel=\"canonical\" href=\"https:\/\/igmi.esercito.difesa.it\/en\/prodotto\/394369\/\" \/>\n<meta property=\"og:locale\" content=\"en_US\" \/>\n<meta property=\"og:type\" content=\"article\" \/>\n<meta property=\"og:title\" content=\"TABLEAU D&#039;ASSEMBLAGE DE CARTE DES BASSINS INONDABLES DU RHONE ET DU GUIERS RELATIVE AUX LIGNES LATERALES LEVEE ET DESSINEE A&#039; L&#039;ECHELLE D&#039;UN 5.000 ME PAR LES CAP. NES DU GENIE CIVIL MELANO ET BAGETTI - FOGLIO XIX. - Istituto Geografico Militare\" \/>\n<meta property=\"og:description\" content=\"Oltre il titolo indicato sul &#8220;Tableau d&#8217;assemblage&#8221; &#8211; Quadro d&#8217;unione &#8211; si leggono nei fogli distinti i titoli particolari: &#8211; Plan de nouvelles lignes laterales du Rh\u00f2ne; &#8211; Pour le Lieutenant G\u00e9n\u00e9ral commissaire du Roi pour la Demarcation des frontieres orientales du Royaume Le Colonel delegu\u00e9 pour la Demarcation des Limites avec les Etats de [&hellip;]\" \/>\n<meta property=\"og:url\" content=\"https:\/\/igmi.esercito.difesa.it\/en\/prodotto\/394369\/\" \/>\n<meta property=\"og:site_name\" content=\"Istituto Geografico Militare\" \/>\n<meta property=\"article:modified_time\" content=\"2026-04-09T17:37:04+00:00\" \/>\n<meta property=\"og:image\" content=\"https:\/\/igmi.esercito.difesa.it\/wp-content\/uploads\/CA000061.jpg\" \/>\n\t<meta property=\"og:image:width\" content=\"1000\" \/>\n\t<meta property=\"og:image:height\" content=\"726\" \/>\n\t<meta property=\"og:image:type\" content=\"image\/jpeg\" \/>\n<meta name=\"twitter:card\" content=\"summary_large_image\" \/>\n<meta name=\"twitter:label1\" content=\"Est. reading time\" \/>\n\t<meta name=\"twitter:data1\" content=\"1 minute\" \/>\n<script type=\"application\/ld+json\" class=\"yoast-schema-graph\">{\"@context\":\"https:\/\/schema.org\",\"@graph\":[{\"@type\":\"WebPage\",\"@id\":\"https:\/\/igmi.esercito.difesa.it\/en\/prodotto\/394369\/\",\"url\":\"https:\/\/igmi.esercito.difesa.it\/en\/prodotto\/394369\/\",\"name\":\"TABLEAU D'ASSEMBLAGE DE CARTE DES BASSINS INONDABLES DU RHONE ET DU GUIERS RELATIVE AUX LIGNES LATERALES LEVEE ET DESSINEE A' L'ECHELLE D'UN 5.000 ME PAR LES CAP. NES DU GENIE CIVIL MELANO ET BAGETTI - FOGLIO XIX. - Istituto Geografico Militare\",\"isPartOf\":{\"@id\":\"https:\/\/igmi.esercito.difesa.it\/en\/#website\"},\"primaryImageOfPage\":{\"@id\":\"https:\/\/igmi.esercito.difesa.it\/en\/prodotto\/394369\/#primaryimage\"},\"image\":{\"@id\":\"https:\/\/igmi.esercito.difesa.it\/en\/prodotto\/394369\/#primaryimage\"},\"thumbnailUrl\":\"https:\/\/igmi.esercito.difesa.it\/wp-content\/uploads\/CA000061.jpg\",\"datePublished\":\"2025-06-27T22:27:19+00:00\",\"dateModified\":\"2026-04-09T17:37:04+00:00\",\"breadcrumb\":{\"@id\":\"https:\/\/igmi.esercito.difesa.it\/en\/prodotto\/394369\/#breadcrumb\"},\"inLanguage\":\"en-US\",\"potentialAction\":[{\"@type\":\"ReadAction\",\"target\":[\"https:\/\/igmi.esercito.difesa.it\/en\/prodotto\/394369\/\"]}]},{\"@type\":\"ImageObject\",\"inLanguage\":\"en-US\",\"@id\":\"https:\/\/igmi.esercito.difesa.it\/en\/prodotto\/394369\/#primaryimage\",\"url\":\"https:\/\/igmi.esercito.difesa.it\/wp-content\/uploads\/CA000061.jpg\",\"contentUrl\":\"https:\/\/igmi.esercito.difesa.it\/wp-content\/uploads\/CA000061.jpg\",\"width\":1000,\"height\":726},{\"@type\":\"BreadcrumbList\",\"@id\":\"https:\/\/igmi.esercito.difesa.it\/en\/prodotto\/394369\/#breadcrumb\",\"itemListElement\":[{\"@type\":\"ListItem\",\"position\":1,\"name\":\"Home\",\"item\":\"https:\/\/igmi.esercito.difesa.it\/en\/homepage\/\"},{\"@type\":\"ListItem\",\"position\":2,\"name\":\"Products\",\"item\":\"https:\/\/igmi.esercito.difesa.it\/en\/shop\/\"},{\"@type\":\"ListItem\",\"position\":3,\"name\":\"TABLEAU D&#8217;ASSEMBLAGE DE CARTE DES BASSINS INONDABLES DU RHONE ET DU GUIERS RELATIVE AUX LIGNES LATERALES LEVEE ET DESSINEE A&#8217; L&#8217;ECHELLE D&#8217;UN 5.000 ME PAR LES CAP. NES DU GENIE CIVIL MELANO ET BAGETTI &#8211; FOGLIO XIX.\"}]},{\"@type\":\"WebSite\",\"@id\":\"https:\/\/igmi.esercito.difesa.it\/en\/#website\",\"url\":\"https:\/\/igmi.esercito.difesa.it\/en\/\",\"name\":\"Istituto Geografico Militare\",\"description\":\"Ente cartografico dello stato\",\"publisher\":{\"@id\":\"https:\/\/igmi.esercito.difesa.it\/en\/#organization\"},\"potentialAction\":[{\"@type\":\"SearchAction\",\"target\":{\"@type\":\"EntryPoint\",\"urlTemplate\":\"https:\/\/igmi.esercito.difesa.it\/en\/?s={search_term_string}\"},\"query-input\":{\"@type\":\"PropertyValueSpecification\",\"valueRequired\":true,\"valueName\":\"search_term_string\"}}],\"inLanguage\":\"en-US\"},{\"@type\":\"Organization\",\"@id\":\"https:\/\/igmi.esercito.difesa.it\/en\/#organization\",\"name\":\"Istituto Geografico Militare\",\"url\":\"https:\/\/igmi.esercito.difesa.it\/en\/\",\"logo\":{\"@type\":\"ImageObject\",\"inLanguage\":\"en-US\",\"@id\":\"https:\/\/igmi.esercito.difesa.it\/en\/#\/schema\/logo\/image\/\",\"url\":\"https:\/\/igmi.esercito.difesa.it\/wp-content\/uploads\/2025\/04\/Logo-igm.webp\",\"contentUrl\":\"https:\/\/igmi.esercito.difesa.it\/wp-content\/uploads\/2025\/04\/Logo-igm.webp\",\"width\":1320,\"height\":1696,\"caption\":\"Istituto Geografico Militare\"},\"image\":{\"@id\":\"https:\/\/igmi.esercito.difesa.it\/en\/#\/schema\/logo\/image\/\"}}]}<\/script>\n<!-- \/ Yoast SEO plugin. -->","yoast_head_json":{"title":"TABLEAU D'ASSEMBLAGE DE CARTE DES BASSINS INONDABLES DU RHONE ET DU GUIERS RELATIVE AUX LIGNES LATERALES LEVEE ET DESSINEE A' L'ECHELLE D'UN 5.000 ME PAR LES CAP. NES DU GENIE CIVIL MELANO ET BAGETTI - FOGLIO XIX. - Istituto Geografico Militare","robots":{"index":"index","follow":"follow","max-snippet":"max-snippet:-1","max-image-preview":"max-image-preview:large","max-video-preview":"max-video-preview:-1"},"canonical":"https:\/\/igmi.esercito.difesa.it\/en\/prodotto\/394369\/","og_locale":"en_US","og_type":"article","og_title":"TABLEAU D'ASSEMBLAGE DE CARTE DES BASSINS INONDABLES DU RHONE ET DU GUIERS RELATIVE AUX LIGNES LATERALES LEVEE ET DESSINEE A' L'ECHELLE D'UN 5.000 ME PAR LES CAP. NES DU GENIE CIVIL MELANO ET BAGETTI - FOGLIO XIX. - Istituto Geografico Militare","og_description":"Oltre il titolo indicato sul &#8220;Tableau d&#8217;assemblage&#8221; &#8211; Quadro d&#8217;unione &#8211; si leggono nei fogli distinti i titoli particolari: &#8211; Plan de nouvelles lignes laterales du Rh\u00f2ne; &#8211; Pour le Lieutenant G\u00e9n\u00e9ral commissaire du Roi pour la Demarcation des frontieres orientales du Royaume Le Colonel delegu\u00e9 pour la Demarcation des Limites avec les Etats de [&hellip;]","og_url":"https:\/\/igmi.esercito.difesa.it\/en\/prodotto\/394369\/","og_site_name":"Istituto Geografico Militare","article_modified_time":"2026-04-09T17:37:04+00:00","og_image":[{"width":1000,"height":726,"url":"https:\/\/igmi.esercito.difesa.it\/wp-content\/uploads\/CA000061.jpg","type":"image\/jpeg"}],"twitter_card":"summary_large_image","twitter_misc":{"Est. reading time":"1 minute"},"schema":{"@context":"https:\/\/schema.org","@graph":[{"@type":"WebPage","@id":"https:\/\/igmi.esercito.difesa.it\/en\/prodotto\/394369\/","url":"https:\/\/igmi.esercito.difesa.it\/en\/prodotto\/394369\/","name":"TABLEAU D'ASSEMBLAGE DE CARTE DES BASSINS INONDABLES DU RHONE ET DU GUIERS RELATIVE AUX LIGNES LATERALES LEVEE ET DESSINEE A' L'ECHELLE D'UN 5.000 ME PAR LES CAP. NES DU GENIE CIVIL MELANO ET BAGETTI - FOGLIO XIX. - Istituto Geografico Militare","isPartOf":{"@id":"https:\/\/igmi.esercito.difesa.it\/en\/#website"},"primaryImageOfPage":{"@id":"https:\/\/igmi.esercito.difesa.it\/en\/prodotto\/394369\/#primaryimage"},"image":{"@id":"https:\/\/igmi.esercito.difesa.it\/en\/prodotto\/394369\/#primaryimage"},"thumbnailUrl":"https:\/\/igmi.esercito.difesa.it\/wp-content\/uploads\/CA000061.jpg","datePublished":"2025-06-27T22:27:19+00:00","dateModified":"2026-04-09T17:37:04+00:00","breadcrumb":{"@id":"https:\/\/igmi.esercito.difesa.it\/en\/prodotto\/394369\/#breadcrumb"},"inLanguage":"en-US","potentialAction":[{"@type":"ReadAction","target":["https:\/\/igmi.esercito.difesa.it\/en\/prodotto\/394369\/"]}]},{"@type":"ImageObject","inLanguage":"en-US","@id":"https:\/\/igmi.esercito.difesa.it\/en\/prodotto\/394369\/#primaryimage","url":"https:\/\/igmi.esercito.difesa.it\/wp-content\/uploads\/CA000061.jpg","contentUrl":"https:\/\/igmi.esercito.difesa.it\/wp-content\/uploads\/CA000061.jpg","width":1000,"height":726},{"@type":"BreadcrumbList","@id":"https:\/\/igmi.esercito.difesa.it\/en\/prodotto\/394369\/#breadcrumb","itemListElement":[{"@type":"ListItem","position":1,"name":"Home","item":"https:\/\/igmi.esercito.difesa.it\/en\/homepage\/"},{"@type":"ListItem","position":2,"name":"Products","item":"https:\/\/igmi.esercito.difesa.it\/en\/shop\/"},{"@type":"ListItem","position":3,"name":"TABLEAU D&#8217;ASSEMBLAGE DE CARTE DES BASSINS INONDABLES DU RHONE ET DU GUIERS RELATIVE AUX LIGNES LATERALES LEVEE ET DESSINEE A&#8217; L&#8217;ECHELLE D&#8217;UN 5.000 ME PAR LES CAP. NES DU GENIE CIVIL MELANO ET BAGETTI &#8211; FOGLIO XIX."}]},{"@type":"WebSite","@id":"https:\/\/igmi.esercito.difesa.it\/en\/#website","url":"https:\/\/igmi.esercito.difesa.it\/en\/","name":"Istituto Geografico Militare","description":"Ente cartografico dello stato","publisher":{"@id":"https:\/\/igmi.esercito.difesa.it\/en\/#organization"},"potentialAction":[{"@type":"SearchAction","target":{"@type":"EntryPoint","urlTemplate":"https:\/\/igmi.esercito.difesa.it\/en\/?s={search_term_string}"},"query-input":{"@type":"PropertyValueSpecification","valueRequired":true,"valueName":"search_term_string"}}],"inLanguage":"en-US"},{"@type":"Organization","@id":"https:\/\/igmi.esercito.difesa.it\/en\/#organization","name":"Istituto Geografico Militare","url":"https:\/\/igmi.esercito.difesa.it\/en\/","logo":{"@type":"ImageObject","inLanguage":"en-US","@id":"https:\/\/igmi.esercito.difesa.it\/en\/#\/schema\/logo\/image\/","url":"https:\/\/igmi.esercito.difesa.it\/wp-content\/uploads\/2025\/04\/Logo-igm.webp","contentUrl":"https:\/\/igmi.esercito.difesa.it\/wp-content\/uploads\/2025\/04\/Logo-igm.webp","width":1320,"height":1696,"caption":"Istituto Geografico Militare"},"image":{"@id":"https:\/\/igmi.esercito.difesa.it\/en\/#\/schema\/logo\/image\/"}}]}},"_links":{"self":[{"href":"https:\/\/igmi.esercito.difesa.it\/en\/wp-json\/wp\/v2\/product\/370031","targetHints":{"allow":["GET"]}}],"collection":[{"href":"https:\/\/igmi.esercito.difesa.it\/en\/wp-json\/wp\/v2\/product"}],"about":[{"href":"https:\/\/igmi.esercito.difesa.it\/en\/wp-json\/wp\/v2\/types\/product"}],"wp:featuredmedia":[{"embeddable":true,"href":"https:\/\/igmi.esercito.difesa.it\/en\/wp-json\/wp\/v2\/media\/717009"}],"wp:attachment":[{"href":"https:\/\/igmi.esercito.difesa.it\/en\/wp-json\/wp\/v2\/media?parent=370031"}],"wp:term":[{"taxonomy":"product_brand","embeddable":true,"href":"https:\/\/igmi.esercito.difesa.it\/en\/wp-json\/wp\/v2\/product_brand?post=370031"},{"taxonomy":"product_cat","embeddable":true,"href":"https:\/\/igmi.esercito.difesa.it\/en\/wp-json\/wp\/v2\/product_cat?post=370031"},{"taxonomy":"product_tag","embeddable":true,"href":"https:\/\/igmi.esercito.difesa.it\/en\/wp-json\/wp\/v2\/product_tag?post=370031"}],"curies":[{"name":"wp","href":"https:\/\/api.w.org\/{rel}","templated":true}]}}