{"id":374100,"date":"2025-06-28T05:18:52","date_gmt":"2025-06-28T03:18:52","guid":{"rendered":"https:\/\/igmi.esercito.difesa.it\/prodotto\/395712\/"},"modified":"2026-04-09T21:27:02","modified_gmt":"2026-04-09T19:27:02","slug":"395712","status":"publish","type":"product","link":"https:\/\/igmi.esercito.difesa.it\/en\/prodotto\/395712\/","title":{"rendered":"CARTA GEOMETRICA DELLA TOSCANA NELLA PROPORZIONE DI 1:100.000. COPIATA DALL&#8217;ORIGINALE COMPILATO DALL&#8217;ASTRONOMO P.DRE GIOVANNI INGHIRAMI &#8211; Foglio 70 &#8211; Radicofani"},"content":{"rendered":"<p>Il manoscritto \u00e8 composto attualmente da 60 elementi cartografici pi\u00f9 un elemento con il titolo e uno con il quadro d&#8217;unione per un totale di 62. Sul foglio del titolo \u00e8 indicata la scritta &#8220;ANNO &#8211; 1846&#8221;  con caratteri differenti, probabilmente aggiunta in un momento diverso da quello della realizzazione dello stesso.<br \/>\nDopo l&#8217;ultimazione della &#8220;Carta Geometrica della Toscana&#8221; alla scala 1:200.000 (stampa dei 4 fogli conservata presso l&#8217;Archivio Cartografico Cartella 68, documento n. 3, e presso la Biblioteca, inventario 1738 collezione Bianconi n. 215 e 1740 collezione Pasqui n. 15, 16 e 16&#8217;bis. Tre delle quattro matrici originali di rame sono conservate presso i locali IGM in viale Strozzi), Inghirami pales\u00f2 la necessit\u00e0 della realizzazione di una cartografia a scala minore (1:28.000) che avesse quindi anche un valore scientifico. Tale iniziale proposito fu sostituito dalla progettazione di una cartografia alla scala 1:100.000, di pi\u00f9 facile realizzazione, visti i limitati mezzi a disposizione. La produzione della carta non arriv\u00f2 mai a conclusione. Restano, del suo allestimento, i manoscritti all&#8217;Archivio di Stato di Praga e la copia su carta lucida incollata su cartoncino (Collezione Pasqui n. 17), archiviata presso la Biblioteca. Vedasi CANTILE A., Toscana geometrica. La prima corografia geodetica regionale e il contributo dell&#8217;Osservatorio Ximeniano. I.G.M., 2008, pagg. 100-104.<\/p>\n","protected":false},"excerpt":{"rendered":"<p>Il manoscritto \u00e8 composto attualmente da 60 elementi cartografici pi\u00f9 un elemento con il titolo e uno con il quadro d&#8217;unione per un totale di 62. Sul foglio del titolo \u00e8 indicata la scritta &#8220;ANNO &#8211; 1846&#8221; con caratteri differenti, probabilmente aggiunta in un momento diverso da quello della realizzazione dello stesso. Dopo l&#8217;ultimazione della [&hellip;]<\/p>\n","protected":false},"featured_media":732100,"template":"","meta":{"_acf_changed":false},"product_brand":[],"product_cat":[191,447],"product_tag":[334],"class_list":{"0":"post-374100","1":"product","2":"type-product","3":"status-publish","4":"has-post-thumbnail","6":"product_cat-carte-antiche","7":"product_cat-tecnica_risoluzione_carta_antica","8":"product_tag-carta-antica","10":"first","11":"instock","12":"downloadable","13":"virtual","14":"sold-individually","15":"taxable","16":"purchasable","17":"product-type-simple"},"acf":[],"yoast_head":"<!-- This site is optimized with the Yoast SEO plugin v26.4 - https:\/\/yoast.com\/wordpress\/plugins\/seo\/ -->\n<title>CARTA GEOMETRICA DELLA TOSCANA NELLA PROPORZIONE DI 1:100.000. COPIATA DALL&#039;ORIGINALE COMPILATO DALL&#039;ASTRONOMO P.DRE GIOVANNI INGHIRAMI - Foglio 70 - Radicofani - Istituto Geografico Militare<\/title>\n<meta name=\"robots\" content=\"index, follow, max-snippet:-1, max-image-preview:large, max-video-preview:-1\" \/>\n<link rel=\"canonical\" href=\"https:\/\/igmi.esercito.difesa.it\/en\/prodotto\/395712\/\" \/>\n<meta property=\"og:locale\" content=\"en_US\" \/>\n<meta property=\"og:type\" content=\"article\" \/>\n<meta property=\"og:title\" content=\"CARTA GEOMETRICA DELLA TOSCANA NELLA PROPORZIONE DI 1:100.000. COPIATA DALL&#039;ORIGINALE COMPILATO DALL&#039;ASTRONOMO P.DRE GIOVANNI INGHIRAMI - Foglio 70 - Radicofani - Istituto Geografico Militare\" \/>\n<meta property=\"og:description\" content=\"Il manoscritto \u00e8 composto attualmente da 60 elementi cartografici pi\u00f9 un elemento con il titolo e uno con il quadro d&#8217;unione per un totale di 62. Sul foglio del titolo \u00e8 indicata la scritta &#8220;ANNO &#8211; 1846&#8221; con caratteri differenti, probabilmente aggiunta in un momento diverso da quello della realizzazione dello stesso. Dopo l&#8217;ultimazione della [&hellip;]\" \/>\n<meta property=\"og:url\" content=\"https:\/\/igmi.esercito.difesa.it\/en\/prodotto\/395712\/\" \/>\n<meta property=\"og:site_name\" content=\"Istituto Geografico Militare\" \/>\n<meta property=\"article:modified_time\" content=\"2026-04-09T19:27:02+00:00\" \/>\n<meta property=\"og:image\" content=\"https:\/\/igmi.esercito.difesa.it\/wp-content\/uploads\/B0000054.jpg\" \/>\n\t<meta property=\"og:image:width\" content=\"1000\" \/>\n\t<meta property=\"og:image:height\" content=\"1643\" \/>\n\t<meta property=\"og:image:type\" content=\"image\/jpeg\" \/>\n<meta name=\"twitter:card\" content=\"summary_large_image\" \/>\n<meta name=\"twitter:label1\" content=\"Est. reading time\" \/>\n\t<meta name=\"twitter:data1\" content=\"1 minute\" \/>\n<script type=\"application\/ld+json\" class=\"yoast-schema-graph\">{\"@context\":\"https:\/\/schema.org\",\"@graph\":[{\"@type\":\"WebPage\",\"@id\":\"https:\/\/igmi.esercito.difesa.it\/en\/prodotto\/395712\/\",\"url\":\"https:\/\/igmi.esercito.difesa.it\/en\/prodotto\/395712\/\",\"name\":\"CARTA GEOMETRICA DELLA TOSCANA NELLA PROPORZIONE DI 1:100.000. COPIATA DALL'ORIGINALE COMPILATO DALL'ASTRONOMO P.DRE GIOVANNI INGHIRAMI - Foglio 70 - Radicofani - Istituto Geografico Militare\",\"isPartOf\":{\"@id\":\"https:\/\/igmi.esercito.difesa.it\/en\/#website\"},\"primaryImageOfPage\":{\"@id\":\"https:\/\/igmi.esercito.difesa.it\/en\/prodotto\/395712\/#primaryimage\"},\"image\":{\"@id\":\"https:\/\/igmi.esercito.difesa.it\/en\/prodotto\/395712\/#primaryimage\"},\"thumbnailUrl\":\"https:\/\/igmi.esercito.difesa.it\/wp-content\/uploads\/B0000054.jpg\",\"datePublished\":\"2025-06-28T03:18:52+00:00\",\"dateModified\":\"2026-04-09T19:27:02+00:00\",\"breadcrumb\":{\"@id\":\"https:\/\/igmi.esercito.difesa.it\/en\/prodotto\/395712\/#breadcrumb\"},\"inLanguage\":\"en-US\",\"potentialAction\":[{\"@type\":\"ReadAction\",\"target\":[\"https:\/\/igmi.esercito.difesa.it\/en\/prodotto\/395712\/\"]}]},{\"@type\":\"ImageObject\",\"inLanguage\":\"en-US\",\"@id\":\"https:\/\/igmi.esercito.difesa.it\/en\/prodotto\/395712\/#primaryimage\",\"url\":\"https:\/\/igmi.esercito.difesa.it\/wp-content\/uploads\/B0000054.jpg\",\"contentUrl\":\"https:\/\/igmi.esercito.difesa.it\/wp-content\/uploads\/B0000054.jpg\",\"width\":1000,\"height\":1643},{\"@type\":\"BreadcrumbList\",\"@id\":\"https:\/\/igmi.esercito.difesa.it\/en\/prodotto\/395712\/#breadcrumb\",\"itemListElement\":[{\"@type\":\"ListItem\",\"position\":1,\"name\":\"Home\",\"item\":\"https:\/\/igmi.esercito.difesa.it\/en\/\"},{\"@type\":\"ListItem\",\"position\":2,\"name\":\"Products\",\"item\":\"https:\/\/igmi.esercito.difesa.it\/en\/shop\/\"},{\"@type\":\"ListItem\",\"position\":3,\"name\":\"CARTA GEOMETRICA DELLA TOSCANA NELLA PROPORZIONE DI 1:100.000. COPIATA DALL&#8217;ORIGINALE COMPILATO DALL&#8217;ASTRONOMO P.DRE GIOVANNI INGHIRAMI &#8211; Foglio 70 &#8211; Radicofani\"}]},{\"@type\":\"WebSite\",\"@id\":\"https:\/\/igmi.esercito.difesa.it\/en\/#website\",\"url\":\"https:\/\/igmi.esercito.difesa.it\/en\/\",\"name\":\"Istituto Geografico Militare\",\"description\":\"Ente cartografico dello stato\",\"publisher\":{\"@id\":\"https:\/\/igmi.esercito.difesa.it\/en\/#organization\"},\"potentialAction\":[{\"@type\":\"SearchAction\",\"target\":{\"@type\":\"EntryPoint\",\"urlTemplate\":\"https:\/\/igmi.esercito.difesa.it\/en\/?s={search_term_string}\"},\"query-input\":{\"@type\":\"PropertyValueSpecification\",\"valueRequired\":true,\"valueName\":\"search_term_string\"}}],\"inLanguage\":\"en-US\"},{\"@type\":\"Organization\",\"@id\":\"https:\/\/igmi.esercito.difesa.it\/en\/#organization\",\"name\":\"Istituto Geografico Militare\",\"url\":\"https:\/\/igmi.esercito.difesa.it\/en\/\",\"logo\":{\"@type\":\"ImageObject\",\"inLanguage\":\"en-US\",\"@id\":\"https:\/\/igmi.esercito.difesa.it\/en\/#\/schema\/logo\/image\/\",\"url\":\"https:\/\/igmi.esercito.difesa.it\/wp-content\/uploads\/2025\/04\/Logo-igm.webp\",\"contentUrl\":\"https:\/\/igmi.esercito.difesa.it\/wp-content\/uploads\/2025\/04\/Logo-igm.webp\",\"width\":1320,\"height\":1696,\"caption\":\"Istituto Geografico Militare\"},\"image\":{\"@id\":\"https:\/\/igmi.esercito.difesa.it\/en\/#\/schema\/logo\/image\/\"}}]}<\/script>\n<!-- \/ Yoast SEO plugin. -->","yoast_head_json":{"title":"CARTA GEOMETRICA DELLA TOSCANA NELLA PROPORZIONE DI 1:100.000. COPIATA DALL'ORIGINALE COMPILATO DALL'ASTRONOMO P.DRE GIOVANNI INGHIRAMI - Foglio 70 - Radicofani - Istituto Geografico Militare","robots":{"index":"index","follow":"follow","max-snippet":"max-snippet:-1","max-image-preview":"max-image-preview:large","max-video-preview":"max-video-preview:-1"},"canonical":"https:\/\/igmi.esercito.difesa.it\/en\/prodotto\/395712\/","og_locale":"en_US","og_type":"article","og_title":"CARTA GEOMETRICA DELLA TOSCANA NELLA PROPORZIONE DI 1:100.000. COPIATA DALL'ORIGINALE COMPILATO DALL'ASTRONOMO P.DRE GIOVANNI INGHIRAMI - Foglio 70 - Radicofani - Istituto Geografico Militare","og_description":"Il manoscritto \u00e8 composto attualmente da 60 elementi cartografici pi\u00f9 un elemento con il titolo e uno con il quadro d&#8217;unione per un totale di 62. Sul foglio del titolo \u00e8 indicata la scritta &#8220;ANNO &#8211; 1846&#8221; con caratteri differenti, probabilmente aggiunta in un momento diverso da quello della realizzazione dello stesso. Dopo l&#8217;ultimazione della [&hellip;]","og_url":"https:\/\/igmi.esercito.difesa.it\/en\/prodotto\/395712\/","og_site_name":"Istituto Geografico Militare","article_modified_time":"2026-04-09T19:27:02+00:00","og_image":[{"width":1000,"height":1643,"url":"https:\/\/igmi.esercito.difesa.it\/wp-content\/uploads\/B0000054.jpg","type":"image\/jpeg"}],"twitter_card":"summary_large_image","twitter_misc":{"Est. reading time":"1 minute"},"schema":{"@context":"https:\/\/schema.org","@graph":[{"@type":"WebPage","@id":"https:\/\/igmi.esercito.difesa.it\/en\/prodotto\/395712\/","url":"https:\/\/igmi.esercito.difesa.it\/en\/prodotto\/395712\/","name":"CARTA GEOMETRICA DELLA TOSCANA NELLA PROPORZIONE DI 1:100.000. COPIATA DALL'ORIGINALE COMPILATO DALL'ASTRONOMO P.DRE GIOVANNI INGHIRAMI - Foglio 70 - Radicofani - Istituto Geografico Militare","isPartOf":{"@id":"https:\/\/igmi.esercito.difesa.it\/en\/#website"},"primaryImageOfPage":{"@id":"https:\/\/igmi.esercito.difesa.it\/en\/prodotto\/395712\/#primaryimage"},"image":{"@id":"https:\/\/igmi.esercito.difesa.it\/en\/prodotto\/395712\/#primaryimage"},"thumbnailUrl":"https:\/\/igmi.esercito.difesa.it\/wp-content\/uploads\/B0000054.jpg","datePublished":"2025-06-28T03:18:52+00:00","dateModified":"2026-04-09T19:27:02+00:00","breadcrumb":{"@id":"https:\/\/igmi.esercito.difesa.it\/en\/prodotto\/395712\/#breadcrumb"},"inLanguage":"en-US","potentialAction":[{"@type":"ReadAction","target":["https:\/\/igmi.esercito.difesa.it\/en\/prodotto\/395712\/"]}]},{"@type":"ImageObject","inLanguage":"en-US","@id":"https:\/\/igmi.esercito.difesa.it\/en\/prodotto\/395712\/#primaryimage","url":"https:\/\/igmi.esercito.difesa.it\/wp-content\/uploads\/B0000054.jpg","contentUrl":"https:\/\/igmi.esercito.difesa.it\/wp-content\/uploads\/B0000054.jpg","width":1000,"height":1643},{"@type":"BreadcrumbList","@id":"https:\/\/igmi.esercito.difesa.it\/en\/prodotto\/395712\/#breadcrumb","itemListElement":[{"@type":"ListItem","position":1,"name":"Home","item":"https:\/\/igmi.esercito.difesa.it\/en\/"},{"@type":"ListItem","position":2,"name":"Products","item":"https:\/\/igmi.esercito.difesa.it\/en\/shop\/"},{"@type":"ListItem","position":3,"name":"CARTA GEOMETRICA DELLA TOSCANA NELLA PROPORZIONE DI 1:100.000. COPIATA DALL&#8217;ORIGINALE COMPILATO DALL&#8217;ASTRONOMO P.DRE GIOVANNI INGHIRAMI &#8211; Foglio 70 &#8211; Radicofani"}]},{"@type":"WebSite","@id":"https:\/\/igmi.esercito.difesa.it\/en\/#website","url":"https:\/\/igmi.esercito.difesa.it\/en\/","name":"Istituto Geografico Militare","description":"Ente cartografico dello stato","publisher":{"@id":"https:\/\/igmi.esercito.difesa.it\/en\/#organization"},"potentialAction":[{"@type":"SearchAction","target":{"@type":"EntryPoint","urlTemplate":"https:\/\/igmi.esercito.difesa.it\/en\/?s={search_term_string}"},"query-input":{"@type":"PropertyValueSpecification","valueRequired":true,"valueName":"search_term_string"}}],"inLanguage":"en-US"},{"@type":"Organization","@id":"https:\/\/igmi.esercito.difesa.it\/en\/#organization","name":"Istituto Geografico Militare","url":"https:\/\/igmi.esercito.difesa.it\/en\/","logo":{"@type":"ImageObject","inLanguage":"en-US","@id":"https:\/\/igmi.esercito.difesa.it\/en\/#\/schema\/logo\/image\/","url":"https:\/\/igmi.esercito.difesa.it\/wp-content\/uploads\/2025\/04\/Logo-igm.webp","contentUrl":"https:\/\/igmi.esercito.difesa.it\/wp-content\/uploads\/2025\/04\/Logo-igm.webp","width":1320,"height":1696,"caption":"Istituto Geografico Militare"},"image":{"@id":"https:\/\/igmi.esercito.difesa.it\/en\/#\/schema\/logo\/image\/"}}]}},"_links":{"self":[{"href":"https:\/\/igmi.esercito.difesa.it\/en\/wp-json\/wp\/v2\/product\/374100","targetHints":{"allow":["GET"]}}],"collection":[{"href":"https:\/\/igmi.esercito.difesa.it\/en\/wp-json\/wp\/v2\/product"}],"about":[{"href":"https:\/\/igmi.esercito.difesa.it\/en\/wp-json\/wp\/v2\/types\/product"}],"wp:featuredmedia":[{"embeddable":true,"href":"https:\/\/igmi.esercito.difesa.it\/en\/wp-json\/wp\/v2\/media\/732100"}],"wp:attachment":[{"href":"https:\/\/igmi.esercito.difesa.it\/en\/wp-json\/wp\/v2\/media?parent=374100"}],"wp:term":[{"taxonomy":"product_brand","embeddable":true,"href":"https:\/\/igmi.esercito.difesa.it\/en\/wp-json\/wp\/v2\/product_brand?post=374100"},{"taxonomy":"product_cat","embeddable":true,"href":"https:\/\/igmi.esercito.difesa.it\/en\/wp-json\/wp\/v2\/product_cat?post=374100"},{"taxonomy":"product_tag","embeddable":true,"href":"https:\/\/igmi.esercito.difesa.it\/en\/wp-json\/wp\/v2\/product_tag?post=374100"}],"curies":[{"name":"wp","href":"https:\/\/api.w.org\/{rel}","templated":true}]}}