{"id":375665,"date":"2025-06-28T07:42:51","date_gmt":"2025-06-28T05:42:51","guid":{"rendered":"https:\/\/igmi.esercito.difesa.it\/prodotto\/396097\/"},"modified":"2026-04-09T22:02:18","modified_gmt":"2026-04-09T20:02:18","slug":"396097","status":"publish","type":"product","link":"https:\/\/igmi.esercito.difesa.it\/en\/prodotto\/396097\/","title":{"rendered":"CARTA GEOGRAFICA DELLO STATO DELLA CHIESA E GRANDUCATO DI TOSCANA E DE&#8217; STATI ADIACENTI"},"content":{"rendered":"<p>La carta dello Stato della Chiesa \u00e8 opera dei RR. PP. Maire e Boscovich, i quali per ordine di Clemente XIII Rezzonico ne fecero le osservazioni, e le misure. Il Granducato di Toscana \u00e8 stato delineato e corretto dal Nobil Sig. Ferdinando Morozzi di Colle Ingegnere di S. A. R. Per la posizione della Citt\u00e0 di Firenze ha fatto uso delle osservazioni del P. Ximenes; per la Citt\u00e0 di Pisa di quelle del Matematico Sig. Dott. Perelli; per la Citt\u00e0 di Siena di quella del fu Piero Gabbrielli; per i luoghi di Confino con lo Stato Pontificio di quelle dei Sudd.i PP. Maire e Boscovich; per i luoghi del Litorale e per tutte le Isole ha fatto uso delle proprie osservazioni. Il medesimo poi ha misurato realmente parte del detto Stato, ed ha ra quelle Piante moderne state misurate da altri, che tutte insieme si estendono sopra pi\u00f9 di due terzi del Granducato, ed ha compito la carta, e corretta la confinazione come qui si riporta delineata.<br \/>\nLo Stato della Repubblica di Lucca, il Principato di Piombino, e quello dei Presidi sono tradotti da pi\u00f9 Carte manoscritte esistenti presso del d. Sig. Morozzi.<br \/>\nIl Ducato di Modena \u00e8 ricavato dalla Carta generale del Corso del Po di Matteo Scutter, ma corretta, conforme quei pezzi degli adiacenti Stati di Parma, Cremona, e Mantova.<br \/>\nLa parte finalmente del Regno di Napoli \u00e8 copiata dalla Carta disegnata da Ant. Rizzi Zannoni, incisa in Parigi nel 1769.<br \/>\nCfr. anche la stessa carta avente lo stesso numero d&#8217;Inv. Gen.  numero di File B0008199 &#8211; Num. d&#8217;Ordine 50.<\/p>\n","protected":false},"excerpt":{"rendered":"<p>La carta dello Stato della Chiesa \u00e8 opera dei RR. PP. Maire e Boscovich, i quali per ordine di Clemente XIII Rezzonico ne fecero le osservazioni, e le misure. Il Granducato di Toscana \u00e8 stato delineato e corretto dal Nobil Sig. Ferdinando Morozzi di Colle Ingegnere di S. A. R. Per la posizione della Citt\u00e0 [&hellip;]<\/p>\n","protected":false},"featured_media":497122,"template":"","meta":{"_acf_changed":false},"product_brand":[],"product_cat":[191,447],"product_tag":[334],"class_list":{"0":"post-375665","1":"product","2":"type-product","3":"status-publish","4":"has-post-thumbnail","6":"product_cat-carte-antiche","7":"product_cat-tecnica_risoluzione_carta_antica","8":"product_tag-carta-antica","10":"first","11":"instock","12":"downloadable","13":"virtual","14":"sold-individually","15":"taxable","16":"purchasable","17":"product-type-simple"},"acf":[],"yoast_head":"<!-- This site is optimized with the Yoast SEO plugin v26.4 - https:\/\/yoast.com\/wordpress\/plugins\/seo\/ -->\n<title>CARTA GEOGRAFICA DELLO STATO DELLA CHIESA E GRANDUCATO DI TOSCANA E DE&#039; STATI ADIACENTI - Istituto Geografico Militare<\/title>\n<meta name=\"robots\" content=\"index, follow, max-snippet:-1, max-image-preview:large, max-video-preview:-1\" \/>\n<link rel=\"canonical\" href=\"https:\/\/igmi.esercito.difesa.it\/en\/prodotto\/396097\/\" \/>\n<meta property=\"og:locale\" content=\"en_US\" \/>\n<meta property=\"og:type\" content=\"article\" \/>\n<meta property=\"og:title\" content=\"CARTA GEOGRAFICA DELLO STATO DELLA CHIESA E GRANDUCATO DI TOSCANA E DE&#039; STATI ADIACENTI - Istituto Geografico Militare\" \/>\n<meta property=\"og:description\" content=\"La carta dello Stato della Chiesa \u00e8 opera dei RR. PP. Maire e Boscovich, i quali per ordine di Clemente XIII Rezzonico ne fecero le osservazioni, e le misure. Il Granducato di Toscana \u00e8 stato delineato e corretto dal Nobil Sig. Ferdinando Morozzi di Colle Ingegnere di S. A. R. Per la posizione della Citt\u00e0 [&hellip;]\" \/>\n<meta property=\"og:url\" content=\"https:\/\/igmi.esercito.difesa.it\/en\/prodotto\/396097\/\" \/>\n<meta property=\"og:site_name\" content=\"Istituto Geografico Militare\" \/>\n<meta property=\"article:modified_time\" content=\"2026-04-09T20:02:18+00:00\" \/>\n<meta property=\"og:image\" content=\"https:\/\/igmi.esercito.difesa.it\/wp-content\/uploads\/B0000153.jpg\" \/>\n\t<meta property=\"og:image:width\" content=\"1000\" \/>\n\t<meta property=\"og:image:height\" content=\"1429\" \/>\n\t<meta property=\"og:image:type\" content=\"image\/jpeg\" \/>\n<meta name=\"twitter:card\" content=\"summary_large_image\" \/>\n<meta name=\"twitter:label1\" content=\"Est. reading time\" \/>\n\t<meta name=\"twitter:data1\" content=\"1 minute\" \/>\n<script type=\"application\/ld+json\" class=\"yoast-schema-graph\">{\"@context\":\"https:\/\/schema.org\",\"@graph\":[{\"@type\":\"WebPage\",\"@id\":\"https:\/\/igmi.esercito.difesa.it\/en\/prodotto\/396097\/\",\"url\":\"https:\/\/igmi.esercito.difesa.it\/en\/prodotto\/396097\/\",\"name\":\"CARTA GEOGRAFICA DELLO STATO DELLA CHIESA E GRANDUCATO DI TOSCANA E DE' STATI ADIACENTI - Istituto Geografico Militare\",\"isPartOf\":{\"@id\":\"https:\/\/igmi.esercito.difesa.it\/en\/#website\"},\"primaryImageOfPage\":{\"@id\":\"https:\/\/igmi.esercito.difesa.it\/en\/prodotto\/396097\/#primaryimage\"},\"image\":{\"@id\":\"https:\/\/igmi.esercito.difesa.it\/en\/prodotto\/396097\/#primaryimage\"},\"thumbnailUrl\":\"https:\/\/igmi.esercito.difesa.it\/wp-content\/uploads\/B0000153.jpg\",\"datePublished\":\"2025-06-28T05:42:51+00:00\",\"dateModified\":\"2026-04-09T20:02:18+00:00\",\"breadcrumb\":{\"@id\":\"https:\/\/igmi.esercito.difesa.it\/en\/prodotto\/396097\/#breadcrumb\"},\"inLanguage\":\"en-US\",\"potentialAction\":[{\"@type\":\"ReadAction\",\"target\":[\"https:\/\/igmi.esercito.difesa.it\/en\/prodotto\/396097\/\"]}]},{\"@type\":\"ImageObject\",\"inLanguage\":\"en-US\",\"@id\":\"https:\/\/igmi.esercito.difesa.it\/en\/prodotto\/396097\/#primaryimage\",\"url\":\"https:\/\/igmi.esercito.difesa.it\/wp-content\/uploads\/B0000153.jpg\",\"contentUrl\":\"https:\/\/igmi.esercito.difesa.it\/wp-content\/uploads\/B0000153.jpg\",\"width\":1000,\"height\":1429},{\"@type\":\"BreadcrumbList\",\"@id\":\"https:\/\/igmi.esercito.difesa.it\/en\/prodotto\/396097\/#breadcrumb\",\"itemListElement\":[{\"@type\":\"ListItem\",\"position\":1,\"name\":\"Home\",\"item\":\"https:\/\/igmi.esercito.difesa.it\/en\/\"},{\"@type\":\"ListItem\",\"position\":2,\"name\":\"Products\",\"item\":\"https:\/\/igmi.esercito.difesa.it\/en\/shop\/\"},{\"@type\":\"ListItem\",\"position\":3,\"name\":\"CARTA GEOGRAFICA DELLO STATO DELLA CHIESA E GRANDUCATO DI TOSCANA E DE&#8217; STATI ADIACENTI\"}]},{\"@type\":\"WebSite\",\"@id\":\"https:\/\/igmi.esercito.difesa.it\/en\/#website\",\"url\":\"https:\/\/igmi.esercito.difesa.it\/en\/\",\"name\":\"Istituto Geografico Militare\",\"description\":\"Ente cartografico dello stato\",\"publisher\":{\"@id\":\"https:\/\/igmi.esercito.difesa.it\/en\/#organization\"},\"potentialAction\":[{\"@type\":\"SearchAction\",\"target\":{\"@type\":\"EntryPoint\",\"urlTemplate\":\"https:\/\/igmi.esercito.difesa.it\/en\/?s={search_term_string}\"},\"query-input\":{\"@type\":\"PropertyValueSpecification\",\"valueRequired\":true,\"valueName\":\"search_term_string\"}}],\"inLanguage\":\"en-US\"},{\"@type\":\"Organization\",\"@id\":\"https:\/\/igmi.esercito.difesa.it\/en\/#organization\",\"name\":\"Istituto Geografico Militare\",\"url\":\"https:\/\/igmi.esercito.difesa.it\/en\/\",\"logo\":{\"@type\":\"ImageObject\",\"inLanguage\":\"en-US\",\"@id\":\"https:\/\/igmi.esercito.difesa.it\/en\/#\/schema\/logo\/image\/\",\"url\":\"https:\/\/igmi.esercito.difesa.it\/wp-content\/uploads\/2025\/04\/Logo-igm.webp\",\"contentUrl\":\"https:\/\/igmi.esercito.difesa.it\/wp-content\/uploads\/2025\/04\/Logo-igm.webp\",\"width\":1320,\"height\":1696,\"caption\":\"Istituto Geografico Militare\"},\"image\":{\"@id\":\"https:\/\/igmi.esercito.difesa.it\/en\/#\/schema\/logo\/image\/\"}}]}<\/script>\n<!-- \/ Yoast SEO plugin. -->","yoast_head_json":{"title":"CARTA GEOGRAFICA DELLO STATO DELLA CHIESA E GRANDUCATO DI TOSCANA E DE' STATI ADIACENTI - Istituto Geografico Militare","robots":{"index":"index","follow":"follow","max-snippet":"max-snippet:-1","max-image-preview":"max-image-preview:large","max-video-preview":"max-video-preview:-1"},"canonical":"https:\/\/igmi.esercito.difesa.it\/en\/prodotto\/396097\/","og_locale":"en_US","og_type":"article","og_title":"CARTA GEOGRAFICA DELLO STATO DELLA CHIESA E GRANDUCATO DI TOSCANA E DE' STATI ADIACENTI - Istituto Geografico Militare","og_description":"La carta dello Stato della Chiesa \u00e8 opera dei RR. PP. Maire e Boscovich, i quali per ordine di Clemente XIII Rezzonico ne fecero le osservazioni, e le misure. Il Granducato di Toscana \u00e8 stato delineato e corretto dal Nobil Sig. Ferdinando Morozzi di Colle Ingegnere di S. A. R. Per la posizione della Citt\u00e0 [&hellip;]","og_url":"https:\/\/igmi.esercito.difesa.it\/en\/prodotto\/396097\/","og_site_name":"Istituto Geografico Militare","article_modified_time":"2026-04-09T20:02:18+00:00","og_image":[{"width":1000,"height":1429,"url":"https:\/\/igmi.esercito.difesa.it\/wp-content\/uploads\/B0000153.jpg","type":"image\/jpeg"}],"twitter_card":"summary_large_image","twitter_misc":{"Est. reading time":"1 minute"},"schema":{"@context":"https:\/\/schema.org","@graph":[{"@type":"WebPage","@id":"https:\/\/igmi.esercito.difesa.it\/en\/prodotto\/396097\/","url":"https:\/\/igmi.esercito.difesa.it\/en\/prodotto\/396097\/","name":"CARTA GEOGRAFICA DELLO STATO DELLA CHIESA E GRANDUCATO DI TOSCANA E DE' STATI ADIACENTI - Istituto Geografico Militare","isPartOf":{"@id":"https:\/\/igmi.esercito.difesa.it\/en\/#website"},"primaryImageOfPage":{"@id":"https:\/\/igmi.esercito.difesa.it\/en\/prodotto\/396097\/#primaryimage"},"image":{"@id":"https:\/\/igmi.esercito.difesa.it\/en\/prodotto\/396097\/#primaryimage"},"thumbnailUrl":"https:\/\/igmi.esercito.difesa.it\/wp-content\/uploads\/B0000153.jpg","datePublished":"2025-06-28T05:42:51+00:00","dateModified":"2026-04-09T20:02:18+00:00","breadcrumb":{"@id":"https:\/\/igmi.esercito.difesa.it\/en\/prodotto\/396097\/#breadcrumb"},"inLanguage":"en-US","potentialAction":[{"@type":"ReadAction","target":["https:\/\/igmi.esercito.difesa.it\/en\/prodotto\/396097\/"]}]},{"@type":"ImageObject","inLanguage":"en-US","@id":"https:\/\/igmi.esercito.difesa.it\/en\/prodotto\/396097\/#primaryimage","url":"https:\/\/igmi.esercito.difesa.it\/wp-content\/uploads\/B0000153.jpg","contentUrl":"https:\/\/igmi.esercito.difesa.it\/wp-content\/uploads\/B0000153.jpg","width":1000,"height":1429},{"@type":"BreadcrumbList","@id":"https:\/\/igmi.esercito.difesa.it\/en\/prodotto\/396097\/#breadcrumb","itemListElement":[{"@type":"ListItem","position":1,"name":"Home","item":"https:\/\/igmi.esercito.difesa.it\/en\/"},{"@type":"ListItem","position":2,"name":"Products","item":"https:\/\/igmi.esercito.difesa.it\/en\/shop\/"},{"@type":"ListItem","position":3,"name":"CARTA GEOGRAFICA DELLO STATO DELLA CHIESA E GRANDUCATO DI TOSCANA E DE&#8217; STATI ADIACENTI"}]},{"@type":"WebSite","@id":"https:\/\/igmi.esercito.difesa.it\/en\/#website","url":"https:\/\/igmi.esercito.difesa.it\/en\/","name":"Istituto Geografico Militare","description":"Ente cartografico dello stato","publisher":{"@id":"https:\/\/igmi.esercito.difesa.it\/en\/#organization"},"potentialAction":[{"@type":"SearchAction","target":{"@type":"EntryPoint","urlTemplate":"https:\/\/igmi.esercito.difesa.it\/en\/?s={search_term_string}"},"query-input":{"@type":"PropertyValueSpecification","valueRequired":true,"valueName":"search_term_string"}}],"inLanguage":"en-US"},{"@type":"Organization","@id":"https:\/\/igmi.esercito.difesa.it\/en\/#organization","name":"Istituto Geografico Militare","url":"https:\/\/igmi.esercito.difesa.it\/en\/","logo":{"@type":"ImageObject","inLanguage":"en-US","@id":"https:\/\/igmi.esercito.difesa.it\/en\/#\/schema\/logo\/image\/","url":"https:\/\/igmi.esercito.difesa.it\/wp-content\/uploads\/2025\/04\/Logo-igm.webp","contentUrl":"https:\/\/igmi.esercito.difesa.it\/wp-content\/uploads\/2025\/04\/Logo-igm.webp","width":1320,"height":1696,"caption":"Istituto Geografico Militare"},"image":{"@id":"https:\/\/igmi.esercito.difesa.it\/en\/#\/schema\/logo\/image\/"}}]}},"_links":{"self":[{"href":"https:\/\/igmi.esercito.difesa.it\/en\/wp-json\/wp\/v2\/product\/375665","targetHints":{"allow":["GET"]}}],"collection":[{"href":"https:\/\/igmi.esercito.difesa.it\/en\/wp-json\/wp\/v2\/product"}],"about":[{"href":"https:\/\/igmi.esercito.difesa.it\/en\/wp-json\/wp\/v2\/types\/product"}],"wp:featuredmedia":[{"embeddable":true,"href":"https:\/\/igmi.esercito.difesa.it\/en\/wp-json\/wp\/v2\/media\/497122"}],"wp:attachment":[{"href":"https:\/\/igmi.esercito.difesa.it\/en\/wp-json\/wp\/v2\/media?parent=375665"}],"wp:term":[{"taxonomy":"product_brand","embeddable":true,"href":"https:\/\/igmi.esercito.difesa.it\/en\/wp-json\/wp\/v2\/product_brand?post=375665"},{"taxonomy":"product_cat","embeddable":true,"href":"https:\/\/igmi.esercito.difesa.it\/en\/wp-json\/wp\/v2\/product_cat?post=375665"},{"taxonomy":"product_tag","embeddable":true,"href":"https:\/\/igmi.esercito.difesa.it\/en\/wp-json\/wp\/v2\/product_tag?post=375665"}],"curies":[{"name":"wp","href":"https:\/\/api.w.org\/{rel}","templated":true}]}}