{"id":377933,"date":"2025-06-28T10:57:13","date_gmt":"2025-06-28T08:57:13","guid":{"rendered":"https:\/\/igmi.esercito.difesa.it\/prodotto\/396895\/"},"modified":"2026-04-09T23:05:22","modified_gmt":"2026-04-09T21:05:22","slug":"396895","status":"publish","type":"product","link":"https:\/\/igmi.esercito.difesa.it\/en\/prodotto\/396895\/","title":{"rendered":"CARTA DIMOSTRATIVA DELLA COLONIA ERITREA E REGIONI ADIACENTI &#8211; BAIA D&#8217;ANFILE&#8217;"},"content":{"rendered":"<p>I.G.M.<br \/>\nCarta generale di carattere puramente descrittivo allestita dall&#8217;I.G.M. a fine di comprendervi quelle parti di territorio che con i lavori di rilievo regolari, iniziati in Colonia nel 1888, erano rimasti esclusi, e di utilizzare tutti i materiali nuovi che, con le ricognizioni, gli itinerari, gli schizzi, parziali dovuti a ufficiali e funzionari della Colonia, viaggiatori e studiosi, potevano essere ormai impiegati. La pubblicazione della carta fu iniziata nel 1897 e veniva ultimata nel 1902. La carta consta di 30 fogli di 1\u00b0 di longitudine per 1\u00b0 di latitudine e comprende il territorio limitato fra il 12\u00b0 ed il 16\u00b0 parallelo e fra il 36\u00b0 meridiano ed il mare. Dei primi fogli fu anche seguita un&#8217;edizione al 250.000 in riproduzione degli originali disegnati, ma la pubblicazione non fu poi continuata. Servirono di base per la compilazione della carta le triangolazioni eseguite dall&#8217;I.G.M., le determinazioni astronomico-geodetiche dell&#8217;Ufficio Idrografico della R. Marina, del geografo D&#8217;Abbadie e quelle effettuate durante la spedizione inglese nel 1868. La proiezione impiegata fu la policentrica, sostituita fin dal 1896 a quella del Cassini anteriormente usata per i lavori topografici nella Colonia. Le longitudini furono riferite al meridiano di Greenwich. Per la parte topografica vennero ridotti i rilievi regolari alla scala di 1:50.000 e 1:100.000 dell&#8217;I.G.M. oltre le altre fonti sopra menzionate. In relazione alla disponibilit\u00e0 dei documenti utilizzabili, il dettaglio non appare rappresentato con la stessa uniformit\u00e0 nei singoli fogli. Ogni foglio porta nell&#8217;angolo inferiore l&#8217;indicazione dei documenti sui quali \u00e8 fondato. La carta \u00e8 stampata in litografia a colori con orografia a tratteggio in bistro, idrografia in azzurro, rete stradale e itinerari in rosso, vegetazioni in verde, ferrovie e gli altri particolari in nero. Si \u00e8 impiegata la scrittura in rosso per i nomi delle divisioni politiche e regionali e in nero per i nomi etnografici. I nomi tutti sono scritti con grafia italiana. I fogli furono disegnati alla scala di 1:200.000 e ridotti con la fotozincografia al 400.000. Utilizzando gli elementi della &#8220;Carta dimostrativa della Colonia Eritrea&#8221; al 500.000 (ved. N\u00b0 50 d&#8217;ordine, N. 694 d&#8217;inventario generale) e altri raccolti per nuove zone della regione, fu allestita una nuova edizione della carta corretta e accresciuta. Essa fu estesa al 18\u00b0 parallelo per includervi Ras Casar (18\u00b0 2&#8242;) e a sud fino all&#8217;11\u00b0 parallelo per la parte che trovasi ad oriente del 40\u00b0 meridiano comprendendo cos\u00ec tutta la regione estrema meridionale dell&#8217;Aussa e il territorio adiacente alla Baia di Tagiura. La nuova edizione fu pubblicata in 12 fogli interi di 2\u00b0 di long. per 2\u00b0 di lat. e due mezzi fogli per la parte meridionale. Fu ultimata nel 1909. Tenuta al corrente per qualche tempo, pass\u00f2 fra le carte di mobilitazione nel 1927.<\/p>\n","protected":false},"excerpt":{"rendered":"<p>I.G.M. Carta generale di carattere puramente descrittivo allestita dall&#8217;I.G.M. a fine di comprendervi quelle parti di territorio che con i lavori di rilievo regolari, iniziati in Colonia nel 1888, erano rimasti esclusi, e di utilizzare tutti i materiali nuovi che, con le ricognizioni, gli itinerari, gli schizzi, parziali dovuti a ufficiali e funzionari della Colonia, [&hellip;]<\/p>\n","protected":false},"featured_media":745313,"template":"","meta":{"_acf_changed":false},"product_brand":[],"product_cat":[191,447],"product_tag":[334],"class_list":{"0":"post-377933","1":"product","2":"type-product","3":"status-publish","4":"has-post-thumbnail","6":"product_cat-carte-antiche","7":"product_cat-tecnica_risoluzione_carta_antica","8":"product_tag-carta-antica","10":"first","11":"instock","12":"downloadable","13":"virtual","14":"sold-individually","15":"taxable","16":"purchasable","17":"product-type-simple"},"acf":[],"yoast_head":"<!-- This site is optimized with the Yoast SEO plugin v26.4 - https:\/\/yoast.com\/wordpress\/plugins\/seo\/ -->\n<title>CARTA DIMOSTRATIVA DELLA COLONIA ERITREA E REGIONI ADIACENTI - BAIA D&#039;ANFILE&#039; - Istituto Geografico Militare<\/title>\n<meta name=\"robots\" content=\"index, follow, max-snippet:-1, max-image-preview:large, max-video-preview:-1\" \/>\n<link rel=\"canonical\" href=\"https:\/\/igmi.esercito.difesa.it\/en\/prodotto\/396895\/\" \/>\n<meta property=\"og:locale\" content=\"en_US\" \/>\n<meta property=\"og:type\" content=\"article\" \/>\n<meta property=\"og:title\" content=\"CARTA DIMOSTRATIVA DELLA COLONIA ERITREA E REGIONI ADIACENTI - BAIA D&#039;ANFILE&#039; - Istituto Geografico Militare\" \/>\n<meta property=\"og:description\" content=\"I.G.M. Carta generale di carattere puramente descrittivo allestita dall&#8217;I.G.M. a fine di comprendervi quelle parti di territorio che con i lavori di rilievo regolari, iniziati in Colonia nel 1888, erano rimasti esclusi, e di utilizzare tutti i materiali nuovi che, con le ricognizioni, gli itinerari, gli schizzi, parziali dovuti a ufficiali e funzionari della Colonia, [&hellip;]\" \/>\n<meta property=\"og:url\" content=\"https:\/\/igmi.esercito.difesa.it\/en\/prodotto\/396895\/\" \/>\n<meta property=\"og:site_name\" content=\"Istituto Geografico Militare\" \/>\n<meta property=\"article:modified_time\" content=\"2026-04-09T21:05:22+00:00\" \/>\n<meta property=\"og:image\" content=\"https:\/\/igmi.esercito.difesa.it\/wp-content\/uploads\/B0010548.jpg\" \/>\n\t<meta property=\"og:image:width\" content=\"1000\" \/>\n\t<meta property=\"og:image:height\" content=\"1152\" \/>\n\t<meta property=\"og:image:type\" content=\"image\/jpeg\" \/>\n<meta name=\"twitter:card\" content=\"summary_large_image\" \/>\n<meta name=\"twitter:label1\" content=\"Est. reading time\" \/>\n\t<meta name=\"twitter:data1\" content=\"2 minutes\" \/>\n<script type=\"application\/ld+json\" class=\"yoast-schema-graph\">{\"@context\":\"https:\/\/schema.org\",\"@graph\":[{\"@type\":\"WebPage\",\"@id\":\"https:\/\/igmi.esercito.difesa.it\/en\/prodotto\/396895\/\",\"url\":\"https:\/\/igmi.esercito.difesa.it\/en\/prodotto\/396895\/\",\"name\":\"CARTA DIMOSTRATIVA DELLA COLONIA ERITREA E REGIONI ADIACENTI - BAIA D'ANFILE' - Istituto Geografico Militare\",\"isPartOf\":{\"@id\":\"https:\/\/igmi.esercito.difesa.it\/en\/#website\"},\"primaryImageOfPage\":{\"@id\":\"https:\/\/igmi.esercito.difesa.it\/en\/prodotto\/396895\/#primaryimage\"},\"image\":{\"@id\":\"https:\/\/igmi.esercito.difesa.it\/en\/prodotto\/396895\/#primaryimage\"},\"thumbnailUrl\":\"https:\/\/igmi.esercito.difesa.it\/wp-content\/uploads\/B0010548.jpg\",\"datePublished\":\"2025-06-28T08:57:13+00:00\",\"dateModified\":\"2026-04-09T21:05:22+00:00\",\"breadcrumb\":{\"@id\":\"https:\/\/igmi.esercito.difesa.it\/en\/prodotto\/396895\/#breadcrumb\"},\"inLanguage\":\"en-US\",\"potentialAction\":[{\"@type\":\"ReadAction\",\"target\":[\"https:\/\/igmi.esercito.difesa.it\/en\/prodotto\/396895\/\"]}]},{\"@type\":\"ImageObject\",\"inLanguage\":\"en-US\",\"@id\":\"https:\/\/igmi.esercito.difesa.it\/en\/prodotto\/396895\/#primaryimage\",\"url\":\"https:\/\/igmi.esercito.difesa.it\/wp-content\/uploads\/B0010548.jpg\",\"contentUrl\":\"https:\/\/igmi.esercito.difesa.it\/wp-content\/uploads\/B0010548.jpg\",\"width\":1000,\"height\":1152},{\"@type\":\"BreadcrumbList\",\"@id\":\"https:\/\/igmi.esercito.difesa.it\/en\/prodotto\/396895\/#breadcrumb\",\"itemListElement\":[{\"@type\":\"ListItem\",\"position\":1,\"name\":\"Home\",\"item\":\"https:\/\/igmi.esercito.difesa.it\/en\/homepage\/\"},{\"@type\":\"ListItem\",\"position\":2,\"name\":\"Products\",\"item\":\"https:\/\/igmi.esercito.difesa.it\/en\/shop\/\"},{\"@type\":\"ListItem\",\"position\":3,\"name\":\"CARTA DIMOSTRATIVA DELLA COLONIA ERITREA E REGIONI ADIACENTI &#8211; BAIA D&#8217;ANFILE&#8217;\"}]},{\"@type\":\"WebSite\",\"@id\":\"https:\/\/igmi.esercito.difesa.it\/en\/#website\",\"url\":\"https:\/\/igmi.esercito.difesa.it\/en\/\",\"name\":\"Istituto Geografico Militare\",\"description\":\"Ente cartografico dello stato\",\"publisher\":{\"@id\":\"https:\/\/igmi.esercito.difesa.it\/en\/#organization\"},\"potentialAction\":[{\"@type\":\"SearchAction\",\"target\":{\"@type\":\"EntryPoint\",\"urlTemplate\":\"https:\/\/igmi.esercito.difesa.it\/en\/?s={search_term_string}\"},\"query-input\":{\"@type\":\"PropertyValueSpecification\",\"valueRequired\":true,\"valueName\":\"search_term_string\"}}],\"inLanguage\":\"en-US\"},{\"@type\":\"Organization\",\"@id\":\"https:\/\/igmi.esercito.difesa.it\/en\/#organization\",\"name\":\"Istituto Geografico Militare\",\"url\":\"https:\/\/igmi.esercito.difesa.it\/en\/\",\"logo\":{\"@type\":\"ImageObject\",\"inLanguage\":\"en-US\",\"@id\":\"https:\/\/igmi.esercito.difesa.it\/en\/#\/schema\/logo\/image\/\",\"url\":\"https:\/\/igmi.esercito.difesa.it\/wp-content\/uploads\/2025\/04\/Logo-igm.webp\",\"contentUrl\":\"https:\/\/igmi.esercito.difesa.it\/wp-content\/uploads\/2025\/04\/Logo-igm.webp\",\"width\":1320,\"height\":1696,\"caption\":\"Istituto Geografico Militare\"},\"image\":{\"@id\":\"https:\/\/igmi.esercito.difesa.it\/en\/#\/schema\/logo\/image\/\"}}]}<\/script>\n<!-- \/ Yoast SEO plugin. -->","yoast_head_json":{"title":"CARTA DIMOSTRATIVA DELLA COLONIA ERITREA E REGIONI ADIACENTI - BAIA D'ANFILE' - Istituto Geografico Militare","robots":{"index":"index","follow":"follow","max-snippet":"max-snippet:-1","max-image-preview":"max-image-preview:large","max-video-preview":"max-video-preview:-1"},"canonical":"https:\/\/igmi.esercito.difesa.it\/en\/prodotto\/396895\/","og_locale":"en_US","og_type":"article","og_title":"CARTA DIMOSTRATIVA DELLA COLONIA ERITREA E REGIONI ADIACENTI - BAIA D'ANFILE' - Istituto Geografico Militare","og_description":"I.G.M. Carta generale di carattere puramente descrittivo allestita dall&#8217;I.G.M. a fine di comprendervi quelle parti di territorio che con i lavori di rilievo regolari, iniziati in Colonia nel 1888, erano rimasti esclusi, e di utilizzare tutti i materiali nuovi che, con le ricognizioni, gli itinerari, gli schizzi, parziali dovuti a ufficiali e funzionari della Colonia, [&hellip;]","og_url":"https:\/\/igmi.esercito.difesa.it\/en\/prodotto\/396895\/","og_site_name":"Istituto Geografico Militare","article_modified_time":"2026-04-09T21:05:22+00:00","og_image":[{"width":1000,"height":1152,"url":"https:\/\/igmi.esercito.difesa.it\/wp-content\/uploads\/B0010548.jpg","type":"image\/jpeg"}],"twitter_card":"summary_large_image","twitter_misc":{"Est. reading time":"2 minutes"},"schema":{"@context":"https:\/\/schema.org","@graph":[{"@type":"WebPage","@id":"https:\/\/igmi.esercito.difesa.it\/en\/prodotto\/396895\/","url":"https:\/\/igmi.esercito.difesa.it\/en\/prodotto\/396895\/","name":"CARTA DIMOSTRATIVA DELLA COLONIA ERITREA E REGIONI ADIACENTI - BAIA D'ANFILE' - Istituto Geografico Militare","isPartOf":{"@id":"https:\/\/igmi.esercito.difesa.it\/en\/#website"},"primaryImageOfPage":{"@id":"https:\/\/igmi.esercito.difesa.it\/en\/prodotto\/396895\/#primaryimage"},"image":{"@id":"https:\/\/igmi.esercito.difesa.it\/en\/prodotto\/396895\/#primaryimage"},"thumbnailUrl":"https:\/\/igmi.esercito.difesa.it\/wp-content\/uploads\/B0010548.jpg","datePublished":"2025-06-28T08:57:13+00:00","dateModified":"2026-04-09T21:05:22+00:00","breadcrumb":{"@id":"https:\/\/igmi.esercito.difesa.it\/en\/prodotto\/396895\/#breadcrumb"},"inLanguage":"en-US","potentialAction":[{"@type":"ReadAction","target":["https:\/\/igmi.esercito.difesa.it\/en\/prodotto\/396895\/"]}]},{"@type":"ImageObject","inLanguage":"en-US","@id":"https:\/\/igmi.esercito.difesa.it\/en\/prodotto\/396895\/#primaryimage","url":"https:\/\/igmi.esercito.difesa.it\/wp-content\/uploads\/B0010548.jpg","contentUrl":"https:\/\/igmi.esercito.difesa.it\/wp-content\/uploads\/B0010548.jpg","width":1000,"height":1152},{"@type":"BreadcrumbList","@id":"https:\/\/igmi.esercito.difesa.it\/en\/prodotto\/396895\/#breadcrumb","itemListElement":[{"@type":"ListItem","position":1,"name":"Home","item":"https:\/\/igmi.esercito.difesa.it\/en\/homepage\/"},{"@type":"ListItem","position":2,"name":"Products","item":"https:\/\/igmi.esercito.difesa.it\/en\/shop\/"},{"@type":"ListItem","position":3,"name":"CARTA DIMOSTRATIVA DELLA COLONIA ERITREA E REGIONI ADIACENTI &#8211; BAIA D&#8217;ANFILE&#8217;"}]},{"@type":"WebSite","@id":"https:\/\/igmi.esercito.difesa.it\/en\/#website","url":"https:\/\/igmi.esercito.difesa.it\/en\/","name":"Istituto Geografico Militare","description":"Ente cartografico dello stato","publisher":{"@id":"https:\/\/igmi.esercito.difesa.it\/en\/#organization"},"potentialAction":[{"@type":"SearchAction","target":{"@type":"EntryPoint","urlTemplate":"https:\/\/igmi.esercito.difesa.it\/en\/?s={search_term_string}"},"query-input":{"@type":"PropertyValueSpecification","valueRequired":true,"valueName":"search_term_string"}}],"inLanguage":"en-US"},{"@type":"Organization","@id":"https:\/\/igmi.esercito.difesa.it\/en\/#organization","name":"Istituto Geografico Militare","url":"https:\/\/igmi.esercito.difesa.it\/en\/","logo":{"@type":"ImageObject","inLanguage":"en-US","@id":"https:\/\/igmi.esercito.difesa.it\/en\/#\/schema\/logo\/image\/","url":"https:\/\/igmi.esercito.difesa.it\/wp-content\/uploads\/2025\/04\/Logo-igm.webp","contentUrl":"https:\/\/igmi.esercito.difesa.it\/wp-content\/uploads\/2025\/04\/Logo-igm.webp","width":1320,"height":1696,"caption":"Istituto Geografico Militare"},"image":{"@id":"https:\/\/igmi.esercito.difesa.it\/en\/#\/schema\/logo\/image\/"}}]}},"_links":{"self":[{"href":"https:\/\/igmi.esercito.difesa.it\/en\/wp-json\/wp\/v2\/product\/377933","targetHints":{"allow":["GET"]}}],"collection":[{"href":"https:\/\/igmi.esercito.difesa.it\/en\/wp-json\/wp\/v2\/product"}],"about":[{"href":"https:\/\/igmi.esercito.difesa.it\/en\/wp-json\/wp\/v2\/types\/product"}],"wp:featuredmedia":[{"embeddable":true,"href":"https:\/\/igmi.esercito.difesa.it\/en\/wp-json\/wp\/v2\/media\/745313"}],"wp:attachment":[{"href":"https:\/\/igmi.esercito.difesa.it\/en\/wp-json\/wp\/v2\/media?parent=377933"}],"wp:term":[{"taxonomy":"product_brand","embeddable":true,"href":"https:\/\/igmi.esercito.difesa.it\/en\/wp-json\/wp\/v2\/product_brand?post=377933"},{"taxonomy":"product_cat","embeddable":true,"href":"https:\/\/igmi.esercito.difesa.it\/en\/wp-json\/wp\/v2\/product_cat?post=377933"},{"taxonomy":"product_tag","embeddable":true,"href":"https:\/\/igmi.esercito.difesa.it\/en\/wp-json\/wp\/v2\/product_tag?post=377933"}],"curies":[{"name":"wp","href":"https:\/\/api.w.org\/{rel}","templated":true}]}}