{"id":378188,"date":"2025-06-28T11:15:07","date_gmt":"2025-06-28T09:15:07","guid":{"rendered":"https:\/\/igmi.esercito.difesa.it\/prodotto\/396983\/"},"modified":"2026-04-09T23:13:59","modified_gmt":"2026-04-09T21:13:59","slug":"396983","status":"publish","type":"product","link":"https:\/\/igmi.esercito.difesa.it\/en\/prodotto\/396983\/","title":{"rendered":"CARTA DIMOSTRATIVA DELL&#8217;ETIOPIA &#8211; ANTOTTO"},"content":{"rendered":"<p>COMPILATA DAL CAPITANO DI STATO MAGGIORE E. DE CHAURAND. COMANDO DEL CORPO DI STATO MAGGIORE. Le disposizioni per la compilazione di questa, che si voleva coordinasse in una rappresentaziione grafica la maggior quantit\u00e0 di documenti, itinerari, rilievi degli esploratori dell&#8217;Etiopia allora esistenti, venivano prese nel 1888. L&#8217;incarico della raccolta del materiale veniva affidato al Generale Dal Verme che fece riunire tutti i documenti esistenti originali, editi e inediti, tra i quali si annoverano rilievi e memorie di Stati Maggiori egiziano e inglese, del 1868 e del D&#8217;Abbadie.<br \/>\nAlla compilazione della fu posto mano nel 1889 dal Cap. di Stato Maggiore E. De Chaurannd. La carta si etende dal 35\u00b0 al 47\u00b0 meridiano est di Greenwich e dal 7\u00b0 al 19\u00b0 parallelo nord. Essa comprende perci\u00f2 l&#8217;allora ritenuto territorio etiopico e quello che presubilmente avrebbe potuto risultare nella sfera d&#8217;influenza italiana. Entro questi limiti la carta comprendeva 6 fogli; in seguito furono aggiunti altri due mezzi fogli a quelli meridionali per comprendervi la delimitazione convenuta nei protocolli del 24 marzo e 15 aprile 1891 e la carta fu estesa cos\u00ec al 5\u00b0 parallelo. Per la riproduzione fu adottato il sistema fotolitografico.<br \/>\nL&#8217;originale della carta fu composto al 750.000. La proiezione comporta paralleli e meridiano medio rettificati; sopra paralleli furono riportati i gradi di longitudine in proporzione. Fu dapprima tracciata la planimetria; su gli originali planimetrici al 750.000 riprodotti in celeste pallido, fu poi rappresentata l&#8217;altimetria con curve di livello all&#8217;equidistanza di 500 metri, pi\u00f9 particolareggiate nei luoghi conosciuti, pi\u00f9 distese nei punti meno noti. La carta \u00e8 quindi pubblicata in due forme: 1) per la sola planimetria comprendente i segni delle localit\u00e0 dei culmini delle montagne, i nomi, l&#8217;idrografia, la retre stradale. Colori usati sono il nero per le scritture, l&#8217;azzurro per l&#8217;idrografia, il rosso per le strade; 2) per la sola altimetria con curve di livello in bistro, alle quali si un\u00ec il tracciato delle vie carovaniere pi\u00f9 importanti e degli itinerari pi\u00f9 noti. La rappreentazione non \u00e8 risultata uniforme nei singoli fogli dipendendo essa dalla disponibilit\u00e0 dei documenti. La grafia \u00e8 in italiano. Alla carta va unito un elenco generale alfabetico dei nomi contenuti.<br \/>\nLa carta risult\u00f2 sufficientemente esatta e come rappresentazione generale \u00e8 notevolmente interessante. Nel 1906 l&#8217;I.G.M. attendeva alla preparazione di una nuova edizione che comprendesse altimetria e planimetria limitata a sud al 8\u00b0 parallelo con aggiuntovi il disegno della costa di Aden e di quanto si conosceva del distretto di Sana.<\/p>\n","protected":false},"excerpt":{"rendered":"<p>COMPILATA DAL CAPITANO DI STATO MAGGIORE E. DE CHAURAND. COMANDO DEL CORPO DI STATO MAGGIORE. Le disposizioni per la compilazione di questa, che si voleva coordinasse in una rappresentaziione grafica la maggior quantit\u00e0 di documenti, itinerari, rilievi degli esploratori dell&#8217;Etiopia allora esistenti, venivano prese nel 1888. L&#8217;incarico della raccolta del materiale veniva affidato al Generale [&hellip;]<\/p>\n","protected":false},"featured_media":746665,"template":"","meta":{"_acf_changed":false},"product_brand":[],"product_cat":[191,447],"product_tag":[334],"class_list":{"0":"post-378188","1":"product","2":"type-product","3":"status-publish","4":"has-post-thumbnail","6":"product_cat-carte-antiche","7":"product_cat-tecnica_risoluzione_carta_antica","8":"product_tag-carta-antica","10":"first","11":"instock","12":"downloadable","13":"virtual","14":"sold-individually","15":"taxable","16":"purchasable","17":"product-type-simple"},"acf":[],"yoast_head":"<!-- This site is optimized with the Yoast SEO plugin v26.4 - https:\/\/yoast.com\/wordpress\/plugins\/seo\/ -->\n<title>CARTA DIMOSTRATIVA DELL&#039;ETIOPIA - ANTOTTO - Istituto Geografico Militare<\/title>\n<meta name=\"robots\" content=\"index, follow, max-snippet:-1, max-image-preview:large, max-video-preview:-1\" \/>\n<link rel=\"canonical\" href=\"https:\/\/igmi.esercito.difesa.it\/en\/prodotto\/396983\/\" \/>\n<meta property=\"og:locale\" content=\"en_US\" \/>\n<meta property=\"og:type\" content=\"article\" \/>\n<meta property=\"og:title\" content=\"CARTA DIMOSTRATIVA DELL&#039;ETIOPIA - ANTOTTO - Istituto Geografico Militare\" \/>\n<meta property=\"og:description\" content=\"COMPILATA DAL CAPITANO DI STATO MAGGIORE E. DE CHAURAND. COMANDO DEL CORPO DI STATO MAGGIORE. Le disposizioni per la compilazione di questa, che si voleva coordinasse in una rappresentaziione grafica la maggior quantit\u00e0 di documenti, itinerari, rilievi degli esploratori dell&#8217;Etiopia allora esistenti, venivano prese nel 1888. L&#8217;incarico della raccolta del materiale veniva affidato al Generale [&hellip;]\" \/>\n<meta property=\"og:url\" content=\"https:\/\/igmi.esercito.difesa.it\/en\/prodotto\/396983\/\" \/>\n<meta property=\"og:site_name\" content=\"Istituto Geografico Militare\" \/>\n<meta property=\"article:modified_time\" content=\"2026-04-09T21:13:59+00:00\" \/>\n<meta property=\"og:image\" content=\"https:\/\/igmi.esercito.difesa.it\/wp-content\/uploads\/B0010657.jpg\" \/>\n\t<meta property=\"og:image:width\" content=\"1000\" \/>\n\t<meta property=\"og:image:height\" content=\"754\" \/>\n\t<meta property=\"og:image:type\" content=\"image\/jpeg\" \/>\n<meta name=\"twitter:card\" content=\"summary_large_image\" \/>\n<meta name=\"twitter:label1\" content=\"Est. reading time\" \/>\n\t<meta name=\"twitter:data1\" content=\"2 minutes\" \/>\n<script type=\"application\/ld+json\" class=\"yoast-schema-graph\">{\"@context\":\"https:\/\/schema.org\",\"@graph\":[{\"@type\":\"WebPage\",\"@id\":\"https:\/\/igmi.esercito.difesa.it\/en\/prodotto\/396983\/\",\"url\":\"https:\/\/igmi.esercito.difesa.it\/en\/prodotto\/396983\/\",\"name\":\"CARTA DIMOSTRATIVA DELL'ETIOPIA - ANTOTTO - Istituto Geografico Militare\",\"isPartOf\":{\"@id\":\"https:\/\/igmi.esercito.difesa.it\/en\/#website\"},\"primaryImageOfPage\":{\"@id\":\"https:\/\/igmi.esercito.difesa.it\/en\/prodotto\/396983\/#primaryimage\"},\"image\":{\"@id\":\"https:\/\/igmi.esercito.difesa.it\/en\/prodotto\/396983\/#primaryimage\"},\"thumbnailUrl\":\"https:\/\/igmi.esercito.difesa.it\/wp-content\/uploads\/B0010657.jpg\",\"datePublished\":\"2025-06-28T09:15:07+00:00\",\"dateModified\":\"2026-04-09T21:13:59+00:00\",\"breadcrumb\":{\"@id\":\"https:\/\/igmi.esercito.difesa.it\/en\/prodotto\/396983\/#breadcrumb\"},\"inLanguage\":\"en-US\",\"potentialAction\":[{\"@type\":\"ReadAction\",\"target\":[\"https:\/\/igmi.esercito.difesa.it\/en\/prodotto\/396983\/\"]}]},{\"@type\":\"ImageObject\",\"inLanguage\":\"en-US\",\"@id\":\"https:\/\/igmi.esercito.difesa.it\/en\/prodotto\/396983\/#primaryimage\",\"url\":\"https:\/\/igmi.esercito.difesa.it\/wp-content\/uploads\/B0010657.jpg\",\"contentUrl\":\"https:\/\/igmi.esercito.difesa.it\/wp-content\/uploads\/B0010657.jpg\",\"width\":1000,\"height\":754},{\"@type\":\"BreadcrumbList\",\"@id\":\"https:\/\/igmi.esercito.difesa.it\/en\/prodotto\/396983\/#breadcrumb\",\"itemListElement\":[{\"@type\":\"ListItem\",\"position\":1,\"name\":\"Home\",\"item\":\"https:\/\/igmi.esercito.difesa.it\/en\/homepage\/\"},{\"@type\":\"ListItem\",\"position\":2,\"name\":\"Products\",\"item\":\"https:\/\/igmi.esercito.difesa.it\/en\/shop\/\"},{\"@type\":\"ListItem\",\"position\":3,\"name\":\"CARTA DIMOSTRATIVA DELL&#8217;ETIOPIA &#8211; ANTOTTO\"}]},{\"@type\":\"WebSite\",\"@id\":\"https:\/\/igmi.esercito.difesa.it\/en\/#website\",\"url\":\"https:\/\/igmi.esercito.difesa.it\/en\/\",\"name\":\"Istituto Geografico Militare\",\"description\":\"Ente cartografico dello stato\",\"publisher\":{\"@id\":\"https:\/\/igmi.esercito.difesa.it\/en\/#organization\"},\"potentialAction\":[{\"@type\":\"SearchAction\",\"target\":{\"@type\":\"EntryPoint\",\"urlTemplate\":\"https:\/\/igmi.esercito.difesa.it\/en\/?s={search_term_string}\"},\"query-input\":{\"@type\":\"PropertyValueSpecification\",\"valueRequired\":true,\"valueName\":\"search_term_string\"}}],\"inLanguage\":\"en-US\"},{\"@type\":\"Organization\",\"@id\":\"https:\/\/igmi.esercito.difesa.it\/en\/#organization\",\"name\":\"Istituto Geografico Militare\",\"url\":\"https:\/\/igmi.esercito.difesa.it\/en\/\",\"logo\":{\"@type\":\"ImageObject\",\"inLanguage\":\"en-US\",\"@id\":\"https:\/\/igmi.esercito.difesa.it\/en\/#\/schema\/logo\/image\/\",\"url\":\"https:\/\/igmi.esercito.difesa.it\/wp-content\/uploads\/2025\/04\/Logo-igm.webp\",\"contentUrl\":\"https:\/\/igmi.esercito.difesa.it\/wp-content\/uploads\/2025\/04\/Logo-igm.webp\",\"width\":1320,\"height\":1696,\"caption\":\"Istituto Geografico Militare\"},\"image\":{\"@id\":\"https:\/\/igmi.esercito.difesa.it\/en\/#\/schema\/logo\/image\/\"}}]}<\/script>\n<!-- \/ Yoast SEO plugin. -->","yoast_head_json":{"title":"CARTA DIMOSTRATIVA DELL'ETIOPIA - ANTOTTO - Istituto Geografico Militare","robots":{"index":"index","follow":"follow","max-snippet":"max-snippet:-1","max-image-preview":"max-image-preview:large","max-video-preview":"max-video-preview:-1"},"canonical":"https:\/\/igmi.esercito.difesa.it\/en\/prodotto\/396983\/","og_locale":"en_US","og_type":"article","og_title":"CARTA DIMOSTRATIVA DELL'ETIOPIA - ANTOTTO - Istituto Geografico Militare","og_description":"COMPILATA DAL CAPITANO DI STATO MAGGIORE E. DE CHAURAND. COMANDO DEL CORPO DI STATO MAGGIORE. Le disposizioni per la compilazione di questa, che si voleva coordinasse in una rappresentaziione grafica la maggior quantit\u00e0 di documenti, itinerari, rilievi degli esploratori dell&#8217;Etiopia allora esistenti, venivano prese nel 1888. L&#8217;incarico della raccolta del materiale veniva affidato al Generale [&hellip;]","og_url":"https:\/\/igmi.esercito.difesa.it\/en\/prodotto\/396983\/","og_site_name":"Istituto Geografico Militare","article_modified_time":"2026-04-09T21:13:59+00:00","og_image":[{"width":1000,"height":754,"url":"https:\/\/igmi.esercito.difesa.it\/wp-content\/uploads\/B0010657.jpg","type":"image\/jpeg"}],"twitter_card":"summary_large_image","twitter_misc":{"Est. reading time":"2 minutes"},"schema":{"@context":"https:\/\/schema.org","@graph":[{"@type":"WebPage","@id":"https:\/\/igmi.esercito.difesa.it\/en\/prodotto\/396983\/","url":"https:\/\/igmi.esercito.difesa.it\/en\/prodotto\/396983\/","name":"CARTA DIMOSTRATIVA DELL'ETIOPIA - ANTOTTO - Istituto Geografico Militare","isPartOf":{"@id":"https:\/\/igmi.esercito.difesa.it\/en\/#website"},"primaryImageOfPage":{"@id":"https:\/\/igmi.esercito.difesa.it\/en\/prodotto\/396983\/#primaryimage"},"image":{"@id":"https:\/\/igmi.esercito.difesa.it\/en\/prodotto\/396983\/#primaryimage"},"thumbnailUrl":"https:\/\/igmi.esercito.difesa.it\/wp-content\/uploads\/B0010657.jpg","datePublished":"2025-06-28T09:15:07+00:00","dateModified":"2026-04-09T21:13:59+00:00","breadcrumb":{"@id":"https:\/\/igmi.esercito.difesa.it\/en\/prodotto\/396983\/#breadcrumb"},"inLanguage":"en-US","potentialAction":[{"@type":"ReadAction","target":["https:\/\/igmi.esercito.difesa.it\/en\/prodotto\/396983\/"]}]},{"@type":"ImageObject","inLanguage":"en-US","@id":"https:\/\/igmi.esercito.difesa.it\/en\/prodotto\/396983\/#primaryimage","url":"https:\/\/igmi.esercito.difesa.it\/wp-content\/uploads\/B0010657.jpg","contentUrl":"https:\/\/igmi.esercito.difesa.it\/wp-content\/uploads\/B0010657.jpg","width":1000,"height":754},{"@type":"BreadcrumbList","@id":"https:\/\/igmi.esercito.difesa.it\/en\/prodotto\/396983\/#breadcrumb","itemListElement":[{"@type":"ListItem","position":1,"name":"Home","item":"https:\/\/igmi.esercito.difesa.it\/en\/homepage\/"},{"@type":"ListItem","position":2,"name":"Products","item":"https:\/\/igmi.esercito.difesa.it\/en\/shop\/"},{"@type":"ListItem","position":3,"name":"CARTA DIMOSTRATIVA DELL&#8217;ETIOPIA &#8211; ANTOTTO"}]},{"@type":"WebSite","@id":"https:\/\/igmi.esercito.difesa.it\/en\/#website","url":"https:\/\/igmi.esercito.difesa.it\/en\/","name":"Istituto Geografico Militare","description":"Ente cartografico dello stato","publisher":{"@id":"https:\/\/igmi.esercito.difesa.it\/en\/#organization"},"potentialAction":[{"@type":"SearchAction","target":{"@type":"EntryPoint","urlTemplate":"https:\/\/igmi.esercito.difesa.it\/en\/?s={search_term_string}"},"query-input":{"@type":"PropertyValueSpecification","valueRequired":true,"valueName":"search_term_string"}}],"inLanguage":"en-US"},{"@type":"Organization","@id":"https:\/\/igmi.esercito.difesa.it\/en\/#organization","name":"Istituto Geografico Militare","url":"https:\/\/igmi.esercito.difesa.it\/en\/","logo":{"@type":"ImageObject","inLanguage":"en-US","@id":"https:\/\/igmi.esercito.difesa.it\/en\/#\/schema\/logo\/image\/","url":"https:\/\/igmi.esercito.difesa.it\/wp-content\/uploads\/2025\/04\/Logo-igm.webp","contentUrl":"https:\/\/igmi.esercito.difesa.it\/wp-content\/uploads\/2025\/04\/Logo-igm.webp","width":1320,"height":1696,"caption":"Istituto Geografico Militare"},"image":{"@id":"https:\/\/igmi.esercito.difesa.it\/en\/#\/schema\/logo\/image\/"}}]}},"_links":{"self":[{"href":"https:\/\/igmi.esercito.difesa.it\/en\/wp-json\/wp\/v2\/product\/378188","targetHints":{"allow":["GET"]}}],"collection":[{"href":"https:\/\/igmi.esercito.difesa.it\/en\/wp-json\/wp\/v2\/product"}],"about":[{"href":"https:\/\/igmi.esercito.difesa.it\/en\/wp-json\/wp\/v2\/types\/product"}],"wp:featuredmedia":[{"embeddable":true,"href":"https:\/\/igmi.esercito.difesa.it\/en\/wp-json\/wp\/v2\/media\/746665"}],"wp:attachment":[{"href":"https:\/\/igmi.esercito.difesa.it\/en\/wp-json\/wp\/v2\/media?parent=378188"}],"wp:term":[{"taxonomy":"product_brand","embeddable":true,"href":"https:\/\/igmi.esercito.difesa.it\/en\/wp-json\/wp\/v2\/product_brand?post=378188"},{"taxonomy":"product_cat","embeddable":true,"href":"https:\/\/igmi.esercito.difesa.it\/en\/wp-json\/wp\/v2\/product_cat?post=378188"},{"taxonomy":"product_tag","embeddable":true,"href":"https:\/\/igmi.esercito.difesa.it\/en\/wp-json\/wp\/v2\/product_tag?post=378188"}],"curies":[{"name":"wp","href":"https:\/\/api.w.org\/{rel}","templated":true}]}}