{"id":378807,"date":"2025-06-28T12:00:32","date_gmt":"2025-06-28T10:00:32","guid":{"rendered":"https:\/\/igmi.esercito.difesa.it\/prodotto\/397215\/"},"modified":"2026-04-09T23:33:35","modified_gmt":"2026-04-09T21:33:35","slug":"397215","status":"publish","type":"product","link":"https:\/\/igmi.esercito.difesa.it\/en\/prodotto\/397215\/","title":{"rendered":"CARTA DELLE PROVINCE NAPOLITANE&#8230; &#8211; Foglio XIX"},"content":{"rendered":"<p>&#8230;IN FOGLI 25 FOTOINCISA COL PROCEDIMENTO DEL GENERALE AVET ALLA SCALA DI 1:250.000 PUBBLICATA DALL&#8217;ISTITUTO TOPOGRAFICO MILITARE, 1874.<br \/>\nBella, pregevolissima carta. E&#8217; in 25 fogli oltre il foglio titolo. Su di questo sono dati i seguenti &#8221; Cenni sulla costruzione della Carta &#8221; : &#8220;Questa carta corografica \u00e8 tratta da una topografica disegnata a mano alla scala di 1: 103.680, che si trovava negli Archivi dell &#8216; ex- Ufficio Topografico di Napoli e che era dovuta allo Stato Maggiore Austriaco. Essa fu eseguita durante l &#8216; occupazione di quel Regno dal 1821 al 1824, e ne fu fondamento la nota carta del Rizzi-Zannoni, di cui la Carta Austriaca \u00e8 per cos\u00ec dire una trasformazione. Difatti la planimetria fu poco o punto modificata; ma si dette un maggior rilievo all &#8216; orografia, sostituendo, previe ricognizioni sul terreno, il metodo del tratteggio a luce zenitale, a quello della prospettiva cavaliera col quale sono rappresentate le alture nelle Carte del Zannoni. Non \u00e8 certamente, n\u00e9 pu\u00f2 essere un lavoro di grande esattezza geometrica, come quello che non dipende da rilievi regolari e molto meno da coordinazione di questi ad una rete di punti geodetici. Nonostante il Comitato dello Stato Maggiore cred\u00e8<br \/>\ndi rendere un servizio alle varie Amministrazioni dello Stato ed al pubblico, deliberando, sin dall &#8216; anno 1868, di utilizzarla (in via transitoria e intanto che si compivano i rilievi regolari nelle provincie meridionali) con lo scopo di somministrare una guida sufficiente al militare, al geografo ed al viaggiatore. La carta fu riconosciuta sul terreno negli anni 1868-1869 onde completarvi il sistema delle strade rotabili a fondo manufatto. Di poi si oper\u00f2 il disegno dei vari fogli alla scala di 1: 250.000, che fu adottata per la pubblicazione. Cos\u00ec ridotta essa consta di 25 fogli. La riproduzione ne fu eseguita con il sistema di fotoincisione del Maggior Generale Conte Avet &#8220;. (vedi: N. 39 d&#8217;Ordine, Cart. d&#8217;Arch. N\u00b0 71 &#8211; Docum. N\u00b0 9021 &#8211; Files A0001415-1491, e N. 61 d&#8217; Ordine, Cart. d &#8216;Arch. N\u00b0 72 Docum. N\u00b0 9022 &#8211; Files A0001537-1594).<br \/>\nAlla carta \u00e8 unito un quadro di unione. Due copie, una delle quali incompleta e l&#8217;altra, completa, riveduta dal 1882-1884.<br \/>\nLa carta completa si trova in biblioteca \u00e8 montata su tela a stacchi; n. di inventario generale 50, schedario carte generali Italia.<br \/>\nIn archivio (Cart. d&#8217;Arch. N. 90 &#8211; Docum. n. 26 &#8211; Files A0002825-2844) si trova la copia parziale delle carte (mancano i seguenti fogli: 9, 13, 15, 16, 17, 20, 25) non \u00e8 montata su tela.<\/p>\n","protected":false},"excerpt":{"rendered":"<p>&#8230;IN FOGLI 25 FOTOINCISA COL PROCEDIMENTO DEL GENERALE AVET ALLA SCALA DI 1:250.000 PUBBLICATA DALL&#8217;ISTITUTO TOPOGRAFICO MILITARE, 1874. Bella, pregevolissima carta. E&#8217; in 25 fogli oltre il foglio titolo. Su di questo sono dati i seguenti &#8221; Cenni sulla costruzione della Carta &#8221; : &#8220;Questa carta corografica \u00e8 tratta da una topografica disegnata a mano [&hellip;]<\/p>\n","protected":false},"featured_media":748947,"template":"","meta":{"_acf_changed":false},"product_brand":[],"product_cat":[191,447],"product_tag":[334],"class_list":{"0":"post-378807","1":"product","2":"type-product","3":"status-publish","4":"has-post-thumbnail","6":"product_cat-carte-antiche","7":"product_cat-tecnica_risoluzione_carta_antica","8":"product_tag-carta-antica","10":"first","11":"instock","12":"downloadable","13":"virtual","14":"sold-individually","15":"taxable","16":"purchasable","17":"product-type-simple"},"acf":[],"yoast_head":"<!-- This site is optimized with the Yoast SEO plugin v26.4 - https:\/\/yoast.com\/wordpress\/plugins\/seo\/ -->\n<title>CARTA DELLE PROVINCE NAPOLITANE... - Foglio XIX - Istituto Geografico Militare<\/title>\n<meta name=\"robots\" content=\"index, follow, max-snippet:-1, max-image-preview:large, max-video-preview:-1\" \/>\n<link rel=\"canonical\" href=\"https:\/\/igmi.esercito.difesa.it\/en\/prodotto\/397215\/\" \/>\n<meta property=\"og:locale\" content=\"en_US\" \/>\n<meta property=\"og:type\" content=\"article\" \/>\n<meta property=\"og:title\" content=\"CARTA DELLE PROVINCE NAPOLITANE... - Foglio XIX - Istituto Geografico Militare\" \/>\n<meta property=\"og:description\" content=\"&#8230;IN FOGLI 25 FOTOINCISA COL PROCEDIMENTO DEL GENERALE AVET ALLA SCALA DI 1:250.000 PUBBLICATA DALL&#8217;ISTITUTO TOPOGRAFICO MILITARE, 1874. Bella, pregevolissima carta. E&#8217; in 25 fogli oltre il foglio titolo. Su di questo sono dati i seguenti &#8221; Cenni sulla costruzione della Carta &#8221; : &#8220;Questa carta corografica \u00e8 tratta da una topografica disegnata a mano [&hellip;]\" \/>\n<meta property=\"og:url\" content=\"https:\/\/igmi.esercito.difesa.it\/en\/prodotto\/397215\/\" \/>\n<meta property=\"og:site_name\" content=\"Istituto Geografico Militare\" \/>\n<meta property=\"article:modified_time\" content=\"2026-04-09T21:33:35+00:00\" \/>\n<meta property=\"og:image\" content=\"https:\/\/igmi.esercito.difesa.it\/wp-content\/uploads\/B0002018.jpg\" \/>\n\t<meta property=\"og:image:width\" content=\"1000\" \/>\n\t<meta property=\"og:image:height\" content=\"808\" \/>\n\t<meta property=\"og:image:type\" content=\"image\/jpeg\" \/>\n<meta name=\"twitter:card\" content=\"summary_large_image\" \/>\n<meta name=\"twitter:label1\" content=\"Est. reading time\" \/>\n\t<meta name=\"twitter:data1\" content=\"2 minutes\" \/>\n<script type=\"application\/ld+json\" class=\"yoast-schema-graph\">{\"@context\":\"https:\/\/schema.org\",\"@graph\":[{\"@type\":\"WebPage\",\"@id\":\"https:\/\/igmi.esercito.difesa.it\/en\/prodotto\/397215\/\",\"url\":\"https:\/\/igmi.esercito.difesa.it\/en\/prodotto\/397215\/\",\"name\":\"CARTA DELLE PROVINCE NAPOLITANE... - Foglio XIX - Istituto Geografico Militare\",\"isPartOf\":{\"@id\":\"https:\/\/igmi.esercito.difesa.it\/en\/#website\"},\"primaryImageOfPage\":{\"@id\":\"https:\/\/igmi.esercito.difesa.it\/en\/prodotto\/397215\/#primaryimage\"},\"image\":{\"@id\":\"https:\/\/igmi.esercito.difesa.it\/en\/prodotto\/397215\/#primaryimage\"},\"thumbnailUrl\":\"https:\/\/igmi.esercito.difesa.it\/wp-content\/uploads\/B0002018.jpg\",\"datePublished\":\"2025-06-28T10:00:32+00:00\",\"dateModified\":\"2026-04-09T21:33:35+00:00\",\"breadcrumb\":{\"@id\":\"https:\/\/igmi.esercito.difesa.it\/en\/prodotto\/397215\/#breadcrumb\"},\"inLanguage\":\"en-US\",\"potentialAction\":[{\"@type\":\"ReadAction\",\"target\":[\"https:\/\/igmi.esercito.difesa.it\/en\/prodotto\/397215\/\"]}]},{\"@type\":\"ImageObject\",\"inLanguage\":\"en-US\",\"@id\":\"https:\/\/igmi.esercito.difesa.it\/en\/prodotto\/397215\/#primaryimage\",\"url\":\"https:\/\/igmi.esercito.difesa.it\/wp-content\/uploads\/B0002018.jpg\",\"contentUrl\":\"https:\/\/igmi.esercito.difesa.it\/wp-content\/uploads\/B0002018.jpg\",\"width\":1000,\"height\":808},{\"@type\":\"BreadcrumbList\",\"@id\":\"https:\/\/igmi.esercito.difesa.it\/en\/prodotto\/397215\/#breadcrumb\",\"itemListElement\":[{\"@type\":\"ListItem\",\"position\":1,\"name\":\"Home\",\"item\":\"https:\/\/igmi.esercito.difesa.it\/en\/homepage\/\"},{\"@type\":\"ListItem\",\"position\":2,\"name\":\"Products\",\"item\":\"https:\/\/igmi.esercito.difesa.it\/en\/shop\/\"},{\"@type\":\"ListItem\",\"position\":3,\"name\":\"CARTA DELLE PROVINCE NAPOLITANE&#8230; &#8211; Foglio XIX\"}]},{\"@type\":\"WebSite\",\"@id\":\"https:\/\/igmi.esercito.difesa.it\/en\/#website\",\"url\":\"https:\/\/igmi.esercito.difesa.it\/en\/\",\"name\":\"Istituto Geografico Militare\",\"description\":\"Ente cartografico dello stato\",\"publisher\":{\"@id\":\"https:\/\/igmi.esercito.difesa.it\/en\/#organization\"},\"potentialAction\":[{\"@type\":\"SearchAction\",\"target\":{\"@type\":\"EntryPoint\",\"urlTemplate\":\"https:\/\/igmi.esercito.difesa.it\/en\/?s={search_term_string}\"},\"query-input\":{\"@type\":\"PropertyValueSpecification\",\"valueRequired\":true,\"valueName\":\"search_term_string\"}}],\"inLanguage\":\"en-US\"},{\"@type\":\"Organization\",\"@id\":\"https:\/\/igmi.esercito.difesa.it\/en\/#organization\",\"name\":\"Istituto Geografico Militare\",\"url\":\"https:\/\/igmi.esercito.difesa.it\/en\/\",\"logo\":{\"@type\":\"ImageObject\",\"inLanguage\":\"en-US\",\"@id\":\"https:\/\/igmi.esercito.difesa.it\/en\/#\/schema\/logo\/image\/\",\"url\":\"https:\/\/igmi.esercito.difesa.it\/wp-content\/uploads\/2025\/04\/Logo-igm.webp\",\"contentUrl\":\"https:\/\/igmi.esercito.difesa.it\/wp-content\/uploads\/2025\/04\/Logo-igm.webp\",\"width\":1320,\"height\":1696,\"caption\":\"Istituto Geografico Militare\"},\"image\":{\"@id\":\"https:\/\/igmi.esercito.difesa.it\/en\/#\/schema\/logo\/image\/\"}}]}<\/script>\n<!-- \/ Yoast SEO plugin. -->","yoast_head_json":{"title":"CARTA DELLE PROVINCE NAPOLITANE... - Foglio XIX - Istituto Geografico Militare","robots":{"index":"index","follow":"follow","max-snippet":"max-snippet:-1","max-image-preview":"max-image-preview:large","max-video-preview":"max-video-preview:-1"},"canonical":"https:\/\/igmi.esercito.difesa.it\/en\/prodotto\/397215\/","og_locale":"en_US","og_type":"article","og_title":"CARTA DELLE PROVINCE NAPOLITANE... - Foglio XIX - Istituto Geografico Militare","og_description":"&#8230;IN FOGLI 25 FOTOINCISA COL PROCEDIMENTO DEL GENERALE AVET ALLA SCALA DI 1:250.000 PUBBLICATA DALL&#8217;ISTITUTO TOPOGRAFICO MILITARE, 1874. Bella, pregevolissima carta. E&#8217; in 25 fogli oltre il foglio titolo. Su di questo sono dati i seguenti &#8221; Cenni sulla costruzione della Carta &#8221; : &#8220;Questa carta corografica \u00e8 tratta da una topografica disegnata a mano [&hellip;]","og_url":"https:\/\/igmi.esercito.difesa.it\/en\/prodotto\/397215\/","og_site_name":"Istituto Geografico Militare","article_modified_time":"2026-04-09T21:33:35+00:00","og_image":[{"width":1000,"height":808,"url":"https:\/\/igmi.esercito.difesa.it\/wp-content\/uploads\/B0002018.jpg","type":"image\/jpeg"}],"twitter_card":"summary_large_image","twitter_misc":{"Est. reading time":"2 minutes"},"schema":{"@context":"https:\/\/schema.org","@graph":[{"@type":"WebPage","@id":"https:\/\/igmi.esercito.difesa.it\/en\/prodotto\/397215\/","url":"https:\/\/igmi.esercito.difesa.it\/en\/prodotto\/397215\/","name":"CARTA DELLE PROVINCE NAPOLITANE... - Foglio XIX - Istituto Geografico Militare","isPartOf":{"@id":"https:\/\/igmi.esercito.difesa.it\/en\/#website"},"primaryImageOfPage":{"@id":"https:\/\/igmi.esercito.difesa.it\/en\/prodotto\/397215\/#primaryimage"},"image":{"@id":"https:\/\/igmi.esercito.difesa.it\/en\/prodotto\/397215\/#primaryimage"},"thumbnailUrl":"https:\/\/igmi.esercito.difesa.it\/wp-content\/uploads\/B0002018.jpg","datePublished":"2025-06-28T10:00:32+00:00","dateModified":"2026-04-09T21:33:35+00:00","breadcrumb":{"@id":"https:\/\/igmi.esercito.difesa.it\/en\/prodotto\/397215\/#breadcrumb"},"inLanguage":"en-US","potentialAction":[{"@type":"ReadAction","target":["https:\/\/igmi.esercito.difesa.it\/en\/prodotto\/397215\/"]}]},{"@type":"ImageObject","inLanguage":"en-US","@id":"https:\/\/igmi.esercito.difesa.it\/en\/prodotto\/397215\/#primaryimage","url":"https:\/\/igmi.esercito.difesa.it\/wp-content\/uploads\/B0002018.jpg","contentUrl":"https:\/\/igmi.esercito.difesa.it\/wp-content\/uploads\/B0002018.jpg","width":1000,"height":808},{"@type":"BreadcrumbList","@id":"https:\/\/igmi.esercito.difesa.it\/en\/prodotto\/397215\/#breadcrumb","itemListElement":[{"@type":"ListItem","position":1,"name":"Home","item":"https:\/\/igmi.esercito.difesa.it\/en\/homepage\/"},{"@type":"ListItem","position":2,"name":"Products","item":"https:\/\/igmi.esercito.difesa.it\/en\/shop\/"},{"@type":"ListItem","position":3,"name":"CARTA DELLE PROVINCE NAPOLITANE&#8230; &#8211; Foglio XIX"}]},{"@type":"WebSite","@id":"https:\/\/igmi.esercito.difesa.it\/en\/#website","url":"https:\/\/igmi.esercito.difesa.it\/en\/","name":"Istituto Geografico Militare","description":"Ente cartografico dello stato","publisher":{"@id":"https:\/\/igmi.esercito.difesa.it\/en\/#organization"},"potentialAction":[{"@type":"SearchAction","target":{"@type":"EntryPoint","urlTemplate":"https:\/\/igmi.esercito.difesa.it\/en\/?s={search_term_string}"},"query-input":{"@type":"PropertyValueSpecification","valueRequired":true,"valueName":"search_term_string"}}],"inLanguage":"en-US"},{"@type":"Organization","@id":"https:\/\/igmi.esercito.difesa.it\/en\/#organization","name":"Istituto Geografico Militare","url":"https:\/\/igmi.esercito.difesa.it\/en\/","logo":{"@type":"ImageObject","inLanguage":"en-US","@id":"https:\/\/igmi.esercito.difesa.it\/en\/#\/schema\/logo\/image\/","url":"https:\/\/igmi.esercito.difesa.it\/wp-content\/uploads\/2025\/04\/Logo-igm.webp","contentUrl":"https:\/\/igmi.esercito.difesa.it\/wp-content\/uploads\/2025\/04\/Logo-igm.webp","width":1320,"height":1696,"caption":"Istituto Geografico Militare"},"image":{"@id":"https:\/\/igmi.esercito.difesa.it\/en\/#\/schema\/logo\/image\/"}}]}},"_links":{"self":[{"href":"https:\/\/igmi.esercito.difesa.it\/en\/wp-json\/wp\/v2\/product\/378807","targetHints":{"allow":["GET"]}}],"collection":[{"href":"https:\/\/igmi.esercito.difesa.it\/en\/wp-json\/wp\/v2\/product"}],"about":[{"href":"https:\/\/igmi.esercito.difesa.it\/en\/wp-json\/wp\/v2\/types\/product"}],"wp:featuredmedia":[{"embeddable":true,"href":"https:\/\/igmi.esercito.difesa.it\/en\/wp-json\/wp\/v2\/media\/748947"}],"wp:attachment":[{"href":"https:\/\/igmi.esercito.difesa.it\/en\/wp-json\/wp\/v2\/media?parent=378807"}],"wp:term":[{"taxonomy":"product_brand","embeddable":true,"href":"https:\/\/igmi.esercito.difesa.it\/en\/wp-json\/wp\/v2\/product_brand?post=378807"},{"taxonomy":"product_cat","embeddable":true,"href":"https:\/\/igmi.esercito.difesa.it\/en\/wp-json\/wp\/v2\/product_cat?post=378807"},{"taxonomy":"product_tag","embeddable":true,"href":"https:\/\/igmi.esercito.difesa.it\/en\/wp-json\/wp\/v2\/product_tag?post=378807"}],"curies":[{"name":"wp","href":"https:\/\/api.w.org\/{rel}","templated":true}]}}