{"id":378866,"date":"2025-06-28T12:06:37","date_gmt":"2025-06-28T10:06:37","guid":{"rendered":"https:\/\/igmi.esercito.difesa.it\/prodotto\/397243\/"},"modified":"2026-04-09T23:34:50","modified_gmt":"2026-04-09T21:34:50","slug":"397243","status":"publish","type":"product","link":"https:\/\/igmi.esercito.difesa.it\/en\/prodotto\/397243\/","title":{"rendered":"CARTA GEOMETRICA DEL COL DELLA MADDALENA CON LA TESTA DELLA VALLE, E LAGO DI RUBURENT, E LA TESTA DELLA VALLE, E LAGO D&#8217;ORNAYE."},"content":{"rendered":"<p>Segue in basso &#8220;La presente carte a \u00e9t\u00e9 dress\u00e9 sur les lieux par nous soulign\u00e9s en foy de quoj Grenoble, ecc. 19 Aoust. 1760 Antoine Durien Ingenieur Topographe de le Roy de Sardeigne. Potain Ingenieur Geographe de S.M.&#8221;<br \/>\nDisegno ad acquerello a luce obliqua montato su tela. Scala grafica in trabucchi piemontesi.<\/p>\n","protected":false},"excerpt":{"rendered":"<p>Segue in basso &#8220;La presente carte a \u00e9t\u00e9 dress\u00e9 sur les lieux par nous soulign\u00e9s en foy de quoj Grenoble, ecc. 19 Aoust. 1760 Antoine Durien Ingenieur Topographe de le Roy de Sardeigne. Potain Ingenieur Geographe de S.M.&#8221; Disegno ad acquerello a luce obliqua montato su tela. Scala grafica in trabucchi piemontesi.<\/p>\n","protected":false},"featured_media":749283,"template":"","meta":{"_acf_changed":false},"product_brand":[],"product_cat":[191,447],"product_tag":[334],"class_list":{"0":"post-378866","1":"product","2":"type-product","3":"status-publish","4":"has-post-thumbnail","6":"product_cat-carte-antiche","7":"product_cat-tecnica_risoluzione_carta_antica","8":"product_tag-carta-antica","10":"first","11":"instock","12":"downloadable","13":"virtual","14":"sold-individually","15":"taxable","16":"purchasable","17":"product-type-simple"},"acf":[],"yoast_head":"<!-- This site is optimized with the Yoast SEO plugin v26.4 - https:\/\/yoast.com\/wordpress\/plugins\/seo\/ -->\n<title>CARTA GEOMETRICA DEL COL DELLA MADDALENA CON LA TESTA DELLA VALLE, E LAGO DI RUBURENT, E LA TESTA DELLA VALLE, E LAGO D&#039;ORNAYE. - Istituto Geografico Militare<\/title>\n<meta name=\"robots\" content=\"index, follow, max-snippet:-1, max-image-preview:large, max-video-preview:-1\" \/>\n<link rel=\"canonical\" href=\"https:\/\/igmi.esercito.difesa.it\/en\/prodotto\/397243\/\" \/>\n<meta property=\"og:locale\" content=\"en_US\" \/>\n<meta property=\"og:type\" content=\"article\" \/>\n<meta property=\"og:title\" content=\"CARTA GEOMETRICA DEL COL DELLA MADDALENA CON LA TESTA DELLA VALLE, E LAGO DI RUBURENT, E LA TESTA DELLA VALLE, E LAGO D&#039;ORNAYE. - Istituto Geografico Militare\" \/>\n<meta property=\"og:description\" content=\"Segue in basso &#8220;La presente carte a \u00e9t\u00e9 dress\u00e9 sur les lieux par nous soulign\u00e9s en foy de quoj Grenoble, ecc. 19 Aoust. 1760 Antoine Durien Ingenieur Topographe de le Roy de Sardeigne. Potain Ingenieur Geographe de S.M.&#8221; Disegno ad acquerello a luce obliqua montato su tela. Scala grafica in trabucchi piemontesi.\" \/>\n<meta property=\"og:url\" content=\"https:\/\/igmi.esercito.difesa.it\/en\/prodotto\/397243\/\" \/>\n<meta property=\"og:site_name\" content=\"Istituto Geografico Militare\" \/>\n<meta property=\"article:modified_time\" content=\"2026-04-09T21:34:50+00:00\" \/>\n<meta property=\"og:image\" content=\"https:\/\/igmi.esercito.difesa.it\/wp-content\/uploads\/CA001605.jpg\" \/>\n\t<meta property=\"og:image:width\" content=\"1000\" \/>\n\t<meta property=\"og:image:height\" content=\"751\" \/>\n\t<meta property=\"og:image:type\" content=\"image\/jpeg\" \/>\n<meta name=\"twitter:card\" content=\"summary_large_image\" \/>\n<script type=\"application\/ld+json\" class=\"yoast-schema-graph\">{\"@context\":\"https:\/\/schema.org\",\"@graph\":[{\"@type\":\"WebPage\",\"@id\":\"https:\/\/igmi.esercito.difesa.it\/en\/prodotto\/397243\/\",\"url\":\"https:\/\/igmi.esercito.difesa.it\/en\/prodotto\/397243\/\",\"name\":\"CARTA GEOMETRICA DEL COL DELLA MADDALENA CON LA TESTA DELLA VALLE, E LAGO DI RUBURENT, E LA TESTA DELLA VALLE, E LAGO D'ORNAYE. - Istituto Geografico Militare\",\"isPartOf\":{\"@id\":\"https:\/\/igmi.esercito.difesa.it\/en\/#website\"},\"primaryImageOfPage\":{\"@id\":\"https:\/\/igmi.esercito.difesa.it\/en\/prodotto\/397243\/#primaryimage\"},\"image\":{\"@id\":\"https:\/\/igmi.esercito.difesa.it\/en\/prodotto\/397243\/#primaryimage\"},\"thumbnailUrl\":\"https:\/\/igmi.esercito.difesa.it\/wp-content\/uploads\/CA001605.jpg\",\"datePublished\":\"2025-06-28T10:06:37+00:00\",\"dateModified\":\"2026-04-09T21:34:50+00:00\",\"breadcrumb\":{\"@id\":\"https:\/\/igmi.esercito.difesa.it\/en\/prodotto\/397243\/#breadcrumb\"},\"inLanguage\":\"en-US\",\"potentialAction\":[{\"@type\":\"ReadAction\",\"target\":[\"https:\/\/igmi.esercito.difesa.it\/en\/prodotto\/397243\/\"]}]},{\"@type\":\"ImageObject\",\"inLanguage\":\"en-US\",\"@id\":\"https:\/\/igmi.esercito.difesa.it\/en\/prodotto\/397243\/#primaryimage\",\"url\":\"https:\/\/igmi.esercito.difesa.it\/wp-content\/uploads\/CA001605.jpg\",\"contentUrl\":\"https:\/\/igmi.esercito.difesa.it\/wp-content\/uploads\/CA001605.jpg\",\"width\":1000,\"height\":751},{\"@type\":\"BreadcrumbList\",\"@id\":\"https:\/\/igmi.esercito.difesa.it\/en\/prodotto\/397243\/#breadcrumb\",\"itemListElement\":[{\"@type\":\"ListItem\",\"position\":1,\"name\":\"Home\",\"item\":\"https:\/\/igmi.esercito.difesa.it\/en\/\"},{\"@type\":\"ListItem\",\"position\":2,\"name\":\"Products\",\"item\":\"https:\/\/igmi.esercito.difesa.it\/en\/shop\/\"},{\"@type\":\"ListItem\",\"position\":3,\"name\":\"CARTA GEOMETRICA DEL COL DELLA MADDALENA CON LA TESTA DELLA VALLE, E LAGO DI RUBURENT, E LA TESTA DELLA VALLE, E LAGO D&#8217;ORNAYE.\"}]},{\"@type\":\"WebSite\",\"@id\":\"https:\/\/igmi.esercito.difesa.it\/en\/#website\",\"url\":\"https:\/\/igmi.esercito.difesa.it\/en\/\",\"name\":\"Istituto Geografico Militare\",\"description\":\"Ente cartografico dello stato\",\"publisher\":{\"@id\":\"https:\/\/igmi.esercito.difesa.it\/en\/#organization\"},\"potentialAction\":[{\"@type\":\"SearchAction\",\"target\":{\"@type\":\"EntryPoint\",\"urlTemplate\":\"https:\/\/igmi.esercito.difesa.it\/en\/?s={search_term_string}\"},\"query-input\":{\"@type\":\"PropertyValueSpecification\",\"valueRequired\":true,\"valueName\":\"search_term_string\"}}],\"inLanguage\":\"en-US\"},{\"@type\":\"Organization\",\"@id\":\"https:\/\/igmi.esercito.difesa.it\/en\/#organization\",\"name\":\"Istituto Geografico Militare\",\"url\":\"https:\/\/igmi.esercito.difesa.it\/en\/\",\"logo\":{\"@type\":\"ImageObject\",\"inLanguage\":\"en-US\",\"@id\":\"https:\/\/igmi.esercito.difesa.it\/en\/#\/schema\/logo\/image\/\",\"url\":\"https:\/\/igmi.esercito.difesa.it\/wp-content\/uploads\/2025\/04\/Logo-igm.webp\",\"contentUrl\":\"https:\/\/igmi.esercito.difesa.it\/wp-content\/uploads\/2025\/04\/Logo-igm.webp\",\"width\":1320,\"height\":1696,\"caption\":\"Istituto Geografico Militare\"},\"image\":{\"@id\":\"https:\/\/igmi.esercito.difesa.it\/en\/#\/schema\/logo\/image\/\"}}]}<\/script>\n<!-- \/ Yoast SEO plugin. -->","yoast_head_json":{"title":"CARTA GEOMETRICA DEL COL DELLA MADDALENA CON LA TESTA DELLA VALLE, E LAGO DI RUBURENT, E LA TESTA DELLA VALLE, E LAGO D'ORNAYE. - Istituto Geografico Militare","robots":{"index":"index","follow":"follow","max-snippet":"max-snippet:-1","max-image-preview":"max-image-preview:large","max-video-preview":"max-video-preview:-1"},"canonical":"https:\/\/igmi.esercito.difesa.it\/en\/prodotto\/397243\/","og_locale":"en_US","og_type":"article","og_title":"CARTA GEOMETRICA DEL COL DELLA MADDALENA CON LA TESTA DELLA VALLE, E LAGO DI RUBURENT, E LA TESTA DELLA VALLE, E LAGO D'ORNAYE. - Istituto Geografico Militare","og_description":"Segue in basso &#8220;La presente carte a \u00e9t\u00e9 dress\u00e9 sur les lieux par nous soulign\u00e9s en foy de quoj Grenoble, ecc. 19 Aoust. 1760 Antoine Durien Ingenieur Topographe de le Roy de Sardeigne. Potain Ingenieur Geographe de S.M.&#8221; Disegno ad acquerello a luce obliqua montato su tela. Scala grafica in trabucchi piemontesi.","og_url":"https:\/\/igmi.esercito.difesa.it\/en\/prodotto\/397243\/","og_site_name":"Istituto Geografico Militare","article_modified_time":"2026-04-09T21:34:50+00:00","og_image":[{"width":1000,"height":751,"url":"https:\/\/igmi.esercito.difesa.it\/wp-content\/uploads\/CA001605.jpg","type":"image\/jpeg"}],"twitter_card":"summary_large_image","schema":{"@context":"https:\/\/schema.org","@graph":[{"@type":"WebPage","@id":"https:\/\/igmi.esercito.difesa.it\/en\/prodotto\/397243\/","url":"https:\/\/igmi.esercito.difesa.it\/en\/prodotto\/397243\/","name":"CARTA GEOMETRICA DEL COL DELLA MADDALENA CON LA TESTA DELLA VALLE, E LAGO DI RUBURENT, E LA TESTA DELLA VALLE, E LAGO D'ORNAYE. - Istituto Geografico Militare","isPartOf":{"@id":"https:\/\/igmi.esercito.difesa.it\/en\/#website"},"primaryImageOfPage":{"@id":"https:\/\/igmi.esercito.difesa.it\/en\/prodotto\/397243\/#primaryimage"},"image":{"@id":"https:\/\/igmi.esercito.difesa.it\/en\/prodotto\/397243\/#primaryimage"},"thumbnailUrl":"https:\/\/igmi.esercito.difesa.it\/wp-content\/uploads\/CA001605.jpg","datePublished":"2025-06-28T10:06:37+00:00","dateModified":"2026-04-09T21:34:50+00:00","breadcrumb":{"@id":"https:\/\/igmi.esercito.difesa.it\/en\/prodotto\/397243\/#breadcrumb"},"inLanguage":"en-US","potentialAction":[{"@type":"ReadAction","target":["https:\/\/igmi.esercito.difesa.it\/en\/prodotto\/397243\/"]}]},{"@type":"ImageObject","inLanguage":"en-US","@id":"https:\/\/igmi.esercito.difesa.it\/en\/prodotto\/397243\/#primaryimage","url":"https:\/\/igmi.esercito.difesa.it\/wp-content\/uploads\/CA001605.jpg","contentUrl":"https:\/\/igmi.esercito.difesa.it\/wp-content\/uploads\/CA001605.jpg","width":1000,"height":751},{"@type":"BreadcrumbList","@id":"https:\/\/igmi.esercito.difesa.it\/en\/prodotto\/397243\/#breadcrumb","itemListElement":[{"@type":"ListItem","position":1,"name":"Home","item":"https:\/\/igmi.esercito.difesa.it\/en\/"},{"@type":"ListItem","position":2,"name":"Products","item":"https:\/\/igmi.esercito.difesa.it\/en\/shop\/"},{"@type":"ListItem","position":3,"name":"CARTA GEOMETRICA DEL COL DELLA MADDALENA CON LA TESTA DELLA VALLE, E LAGO DI RUBURENT, E LA TESTA DELLA VALLE, E LAGO D&#8217;ORNAYE."}]},{"@type":"WebSite","@id":"https:\/\/igmi.esercito.difesa.it\/en\/#website","url":"https:\/\/igmi.esercito.difesa.it\/en\/","name":"Istituto Geografico Militare","description":"Ente cartografico dello stato","publisher":{"@id":"https:\/\/igmi.esercito.difesa.it\/en\/#organization"},"potentialAction":[{"@type":"SearchAction","target":{"@type":"EntryPoint","urlTemplate":"https:\/\/igmi.esercito.difesa.it\/en\/?s={search_term_string}"},"query-input":{"@type":"PropertyValueSpecification","valueRequired":true,"valueName":"search_term_string"}}],"inLanguage":"en-US"},{"@type":"Organization","@id":"https:\/\/igmi.esercito.difesa.it\/en\/#organization","name":"Istituto Geografico Militare","url":"https:\/\/igmi.esercito.difesa.it\/en\/","logo":{"@type":"ImageObject","inLanguage":"en-US","@id":"https:\/\/igmi.esercito.difesa.it\/en\/#\/schema\/logo\/image\/","url":"https:\/\/igmi.esercito.difesa.it\/wp-content\/uploads\/2025\/04\/Logo-igm.webp","contentUrl":"https:\/\/igmi.esercito.difesa.it\/wp-content\/uploads\/2025\/04\/Logo-igm.webp","width":1320,"height":1696,"caption":"Istituto Geografico Militare"},"image":{"@id":"https:\/\/igmi.esercito.difesa.it\/en\/#\/schema\/logo\/image\/"}}]}},"_links":{"self":[{"href":"https:\/\/igmi.esercito.difesa.it\/en\/wp-json\/wp\/v2\/product\/378866","targetHints":{"allow":["GET"]}}],"collection":[{"href":"https:\/\/igmi.esercito.difesa.it\/en\/wp-json\/wp\/v2\/product"}],"about":[{"href":"https:\/\/igmi.esercito.difesa.it\/en\/wp-json\/wp\/v2\/types\/product"}],"wp:featuredmedia":[{"embeddable":true,"href":"https:\/\/igmi.esercito.difesa.it\/en\/wp-json\/wp\/v2\/media\/749283"}],"wp:attachment":[{"href":"https:\/\/igmi.esercito.difesa.it\/en\/wp-json\/wp\/v2\/media?parent=378866"}],"wp:term":[{"taxonomy":"product_brand","embeddable":true,"href":"https:\/\/igmi.esercito.difesa.it\/en\/wp-json\/wp\/v2\/product_brand?post=378866"},{"taxonomy":"product_cat","embeddable":true,"href":"https:\/\/igmi.esercito.difesa.it\/en\/wp-json\/wp\/v2\/product_cat?post=378866"},{"taxonomy":"product_tag","embeddable":true,"href":"https:\/\/igmi.esercito.difesa.it\/en\/wp-json\/wp\/v2\/product_tag?post=378866"}],"curies":[{"name":"wp","href":"https:\/\/api.w.org\/{rel}","templated":true}]}}