{"id":383551,"date":"2025-06-28T18:21:18","date_gmt":"2025-06-28T16:21:18","guid":{"rendered":"https:\/\/igmi.esercito.difesa.it\/prodotto\/398876\/"},"modified":"2026-04-10T01:52:16","modified_gmt":"2026-04-09T23:52:16","slug":"398876","status":"publish","type":"product","link":"https:\/\/igmi.esercito.difesa.it\/en\/prodotto\/398876\/","title":{"rendered":"CARTA DELL&#8217; ITALIA MERIDIONALE EDITA DALL&#8217;ISTITUTO TOPOGRAFICO MILITARE ITALIANO &#8211; Foglio 150 &#8211; Castelvetrano"},"content":{"rendered":"<p>La scala della carta \u00e8 di 1:50.000. Le curve orizzontali hanno l&#8217;equidistanza di 10 in 10 metri. La proiezione \u00e8 quella di Flamsteed modificata, e l&#8217;origine delle coordinate si trova all&#8217;intersezione del meridiano di Napoli con il 40\u00b0 parallelo. Questa carta non deve considerarsi come una pubblicazione ne artistica ne definitiva. Essa non \u00e8 se non la riproduzione delle minute di campagna quali furono rilevate sul terreno, cio\u00e8 per la massima parte senza essere state copiate in netto. Si \u00e8 voluto nel pi\u00f9 breve termine e con la minore spesa possibile mettere a disposizione del pubblico questi documenti topografici, che applicati a regioni di cui non esisteva finora alcuna carta regolare sono preziosi per gli uomini speciali, come gli ingegneri, i naturalisti e gli amministratori. Il processo della fotolitografia, perfezionato dal Maggiore Castelli del Genio Militare, si presta opportuno; e mediante esso la pubblicazione pu\u00f2 seguire in pochissimo tempo il lavoro di campagna. L&#8217;Istituto topografico-militare Italiano non si crede perci\u00f2 dispensato da una pubblicazione regolare; e sta lavorando attivamente alla preparazione di una carta alla scala del 100.000 in cui vengonotrasformate le minute di campagna.<br \/>\nMa intanto crede rendere un vero servizio agli uomini pratici, mettendo a loro disposizione, senza ritardo, i documenti che arrivano di mano in mano dal terreno.<\/p>\n","protected":false},"excerpt":{"rendered":"<p>La scala della carta \u00e8 di 1:50.000. Le curve orizzontali hanno l&#8217;equidistanza di 10 in 10 metri. La proiezione \u00e8 quella di Flamsteed modificata, e l&#8217;origine delle coordinate si trova all&#8217;intersezione del meridiano di Napoli con il 40\u00b0 parallelo. Questa carta non deve considerarsi come una pubblicazione ne artistica ne definitiva. Essa non \u00e8 se [&hellip;]<\/p>\n","protected":false},"featured_media":766411,"template":"","meta":{"_acf_changed":false},"product_brand":[],"product_cat":[191,447],"product_tag":[334],"class_list":{"0":"post-383551","1":"product","2":"type-product","3":"status-publish","4":"has-post-thumbnail","6":"product_cat-carte-antiche","7":"product_cat-tecnica_risoluzione_carta_antica","8":"product_tag-carta-antica","10":"first","11":"instock","12":"downloadable","13":"virtual","14":"sold-individually","15":"taxable","16":"purchasable","17":"product-type-simple"},"acf":[],"yoast_head":"<!-- This site is optimized with the Yoast SEO plugin v26.4 - https:\/\/yoast.com\/wordpress\/plugins\/seo\/ -->\n<title>CARTA DELL&#039; ITALIA MERIDIONALE EDITA DALL&#039;ISTITUTO TOPOGRAFICO MILITARE ITALIANO - Foglio 150 - Castelvetrano - Istituto Geografico Militare<\/title>\n<meta name=\"robots\" content=\"index, follow, max-snippet:-1, max-image-preview:large, max-video-preview:-1\" \/>\n<link rel=\"canonical\" href=\"https:\/\/igmi.esercito.difesa.it\/en\/prodotto\/398876\/\" \/>\n<meta property=\"og:locale\" content=\"en_US\" \/>\n<meta property=\"og:type\" content=\"article\" \/>\n<meta property=\"og:title\" content=\"CARTA DELL&#039; ITALIA MERIDIONALE EDITA DALL&#039;ISTITUTO TOPOGRAFICO MILITARE ITALIANO - Foglio 150 - Castelvetrano - Istituto Geografico Militare\" \/>\n<meta property=\"og:description\" content=\"La scala della carta \u00e8 di 1:50.000. Le curve orizzontali hanno l&#8217;equidistanza di 10 in 10 metri. La proiezione \u00e8 quella di Flamsteed modificata, e l&#8217;origine delle coordinate si trova all&#8217;intersezione del meridiano di Napoli con il 40\u00b0 parallelo. Questa carta non deve considerarsi come una pubblicazione ne artistica ne definitiva. Essa non \u00e8 se [&hellip;]\" \/>\n<meta property=\"og:url\" content=\"https:\/\/igmi.esercito.difesa.it\/en\/prodotto\/398876\/\" \/>\n<meta property=\"og:site_name\" content=\"Istituto Geografico Militare\" \/>\n<meta property=\"article:modified_time\" content=\"2026-04-09T23:52:16+00:00\" \/>\n<meta property=\"og:image\" content=\"https:\/\/igmi.esercito.difesa.it\/wp-content\/uploads\/B0001223.jpg\" \/>\n\t<meta property=\"og:image:width\" content=\"1000\" \/>\n\t<meta property=\"og:image:height\" content=\"694\" \/>\n\t<meta property=\"og:image:type\" content=\"image\/jpeg\" \/>\n<meta name=\"twitter:card\" content=\"summary_large_image\" \/>\n<meta name=\"twitter:label1\" content=\"Est. reading time\" \/>\n\t<meta name=\"twitter:data1\" content=\"1 minute\" \/>\n<script type=\"application\/ld+json\" class=\"yoast-schema-graph\">{\"@context\":\"https:\/\/schema.org\",\"@graph\":[{\"@type\":\"WebPage\",\"@id\":\"https:\/\/igmi.esercito.difesa.it\/en\/prodotto\/398876\/\",\"url\":\"https:\/\/igmi.esercito.difesa.it\/en\/prodotto\/398876\/\",\"name\":\"CARTA DELL' ITALIA MERIDIONALE EDITA DALL'ISTITUTO TOPOGRAFICO MILITARE ITALIANO - Foglio 150 - Castelvetrano - Istituto Geografico Militare\",\"isPartOf\":{\"@id\":\"https:\/\/igmi.esercito.difesa.it\/en\/#website\"},\"primaryImageOfPage\":{\"@id\":\"https:\/\/igmi.esercito.difesa.it\/en\/prodotto\/398876\/#primaryimage\"},\"image\":{\"@id\":\"https:\/\/igmi.esercito.difesa.it\/en\/prodotto\/398876\/#primaryimage\"},\"thumbnailUrl\":\"https:\/\/igmi.esercito.difesa.it\/wp-content\/uploads\/B0001223.jpg\",\"datePublished\":\"2025-06-28T16:21:18+00:00\",\"dateModified\":\"2026-04-09T23:52:16+00:00\",\"breadcrumb\":{\"@id\":\"https:\/\/igmi.esercito.difesa.it\/en\/prodotto\/398876\/#breadcrumb\"},\"inLanguage\":\"en-US\",\"potentialAction\":[{\"@type\":\"ReadAction\",\"target\":[\"https:\/\/igmi.esercito.difesa.it\/en\/prodotto\/398876\/\"]}]},{\"@type\":\"ImageObject\",\"inLanguage\":\"en-US\",\"@id\":\"https:\/\/igmi.esercito.difesa.it\/en\/prodotto\/398876\/#primaryimage\",\"url\":\"https:\/\/igmi.esercito.difesa.it\/wp-content\/uploads\/B0001223.jpg\",\"contentUrl\":\"https:\/\/igmi.esercito.difesa.it\/wp-content\/uploads\/B0001223.jpg\",\"width\":1000,\"height\":694},{\"@type\":\"BreadcrumbList\",\"@id\":\"https:\/\/igmi.esercito.difesa.it\/en\/prodotto\/398876\/#breadcrumb\",\"itemListElement\":[{\"@type\":\"ListItem\",\"position\":1,\"name\":\"Home\",\"item\":\"https:\/\/igmi.esercito.difesa.it\/en\/\"},{\"@type\":\"ListItem\",\"position\":2,\"name\":\"Products\",\"item\":\"https:\/\/igmi.esercito.difesa.it\/en\/shop\/\"},{\"@type\":\"ListItem\",\"position\":3,\"name\":\"CARTA DELL&#8217; ITALIA MERIDIONALE EDITA DALL&#8217;ISTITUTO TOPOGRAFICO MILITARE ITALIANO &#8211; Foglio 150 &#8211; Castelvetrano\"}]},{\"@type\":\"WebSite\",\"@id\":\"https:\/\/igmi.esercito.difesa.it\/en\/#website\",\"url\":\"https:\/\/igmi.esercito.difesa.it\/en\/\",\"name\":\"Istituto Geografico Militare\",\"description\":\"Ente cartografico dello stato\",\"publisher\":{\"@id\":\"https:\/\/igmi.esercito.difesa.it\/en\/#organization\"},\"potentialAction\":[{\"@type\":\"SearchAction\",\"target\":{\"@type\":\"EntryPoint\",\"urlTemplate\":\"https:\/\/igmi.esercito.difesa.it\/en\/?s={search_term_string}\"},\"query-input\":{\"@type\":\"PropertyValueSpecification\",\"valueRequired\":true,\"valueName\":\"search_term_string\"}}],\"inLanguage\":\"en-US\"},{\"@type\":\"Organization\",\"@id\":\"https:\/\/igmi.esercito.difesa.it\/en\/#organization\",\"name\":\"Istituto Geografico Militare\",\"url\":\"https:\/\/igmi.esercito.difesa.it\/en\/\",\"logo\":{\"@type\":\"ImageObject\",\"inLanguage\":\"en-US\",\"@id\":\"https:\/\/igmi.esercito.difesa.it\/en\/#\/schema\/logo\/image\/\",\"url\":\"https:\/\/igmi.esercito.difesa.it\/wp-content\/uploads\/2025\/04\/Logo-igm.webp\",\"contentUrl\":\"https:\/\/igmi.esercito.difesa.it\/wp-content\/uploads\/2025\/04\/Logo-igm.webp\",\"width\":1320,\"height\":1696,\"caption\":\"Istituto Geografico Militare\"},\"image\":{\"@id\":\"https:\/\/igmi.esercito.difesa.it\/en\/#\/schema\/logo\/image\/\"}}]}<\/script>\n<!-- \/ Yoast SEO plugin. -->","yoast_head_json":{"title":"CARTA DELL' ITALIA MERIDIONALE EDITA DALL'ISTITUTO TOPOGRAFICO MILITARE ITALIANO - Foglio 150 - Castelvetrano - Istituto Geografico Militare","robots":{"index":"index","follow":"follow","max-snippet":"max-snippet:-1","max-image-preview":"max-image-preview:large","max-video-preview":"max-video-preview:-1"},"canonical":"https:\/\/igmi.esercito.difesa.it\/en\/prodotto\/398876\/","og_locale":"en_US","og_type":"article","og_title":"CARTA DELL' ITALIA MERIDIONALE EDITA DALL'ISTITUTO TOPOGRAFICO MILITARE ITALIANO - Foglio 150 - Castelvetrano - Istituto Geografico Militare","og_description":"La scala della carta \u00e8 di 1:50.000. Le curve orizzontali hanno l&#8217;equidistanza di 10 in 10 metri. La proiezione \u00e8 quella di Flamsteed modificata, e l&#8217;origine delle coordinate si trova all&#8217;intersezione del meridiano di Napoli con il 40\u00b0 parallelo. Questa carta non deve considerarsi come una pubblicazione ne artistica ne definitiva. Essa non \u00e8 se [&hellip;]","og_url":"https:\/\/igmi.esercito.difesa.it\/en\/prodotto\/398876\/","og_site_name":"Istituto Geografico Militare","article_modified_time":"2026-04-09T23:52:16+00:00","og_image":[{"width":1000,"height":694,"url":"https:\/\/igmi.esercito.difesa.it\/wp-content\/uploads\/B0001223.jpg","type":"image\/jpeg"}],"twitter_card":"summary_large_image","twitter_misc":{"Est. reading time":"1 minute"},"schema":{"@context":"https:\/\/schema.org","@graph":[{"@type":"WebPage","@id":"https:\/\/igmi.esercito.difesa.it\/en\/prodotto\/398876\/","url":"https:\/\/igmi.esercito.difesa.it\/en\/prodotto\/398876\/","name":"CARTA DELL' ITALIA MERIDIONALE EDITA DALL'ISTITUTO TOPOGRAFICO MILITARE ITALIANO - Foglio 150 - Castelvetrano - Istituto Geografico Militare","isPartOf":{"@id":"https:\/\/igmi.esercito.difesa.it\/en\/#website"},"primaryImageOfPage":{"@id":"https:\/\/igmi.esercito.difesa.it\/en\/prodotto\/398876\/#primaryimage"},"image":{"@id":"https:\/\/igmi.esercito.difesa.it\/en\/prodotto\/398876\/#primaryimage"},"thumbnailUrl":"https:\/\/igmi.esercito.difesa.it\/wp-content\/uploads\/B0001223.jpg","datePublished":"2025-06-28T16:21:18+00:00","dateModified":"2026-04-09T23:52:16+00:00","breadcrumb":{"@id":"https:\/\/igmi.esercito.difesa.it\/en\/prodotto\/398876\/#breadcrumb"},"inLanguage":"en-US","potentialAction":[{"@type":"ReadAction","target":["https:\/\/igmi.esercito.difesa.it\/en\/prodotto\/398876\/"]}]},{"@type":"ImageObject","inLanguage":"en-US","@id":"https:\/\/igmi.esercito.difesa.it\/en\/prodotto\/398876\/#primaryimage","url":"https:\/\/igmi.esercito.difesa.it\/wp-content\/uploads\/B0001223.jpg","contentUrl":"https:\/\/igmi.esercito.difesa.it\/wp-content\/uploads\/B0001223.jpg","width":1000,"height":694},{"@type":"BreadcrumbList","@id":"https:\/\/igmi.esercito.difesa.it\/en\/prodotto\/398876\/#breadcrumb","itemListElement":[{"@type":"ListItem","position":1,"name":"Home","item":"https:\/\/igmi.esercito.difesa.it\/en\/"},{"@type":"ListItem","position":2,"name":"Products","item":"https:\/\/igmi.esercito.difesa.it\/en\/shop\/"},{"@type":"ListItem","position":3,"name":"CARTA DELL&#8217; ITALIA MERIDIONALE EDITA DALL&#8217;ISTITUTO TOPOGRAFICO MILITARE ITALIANO &#8211; Foglio 150 &#8211; Castelvetrano"}]},{"@type":"WebSite","@id":"https:\/\/igmi.esercito.difesa.it\/en\/#website","url":"https:\/\/igmi.esercito.difesa.it\/en\/","name":"Istituto Geografico Militare","description":"Ente cartografico dello stato","publisher":{"@id":"https:\/\/igmi.esercito.difesa.it\/en\/#organization"},"potentialAction":[{"@type":"SearchAction","target":{"@type":"EntryPoint","urlTemplate":"https:\/\/igmi.esercito.difesa.it\/en\/?s={search_term_string}"},"query-input":{"@type":"PropertyValueSpecification","valueRequired":true,"valueName":"search_term_string"}}],"inLanguage":"en-US"},{"@type":"Organization","@id":"https:\/\/igmi.esercito.difesa.it\/en\/#organization","name":"Istituto Geografico Militare","url":"https:\/\/igmi.esercito.difesa.it\/en\/","logo":{"@type":"ImageObject","inLanguage":"en-US","@id":"https:\/\/igmi.esercito.difesa.it\/en\/#\/schema\/logo\/image\/","url":"https:\/\/igmi.esercito.difesa.it\/wp-content\/uploads\/2025\/04\/Logo-igm.webp","contentUrl":"https:\/\/igmi.esercito.difesa.it\/wp-content\/uploads\/2025\/04\/Logo-igm.webp","width":1320,"height":1696,"caption":"Istituto Geografico Militare"},"image":{"@id":"https:\/\/igmi.esercito.difesa.it\/en\/#\/schema\/logo\/image\/"}}]}},"_links":{"self":[{"href":"https:\/\/igmi.esercito.difesa.it\/en\/wp-json\/wp\/v2\/product\/383551","targetHints":{"allow":["GET"]}}],"collection":[{"href":"https:\/\/igmi.esercito.difesa.it\/en\/wp-json\/wp\/v2\/product"}],"about":[{"href":"https:\/\/igmi.esercito.difesa.it\/en\/wp-json\/wp\/v2\/types\/product"}],"wp:featuredmedia":[{"embeddable":true,"href":"https:\/\/igmi.esercito.difesa.it\/en\/wp-json\/wp\/v2\/media\/766411"}],"wp:attachment":[{"href":"https:\/\/igmi.esercito.difesa.it\/en\/wp-json\/wp\/v2\/media?parent=383551"}],"wp:term":[{"taxonomy":"product_brand","embeddable":true,"href":"https:\/\/igmi.esercito.difesa.it\/en\/wp-json\/wp\/v2\/product_brand?post=383551"},{"taxonomy":"product_cat","embeddable":true,"href":"https:\/\/igmi.esercito.difesa.it\/en\/wp-json\/wp\/v2\/product_cat?post=383551"},{"taxonomy":"product_tag","embeddable":true,"href":"https:\/\/igmi.esercito.difesa.it\/en\/wp-json\/wp\/v2\/product_tag?post=383551"}],"curies":[{"name":"wp","href":"https:\/\/api.w.org\/{rel}","templated":true}]}}