{"id":385534,"date":"2025-06-28T21:25:02","date_gmt":"2025-06-28T19:25:02","guid":{"rendered":"https:\/\/igmi.esercito.difesa.it\/prodotto\/399362\/"},"modified":"2026-02-22T08:54:39","modified_gmt":"2026-02-22T07:54:39","slug":"399362","status":"publish","type":"product","link":"https:\/\/igmi.esercito.difesa.it\/en\/prodotto\/399362\/","title":{"rendered":"APPERCU DES NUSIBLES ENCLAVES ECCISTANTES ENTRE LA TOSCANE, LUCQUES, MODENE LES EX-FIEFS, ET LE GENOIS.\r\nAPPROSSIMAZIONE DEI PICCOLI ENCLAVE ESISTENTI TRA LA TOSCANA, LUCCA, GLI EX TERRITORI DI MODENA  E IL GENOVESATO."},"content":{"rendered":"<p>Sullo stesso foglio sono stampate la planimetria e la parte didascalica delle osservazioni. La Planimetria \u00e8 acquerellata. Carta tematica relativa alla definizione dei confini tra Toscana e Stato di Modena discussa al congresso di Vienna. Tutte le scritte sono in lingua francese. La Planimetria \u00e8 acquerellata ed \u00e8 corredata la legenda esplicativa. La carta \u00e8 priva di scala, corrisponde all&#8217;incirca ad un 1: 375.000.<br \/>\nAssieme al documento sono archiviate sette stampe, sempre ottenute da lastra di rame incisa, dove \u00e8 rappresentata la sola planimetria di base ma mancano titolo e legenda. Il frazionamento dei territori \u00e8 indicato mediante linee puntiate ma \u00e8 assente la campitura acquerellata. Queste copie hanno le dimensioni di cm 40X34 il foglio e cm 27X26 il quadro.<\/p>\n","protected":false},"excerpt":{"rendered":"<p>Sullo stesso foglio sono stampate la planimetria e la parte didascalica delle osservazioni. La Planimetria \u00e8 acquerellata. Carta tematica relativa alla definizione dei confini tra Toscana e Stato di Modena discussa al congresso di Vienna. Tutte le scritte sono in lingua francese. La Planimetria \u00e8 acquerellata ed \u00e8 corredata la legenda esplicativa. La carta \u00e8 [&hellip;]<\/p>\n","protected":false},"featured_media":772948,"template":"","meta":{"_acf_changed":false},"product_brand":[],"product_cat":[191,447],"product_tag":[334],"class_list":{"0":"post-385534","1":"product","2":"type-product","3":"status-publish","4":"has-post-thumbnail","6":"product_cat-carte-antiche","7":"product_cat-tecnica_risoluzione_carta_antica","8":"product_tag-carta-antica","10":"first","11":"instock","12":"downloadable","13":"virtual","14":"sold-individually","15":"taxable","16":"purchasable","17":"product-type-simple"},"acf":[],"yoast_head":"<!-- This site is optimized with the Yoast SEO plugin v26.4 - https:\/\/yoast.com\/wordpress\/plugins\/seo\/ -->\n<title>APPERCU DES NUSIBLES ENCLAVES ECCISTANTES ENTRE LA TOSCANE, LUCQUES, MODENE LES EX-FIEFS, ET LE GENOIS. APPROSSIMAZIONE DEI PICCOLI ENCLAVE ESISTENTI TRA LA TOSCANA, LUCCA, GLI EX TERRITORI DI MODENA E IL GENOVESATO. - Istituto Geografico Militare<\/title>\n<meta name=\"robots\" content=\"index, follow, max-snippet:-1, max-image-preview:large, max-video-preview:-1\" \/>\n<link rel=\"canonical\" href=\"https:\/\/igmi.esercito.difesa.it\/en\/prodotto\/399362\/\" \/>\n<meta property=\"og:locale\" content=\"en_US\" \/>\n<meta property=\"og:type\" content=\"article\" \/>\n<meta property=\"og:title\" content=\"APPERCU DES NUSIBLES ENCLAVES ECCISTANTES ENTRE LA TOSCANE, LUCQUES, MODENE LES EX-FIEFS, ET LE GENOIS. APPROSSIMAZIONE DEI PICCOLI ENCLAVE ESISTENTI TRA LA TOSCANA, LUCCA, GLI EX TERRITORI DI MODENA E IL GENOVESATO. - Istituto Geografico Militare\" \/>\n<meta property=\"og:description\" content=\"Sullo stesso foglio sono stampate la planimetria e la parte didascalica delle osservazioni. La Planimetria \u00e8 acquerellata. Carta tematica relativa alla definizione dei confini tra Toscana e Stato di Modena discussa al congresso di Vienna. Tutte le scritte sono in lingua francese. La Planimetria \u00e8 acquerellata ed \u00e8 corredata la legenda esplicativa. La carta \u00e8 [&hellip;]\" \/>\n<meta property=\"og:url\" content=\"https:\/\/igmi.esercito.difesa.it\/en\/prodotto\/399362\/\" \/>\n<meta property=\"og:site_name\" content=\"Istituto Geografico Militare\" \/>\n<meta property=\"article:modified_time\" content=\"2026-02-22T07:54:39+00:00\" \/>\n<meta property=\"og:image\" content=\"https:\/\/igmi.esercito.difesa.it\/wp-content\/uploads\/B0000080.jpg\" \/>\n\t<meta property=\"og:image:width\" content=\"1000\" \/>\n\t<meta property=\"og:image:height\" content=\"789\" \/>\n\t<meta property=\"og:image:type\" content=\"image\/jpeg\" \/>\n<meta name=\"twitter:card\" content=\"summary_large_image\" \/>\n<meta name=\"twitter:label1\" content=\"Est. reading time\" \/>\n\t<meta name=\"twitter:data1\" content=\"1 minute\" \/>\n<script type=\"application\/ld+json\" class=\"yoast-schema-graph\">{\"@context\":\"https:\/\/schema.org\",\"@graph\":[{\"@type\":\"WebPage\",\"@id\":\"https:\/\/igmi.esercito.difesa.it\/en\/prodotto\/399362\/\",\"url\":\"https:\/\/igmi.esercito.difesa.it\/en\/prodotto\/399362\/\",\"name\":\"APPERCU DES NUSIBLES ENCLAVES ECCISTANTES ENTRE LA TOSCANE, LUCQUES, MODENE LES EX-FIEFS, ET LE GENOIS. APPROSSIMAZIONE DEI PICCOLI ENCLAVE ESISTENTI TRA LA TOSCANA, LUCCA, GLI EX TERRITORI DI MODENA E IL GENOVESATO. - Istituto Geografico Militare\",\"isPartOf\":{\"@id\":\"https:\/\/igmi.esercito.difesa.it\/en\/#website\"},\"primaryImageOfPage\":{\"@id\":\"https:\/\/igmi.esercito.difesa.it\/en\/prodotto\/399362\/#primaryimage\"},\"image\":{\"@id\":\"https:\/\/igmi.esercito.difesa.it\/en\/prodotto\/399362\/#primaryimage\"},\"thumbnailUrl\":\"https:\/\/igmi.esercito.difesa.it\/wp-content\/uploads\/B0000080.jpg\",\"datePublished\":\"2025-06-28T19:25:02+00:00\",\"dateModified\":\"2026-02-22T07:54:39+00:00\",\"breadcrumb\":{\"@id\":\"https:\/\/igmi.esercito.difesa.it\/en\/prodotto\/399362\/#breadcrumb\"},\"inLanguage\":\"en-US\",\"potentialAction\":[{\"@type\":\"ReadAction\",\"target\":[\"https:\/\/igmi.esercito.difesa.it\/en\/prodotto\/399362\/\"]}]},{\"@type\":\"ImageObject\",\"inLanguage\":\"en-US\",\"@id\":\"https:\/\/igmi.esercito.difesa.it\/en\/prodotto\/399362\/#primaryimage\",\"url\":\"https:\/\/igmi.esercito.difesa.it\/wp-content\/uploads\/B0000080.jpg\",\"contentUrl\":\"https:\/\/igmi.esercito.difesa.it\/wp-content\/uploads\/B0000080.jpg\",\"width\":1000,\"height\":789},{\"@type\":\"BreadcrumbList\",\"@id\":\"https:\/\/igmi.esercito.difesa.it\/en\/prodotto\/399362\/#breadcrumb\",\"itemListElement\":[{\"@type\":\"ListItem\",\"position\":1,\"name\":\"Home\",\"item\":\"https:\/\/igmi.esercito.difesa.it\/en\/homepage\/\"},{\"@type\":\"ListItem\",\"position\":2,\"name\":\"Products\",\"item\":\"https:\/\/igmi.esercito.difesa.it\/en\/shop\/\"},{\"@type\":\"ListItem\",\"position\":3,\"name\":\"APPERCU DES NUSIBLES ENCLAVES ECCISTANTES ENTRE LA TOSCANE, LUCQUES, MODENE LES EX-FIEFS, ET LE GENOIS. APPROSSIMAZIONE DEI PICCOLI ENCLAVE ESISTENTI TRA LA TOSCANA, LUCCA, GLI EX TERRITORI DI MODENA E IL GENOVESATO.\"}]},{\"@type\":\"WebSite\",\"@id\":\"https:\/\/igmi.esercito.difesa.it\/en\/#website\",\"url\":\"https:\/\/igmi.esercito.difesa.it\/en\/\",\"name\":\"Istituto Geografico Militare\",\"description\":\"Ente cartografico dello stato\",\"publisher\":{\"@id\":\"https:\/\/igmi.esercito.difesa.it\/en\/#organization\"},\"potentialAction\":[{\"@type\":\"SearchAction\",\"target\":{\"@type\":\"EntryPoint\",\"urlTemplate\":\"https:\/\/igmi.esercito.difesa.it\/en\/?s={search_term_string}\"},\"query-input\":{\"@type\":\"PropertyValueSpecification\",\"valueRequired\":true,\"valueName\":\"search_term_string\"}}],\"inLanguage\":\"en-US\"},{\"@type\":\"Organization\",\"@id\":\"https:\/\/igmi.esercito.difesa.it\/en\/#organization\",\"name\":\"Istituto Geografico Militare\",\"url\":\"https:\/\/igmi.esercito.difesa.it\/en\/\",\"logo\":{\"@type\":\"ImageObject\",\"inLanguage\":\"en-US\",\"@id\":\"https:\/\/igmi.esercito.difesa.it\/en\/#\/schema\/logo\/image\/\",\"url\":\"https:\/\/igmi.esercito.difesa.it\/wp-content\/uploads\/2025\/04\/Logo-igm.webp\",\"contentUrl\":\"https:\/\/igmi.esercito.difesa.it\/wp-content\/uploads\/2025\/04\/Logo-igm.webp\",\"width\":1320,\"height\":1696,\"caption\":\"Istituto Geografico Militare\"},\"image\":{\"@id\":\"https:\/\/igmi.esercito.difesa.it\/en\/#\/schema\/logo\/image\/\"}}]}<\/script>\n<!-- \/ Yoast SEO plugin. -->","yoast_head_json":{"title":"APPERCU DES NUSIBLES ENCLAVES ECCISTANTES ENTRE LA TOSCANE, LUCQUES, MODENE LES EX-FIEFS, ET LE GENOIS. APPROSSIMAZIONE DEI PICCOLI ENCLAVE ESISTENTI TRA LA TOSCANA, LUCCA, GLI EX TERRITORI DI MODENA E IL GENOVESATO. - Istituto Geografico Militare","robots":{"index":"index","follow":"follow","max-snippet":"max-snippet:-1","max-image-preview":"max-image-preview:large","max-video-preview":"max-video-preview:-1"},"canonical":"https:\/\/igmi.esercito.difesa.it\/en\/prodotto\/399362\/","og_locale":"en_US","og_type":"article","og_title":"APPERCU DES NUSIBLES ENCLAVES ECCISTANTES ENTRE LA TOSCANE, LUCQUES, MODENE LES EX-FIEFS, ET LE GENOIS. APPROSSIMAZIONE DEI PICCOLI ENCLAVE ESISTENTI TRA LA TOSCANA, LUCCA, GLI EX TERRITORI DI MODENA E IL GENOVESATO. - Istituto Geografico Militare","og_description":"Sullo stesso foglio sono stampate la planimetria e la parte didascalica delle osservazioni. La Planimetria \u00e8 acquerellata. Carta tematica relativa alla definizione dei confini tra Toscana e Stato di Modena discussa al congresso di Vienna. Tutte le scritte sono in lingua francese. La Planimetria \u00e8 acquerellata ed \u00e8 corredata la legenda esplicativa. La carta \u00e8 [&hellip;]","og_url":"https:\/\/igmi.esercito.difesa.it\/en\/prodotto\/399362\/","og_site_name":"Istituto Geografico Militare","article_modified_time":"2026-02-22T07:54:39+00:00","og_image":[{"width":1000,"height":789,"url":"https:\/\/igmi.esercito.difesa.it\/wp-content\/uploads\/B0000080.jpg","type":"image\/jpeg"}],"twitter_card":"summary_large_image","twitter_misc":{"Est. reading time":"1 minute"},"schema":{"@context":"https:\/\/schema.org","@graph":[{"@type":"WebPage","@id":"https:\/\/igmi.esercito.difesa.it\/en\/prodotto\/399362\/","url":"https:\/\/igmi.esercito.difesa.it\/en\/prodotto\/399362\/","name":"APPERCU DES NUSIBLES ENCLAVES ECCISTANTES ENTRE LA TOSCANE, LUCQUES, MODENE LES EX-FIEFS, ET LE GENOIS. APPROSSIMAZIONE DEI PICCOLI ENCLAVE ESISTENTI TRA LA TOSCANA, LUCCA, GLI EX TERRITORI DI MODENA E IL GENOVESATO. - Istituto Geografico Militare","isPartOf":{"@id":"https:\/\/igmi.esercito.difesa.it\/en\/#website"},"primaryImageOfPage":{"@id":"https:\/\/igmi.esercito.difesa.it\/en\/prodotto\/399362\/#primaryimage"},"image":{"@id":"https:\/\/igmi.esercito.difesa.it\/en\/prodotto\/399362\/#primaryimage"},"thumbnailUrl":"https:\/\/igmi.esercito.difesa.it\/wp-content\/uploads\/B0000080.jpg","datePublished":"2025-06-28T19:25:02+00:00","dateModified":"2026-02-22T07:54:39+00:00","breadcrumb":{"@id":"https:\/\/igmi.esercito.difesa.it\/en\/prodotto\/399362\/#breadcrumb"},"inLanguage":"en-US","potentialAction":[{"@type":"ReadAction","target":["https:\/\/igmi.esercito.difesa.it\/en\/prodotto\/399362\/"]}]},{"@type":"ImageObject","inLanguage":"en-US","@id":"https:\/\/igmi.esercito.difesa.it\/en\/prodotto\/399362\/#primaryimage","url":"https:\/\/igmi.esercito.difesa.it\/wp-content\/uploads\/B0000080.jpg","contentUrl":"https:\/\/igmi.esercito.difesa.it\/wp-content\/uploads\/B0000080.jpg","width":1000,"height":789},{"@type":"BreadcrumbList","@id":"https:\/\/igmi.esercito.difesa.it\/en\/prodotto\/399362\/#breadcrumb","itemListElement":[{"@type":"ListItem","position":1,"name":"Home","item":"https:\/\/igmi.esercito.difesa.it\/en\/homepage\/"},{"@type":"ListItem","position":2,"name":"Products","item":"https:\/\/igmi.esercito.difesa.it\/en\/shop\/"},{"@type":"ListItem","position":3,"name":"APPERCU DES NUSIBLES ENCLAVES ECCISTANTES ENTRE LA TOSCANE, LUCQUES, MODENE LES EX-FIEFS, ET LE GENOIS. APPROSSIMAZIONE DEI PICCOLI ENCLAVE ESISTENTI TRA LA TOSCANA, LUCCA, GLI EX TERRITORI DI MODENA E IL GENOVESATO."}]},{"@type":"WebSite","@id":"https:\/\/igmi.esercito.difesa.it\/en\/#website","url":"https:\/\/igmi.esercito.difesa.it\/en\/","name":"Istituto Geografico Militare","description":"Ente cartografico dello stato","publisher":{"@id":"https:\/\/igmi.esercito.difesa.it\/en\/#organization"},"potentialAction":[{"@type":"SearchAction","target":{"@type":"EntryPoint","urlTemplate":"https:\/\/igmi.esercito.difesa.it\/en\/?s={search_term_string}"},"query-input":{"@type":"PropertyValueSpecification","valueRequired":true,"valueName":"search_term_string"}}],"inLanguage":"en-US"},{"@type":"Organization","@id":"https:\/\/igmi.esercito.difesa.it\/en\/#organization","name":"Istituto Geografico Militare","url":"https:\/\/igmi.esercito.difesa.it\/en\/","logo":{"@type":"ImageObject","inLanguage":"en-US","@id":"https:\/\/igmi.esercito.difesa.it\/en\/#\/schema\/logo\/image\/","url":"https:\/\/igmi.esercito.difesa.it\/wp-content\/uploads\/2025\/04\/Logo-igm.webp","contentUrl":"https:\/\/igmi.esercito.difesa.it\/wp-content\/uploads\/2025\/04\/Logo-igm.webp","width":1320,"height":1696,"caption":"Istituto Geografico Militare"},"image":{"@id":"https:\/\/igmi.esercito.difesa.it\/en\/#\/schema\/logo\/image\/"}}]}},"_links":{"self":[{"href":"https:\/\/igmi.esercito.difesa.it\/en\/wp-json\/wp\/v2\/product\/385534","targetHints":{"allow":["GET"]}}],"collection":[{"href":"https:\/\/igmi.esercito.difesa.it\/en\/wp-json\/wp\/v2\/product"}],"about":[{"href":"https:\/\/igmi.esercito.difesa.it\/en\/wp-json\/wp\/v2\/types\/product"}],"wp:featuredmedia":[{"embeddable":true,"href":"https:\/\/igmi.esercito.difesa.it\/en\/wp-json\/wp\/v2\/media\/772948"}],"wp:attachment":[{"href":"https:\/\/igmi.esercito.difesa.it\/en\/wp-json\/wp\/v2\/media?parent=385534"}],"wp:term":[{"taxonomy":"product_brand","embeddable":true,"href":"https:\/\/igmi.esercito.difesa.it\/en\/wp-json\/wp\/v2\/product_brand?post=385534"},{"taxonomy":"product_cat","embeddable":true,"href":"https:\/\/igmi.esercito.difesa.it\/en\/wp-json\/wp\/v2\/product_cat?post=385534"},{"taxonomy":"product_tag","embeddable":true,"href":"https:\/\/igmi.esercito.difesa.it\/en\/wp-json\/wp\/v2\/product_tag?post=385534"}],"curies":[{"name":"wp","href":"https:\/\/api.w.org\/{rel}","templated":true}]}}