{"id":390113,"date":"2025-06-29T04:26:57","date_gmt":"2025-06-29T02:26:57","guid":{"rendered":"https:\/\/igmi.esercito.difesa.it\/prodotto\/400612\/"},"modified":"2026-04-10T04:13:31","modified_gmt":"2026-04-10T02:13:31","slug":"400612","status":"publish","type":"product","link":"https:\/\/igmi.esercito.difesa.it\/en\/prodotto\/400612\/","title":{"rendered":"RIPRODUZIONE DEL 1932 DELLA  PIANTA DI ROMA  AL TEMPO DI BENEDETTO XIV DI GIAMBATTISTA NOLLI &#8211; INTRODUZIONE E INDICI"},"content":{"rendered":"<p>Riproduzione in fototipia da una copia vaticana della pianta costruita nel 1748 da Giambattista Nolli. Questa pianta \u00e8 ritenuta &#8220;la prima delineata in grandiose proporzioni con geometrica esattezza&#8221; &#8220;e serv\u00ec alla delimitazione dei rioni ordinata dal Papa Benedetto XIV. Riprodotta per molte volte in moduli diversa \u00e8 tenuta in alto pregio anche dagli archeologi&#8221;. L&#8217;originale si compone di 12 fogli misuranti ognuno cm. 36&#215;56. Il foglio II reca la dedica a Papa Benedetto XIV e i nomi Rocco Pozzi Romano, Pietro Campana da Soriano, e Carlo Nolli inc.; indi al margine inferiore della dedica &#8220;Misurata delin. ed a proprie Spese data in luce da Giambatta Nolli Geom.; ed Arch.\u00b0 l&#8217;Anno 1748&#8221;. Sul foglio 9 \u00e8 scritto &#8220;Si stampa in Roma con Privil. del Som.\u00b0 Pontefice e licenza de&#8217; Superiori&#8221;. Sul foglio 12 &#8220;Stefano Pozzi Pit. impr. delin.&#8221;. La riproduzione, che fa parte della serie curata dalla Biblioteca Vaticana, misura m. 1,34&#215;1,60: \u00e8 montata su tela a stacchi e contenuta in busta: \u00e8 accompagnata da una introduzione di Francesco Ehrle S. I. (Le Piante maggiori di Roma dei secoli XVI-XVIII, riprodotte in fototipia a cura della Biblioteca Vaticana, che contiene anche i due ricchi indici dei nomi della carta uno per rioni ed uno alfabetico (un pregio anche questo della bella pianta del Nolli) e la riproduzione di una piccola pianta riduzione della grande dello stesso Nolli e da lui dedicata al Cardinale Albani nel 1748.<\/p>\n","protected":false},"excerpt":{"rendered":"<p>Riproduzione in fototipia da una copia vaticana della pianta costruita nel 1748 da Giambattista Nolli. Questa pianta \u00e8 ritenuta &#8220;la prima delineata in grandiose proporzioni con geometrica esattezza&#8221; &#8220;e serv\u00ec alla delimitazione dei rioni ordinata dal Papa Benedetto XIV. Riprodotta per molte volte in moduli diversa \u00e8 tenuta in alto pregio anche dagli archeologi&#8221;. L&#8217;originale [&hellip;]<\/p>\n","protected":false},"featured_media":787738,"template":"","meta":{"_acf_changed":false},"product_brand":[],"product_cat":[191,447],"product_tag":[334],"class_list":{"0":"post-390113","1":"product","2":"type-product","3":"status-publish","4":"has-post-thumbnail","6":"product_cat-carte-antiche","7":"product_cat-tecnica_risoluzione_carta_antica","8":"product_tag-carta-antica","10":"first","11":"instock","12":"downloadable","13":"virtual","14":"sold-individually","15":"taxable","16":"purchasable","17":"product-type-simple"},"acf":[],"yoast_head":"<!-- This site is optimized with the Yoast SEO plugin v26.4 - https:\/\/yoast.com\/wordpress\/plugins\/seo\/ -->\n<title>RIPRODUZIONE DEL 1932 DELLA PIANTA DI ROMA AL TEMPO DI BENEDETTO XIV DI GIAMBATTISTA NOLLI - INTRODUZIONE E INDICI - Istituto Geografico Militare<\/title>\n<meta name=\"robots\" content=\"index, follow, max-snippet:-1, max-image-preview:large, max-video-preview:-1\" \/>\n<link rel=\"canonical\" href=\"https:\/\/igmi.esercito.difesa.it\/en\/prodotto\/400612\/\" \/>\n<meta property=\"og:locale\" content=\"en_US\" \/>\n<meta property=\"og:type\" content=\"article\" \/>\n<meta property=\"og:title\" content=\"RIPRODUZIONE DEL 1932 DELLA PIANTA DI ROMA AL TEMPO DI BENEDETTO XIV DI GIAMBATTISTA NOLLI - INTRODUZIONE E INDICI - Istituto Geografico Militare\" \/>\n<meta property=\"og:description\" content=\"Riproduzione in fototipia da una copia vaticana della pianta costruita nel 1748 da Giambattista Nolli. Questa pianta \u00e8 ritenuta &#8220;la prima delineata in grandiose proporzioni con geometrica esattezza&#8221; &#8220;e serv\u00ec alla delimitazione dei rioni ordinata dal Papa Benedetto XIV. Riprodotta per molte volte in moduli diversa \u00e8 tenuta in alto pregio anche dagli archeologi&#8221;. L&#8217;originale [&hellip;]\" \/>\n<meta property=\"og:url\" content=\"https:\/\/igmi.esercito.difesa.it\/en\/prodotto\/400612\/\" \/>\n<meta property=\"og:site_name\" content=\"Istituto Geografico Militare\" \/>\n<meta property=\"article:modified_time\" content=\"2026-04-10T02:13:31+00:00\" \/>\n<meta property=\"og:image\" content=\"https:\/\/igmi.esercito.difesa.it\/wp-content\/uploads\/B0014056.jpg\" \/>\n\t<meta property=\"og:image:width\" content=\"1000\" \/>\n\t<meta property=\"og:image:height\" content=\"1397\" \/>\n\t<meta property=\"og:image:type\" content=\"image\/jpeg\" \/>\n<meta name=\"twitter:card\" content=\"summary_large_image\" \/>\n<meta name=\"twitter:label1\" content=\"Est. reading time\" \/>\n\t<meta name=\"twitter:data1\" content=\"1 minute\" \/>\n<script type=\"application\/ld+json\" class=\"yoast-schema-graph\">{\"@context\":\"https:\/\/schema.org\",\"@graph\":[{\"@type\":\"WebPage\",\"@id\":\"https:\/\/igmi.esercito.difesa.it\/en\/prodotto\/400612\/\",\"url\":\"https:\/\/igmi.esercito.difesa.it\/en\/prodotto\/400612\/\",\"name\":\"RIPRODUZIONE DEL 1932 DELLA PIANTA DI ROMA AL TEMPO DI BENEDETTO XIV DI GIAMBATTISTA NOLLI - INTRODUZIONE E INDICI - Istituto Geografico Militare\",\"isPartOf\":{\"@id\":\"https:\/\/igmi.esercito.difesa.it\/en\/#website\"},\"primaryImageOfPage\":{\"@id\":\"https:\/\/igmi.esercito.difesa.it\/en\/prodotto\/400612\/#primaryimage\"},\"image\":{\"@id\":\"https:\/\/igmi.esercito.difesa.it\/en\/prodotto\/400612\/#primaryimage\"},\"thumbnailUrl\":\"https:\/\/igmi.esercito.difesa.it\/wp-content\/uploads\/B0014056.jpg\",\"datePublished\":\"2025-06-29T02:26:57+00:00\",\"dateModified\":\"2026-04-10T02:13:31+00:00\",\"breadcrumb\":{\"@id\":\"https:\/\/igmi.esercito.difesa.it\/en\/prodotto\/400612\/#breadcrumb\"},\"inLanguage\":\"en-US\",\"potentialAction\":[{\"@type\":\"ReadAction\",\"target\":[\"https:\/\/igmi.esercito.difesa.it\/en\/prodotto\/400612\/\"]}]},{\"@type\":\"ImageObject\",\"inLanguage\":\"en-US\",\"@id\":\"https:\/\/igmi.esercito.difesa.it\/en\/prodotto\/400612\/#primaryimage\",\"url\":\"https:\/\/igmi.esercito.difesa.it\/wp-content\/uploads\/B0014056.jpg\",\"contentUrl\":\"https:\/\/igmi.esercito.difesa.it\/wp-content\/uploads\/B0014056.jpg\",\"width\":1000,\"height\":1397},{\"@type\":\"BreadcrumbList\",\"@id\":\"https:\/\/igmi.esercito.difesa.it\/en\/prodotto\/400612\/#breadcrumb\",\"itemListElement\":[{\"@type\":\"ListItem\",\"position\":1,\"name\":\"Home\",\"item\":\"https:\/\/igmi.esercito.difesa.it\/en\/homepage\/\"},{\"@type\":\"ListItem\",\"position\":2,\"name\":\"Products\",\"item\":\"https:\/\/igmi.esercito.difesa.it\/en\/shop\/\"},{\"@type\":\"ListItem\",\"position\":3,\"name\":\"RIPRODUZIONE DEL 1932 DELLA PIANTA DI ROMA AL TEMPO DI BENEDETTO XIV DI GIAMBATTISTA NOLLI &#8211; INTRODUZIONE E INDICI\"}]},{\"@type\":\"WebSite\",\"@id\":\"https:\/\/igmi.esercito.difesa.it\/en\/#website\",\"url\":\"https:\/\/igmi.esercito.difesa.it\/en\/\",\"name\":\"Istituto Geografico Militare\",\"description\":\"Ente cartografico dello stato\",\"publisher\":{\"@id\":\"https:\/\/igmi.esercito.difesa.it\/en\/#organization\"},\"potentialAction\":[{\"@type\":\"SearchAction\",\"target\":{\"@type\":\"EntryPoint\",\"urlTemplate\":\"https:\/\/igmi.esercito.difesa.it\/en\/?s={search_term_string}\"},\"query-input\":{\"@type\":\"PropertyValueSpecification\",\"valueRequired\":true,\"valueName\":\"search_term_string\"}}],\"inLanguage\":\"en-US\"},{\"@type\":\"Organization\",\"@id\":\"https:\/\/igmi.esercito.difesa.it\/en\/#organization\",\"name\":\"Istituto Geografico Militare\",\"url\":\"https:\/\/igmi.esercito.difesa.it\/en\/\",\"logo\":{\"@type\":\"ImageObject\",\"inLanguage\":\"en-US\",\"@id\":\"https:\/\/igmi.esercito.difesa.it\/en\/#\/schema\/logo\/image\/\",\"url\":\"https:\/\/igmi.esercito.difesa.it\/wp-content\/uploads\/2025\/04\/Logo-igm.webp\",\"contentUrl\":\"https:\/\/igmi.esercito.difesa.it\/wp-content\/uploads\/2025\/04\/Logo-igm.webp\",\"width\":1320,\"height\":1696,\"caption\":\"Istituto Geografico Militare\"},\"image\":{\"@id\":\"https:\/\/igmi.esercito.difesa.it\/en\/#\/schema\/logo\/image\/\"}}]}<\/script>\n<!-- \/ Yoast SEO plugin. -->","yoast_head_json":{"title":"RIPRODUZIONE DEL 1932 DELLA PIANTA DI ROMA AL TEMPO DI BENEDETTO XIV DI GIAMBATTISTA NOLLI - INTRODUZIONE E INDICI - Istituto Geografico Militare","robots":{"index":"index","follow":"follow","max-snippet":"max-snippet:-1","max-image-preview":"max-image-preview:large","max-video-preview":"max-video-preview:-1"},"canonical":"https:\/\/igmi.esercito.difesa.it\/en\/prodotto\/400612\/","og_locale":"en_US","og_type":"article","og_title":"RIPRODUZIONE DEL 1932 DELLA PIANTA DI ROMA AL TEMPO DI BENEDETTO XIV DI GIAMBATTISTA NOLLI - INTRODUZIONE E INDICI - Istituto Geografico Militare","og_description":"Riproduzione in fototipia da una copia vaticana della pianta costruita nel 1748 da Giambattista Nolli. Questa pianta \u00e8 ritenuta &#8220;la prima delineata in grandiose proporzioni con geometrica esattezza&#8221; &#8220;e serv\u00ec alla delimitazione dei rioni ordinata dal Papa Benedetto XIV. Riprodotta per molte volte in moduli diversa \u00e8 tenuta in alto pregio anche dagli archeologi&#8221;. L&#8217;originale [&hellip;]","og_url":"https:\/\/igmi.esercito.difesa.it\/en\/prodotto\/400612\/","og_site_name":"Istituto Geografico Militare","article_modified_time":"2026-04-10T02:13:31+00:00","og_image":[{"width":1000,"height":1397,"url":"https:\/\/igmi.esercito.difesa.it\/wp-content\/uploads\/B0014056.jpg","type":"image\/jpeg"}],"twitter_card":"summary_large_image","twitter_misc":{"Est. reading time":"1 minute"},"schema":{"@context":"https:\/\/schema.org","@graph":[{"@type":"WebPage","@id":"https:\/\/igmi.esercito.difesa.it\/en\/prodotto\/400612\/","url":"https:\/\/igmi.esercito.difesa.it\/en\/prodotto\/400612\/","name":"RIPRODUZIONE DEL 1932 DELLA PIANTA DI ROMA AL TEMPO DI BENEDETTO XIV DI GIAMBATTISTA NOLLI - INTRODUZIONE E INDICI - Istituto Geografico Militare","isPartOf":{"@id":"https:\/\/igmi.esercito.difesa.it\/en\/#website"},"primaryImageOfPage":{"@id":"https:\/\/igmi.esercito.difesa.it\/en\/prodotto\/400612\/#primaryimage"},"image":{"@id":"https:\/\/igmi.esercito.difesa.it\/en\/prodotto\/400612\/#primaryimage"},"thumbnailUrl":"https:\/\/igmi.esercito.difesa.it\/wp-content\/uploads\/B0014056.jpg","datePublished":"2025-06-29T02:26:57+00:00","dateModified":"2026-04-10T02:13:31+00:00","breadcrumb":{"@id":"https:\/\/igmi.esercito.difesa.it\/en\/prodotto\/400612\/#breadcrumb"},"inLanguage":"en-US","potentialAction":[{"@type":"ReadAction","target":["https:\/\/igmi.esercito.difesa.it\/en\/prodotto\/400612\/"]}]},{"@type":"ImageObject","inLanguage":"en-US","@id":"https:\/\/igmi.esercito.difesa.it\/en\/prodotto\/400612\/#primaryimage","url":"https:\/\/igmi.esercito.difesa.it\/wp-content\/uploads\/B0014056.jpg","contentUrl":"https:\/\/igmi.esercito.difesa.it\/wp-content\/uploads\/B0014056.jpg","width":1000,"height":1397},{"@type":"BreadcrumbList","@id":"https:\/\/igmi.esercito.difesa.it\/en\/prodotto\/400612\/#breadcrumb","itemListElement":[{"@type":"ListItem","position":1,"name":"Home","item":"https:\/\/igmi.esercito.difesa.it\/en\/homepage\/"},{"@type":"ListItem","position":2,"name":"Products","item":"https:\/\/igmi.esercito.difesa.it\/en\/shop\/"},{"@type":"ListItem","position":3,"name":"RIPRODUZIONE DEL 1932 DELLA PIANTA DI ROMA AL TEMPO DI BENEDETTO XIV DI GIAMBATTISTA NOLLI &#8211; INTRODUZIONE E INDICI"}]},{"@type":"WebSite","@id":"https:\/\/igmi.esercito.difesa.it\/en\/#website","url":"https:\/\/igmi.esercito.difesa.it\/en\/","name":"Istituto Geografico Militare","description":"Ente cartografico dello stato","publisher":{"@id":"https:\/\/igmi.esercito.difesa.it\/en\/#organization"},"potentialAction":[{"@type":"SearchAction","target":{"@type":"EntryPoint","urlTemplate":"https:\/\/igmi.esercito.difesa.it\/en\/?s={search_term_string}"},"query-input":{"@type":"PropertyValueSpecification","valueRequired":true,"valueName":"search_term_string"}}],"inLanguage":"en-US"},{"@type":"Organization","@id":"https:\/\/igmi.esercito.difesa.it\/en\/#organization","name":"Istituto Geografico Militare","url":"https:\/\/igmi.esercito.difesa.it\/en\/","logo":{"@type":"ImageObject","inLanguage":"en-US","@id":"https:\/\/igmi.esercito.difesa.it\/en\/#\/schema\/logo\/image\/","url":"https:\/\/igmi.esercito.difesa.it\/wp-content\/uploads\/2025\/04\/Logo-igm.webp","contentUrl":"https:\/\/igmi.esercito.difesa.it\/wp-content\/uploads\/2025\/04\/Logo-igm.webp","width":1320,"height":1696,"caption":"Istituto Geografico Militare"},"image":{"@id":"https:\/\/igmi.esercito.difesa.it\/en\/#\/schema\/logo\/image\/"}}]}},"_links":{"self":[{"href":"https:\/\/igmi.esercito.difesa.it\/en\/wp-json\/wp\/v2\/product\/390113","targetHints":{"allow":["GET"]}}],"collection":[{"href":"https:\/\/igmi.esercito.difesa.it\/en\/wp-json\/wp\/v2\/product"}],"about":[{"href":"https:\/\/igmi.esercito.difesa.it\/en\/wp-json\/wp\/v2\/types\/product"}],"wp:featuredmedia":[{"embeddable":true,"href":"https:\/\/igmi.esercito.difesa.it\/en\/wp-json\/wp\/v2\/media\/787738"}],"wp:attachment":[{"href":"https:\/\/igmi.esercito.difesa.it\/en\/wp-json\/wp\/v2\/media?parent=390113"}],"wp:term":[{"taxonomy":"product_brand","embeddable":true,"href":"https:\/\/igmi.esercito.difesa.it\/en\/wp-json\/wp\/v2\/product_brand?post=390113"},{"taxonomy":"product_cat","embeddable":true,"href":"https:\/\/igmi.esercito.difesa.it\/en\/wp-json\/wp\/v2\/product_cat?post=390113"},{"taxonomy":"product_tag","embeddable":true,"href":"https:\/\/igmi.esercito.difesa.it\/en\/wp-json\/wp\/v2\/product_tag?post=390113"}],"curies":[{"name":"wp","href":"https:\/\/api.w.org\/{rel}","templated":true}]}}