{"id":391764,"date":"2025-06-29T07:06:40","date_gmt":"2025-06-29T05:06:40","guid":{"rendered":"https:\/\/igmi.esercito.difesa.it\/prodotto\/401138\/"},"modified":"2026-02-22T14:36:21","modified_gmt":"2026-02-22T13:36:21","slug":"401138","status":"publish","type":"product","link":"https:\/\/igmi.esercito.difesa.it\/en\/prodotto\/401138\/","title":{"rendered":"A NEW MAP OF THE UPPER PART OF ITALY, BY H. MOLL GEOGRAPHER  &#8211; (Italia)"},"content":{"rendered":"<p>&#8230;(NUOVA CARTA DELL&#8217;ITALIA SUPERIORE CONTENENTE IL PRINCIPATO DEL PIEMONTE, IL DUCATO DI SAVOIA, DI MILANO, DI PARMA, DI MANTOVA, DI TOSCANA, I DOMINI DEL PAPA, ECC., LE REPUBBLICHE DI VENEZIA, GENOVA, LUCCA, ECC.).<br \/>\nCarta incisa su rame con orografia prospettica a monticelli e rappresentazione delle vie postali. Orientamento normale: le longitudini sono riferite al meridiano di Greenwich. A destra trovansi i piani schematici delle citt\u00e0 di Venezia, Mantova, Milano, Torino, Genova, Piacenza, Parma, Modena, Firenze, Roma. A sinistra una cartina del porto di Civitavecchia, e una veduta della citt\u00e0 e del porto di Livorno. La carta fa parte di una serie di 28, come riportato nella leggenda. Il Moll costru\u00ec anche un Atlante di 62 tavole (New Atlas Minor or sett of sixty two new and correct maps). In nota \u00e8 precisato che le distanze tra Lione e Torino sono calcolate in leghe francesi; le altre in miglia inglesi.<br \/>\nCfr. anche la carta al n. 31 d&#8217;ordine (Coll. Muller n. 19).<\/p>\n","protected":false},"excerpt":{"rendered":"<p>&#8230;(NUOVA CARTA DELL&#8217;ITALIA SUPERIORE CONTENENTE IL PRINCIPATO DEL PIEMONTE, IL DUCATO DI SAVOIA, DI MILANO, DI PARMA, DI MANTOVA, DI TOSCANA, I DOMINI DEL PAPA, ECC., LE REPUBBLICHE DI VENEZIA, GENOVA, LUCCA, ECC.). Carta incisa su rame con orografia prospettica a monticelli e rappresentazione delle vie postali. Orientamento normale: le longitudini sono riferite al meridiano [&hellip;]<\/p>\n","protected":false},"featured_media":793211,"template":"","meta":{"_acf_changed":false},"product_brand":[],"product_cat":[191,447],"product_tag":[334],"class_list":{"0":"post-391764","1":"product","2":"type-product","3":"status-publish","4":"has-post-thumbnail","6":"product_cat-carte-antiche","7":"product_cat-tecnica_risoluzione_carta_antica","8":"product_tag-carta-antica","10":"first","11":"instock","12":"downloadable","13":"virtual","14":"sold-individually","15":"taxable","16":"purchasable","17":"product-type-simple"},"acf":[],"yoast_head":"<!-- This site is optimized with the Yoast SEO plugin v26.4 - https:\/\/yoast.com\/wordpress\/plugins\/seo\/ -->\n<title>A NEW MAP OF THE UPPER PART OF ITALY, BY H. MOLL GEOGRAPHER - (Italia) - Istituto Geografico Militare<\/title>\n<meta name=\"robots\" content=\"index, follow, max-snippet:-1, max-image-preview:large, max-video-preview:-1\" \/>\n<link rel=\"canonical\" href=\"https:\/\/igmi.esercito.difesa.it\/en\/prodotto\/401138\/\" \/>\n<meta property=\"og:locale\" content=\"en_US\" \/>\n<meta property=\"og:type\" content=\"article\" \/>\n<meta property=\"og:title\" content=\"A NEW MAP OF THE UPPER PART OF ITALY, BY H. MOLL GEOGRAPHER - (Italia) - Istituto Geografico Militare\" \/>\n<meta property=\"og:description\" content=\"&#8230;(NUOVA CARTA DELL&#8217;ITALIA SUPERIORE CONTENENTE IL PRINCIPATO DEL PIEMONTE, IL DUCATO DI SAVOIA, DI MILANO, DI PARMA, DI MANTOVA, DI TOSCANA, I DOMINI DEL PAPA, ECC., LE REPUBBLICHE DI VENEZIA, GENOVA, LUCCA, ECC.). Carta incisa su rame con orografia prospettica a monticelli e rappresentazione delle vie postali. Orientamento normale: le longitudini sono riferite al meridiano [&hellip;]\" \/>\n<meta property=\"og:url\" content=\"https:\/\/igmi.esercito.difesa.it\/en\/prodotto\/401138\/\" \/>\n<meta property=\"og:site_name\" content=\"Istituto Geografico Militare\" \/>\n<meta property=\"article:modified_time\" content=\"2026-02-22T13:36:21+00:00\" \/>\n<meta property=\"og:image\" content=\"https:\/\/igmi.esercito.difesa.it\/wp-content\/uploads\/B0007242.jpg\" \/>\n\t<meta property=\"og:image:width\" content=\"1000\" \/>\n\t<meta property=\"og:image:height\" content=\"615\" \/>\n\t<meta property=\"og:image:type\" content=\"image\/jpeg\" \/>\n<meta name=\"twitter:card\" content=\"summary_large_image\" \/>\n<meta name=\"twitter:label1\" content=\"Est. reading time\" \/>\n\t<meta name=\"twitter:data1\" content=\"1 minute\" \/>\n<script type=\"application\/ld+json\" class=\"yoast-schema-graph\">{\"@context\":\"https:\/\/schema.org\",\"@graph\":[{\"@type\":\"WebPage\",\"@id\":\"https:\/\/igmi.esercito.difesa.it\/en\/prodotto\/401138\/\",\"url\":\"https:\/\/igmi.esercito.difesa.it\/en\/prodotto\/401138\/\",\"name\":\"A NEW MAP OF THE UPPER PART OF ITALY, BY H. MOLL GEOGRAPHER - (Italia) - Istituto Geografico Militare\",\"isPartOf\":{\"@id\":\"https:\/\/igmi.esercito.difesa.it\/en\/#website\"},\"primaryImageOfPage\":{\"@id\":\"https:\/\/igmi.esercito.difesa.it\/en\/prodotto\/401138\/#primaryimage\"},\"image\":{\"@id\":\"https:\/\/igmi.esercito.difesa.it\/en\/prodotto\/401138\/#primaryimage\"},\"thumbnailUrl\":\"https:\/\/igmi.esercito.difesa.it\/wp-content\/uploads\/B0007242.jpg\",\"datePublished\":\"2025-06-29T05:06:40+00:00\",\"dateModified\":\"2026-02-22T13:36:21+00:00\",\"breadcrumb\":{\"@id\":\"https:\/\/igmi.esercito.difesa.it\/en\/prodotto\/401138\/#breadcrumb\"},\"inLanguage\":\"en-US\",\"potentialAction\":[{\"@type\":\"ReadAction\",\"target\":[\"https:\/\/igmi.esercito.difesa.it\/en\/prodotto\/401138\/\"]}]},{\"@type\":\"ImageObject\",\"inLanguage\":\"en-US\",\"@id\":\"https:\/\/igmi.esercito.difesa.it\/en\/prodotto\/401138\/#primaryimage\",\"url\":\"https:\/\/igmi.esercito.difesa.it\/wp-content\/uploads\/B0007242.jpg\",\"contentUrl\":\"https:\/\/igmi.esercito.difesa.it\/wp-content\/uploads\/B0007242.jpg\",\"width\":1000,\"height\":615},{\"@type\":\"BreadcrumbList\",\"@id\":\"https:\/\/igmi.esercito.difesa.it\/en\/prodotto\/401138\/#breadcrumb\",\"itemListElement\":[{\"@type\":\"ListItem\",\"position\":1,\"name\":\"Home\",\"item\":\"https:\/\/igmi.esercito.difesa.it\/en\/homepage\/\"},{\"@type\":\"ListItem\",\"position\":2,\"name\":\"Products\",\"item\":\"https:\/\/igmi.esercito.difesa.it\/en\/shop\/\"},{\"@type\":\"ListItem\",\"position\":3,\"name\":\"A NEW MAP OF THE UPPER PART OF ITALY, BY H. MOLL GEOGRAPHER &#8211; (Italia)\"}]},{\"@type\":\"WebSite\",\"@id\":\"https:\/\/igmi.esercito.difesa.it\/en\/#website\",\"url\":\"https:\/\/igmi.esercito.difesa.it\/en\/\",\"name\":\"Istituto Geografico Militare\",\"description\":\"Ente cartografico dello stato\",\"publisher\":{\"@id\":\"https:\/\/igmi.esercito.difesa.it\/en\/#organization\"},\"potentialAction\":[{\"@type\":\"SearchAction\",\"target\":{\"@type\":\"EntryPoint\",\"urlTemplate\":\"https:\/\/igmi.esercito.difesa.it\/en\/?s={search_term_string}\"},\"query-input\":{\"@type\":\"PropertyValueSpecification\",\"valueRequired\":true,\"valueName\":\"search_term_string\"}}],\"inLanguage\":\"en-US\"},{\"@type\":\"Organization\",\"@id\":\"https:\/\/igmi.esercito.difesa.it\/en\/#organization\",\"name\":\"Istituto Geografico Militare\",\"url\":\"https:\/\/igmi.esercito.difesa.it\/en\/\",\"logo\":{\"@type\":\"ImageObject\",\"inLanguage\":\"en-US\",\"@id\":\"https:\/\/igmi.esercito.difesa.it\/en\/#\/schema\/logo\/image\/\",\"url\":\"https:\/\/igmi.esercito.difesa.it\/wp-content\/uploads\/2025\/04\/Logo-igm.webp\",\"contentUrl\":\"https:\/\/igmi.esercito.difesa.it\/wp-content\/uploads\/2025\/04\/Logo-igm.webp\",\"width\":1320,\"height\":1696,\"caption\":\"Istituto Geografico Militare\"},\"image\":{\"@id\":\"https:\/\/igmi.esercito.difesa.it\/en\/#\/schema\/logo\/image\/\"}}]}<\/script>\n<!-- \/ Yoast SEO plugin. -->","yoast_head_json":{"title":"A NEW MAP OF THE UPPER PART OF ITALY, BY H. MOLL GEOGRAPHER - (Italia) - Istituto Geografico Militare","robots":{"index":"index","follow":"follow","max-snippet":"max-snippet:-1","max-image-preview":"max-image-preview:large","max-video-preview":"max-video-preview:-1"},"canonical":"https:\/\/igmi.esercito.difesa.it\/en\/prodotto\/401138\/","og_locale":"en_US","og_type":"article","og_title":"A NEW MAP OF THE UPPER PART OF ITALY, BY H. MOLL GEOGRAPHER - (Italia) - Istituto Geografico Militare","og_description":"&#8230;(NUOVA CARTA DELL&#8217;ITALIA SUPERIORE CONTENENTE IL PRINCIPATO DEL PIEMONTE, IL DUCATO DI SAVOIA, DI MILANO, DI PARMA, DI MANTOVA, DI TOSCANA, I DOMINI DEL PAPA, ECC., LE REPUBBLICHE DI VENEZIA, GENOVA, LUCCA, ECC.). Carta incisa su rame con orografia prospettica a monticelli e rappresentazione delle vie postali. Orientamento normale: le longitudini sono riferite al meridiano [&hellip;]","og_url":"https:\/\/igmi.esercito.difesa.it\/en\/prodotto\/401138\/","og_site_name":"Istituto Geografico Militare","article_modified_time":"2026-02-22T13:36:21+00:00","og_image":[{"width":1000,"height":615,"url":"https:\/\/igmi.esercito.difesa.it\/wp-content\/uploads\/B0007242.jpg","type":"image\/jpeg"}],"twitter_card":"summary_large_image","twitter_misc":{"Est. reading time":"1 minute"},"schema":{"@context":"https:\/\/schema.org","@graph":[{"@type":"WebPage","@id":"https:\/\/igmi.esercito.difesa.it\/en\/prodotto\/401138\/","url":"https:\/\/igmi.esercito.difesa.it\/en\/prodotto\/401138\/","name":"A NEW MAP OF THE UPPER PART OF ITALY, BY H. MOLL GEOGRAPHER - (Italia) - Istituto Geografico Militare","isPartOf":{"@id":"https:\/\/igmi.esercito.difesa.it\/en\/#website"},"primaryImageOfPage":{"@id":"https:\/\/igmi.esercito.difesa.it\/en\/prodotto\/401138\/#primaryimage"},"image":{"@id":"https:\/\/igmi.esercito.difesa.it\/en\/prodotto\/401138\/#primaryimage"},"thumbnailUrl":"https:\/\/igmi.esercito.difesa.it\/wp-content\/uploads\/B0007242.jpg","datePublished":"2025-06-29T05:06:40+00:00","dateModified":"2026-02-22T13:36:21+00:00","breadcrumb":{"@id":"https:\/\/igmi.esercito.difesa.it\/en\/prodotto\/401138\/#breadcrumb"},"inLanguage":"en-US","potentialAction":[{"@type":"ReadAction","target":["https:\/\/igmi.esercito.difesa.it\/en\/prodotto\/401138\/"]}]},{"@type":"ImageObject","inLanguage":"en-US","@id":"https:\/\/igmi.esercito.difesa.it\/en\/prodotto\/401138\/#primaryimage","url":"https:\/\/igmi.esercito.difesa.it\/wp-content\/uploads\/B0007242.jpg","contentUrl":"https:\/\/igmi.esercito.difesa.it\/wp-content\/uploads\/B0007242.jpg","width":1000,"height":615},{"@type":"BreadcrumbList","@id":"https:\/\/igmi.esercito.difesa.it\/en\/prodotto\/401138\/#breadcrumb","itemListElement":[{"@type":"ListItem","position":1,"name":"Home","item":"https:\/\/igmi.esercito.difesa.it\/en\/homepage\/"},{"@type":"ListItem","position":2,"name":"Products","item":"https:\/\/igmi.esercito.difesa.it\/en\/shop\/"},{"@type":"ListItem","position":3,"name":"A NEW MAP OF THE UPPER PART OF ITALY, BY H. MOLL GEOGRAPHER &#8211; (Italia)"}]},{"@type":"WebSite","@id":"https:\/\/igmi.esercito.difesa.it\/en\/#website","url":"https:\/\/igmi.esercito.difesa.it\/en\/","name":"Istituto Geografico Militare","description":"Ente cartografico dello stato","publisher":{"@id":"https:\/\/igmi.esercito.difesa.it\/en\/#organization"},"potentialAction":[{"@type":"SearchAction","target":{"@type":"EntryPoint","urlTemplate":"https:\/\/igmi.esercito.difesa.it\/en\/?s={search_term_string}"},"query-input":{"@type":"PropertyValueSpecification","valueRequired":true,"valueName":"search_term_string"}}],"inLanguage":"en-US"},{"@type":"Organization","@id":"https:\/\/igmi.esercito.difesa.it\/en\/#organization","name":"Istituto Geografico Militare","url":"https:\/\/igmi.esercito.difesa.it\/en\/","logo":{"@type":"ImageObject","inLanguage":"en-US","@id":"https:\/\/igmi.esercito.difesa.it\/en\/#\/schema\/logo\/image\/","url":"https:\/\/igmi.esercito.difesa.it\/wp-content\/uploads\/2025\/04\/Logo-igm.webp","contentUrl":"https:\/\/igmi.esercito.difesa.it\/wp-content\/uploads\/2025\/04\/Logo-igm.webp","width":1320,"height":1696,"caption":"Istituto Geografico Militare"},"image":{"@id":"https:\/\/igmi.esercito.difesa.it\/en\/#\/schema\/logo\/image\/"}}]}},"_links":{"self":[{"href":"https:\/\/igmi.esercito.difesa.it\/en\/wp-json\/wp\/v2\/product\/391764","targetHints":{"allow":["GET"]}}],"collection":[{"href":"https:\/\/igmi.esercito.difesa.it\/en\/wp-json\/wp\/v2\/product"}],"about":[{"href":"https:\/\/igmi.esercito.difesa.it\/en\/wp-json\/wp\/v2\/types\/product"}],"wp:featuredmedia":[{"embeddable":true,"href":"https:\/\/igmi.esercito.difesa.it\/en\/wp-json\/wp\/v2\/media\/793211"}],"wp:attachment":[{"href":"https:\/\/igmi.esercito.difesa.it\/en\/wp-json\/wp\/v2\/media?parent=391764"}],"wp:term":[{"taxonomy":"product_brand","embeddable":true,"href":"https:\/\/igmi.esercito.difesa.it\/en\/wp-json\/wp\/v2\/product_brand?post=391764"},{"taxonomy":"product_cat","embeddable":true,"href":"https:\/\/igmi.esercito.difesa.it\/en\/wp-json\/wp\/v2\/product_cat?post=391764"},{"taxonomy":"product_tag","embeddable":true,"href":"https:\/\/igmi.esercito.difesa.it\/en\/wp-json\/wp\/v2\/product_tag?post=391764"}],"curies":[{"name":"wp","href":"https:\/\/api.w.org\/{rel}","templated":true}]}}