{"id":394771,"date":"2025-06-29T11:53:25","date_gmt":"2025-06-29T09:53:25","guid":{"rendered":"https:\/\/igmi.esercito.difesa.it\/prodotto\/392596\/"},"modified":"2026-04-09T17:13:54","modified_gmt":"2026-04-09T15:13:54","slug":"392596","status":"publish","type":"product","link":"https:\/\/igmi.esercito.difesa.it\/en\/prodotto\/392596\/","title":{"rendered":"CARTE J. RE DE LA PROVINCE DE TARENTAISE REDUITE DE LA J.RE REDUCTION FAIRE DES MAPPES POUR LA MESURE GENERAL DE CETTE PROVINCE DIVISEE EN 6. CARTES PAR LES QUELLES L&#8217;ON VOIT TOUS LES BOIS ET VIGNES DE CHAQUE TERRITOIRE &amp; C. &#8211; CARTE 2"},"content":{"rendered":"<p>Le tout fait en conformit\u00e9 des ordies qui m&#8217;ont \u00e9t\u00e9s donn\u00e9s par Monsieur le Chevalier de Rubilant en Foy de quoy Turin le 14 juin 1761. Durieu Ing.i Topographe de S.M.<br \/>\nSei grandi fogli disegnati a penna ed acquerellati per la figurazione della montagna con grossolana ombreggiatura alla cavaliera. Disegno poco accurato, ma ricco d&#8217;indicazioni topografiche e toponomastiche. Distinte con speciale colorazione e segni convenzionali le zone boschive circoscritte nei loro limiti. Segnati anche i confini dei comuni. Manca il reticolato geografico. Ogni foglio riporta l&#8217;orientamento.<\/p>\n","protected":false},"excerpt":{"rendered":"<p>Le tout fait en conformit\u00e9 des ordies qui m&#8217;ont \u00e9t\u00e9s donn\u00e9s par Monsieur le Chevalier de Rubilant en Foy de quoy Turin le 14 juin 1761. Durieu Ing.i Topographe de S.M. Sei grandi fogli disegnati a penna ed acquerellati per la figurazione della montagna con grossolana ombreggiatura alla cavaliera. Disegno poco accurato, ma ricco d&#8217;indicazioni [&hellip;]<\/p>\n","protected":false},"featured_media":706140,"template":"","meta":{"_acf_changed":false},"product_brand":[],"product_cat":[191,447],"product_tag":[334],"class_list":{"0":"post-394771","1":"product","2":"type-product","3":"status-publish","4":"has-post-thumbnail","6":"product_cat-carte-antiche","7":"product_cat-tecnica_risoluzione_carta_antica","8":"product_tag-carta-antica","10":"first","11":"instock","12":"downloadable","13":"virtual","14":"sold-individually","15":"taxable","16":"purchasable","17":"product-type-simple"},"acf":[],"yoast_head":"<!-- This site is optimized with the Yoast SEO plugin v26.4 - https:\/\/yoast.com\/wordpress\/plugins\/seo\/ -->\n<title>CARTE J. RE DE LA PROVINCE DE TARENTAISE REDUITE DE LA J.RE REDUCTION FAIRE DES MAPPES POUR LA MESURE GENERAL DE CETTE PROVINCE DIVISEE EN 6. CARTES PAR LES QUELLES L&#039;ON VOIT TOUS LES BOIS ET VIGNES DE CHAQUE TERRITOIRE &amp; C. - CARTE 2 - Istituto Geografico Militare<\/title>\n<meta name=\"robots\" content=\"index, follow, max-snippet:-1, max-image-preview:large, max-video-preview:-1\" \/>\n<link rel=\"canonical\" href=\"https:\/\/igmi.esercito.difesa.it\/en\/prodotto\/392596\/\" \/>\n<meta property=\"og:locale\" content=\"en_US\" \/>\n<meta property=\"og:type\" content=\"article\" \/>\n<meta property=\"og:title\" content=\"CARTE J. RE DE LA PROVINCE DE TARENTAISE REDUITE DE LA J.RE REDUCTION FAIRE DES MAPPES POUR LA MESURE GENERAL DE CETTE PROVINCE DIVISEE EN 6. CARTES PAR LES QUELLES L&#039;ON VOIT TOUS LES BOIS ET VIGNES DE CHAQUE TERRITOIRE &amp; C. - CARTE 2 - Istituto Geografico Militare\" \/>\n<meta property=\"og:description\" content=\"Le tout fait en conformit\u00e9 des ordies qui m&#8217;ont \u00e9t\u00e9s donn\u00e9s par Monsieur le Chevalier de Rubilant en Foy de quoy Turin le 14 juin 1761. Durieu Ing.i Topographe de S.M. Sei grandi fogli disegnati a penna ed acquerellati per la figurazione della montagna con grossolana ombreggiatura alla cavaliera. Disegno poco accurato, ma ricco d&#8217;indicazioni [&hellip;]\" \/>\n<meta property=\"og:url\" content=\"https:\/\/igmi.esercito.difesa.it\/en\/prodotto\/392596\/\" \/>\n<meta property=\"og:site_name\" content=\"Istituto Geografico Militare\" \/>\n<meta property=\"article:modified_time\" content=\"2026-04-09T15:13:54+00:00\" \/>\n<meta property=\"og:image\" content=\"https:\/\/igmi.esercito.difesa.it\/wp-content\/uploads\/CA000154.jpg\" \/>\n\t<meta property=\"og:image:width\" content=\"1000\" \/>\n\t<meta property=\"og:image:height\" content=\"734\" \/>\n\t<meta property=\"og:image:type\" content=\"image\/jpeg\" \/>\n<meta name=\"twitter:card\" content=\"summary_large_image\" \/>\n<script type=\"application\/ld+json\" class=\"yoast-schema-graph\">{\"@context\":\"https:\/\/schema.org\",\"@graph\":[{\"@type\":\"WebPage\",\"@id\":\"https:\/\/igmi.esercito.difesa.it\/en\/prodotto\/392596\/\",\"url\":\"https:\/\/igmi.esercito.difesa.it\/en\/prodotto\/392596\/\",\"name\":\"CARTE J. RE DE LA PROVINCE DE TARENTAISE REDUITE DE LA J.RE REDUCTION FAIRE DES MAPPES POUR LA MESURE GENERAL DE CETTE PROVINCE DIVISEE EN 6. CARTES PAR LES QUELLES L'ON VOIT TOUS LES BOIS ET VIGNES DE CHAQUE TERRITOIRE &amp; C. - CARTE 2 - Istituto Geografico Militare\",\"isPartOf\":{\"@id\":\"https:\/\/igmi.esercito.difesa.it\/en\/#website\"},\"primaryImageOfPage\":{\"@id\":\"https:\/\/igmi.esercito.difesa.it\/en\/prodotto\/392596\/#primaryimage\"},\"image\":{\"@id\":\"https:\/\/igmi.esercito.difesa.it\/en\/prodotto\/392596\/#primaryimage\"},\"thumbnailUrl\":\"https:\/\/igmi.esercito.difesa.it\/wp-content\/uploads\/CA000154.jpg\",\"datePublished\":\"2025-06-29T09:53:25+00:00\",\"dateModified\":\"2026-04-09T15:13:54+00:00\",\"breadcrumb\":{\"@id\":\"https:\/\/igmi.esercito.difesa.it\/en\/prodotto\/392596\/#breadcrumb\"},\"inLanguage\":\"en-US\",\"potentialAction\":[{\"@type\":\"ReadAction\",\"target\":[\"https:\/\/igmi.esercito.difesa.it\/en\/prodotto\/392596\/\"]}]},{\"@type\":\"ImageObject\",\"inLanguage\":\"en-US\",\"@id\":\"https:\/\/igmi.esercito.difesa.it\/en\/prodotto\/392596\/#primaryimage\",\"url\":\"https:\/\/igmi.esercito.difesa.it\/wp-content\/uploads\/CA000154.jpg\",\"contentUrl\":\"https:\/\/igmi.esercito.difesa.it\/wp-content\/uploads\/CA000154.jpg\",\"width\":1000,\"height\":734},{\"@type\":\"BreadcrumbList\",\"@id\":\"https:\/\/igmi.esercito.difesa.it\/en\/prodotto\/392596\/#breadcrumb\",\"itemListElement\":[{\"@type\":\"ListItem\",\"position\":1,\"name\":\"Home\",\"item\":\"https:\/\/igmi.esercito.difesa.it\/en\/homepage\/\"},{\"@type\":\"ListItem\",\"position\":2,\"name\":\"Products\",\"item\":\"https:\/\/igmi.esercito.difesa.it\/en\/shop\/\"},{\"@type\":\"ListItem\",\"position\":3,\"name\":\"CARTE J. RE DE LA PROVINCE DE TARENTAISE REDUITE DE LA J.RE REDUCTION FAIRE DES MAPPES POUR LA MESURE GENERAL DE CETTE PROVINCE DIVISEE EN 6. CARTES PAR LES QUELLES L&#8217;ON VOIT TOUS LES BOIS ET VIGNES DE CHAQUE TERRITOIRE &amp; C. &#8211; CARTE 2\"}]},{\"@type\":\"WebSite\",\"@id\":\"https:\/\/igmi.esercito.difesa.it\/en\/#website\",\"url\":\"https:\/\/igmi.esercito.difesa.it\/en\/\",\"name\":\"Istituto Geografico Militare\",\"description\":\"Ente cartografico dello stato\",\"publisher\":{\"@id\":\"https:\/\/igmi.esercito.difesa.it\/en\/#organization\"},\"potentialAction\":[{\"@type\":\"SearchAction\",\"target\":{\"@type\":\"EntryPoint\",\"urlTemplate\":\"https:\/\/igmi.esercito.difesa.it\/en\/?s={search_term_string}\"},\"query-input\":{\"@type\":\"PropertyValueSpecification\",\"valueRequired\":true,\"valueName\":\"search_term_string\"}}],\"inLanguage\":\"en-US\"},{\"@type\":\"Organization\",\"@id\":\"https:\/\/igmi.esercito.difesa.it\/en\/#organization\",\"name\":\"Istituto Geografico Militare\",\"url\":\"https:\/\/igmi.esercito.difesa.it\/en\/\",\"logo\":{\"@type\":\"ImageObject\",\"inLanguage\":\"en-US\",\"@id\":\"https:\/\/igmi.esercito.difesa.it\/en\/#\/schema\/logo\/image\/\",\"url\":\"https:\/\/igmi.esercito.difesa.it\/wp-content\/uploads\/2025\/04\/Logo-igm.webp\",\"contentUrl\":\"https:\/\/igmi.esercito.difesa.it\/wp-content\/uploads\/2025\/04\/Logo-igm.webp\",\"width\":1320,\"height\":1696,\"caption\":\"Istituto Geografico Militare\"},\"image\":{\"@id\":\"https:\/\/igmi.esercito.difesa.it\/en\/#\/schema\/logo\/image\/\"}}]}<\/script>\n<!-- \/ Yoast SEO plugin. -->","yoast_head_json":{"title":"CARTE J. RE DE LA PROVINCE DE TARENTAISE REDUITE DE LA J.RE REDUCTION FAIRE DES MAPPES POUR LA MESURE GENERAL DE CETTE PROVINCE DIVISEE EN 6. CARTES PAR LES QUELLES L'ON VOIT TOUS LES BOIS ET VIGNES DE CHAQUE TERRITOIRE &amp; C. - CARTE 2 - Istituto Geografico Militare","robots":{"index":"index","follow":"follow","max-snippet":"max-snippet:-1","max-image-preview":"max-image-preview:large","max-video-preview":"max-video-preview:-1"},"canonical":"https:\/\/igmi.esercito.difesa.it\/en\/prodotto\/392596\/","og_locale":"en_US","og_type":"article","og_title":"CARTE J. RE DE LA PROVINCE DE TARENTAISE REDUITE DE LA J.RE REDUCTION FAIRE DES MAPPES POUR LA MESURE GENERAL DE CETTE PROVINCE DIVISEE EN 6. CARTES PAR LES QUELLES L'ON VOIT TOUS LES BOIS ET VIGNES DE CHAQUE TERRITOIRE &amp; C. - CARTE 2 - Istituto Geografico Militare","og_description":"Le tout fait en conformit\u00e9 des ordies qui m&#8217;ont \u00e9t\u00e9s donn\u00e9s par Monsieur le Chevalier de Rubilant en Foy de quoy Turin le 14 juin 1761. Durieu Ing.i Topographe de S.M. Sei grandi fogli disegnati a penna ed acquerellati per la figurazione della montagna con grossolana ombreggiatura alla cavaliera. Disegno poco accurato, ma ricco d&#8217;indicazioni [&hellip;]","og_url":"https:\/\/igmi.esercito.difesa.it\/en\/prodotto\/392596\/","og_site_name":"Istituto Geografico Militare","article_modified_time":"2026-04-09T15:13:54+00:00","og_image":[{"width":1000,"height":734,"url":"https:\/\/igmi.esercito.difesa.it\/wp-content\/uploads\/CA000154.jpg","type":"image\/jpeg"}],"twitter_card":"summary_large_image","schema":{"@context":"https:\/\/schema.org","@graph":[{"@type":"WebPage","@id":"https:\/\/igmi.esercito.difesa.it\/en\/prodotto\/392596\/","url":"https:\/\/igmi.esercito.difesa.it\/en\/prodotto\/392596\/","name":"CARTE J. RE DE LA PROVINCE DE TARENTAISE REDUITE DE LA J.RE REDUCTION FAIRE DES MAPPES POUR LA MESURE GENERAL DE CETTE PROVINCE DIVISEE EN 6. CARTES PAR LES QUELLES L'ON VOIT TOUS LES BOIS ET VIGNES DE CHAQUE TERRITOIRE &amp; C. - CARTE 2 - Istituto Geografico Militare","isPartOf":{"@id":"https:\/\/igmi.esercito.difesa.it\/en\/#website"},"primaryImageOfPage":{"@id":"https:\/\/igmi.esercito.difesa.it\/en\/prodotto\/392596\/#primaryimage"},"image":{"@id":"https:\/\/igmi.esercito.difesa.it\/en\/prodotto\/392596\/#primaryimage"},"thumbnailUrl":"https:\/\/igmi.esercito.difesa.it\/wp-content\/uploads\/CA000154.jpg","datePublished":"2025-06-29T09:53:25+00:00","dateModified":"2026-04-09T15:13:54+00:00","breadcrumb":{"@id":"https:\/\/igmi.esercito.difesa.it\/en\/prodotto\/392596\/#breadcrumb"},"inLanguage":"en-US","potentialAction":[{"@type":"ReadAction","target":["https:\/\/igmi.esercito.difesa.it\/en\/prodotto\/392596\/"]}]},{"@type":"ImageObject","inLanguage":"en-US","@id":"https:\/\/igmi.esercito.difesa.it\/en\/prodotto\/392596\/#primaryimage","url":"https:\/\/igmi.esercito.difesa.it\/wp-content\/uploads\/CA000154.jpg","contentUrl":"https:\/\/igmi.esercito.difesa.it\/wp-content\/uploads\/CA000154.jpg","width":1000,"height":734},{"@type":"BreadcrumbList","@id":"https:\/\/igmi.esercito.difesa.it\/en\/prodotto\/392596\/#breadcrumb","itemListElement":[{"@type":"ListItem","position":1,"name":"Home","item":"https:\/\/igmi.esercito.difesa.it\/en\/homepage\/"},{"@type":"ListItem","position":2,"name":"Products","item":"https:\/\/igmi.esercito.difesa.it\/en\/shop\/"},{"@type":"ListItem","position":3,"name":"CARTE J. RE DE LA PROVINCE DE TARENTAISE REDUITE DE LA J.RE REDUCTION FAIRE DES MAPPES POUR LA MESURE GENERAL DE CETTE PROVINCE DIVISEE EN 6. CARTES PAR LES QUELLES L&#8217;ON VOIT TOUS LES BOIS ET VIGNES DE CHAQUE TERRITOIRE &amp; C. &#8211; CARTE 2"}]},{"@type":"WebSite","@id":"https:\/\/igmi.esercito.difesa.it\/en\/#website","url":"https:\/\/igmi.esercito.difesa.it\/en\/","name":"Istituto Geografico Militare","description":"Ente cartografico dello stato","publisher":{"@id":"https:\/\/igmi.esercito.difesa.it\/en\/#organization"},"potentialAction":[{"@type":"SearchAction","target":{"@type":"EntryPoint","urlTemplate":"https:\/\/igmi.esercito.difesa.it\/en\/?s={search_term_string}"},"query-input":{"@type":"PropertyValueSpecification","valueRequired":true,"valueName":"search_term_string"}}],"inLanguage":"en-US"},{"@type":"Organization","@id":"https:\/\/igmi.esercito.difesa.it\/en\/#organization","name":"Istituto Geografico Militare","url":"https:\/\/igmi.esercito.difesa.it\/en\/","logo":{"@type":"ImageObject","inLanguage":"en-US","@id":"https:\/\/igmi.esercito.difesa.it\/en\/#\/schema\/logo\/image\/","url":"https:\/\/igmi.esercito.difesa.it\/wp-content\/uploads\/2025\/04\/Logo-igm.webp","contentUrl":"https:\/\/igmi.esercito.difesa.it\/wp-content\/uploads\/2025\/04\/Logo-igm.webp","width":1320,"height":1696,"caption":"Istituto Geografico Militare"},"image":{"@id":"https:\/\/igmi.esercito.difesa.it\/en\/#\/schema\/logo\/image\/"}}]}},"_links":{"self":[{"href":"https:\/\/igmi.esercito.difesa.it\/en\/wp-json\/wp\/v2\/product\/394771","targetHints":{"allow":["GET"]}}],"collection":[{"href":"https:\/\/igmi.esercito.difesa.it\/en\/wp-json\/wp\/v2\/product"}],"about":[{"href":"https:\/\/igmi.esercito.difesa.it\/en\/wp-json\/wp\/v2\/types\/product"}],"wp:featuredmedia":[{"embeddable":true,"href":"https:\/\/igmi.esercito.difesa.it\/en\/wp-json\/wp\/v2\/media\/706140"}],"wp:attachment":[{"href":"https:\/\/igmi.esercito.difesa.it\/en\/wp-json\/wp\/v2\/media?parent=394771"}],"wp:term":[{"taxonomy":"product_brand","embeddable":true,"href":"https:\/\/igmi.esercito.difesa.it\/en\/wp-json\/wp\/v2\/product_brand?post=394771"},{"taxonomy":"product_cat","embeddable":true,"href":"https:\/\/igmi.esercito.difesa.it\/en\/wp-json\/wp\/v2\/product_cat?post=394771"},{"taxonomy":"product_tag","embeddable":true,"href":"https:\/\/igmi.esercito.difesa.it\/en\/wp-json\/wp\/v2\/product_tag?post=394771"}],"curies":[{"name":"wp","href":"https:\/\/api.w.org\/{rel}","templated":true}]}}