{"id":394905,"date":"2025-06-29T12:02:54","date_gmt":"2025-06-29T10:02:54","guid":{"rendered":"https:\/\/igmi.esercito.difesa.it\/prodotto\/394175\/"},"modified":"2026-04-09T19:23:47","modified_gmt":"2026-04-09T17:23:47","slug":"394175","status":"publish","type":"product","link":"https:\/\/igmi.esercito.difesa.it\/en\/prodotto\/394175\/","title":{"rendered":"MODELE QUI SERT POUR L&#8217;UNION DES FEUILLES, QUI COMPOSENT LA CARTE DE LA GRANDE ROUTE DEPUIS CHAMBERY JUSQU&#8217;A S. JEAN DE MAURIENNE LEVEE SUR LIEUX DANS SUR LIEUX DANS ANNES 1781 ET 1782 PAR MARCHETTI INGENIUR TOPOGRAPHE DE S. M. &#8211; FOGLIO XXII."},"content":{"rendered":"<p>La Carta \u00e8 in 23 fogli e un quadro d&#8217;unione alla scala di 1:56.700.  Scala grafica di 200 trabucchi = m. 0,129. Rappresenta la grande strada che seguendo il corso dell&#8217;Arc, mette in comunicazione Chambery con S. Giovanni di Moriana, ed una striscia adiacente di territorio variabile da circa mezzo chilometro ad oltre 1 km. tanto da una parte quanto dall&#8217;altra. La carta \u00e8 frutto di regolari operazioni metriche sul terreno, condotte certo con notevole abilit\u00e0. Il disegno, acquerellato a pi\u00f9 tinte, riproduce accuratamente i caseggiati nella loro pianta geometrica, la rete stradale, i corsi d&#8217;acqua, le coltivazioni, la natura e le forme del terreno. Una linea rossa delimita i confini delle parrocchie. Dei piccoli numeri in rosso ai due lati della strada si riferiscono probabilmente agli appezzamenti catastali. In complesso \u00e8 un pregevole lavoro e un prezioso documento sia per la topografia della Savoia sia per l&#8217;evoluzione storica della topografia.<\/p>\n","protected":false},"excerpt":{"rendered":"<p>La Carta \u00e8 in 23 fogli e un quadro d&#8217;unione alla scala di 1:56.700. Scala grafica di 200 trabucchi = m. 0,129. Rappresenta la grande strada che seguendo il corso dell&#8217;Arc, mette in comunicazione Chambery con S. Giovanni di Moriana, ed una striscia adiacente di territorio variabile da circa mezzo chilometro ad oltre 1 km. [&hellip;]<\/p>\n","protected":false},"featured_media":714770,"template":"","meta":{"_acf_changed":false},"product_brand":[],"product_cat":[191,447],"product_tag":[334],"class_list":{"0":"post-394905","1":"product","2":"type-product","3":"status-publish","4":"has-post-thumbnail","6":"product_cat-carte-antiche","7":"product_cat-tecnica_risoluzione_carta_antica","8":"product_tag-carta-antica","10":"first","11":"instock","12":"downloadable","13":"virtual","14":"sold-individually","15":"taxable","16":"purchasable","17":"product-type-simple"},"acf":[],"yoast_head":"<!-- This site is optimized with the Yoast SEO plugin v26.4 - https:\/\/yoast.com\/wordpress\/plugins\/seo\/ -->\n<title>MODELE QUI SERT POUR L&#039;UNION DES FEUILLES, QUI COMPOSENT LA CARTE DE LA GRANDE ROUTE DEPUIS CHAMBERY JUSQU&#039;A S. JEAN DE MAURIENNE LEVEE SUR LIEUX DANS SUR LIEUX DANS ANNES 1781 ET 1782 PAR MARCHETTI INGENIUR TOPOGRAPHE DE S. M. - FOGLIO XXII. - Istituto Geografico Militare<\/title>\n<meta name=\"robots\" content=\"index, follow, max-snippet:-1, max-image-preview:large, max-video-preview:-1\" \/>\n<link rel=\"canonical\" href=\"https:\/\/igmi.esercito.difesa.it\/en\/prodotto\/394175\/\" \/>\n<meta property=\"og:locale\" content=\"en_US\" \/>\n<meta property=\"og:type\" content=\"article\" \/>\n<meta property=\"og:title\" content=\"MODELE QUI SERT POUR L&#039;UNION DES FEUILLES, QUI COMPOSENT LA CARTE DE LA GRANDE ROUTE DEPUIS CHAMBERY JUSQU&#039;A S. JEAN DE MAURIENNE LEVEE SUR LIEUX DANS SUR LIEUX DANS ANNES 1781 ET 1782 PAR MARCHETTI INGENIUR TOPOGRAPHE DE S. M. - FOGLIO XXII. - Istituto Geografico Militare\" \/>\n<meta property=\"og:description\" content=\"La Carta \u00e8 in 23 fogli e un quadro d&#8217;unione alla scala di 1:56.700. Scala grafica di 200 trabucchi = m. 0,129. Rappresenta la grande strada che seguendo il corso dell&#8217;Arc, mette in comunicazione Chambery con S. Giovanni di Moriana, ed una striscia adiacente di territorio variabile da circa mezzo chilometro ad oltre 1 km. [&hellip;]\" \/>\n<meta property=\"og:url\" content=\"https:\/\/igmi.esercito.difesa.it\/en\/prodotto\/394175\/\" \/>\n<meta property=\"og:site_name\" content=\"Istituto Geografico Militare\" \/>\n<meta property=\"article:modified_time\" content=\"2026-04-09T17:23:47+00:00\" \/>\n<meta property=\"og:image\" content=\"https:\/\/igmi.esercito.difesa.it\/wp-content\/uploads\/CA000106.jpg\" \/>\n\t<meta property=\"og:image:width\" content=\"1000\" \/>\n\t<meta property=\"og:image:height\" content=\"1479\" \/>\n\t<meta property=\"og:image:type\" content=\"image\/jpeg\" \/>\n<meta name=\"twitter:card\" content=\"summary_large_image\" \/>\n<meta name=\"twitter:label1\" content=\"Est. reading time\" \/>\n\t<meta name=\"twitter:data1\" content=\"1 minute\" \/>\n<script type=\"application\/ld+json\" class=\"yoast-schema-graph\">{\"@context\":\"https:\/\/schema.org\",\"@graph\":[{\"@type\":\"WebPage\",\"@id\":\"https:\/\/igmi.esercito.difesa.it\/en\/prodotto\/394175\/\",\"url\":\"https:\/\/igmi.esercito.difesa.it\/en\/prodotto\/394175\/\",\"name\":\"MODELE QUI SERT POUR L'UNION DES FEUILLES, QUI COMPOSENT LA CARTE DE LA GRANDE ROUTE DEPUIS CHAMBERY JUSQU'A S. JEAN DE MAURIENNE LEVEE SUR LIEUX DANS SUR LIEUX DANS ANNES 1781 ET 1782 PAR MARCHETTI INGENIUR TOPOGRAPHE DE S. M. - FOGLIO XXII. - Istituto Geografico Militare\",\"isPartOf\":{\"@id\":\"https:\/\/igmi.esercito.difesa.it\/en\/#website\"},\"primaryImageOfPage\":{\"@id\":\"https:\/\/igmi.esercito.difesa.it\/en\/prodotto\/394175\/#primaryimage\"},\"image\":{\"@id\":\"https:\/\/igmi.esercito.difesa.it\/en\/prodotto\/394175\/#primaryimage\"},\"thumbnailUrl\":\"https:\/\/igmi.esercito.difesa.it\/wp-content\/uploads\/CA000106.jpg\",\"datePublished\":\"2025-06-29T10:02:54+00:00\",\"dateModified\":\"2026-04-09T17:23:47+00:00\",\"breadcrumb\":{\"@id\":\"https:\/\/igmi.esercito.difesa.it\/en\/prodotto\/394175\/#breadcrumb\"},\"inLanguage\":\"en-US\",\"potentialAction\":[{\"@type\":\"ReadAction\",\"target\":[\"https:\/\/igmi.esercito.difesa.it\/en\/prodotto\/394175\/\"]}]},{\"@type\":\"ImageObject\",\"inLanguage\":\"en-US\",\"@id\":\"https:\/\/igmi.esercito.difesa.it\/en\/prodotto\/394175\/#primaryimage\",\"url\":\"https:\/\/igmi.esercito.difesa.it\/wp-content\/uploads\/CA000106.jpg\",\"contentUrl\":\"https:\/\/igmi.esercito.difesa.it\/wp-content\/uploads\/CA000106.jpg\",\"width\":1000,\"height\":1479},{\"@type\":\"BreadcrumbList\",\"@id\":\"https:\/\/igmi.esercito.difesa.it\/en\/prodotto\/394175\/#breadcrumb\",\"itemListElement\":[{\"@type\":\"ListItem\",\"position\":1,\"name\":\"Home\",\"item\":\"https:\/\/igmi.esercito.difesa.it\/en\/\"},{\"@type\":\"ListItem\",\"position\":2,\"name\":\"Products\",\"item\":\"https:\/\/igmi.esercito.difesa.it\/en\/shop\/\"},{\"@type\":\"ListItem\",\"position\":3,\"name\":\"MODELE QUI SERT POUR L&#8217;UNION DES FEUILLES, QUI COMPOSENT LA CARTE DE LA GRANDE ROUTE DEPUIS CHAMBERY JUSQU&#8217;A S. JEAN DE MAURIENNE LEVEE SUR LIEUX DANS SUR LIEUX DANS ANNES 1781 ET 1782 PAR MARCHETTI INGENIUR TOPOGRAPHE DE S. M. &#8211; FOGLIO XXII.\"}]},{\"@type\":\"WebSite\",\"@id\":\"https:\/\/igmi.esercito.difesa.it\/en\/#website\",\"url\":\"https:\/\/igmi.esercito.difesa.it\/en\/\",\"name\":\"Istituto Geografico Militare\",\"description\":\"Ente cartografico dello stato\",\"publisher\":{\"@id\":\"https:\/\/igmi.esercito.difesa.it\/en\/#organization\"},\"potentialAction\":[{\"@type\":\"SearchAction\",\"target\":{\"@type\":\"EntryPoint\",\"urlTemplate\":\"https:\/\/igmi.esercito.difesa.it\/en\/?s={search_term_string}\"},\"query-input\":{\"@type\":\"PropertyValueSpecification\",\"valueRequired\":true,\"valueName\":\"search_term_string\"}}],\"inLanguage\":\"en-US\"},{\"@type\":\"Organization\",\"@id\":\"https:\/\/igmi.esercito.difesa.it\/en\/#organization\",\"name\":\"Istituto Geografico Militare\",\"url\":\"https:\/\/igmi.esercito.difesa.it\/en\/\",\"logo\":{\"@type\":\"ImageObject\",\"inLanguage\":\"en-US\",\"@id\":\"https:\/\/igmi.esercito.difesa.it\/en\/#\/schema\/logo\/image\/\",\"url\":\"https:\/\/igmi.esercito.difesa.it\/wp-content\/uploads\/2025\/04\/Logo-igm.webp\",\"contentUrl\":\"https:\/\/igmi.esercito.difesa.it\/wp-content\/uploads\/2025\/04\/Logo-igm.webp\",\"width\":1320,\"height\":1696,\"caption\":\"Istituto Geografico Militare\"},\"image\":{\"@id\":\"https:\/\/igmi.esercito.difesa.it\/en\/#\/schema\/logo\/image\/\"}}]}<\/script>\n<!-- \/ Yoast SEO plugin. -->","yoast_head_json":{"title":"MODELE QUI SERT POUR L'UNION DES FEUILLES, QUI COMPOSENT LA CARTE DE LA GRANDE ROUTE DEPUIS CHAMBERY JUSQU'A S. JEAN DE MAURIENNE LEVEE SUR LIEUX DANS SUR LIEUX DANS ANNES 1781 ET 1782 PAR MARCHETTI INGENIUR TOPOGRAPHE DE S. M. - FOGLIO XXII. - Istituto Geografico Militare","robots":{"index":"index","follow":"follow","max-snippet":"max-snippet:-1","max-image-preview":"max-image-preview:large","max-video-preview":"max-video-preview:-1"},"canonical":"https:\/\/igmi.esercito.difesa.it\/en\/prodotto\/394175\/","og_locale":"en_US","og_type":"article","og_title":"MODELE QUI SERT POUR L'UNION DES FEUILLES, QUI COMPOSENT LA CARTE DE LA GRANDE ROUTE DEPUIS CHAMBERY JUSQU'A S. JEAN DE MAURIENNE LEVEE SUR LIEUX DANS SUR LIEUX DANS ANNES 1781 ET 1782 PAR MARCHETTI INGENIUR TOPOGRAPHE DE S. M. - FOGLIO XXII. - Istituto Geografico Militare","og_description":"La Carta \u00e8 in 23 fogli e un quadro d&#8217;unione alla scala di 1:56.700. Scala grafica di 200 trabucchi = m. 0,129. Rappresenta la grande strada che seguendo il corso dell&#8217;Arc, mette in comunicazione Chambery con S. Giovanni di Moriana, ed una striscia adiacente di territorio variabile da circa mezzo chilometro ad oltre 1 km. [&hellip;]","og_url":"https:\/\/igmi.esercito.difesa.it\/en\/prodotto\/394175\/","og_site_name":"Istituto Geografico Militare","article_modified_time":"2026-04-09T17:23:47+00:00","og_image":[{"width":1000,"height":1479,"url":"https:\/\/igmi.esercito.difesa.it\/wp-content\/uploads\/CA000106.jpg","type":"image\/jpeg"}],"twitter_card":"summary_large_image","twitter_misc":{"Est. reading time":"1 minute"},"schema":{"@context":"https:\/\/schema.org","@graph":[{"@type":"WebPage","@id":"https:\/\/igmi.esercito.difesa.it\/en\/prodotto\/394175\/","url":"https:\/\/igmi.esercito.difesa.it\/en\/prodotto\/394175\/","name":"MODELE QUI SERT POUR L'UNION DES FEUILLES, QUI COMPOSENT LA CARTE DE LA GRANDE ROUTE DEPUIS CHAMBERY JUSQU'A S. JEAN DE MAURIENNE LEVEE SUR LIEUX DANS SUR LIEUX DANS ANNES 1781 ET 1782 PAR MARCHETTI INGENIUR TOPOGRAPHE DE S. M. - FOGLIO XXII. - Istituto Geografico Militare","isPartOf":{"@id":"https:\/\/igmi.esercito.difesa.it\/en\/#website"},"primaryImageOfPage":{"@id":"https:\/\/igmi.esercito.difesa.it\/en\/prodotto\/394175\/#primaryimage"},"image":{"@id":"https:\/\/igmi.esercito.difesa.it\/en\/prodotto\/394175\/#primaryimage"},"thumbnailUrl":"https:\/\/igmi.esercito.difesa.it\/wp-content\/uploads\/CA000106.jpg","datePublished":"2025-06-29T10:02:54+00:00","dateModified":"2026-04-09T17:23:47+00:00","breadcrumb":{"@id":"https:\/\/igmi.esercito.difesa.it\/en\/prodotto\/394175\/#breadcrumb"},"inLanguage":"en-US","potentialAction":[{"@type":"ReadAction","target":["https:\/\/igmi.esercito.difesa.it\/en\/prodotto\/394175\/"]}]},{"@type":"ImageObject","inLanguage":"en-US","@id":"https:\/\/igmi.esercito.difesa.it\/en\/prodotto\/394175\/#primaryimage","url":"https:\/\/igmi.esercito.difesa.it\/wp-content\/uploads\/CA000106.jpg","contentUrl":"https:\/\/igmi.esercito.difesa.it\/wp-content\/uploads\/CA000106.jpg","width":1000,"height":1479},{"@type":"BreadcrumbList","@id":"https:\/\/igmi.esercito.difesa.it\/en\/prodotto\/394175\/#breadcrumb","itemListElement":[{"@type":"ListItem","position":1,"name":"Home","item":"https:\/\/igmi.esercito.difesa.it\/en\/"},{"@type":"ListItem","position":2,"name":"Products","item":"https:\/\/igmi.esercito.difesa.it\/en\/shop\/"},{"@type":"ListItem","position":3,"name":"MODELE QUI SERT POUR L&#8217;UNION DES FEUILLES, QUI COMPOSENT LA CARTE DE LA GRANDE ROUTE DEPUIS CHAMBERY JUSQU&#8217;A S. JEAN DE MAURIENNE LEVEE SUR LIEUX DANS SUR LIEUX DANS ANNES 1781 ET 1782 PAR MARCHETTI INGENIUR TOPOGRAPHE DE S. M. &#8211; FOGLIO XXII."}]},{"@type":"WebSite","@id":"https:\/\/igmi.esercito.difesa.it\/en\/#website","url":"https:\/\/igmi.esercito.difesa.it\/en\/","name":"Istituto Geografico Militare","description":"Ente cartografico dello stato","publisher":{"@id":"https:\/\/igmi.esercito.difesa.it\/en\/#organization"},"potentialAction":[{"@type":"SearchAction","target":{"@type":"EntryPoint","urlTemplate":"https:\/\/igmi.esercito.difesa.it\/en\/?s={search_term_string}"},"query-input":{"@type":"PropertyValueSpecification","valueRequired":true,"valueName":"search_term_string"}}],"inLanguage":"en-US"},{"@type":"Organization","@id":"https:\/\/igmi.esercito.difesa.it\/en\/#organization","name":"Istituto Geografico Militare","url":"https:\/\/igmi.esercito.difesa.it\/en\/","logo":{"@type":"ImageObject","inLanguage":"en-US","@id":"https:\/\/igmi.esercito.difesa.it\/en\/#\/schema\/logo\/image\/","url":"https:\/\/igmi.esercito.difesa.it\/wp-content\/uploads\/2025\/04\/Logo-igm.webp","contentUrl":"https:\/\/igmi.esercito.difesa.it\/wp-content\/uploads\/2025\/04\/Logo-igm.webp","width":1320,"height":1696,"caption":"Istituto Geografico Militare"},"image":{"@id":"https:\/\/igmi.esercito.difesa.it\/en\/#\/schema\/logo\/image\/"}}]}},"_links":{"self":[{"href":"https:\/\/igmi.esercito.difesa.it\/en\/wp-json\/wp\/v2\/product\/394905","targetHints":{"allow":["GET"]}}],"collection":[{"href":"https:\/\/igmi.esercito.difesa.it\/en\/wp-json\/wp\/v2\/product"}],"about":[{"href":"https:\/\/igmi.esercito.difesa.it\/en\/wp-json\/wp\/v2\/types\/product"}],"wp:featuredmedia":[{"embeddable":true,"href":"https:\/\/igmi.esercito.difesa.it\/en\/wp-json\/wp\/v2\/media\/714770"}],"wp:attachment":[{"href":"https:\/\/igmi.esercito.difesa.it\/en\/wp-json\/wp\/v2\/media?parent=394905"}],"wp:term":[{"taxonomy":"product_brand","embeddable":true,"href":"https:\/\/igmi.esercito.difesa.it\/en\/wp-json\/wp\/v2\/product_brand?post=394905"},{"taxonomy":"product_cat","embeddable":true,"href":"https:\/\/igmi.esercito.difesa.it\/en\/wp-json\/wp\/v2\/product_cat?post=394905"},{"taxonomy":"product_tag","embeddable":true,"href":"https:\/\/igmi.esercito.difesa.it\/en\/wp-json\/wp\/v2\/product_tag?post=394905"}],"curies":[{"name":"wp","href":"https:\/\/api.w.org\/{rel}","templated":true}]}}